{"id":258829,"date":"2012-11-21T18:33:25","date_gmt":"2012-11-21T16:33:25","guid":{"rendered":"https:\/\/nueva.gaspachitos.com\/producto\/colchon-de-cuna-de-espuma-acolchado\/"},"modified":"2012-11-21T18:33:25","modified_gmt":"2012-11-21T16:33:25","slug":"colchon-de-cuna-de-espuma-acolchado","status":"publish","type":"product","link":"https:\/\/gaspachitos.com\/pt-br\/producto\/colchon-de-cuna-de-espuma-acolchado\/","title":{"rendered":"Colch\u00f3n de Cuna de Espuma Acolchado"},"content":{"rendered":"","protected":false},"excerpt":{"rendered":"","protected":false},"featured_media":258799,"comment_status":"open","ping_status":"closed","template":"","meta":{"_et_pb_use_builder":"","_et_pb_old_content":"","_et_gb_content_width":""},"pwb-brand":[5278],"product_brand":[],"product_cat":[6079,5863],"product_tag":[],"class_list":{"0":"post-258829","1":"product","2":"type-product","3":"status-publish","4":"has-post-thumbnail","6":"pwb-brand-la-ciguena","7":"product_cat-colchones-de-cuna-cama-pt-br","8":"product_cat-productos-destacados-pt-br","9":"pa_color-blanco-pt-br","10":"pa_medida-115x55cm-pt-br","11":"pa_medida-117x57cm-pt-br","12":"pa_medida-120x60cm-pt-br","13":"pa_medida-130x80-pt-br","14":"pa_medida-137x67-pt-br","15":"pa_medida-140x70cm-pt-br","17":"first","18":"instock","19":"taxable","20":"shipping-taxable","21":"purchasable","22":"product-type-variable","23":"has-default-attributes"},"yoast_head":"<!-- This site is optimized with the Yoast SEO plugin v27.4 - https:\/\/yoast.com\/product\/yoast-seo-wordpress\/ -->\n<title>Colch\u00f3n de Cuna de Espuma Acolchado - Gaspachitos<\/title>\n<meta name=\"robots\" content=\"index, follow, max-snippet:-1, max-image-preview:large, max-video-preview:-1\" \/>\n<link rel=\"canonical\" href=\"https:\/\/gaspachitos.com\/producto\/colchon-de-espuma-acolchado-para-cuna-de-la-ciguena\/\" \/>\n<meta property=\"og:locale\" content=\"pt_BR\" \/>\n<meta property=\"og:type\" content=\"article\" \/>\n<meta property=\"og:title\" content=\"Colch\u00f3n de Cuna de Espuma Acolchado - Gaspachitos\" \/>\n<meta property=\"og:url\" content=\"https:\/\/gaspachitos.com\/producto\/colchon-de-espuma-acolchado-para-cuna-de-la-ciguena\/\" \/>\n<meta property=\"og:site_name\" content=\"Gaspachitos\" \/>\n<meta property=\"og:image\" content=\"https:\/\/gaspachitos.com\/wp-content\/uploads\/2012\/11\/5799-thickbox_default-Colchon-de-Espuma-Acolchado-para-Cuna-de-LA-CIGUENA-5799.jpg\" \/>\n\t<meta property=\"og:image:width\" content=\"800\" \/>\n\t<meta property=\"og:image:height\" content=\"800\" \/>\n\t<meta property=\"og:image:type\" content=\"image\/jpeg\" \/>\n<meta name=\"twitter:card\" content=\"summary_large_image\" \/>\n<script type=\"application\/ld+json\" class=\"yoast-schema-graph\">{\"@context\":\"https:\\\/\\\/schema.org\",\"@graph\":[{\"@type\":\"WebPage\",\"@id\":\"https:\\\/\\\/gaspachitos.com\\\/producto\\\/colchon-de-espuma-acolchado-para-cuna-de-la-ciguena\\\/\",\"url\":\"https:\\\/\\\/gaspachitos.com\\\/producto\\\/colchon-de-espuma-acolchado-para-cuna-de-la-ciguena\\\/\",\"name\":\"Colch\u00f3n de Cuna de Espuma Acolchado - Gaspachitos\",\"isPartOf\":{\"@id\":\"https:\\\/\\\/gaspachitos.com\\\/#website\"},\"primaryImageOfPage\":{\"@id\":\"https:\\\/\\\/gaspachitos.com\\\/producto\\\/colchon-de-espuma-acolchado-para-cuna-de-la-ciguena\\\/#primaryimage\"},\"image\":{\"@id\":\"https:\\\/\\\/gaspachitos.com\\\/producto\\\/colchon-de-espuma-acolchado-para-cuna-de-la-ciguena\\\/#primaryimage\"},\"thumbnailUrl\":\"https:\\\/\\\/gaspachitos.com\\\/wp-content\\\/uploads\\\/2012\\\/11\\\/5799-thickbox_default-Colchon-de-Espuma-Acolchado-para-Cuna-de-LA-CIGUENA-5799.jpg\",\"datePublished\":\"2012-11-21T16:33:25+00:00\",\"breadcrumb\":{\"@id\":\"https:\\\/\\\/gaspachitos.com\\\/producto\\\/colchon-de-espuma-acolchado-para-cuna-de-la-ciguena\\\/#breadcrumb\"},\"inLanguage\":\"pt-BR\",\"potentialAction\":[{\"@type\":\"ReadAction\",\"target\":[\"https:\\\/\\\/gaspachitos.com\\\/producto\\\/colchon-de-espuma-acolchado-para-cuna-de-la-ciguena\\\/\"]}]},{\"@type\":\"ImageObject\",\"inLanguage\":\"pt-BR\",\"@id\":\"https:\\\/\\\/gaspachitos.com\\\/producto\\\/colchon-de-espuma-acolchado-para-cuna-de-la-ciguena\\\/#primaryimage\",\"url\":\"https:\\\/\\\/gaspachitos.com\\\/wp-content\\\/uploads\\\/2012\\\/11\\\/5799-thickbox_default-Colchon-de-Espuma-Acolchado-para-Cuna-de-LA-CIGUENA-5799.jpg\",\"contentUrl\":\"https:\\\/\\\/gaspachitos.com\\\/wp-content\\\/uploads\\\/2012\\\/11\\\/5799-thickbox_default-Colchon-de-Espuma-Acolchado-para-Cuna-de-LA-CIGUENA-5799.jpg\",\"width\":800,\"height\":800,\"caption\":\"Colch\u00f3n de Espuma Acolchado para Cuna de LA CIG\u00dcE\u00d1A-5799\"},{\"@type\":\"BreadcrumbList\",\"@id\":\"https:\\\/\\\/gaspachitos.com\\\/producto\\\/colchon-de-espuma-acolchado-para-cuna-de-la-ciguena\\\/#breadcrumb\",\"itemListElement\":[{\"@type\":\"ListItem\",\"position\":1,\"name\":\"Portada\",\"item\":\"https:\\\/\\\/gaspachitos.com\\\/\"},{\"@type\":\"ListItem\",\"position\":2,\"name\":\"Produtos\",\"item\":\"https:\\\/\\\/gaspachitos.com\\\/gl\\\/shop\\\/\"},{\"@type\":\"ListItem\",\"position\":3,\"name\":\"Colch\u00f3n de Cuna de Espuma Acolchado\"}]},{\"@type\":\"WebSite\",\"@id\":\"https:\\\/\\\/gaspachitos.com\\\/#website\",\"url\":\"https:\\\/\\\/gaspachitos.com\\\/\",\"name\":\"Gaspachitos\",\"description\":\"La tienda para tu beb\u00e9: cochecitos, sillas de paseo, cunas...\",\"potentialAction\":[{\"@type\":\"SearchAction\",\"target\":{\"@type\":\"EntryPoint\",\"urlTemplate\":\"https:\\\/\\\/gaspachitos.com\\\/?s={search_term_string}\"},\"query-input\":{\"@type\":\"PropertyValueSpecification\",\"valueRequired\":true,\"valueName\":\"search_term_string\"}}],\"inLanguage\":\"pt-BR\"}]}<\/script>\n<!-- \/ Yoast SEO plugin. -->","yoast_head_json":{"title":"Colch\u00f3n de Cuna de Espuma Acolchado - Gaspachitos","robots":{"index":"index","follow":"follow","max-snippet":"max-snippet:-1","max-image-preview":"max-image-preview:large","max-video-preview":"max-video-preview:-1"},"canonical":"https:\/\/gaspachitos.com\/producto\/colchon-de-espuma-acolchado-para-cuna-de-la-ciguena\/","og_locale":"pt_BR","og_type":"article","og_title":"Colch\u00f3n de Cuna de Espuma Acolchado - Gaspachitos","og_url":"https:\/\/gaspachitos.com\/producto\/colchon-de-espuma-acolchado-para-cuna-de-la-ciguena\/","og_site_name":"Gaspachitos","og_image":[{"width":800,"height":800,"url":"https:\/\/gaspachitos.com\/wp-content\/uploads\/2012\/11\/5799-thickbox_default-Colchon-de-Espuma-Acolchado-para-Cuna-de-LA-CIGUENA-5799.jpg","type":"image\/jpeg"}],"twitter_card":"summary_large_image","schema":{"@context":"https:\/\/schema.org","@graph":[{"@type":"WebPage","@id":"https:\/\/gaspachitos.com\/producto\/colchon-de-espuma-acolchado-para-cuna-de-la-ciguena\/","url":"https:\/\/gaspachitos.com\/producto\/colchon-de-espuma-acolchado-para-cuna-de-la-ciguena\/","name":"Colch\u00f3n de Cuna de Espuma Acolchado - Gaspachitos","isPartOf":{"@id":"https:\/\/gaspachitos.com\/#website"},"primaryImageOfPage":{"@id":"https:\/\/gaspachitos.com\/producto\/colchon-de-espuma-acolchado-para-cuna-de-la-ciguena\/#primaryimage"},"image":{"@id":"https:\/\/gaspachitos.com\/producto\/colchon-de-espuma-acolchado-para-cuna-de-la-ciguena\/#primaryimage"},"thumbnailUrl":"https:\/\/gaspachitos.com\/wp-content\/uploads\/2012\/11\/5799-thickbox_default-Colchon-de-Espuma-Acolchado-para-Cuna-de-LA-CIGUENA-5799.jpg","datePublished":"2012-11-21T16:33:25+00:00","breadcrumb":{"@id":"https:\/\/gaspachitos.com\/producto\/colchon-de-espuma-acolchado-para-cuna-de-la-ciguena\/#breadcrumb"},"inLanguage":"pt-BR","potentialAction":[{"@type":"ReadAction","target":["https:\/\/gaspachitos.com\/producto\/colchon-de-espuma-acolchado-para-cuna-de-la-ciguena\/"]}]},{"@type":"ImageObject","inLanguage":"pt-BR","@id":"https:\/\/gaspachitos.com\/producto\/colchon-de-espuma-acolchado-para-cuna-de-la-ciguena\/#primaryimage","url":"https:\/\/gaspachitos.com\/wp-content\/uploads\/2012\/11\/5799-thickbox_default-Colchon-de-Espuma-Acolchado-para-Cuna-de-LA-CIGUENA-5799.jpg","contentUrl":"https:\/\/gaspachitos.com\/wp-content\/uploads\/2012\/11\/5799-thickbox_default-Colchon-de-Espuma-Acolchado-para-Cuna-de-LA-CIGUENA-5799.jpg","width":800,"height":800,"caption":"Colch\u00f3n de Espuma Acolchado para Cuna de LA CIG\u00dcE\u00d1A-5799"},{"@type":"BreadcrumbList","@id":"https:\/\/gaspachitos.com\/producto\/colchon-de-espuma-acolchado-para-cuna-de-la-ciguena\/#breadcrumb","itemListElement":[{"@type":"ListItem","position":1,"name":"Portada","item":"https:\/\/gaspachitos.com\/"},{"@type":"ListItem","position":2,"name":"Produtos","item":"https:\/\/gaspachitos.com\/gl\/shop\/"},{"@type":"ListItem","position":3,"name":"Colch\u00f3n de Cuna de Espuma Acolchado"}]},{"@type":"WebSite","@id":"https:\/\/gaspachitos.com\/#website","url":"https:\/\/gaspachitos.com\/","name":"Gaspachitos","description":"La tienda para tu beb\u00e9: cochecitos, sillas de paseo, cunas...","potentialAction":[{"@type":"SearchAction","target":{"@type":"EntryPoint","urlTemplate":"https:\/\/gaspachitos.com\/?s={search_term_string}"},"query-input":{"@type":"PropertyValueSpecification","valueRequired":true,"valueName":"search_term_string"}}],"inLanguage":"pt-BR"}]}},"brands":[{"id":5278,"name":"La cig\u00fce\u00f1a","slug":"la-ciguena"}],"_links":{"self":[{"href":"https:\/\/gaspachitos.com\/pt-br\/wp-json\/wp\/v2\/product\/258829","targetHints":{"allow":["GET"]}}],"collection":[{"href":"https:\/\/gaspachitos.com\/pt-br\/wp-json\/wp\/v2\/product"}],"about":[{"href":"https:\/\/gaspachitos.com\/pt-br\/wp-json\/wp\/v2\/types\/product"}],"replies":[{"embeddable":true,"href":"https:\/\/gaspachitos.com\/pt-br\/wp-json\/wp\/v2\/comments?post=258829"}],"wp:featuredmedia":[{"embeddable":true,"href":"https:\/\/gaspachitos.com\/pt-br\/wp-json\/wp\/v2\/media\/258799"}],"wp:attachment":[{"href":"https:\/\/gaspachitos.com\/pt-br\/wp-json\/wp\/v2\/media?parent=258829"}],"wp:term":[{"taxonomy":"pwb-brand","embeddable":true,"href":"https:\/\/gaspachitos.com\/pt-br\/wp-json\/wp\/v2\/pwb-brand?post=258829"},{"taxonomy":"product_brand","embeddable":true,"href":"https:\/\/gaspachitos.com\/pt-br\/wp-json\/wp\/v2\/product_brand?post=258829"},{"taxonomy":"product_cat","embeddable":true,"href":"https:\/\/gaspachitos.com\/pt-br\/wp-json\/wp\/v2\/product_cat?post=258829"},{"taxonomy":"product_tag","embeddable":true,"href":"https:\/\/gaspachitos.com\/pt-br\/wp-json\/wp\/v2\/product_tag?post=258829"}],"curies":[{"name":"wp","href":"https:\/\/api.w.org\/{rel}","templated":true}]}}