{"id":281816,"date":"2024-12-02T19:08:07","date_gmt":"2024-12-02T17:08:07","guid":{"rendered":"https:\/\/gaspachitos.com\/?post_type=product&#038;p=281816"},"modified":"2024-12-02T19:11:13","modified_gmt":"2024-12-02T17:11:13","slug":"my-baby-style-double-set-para-la-huella-del-bebe-copia-copia","status":"publish","type":"product","link":"https:\/\/gaspachitos.com\/eu\/producto\/my-baby-style-double-set-para-la-huella-del-bebe-copia-copia\/","title":{"rendered":"My Baby Style Double set para la huella del beb\u00e9 (copia) (copia)"},"content":{"rendered":"<p>Guarda un precioso recuerdo de los primeros momentos con tu beb\u00e9. El set para huellas Baby Art My Baby Style Double te permitir\u00e1 crear un original cuadro de recuerdo que lucir\u00e1 a la perfecci\u00f3n tambi\u00e9n como elemento decorativo.<\/p>\n<p><span>Caracter\u00edsticas:<\/span><\/p>\n<ul>\n<li>set para imprimir la huella de las manos y los pies<\/li>\n<li>masa que se endurece al secarse y resulta inofensiva para la salud<\/li>\n<li>uso f\u00e1cil<\/li>\n<li>el paquete incluye un marco<\/li>\n<\/ul>\n","protected":false},"excerpt":{"rendered":"<h1 class=\"sc-bdnxRM sc-3sotvb-1 gBpKZM hXaLWL\"><span class=\"sc-3sotvb-3 jWZeNS\"><span class=\"sc-3sotvb-4 bkOQrI\">My Baby Style Double\u00a0<\/span><\/span><span class=\"sc-3sotvb-5 kzfrRw\">set para la huella del beb\u00e9<\/span><\/h1>\n","protected":false},"featured_media":281822,"comment_status":"open","ping_status":"closed","template":"","meta":{"_et_pb_use_builder":"","_et_pb_old_content":"","_et_gb_content_width":""},"pwb-brand":[5197],"product_brand":[],"product_cat":[5878,6535],"product_tag":[],"class_list":{"0":"post-281816","1":"product","2":"type-product","3":"status-publish","4":"has-post-thumbnail","6":"pwb-brand-baby-art","7":"product_cat-ofertas-eu","8":"product_cat-portarretratos-eu","10":"first","11":"instock","12":"taxable","13":"shipping-taxable","14":"purchasable","15":"product-type-simple"},"yoast_head":"<!-- This site is optimized with the Yoast SEO plugin v27.5 - https:\/\/yoast.com\/product\/yoast-seo-wordpress\/ -->\n<title>My Baby Style Double set para la huella del beb\u00e9 (copia) (copia) - Gaspachitos<\/title>\n<meta name=\"robots\" content=\"index, follow, max-snippet:-1, max-image-preview:large, max-video-preview:-1\" \/>\n<link rel=\"canonical\" href=\"https:\/\/gaspachitos.com\/eu\/producto\/my-baby-style-double-set-para-la-huella-del-bebe-copia-copia\/\" \/>\n<meta property=\"og:locale\" content=\"eu_ES\" \/>\n<meta property=\"og:type\" content=\"article\" \/>\n<meta property=\"og:title\" content=\"My Baby Style Double set para la huella del beb\u00e9 (copia) (copia) - Gaspachitos\" \/>\n<meta property=\"og:description\" content=\"My Baby Style Double\u00a0set para la huella del beb\u00e9\" \/>\n<meta property=\"og:url\" content=\"https:\/\/gaspachitos.com\/eu\/producto\/my-baby-style-double-set-para-la-huella-del-bebe-copia-copia\/\" \/>\n<meta property=\"og:site_name\" content=\"Gaspachitos\" \/>\n<meta property=\"article:modified_time\" content=\"2024-12-02T17:11:13+00:00\" \/>\n<meta property=\"og:image\" content=\"https:\/\/gaspachitos.com\/wp-content\/uploads\/2024\/12\/1610124185_2258d0a2d43428134d5cb01cb6e0b7d3.jpg\" \/>\n\t<meta property=\"og:image:width\" content=\"882\" \/>\n\t<meta property=\"og:image:height\" content=\"882\" \/>\n\t<meta property=\"og:image:type\" content=\"image\/jpeg\" \/>\n<meta name=\"twitter:card\" content=\"summary_large_image\" \/>\n<script type=\"application\/ld+json\" class=\"yoast-schema-graph\">{\"@context\":\"https:\\\/\\\/schema.org\",\"@graph\":[{\"@type\":\"WebPage\",\"@id\":\"https:\\\/\\\/gaspachitos.com\\\/eu\\\/producto\\\/my-baby-style-double-set-para-la-huella-del-bebe-copia-copia\\\/\",\"url\":\"https:\\\/\\\/gaspachitos.com\\\/eu\\\/producto\\\/my-baby-style-double-set-para-la-huella-del-bebe-copia-copia\\\/\",\"name\":\"My Baby Style Double set para la huella del beb\u00e9 (copia) (copia) - Gaspachitos\",\"isPartOf\":{\"@id\":\"https:\\\/\\\/gaspachitos.com\\\/#website\"},\"primaryImageOfPage\":{\"@id\":\"https:\\\/\\\/gaspachitos.com\\\/eu\\\/producto\\\/my-baby-style-double-set-para-la-huella-del-bebe-copia-copia\\\/#primaryimage\"},\"image\":{\"@id\":\"https:\\\/\\\/gaspachitos.com\\\/eu\\\/producto\\\/my-baby-style-double-set-para-la-huella-del-bebe-copia-copia\\\/#primaryimage\"},\"thumbnailUrl\":\"https:\\\/\\\/gaspachitos.com\\\/wp-content\\\/uploads\\\/2024\\\/12\\\/1610124185_2258d0a2d43428134d5cb01cb6e0b7d3.jpg\",\"datePublished\":\"2024-12-02T17:08:07+00:00\",\"dateModified\":\"2024-12-02T17:11:13+00:00\",\"breadcrumb\":{\"@id\":\"https:\\\/\\\/gaspachitos.com\\\/eu\\\/producto\\\/my-baby-style-double-set-para-la-huella-del-bebe-copia-copia\\\/#breadcrumb\"},\"inLanguage\":\"eu-ES\",\"potentialAction\":[{\"@type\":\"ReadAction\",\"target\":[\"https:\\\/\\\/gaspachitos.com\\\/eu\\\/producto\\\/my-baby-style-double-set-para-la-huella-del-bebe-copia-copia\\\/\"]}]},{\"@type\":\"ImageObject\",\"inLanguage\":\"eu-ES\",\"@id\":\"https:\\\/\\\/gaspachitos.com\\\/eu\\\/producto\\\/my-baby-style-double-set-para-la-huella-del-bebe-copia-copia\\\/#primaryimage\",\"url\":\"https:\\\/\\\/gaspachitos.com\\\/wp-content\\\/uploads\\\/2024\\\/12\\\/1610124185_2258d0a2d43428134d5cb01cb6e0b7d3.jpg\",\"contentUrl\":\"https:\\\/\\\/gaspachitos.com\\\/wp-content\\\/uploads\\\/2024\\\/12\\\/1610124185_2258d0a2d43428134d5cb01cb6e0b7d3.jpg\",\"width\":882,\"height\":882},{\"@type\":\"BreadcrumbList\",\"@id\":\"https:\\\/\\\/gaspachitos.com\\\/eu\\\/producto\\\/my-baby-style-double-set-para-la-huella-del-bebe-copia-copia\\\/#breadcrumb\",\"itemListElement\":[{\"@type\":\"ListItem\",\"position\":1,\"name\":\"Portada\",\"item\":\"https:\\\/\\\/gaspachitos.com\\\/\"},{\"@type\":\"ListItem\",\"position\":2,\"name\":\"Produtos\",\"item\":\"https:\\\/\\\/gaspachitos.com\\\/gl\\\/shop\\\/\"},{\"@type\":\"ListItem\",\"position\":3,\"name\":\"My Baby Style Double set para la huella del beb\u00e9 (copia) (copia)\"}]},{\"@type\":\"WebSite\",\"@id\":\"https:\\\/\\\/gaspachitos.com\\\/#website\",\"url\":\"https:\\\/\\\/gaspachitos.com\\\/\",\"name\":\"Gaspachitos\",\"description\":\"La tienda para tu beb\u00e9: cochecitos, sillas de paseo, cunas...\",\"potentialAction\":[{\"@type\":\"SearchAction\",\"target\":{\"@type\":\"EntryPoint\",\"urlTemplate\":\"https:\\\/\\\/gaspachitos.com\\\/?s={search_term_string}\"},\"query-input\":{\"@type\":\"PropertyValueSpecification\",\"valueRequired\":true,\"valueName\":\"search_term_string\"}}],\"inLanguage\":\"eu-ES\"}]}<\/script>\n<!-- \/ Yoast SEO plugin. -->","yoast_head_json":{"title":"My Baby Style Double set para la huella del beb\u00e9 (copia) (copia) - Gaspachitos","robots":{"index":"index","follow":"follow","max-snippet":"max-snippet:-1","max-image-preview":"max-image-preview:large","max-video-preview":"max-video-preview:-1"},"canonical":"https:\/\/gaspachitos.com\/eu\/producto\/my-baby-style-double-set-para-la-huella-del-bebe-copia-copia\/","og_locale":"eu_ES","og_type":"article","og_title":"My Baby Style Double set para la huella del beb\u00e9 (copia) (copia) - Gaspachitos","og_description":"My Baby Style Double\u00a0set para la huella del beb\u00e9","og_url":"https:\/\/gaspachitos.com\/eu\/producto\/my-baby-style-double-set-para-la-huella-del-bebe-copia-copia\/","og_site_name":"Gaspachitos","article_modified_time":"2024-12-02T17:11:13+00:00","og_image":[{"width":882,"height":882,"url":"https:\/\/gaspachitos.com\/wp-content\/uploads\/2024\/12\/1610124185_2258d0a2d43428134d5cb01cb6e0b7d3.jpg","type":"image\/jpeg"}],"twitter_card":"summary_large_image","schema":{"@context":"https:\/\/schema.org","@graph":[{"@type":"WebPage","@id":"https:\/\/gaspachitos.com\/eu\/producto\/my-baby-style-double-set-para-la-huella-del-bebe-copia-copia\/","url":"https:\/\/gaspachitos.com\/eu\/producto\/my-baby-style-double-set-para-la-huella-del-bebe-copia-copia\/","name":"My Baby Style Double set para la huella del beb\u00e9 (copia) (copia) - Gaspachitos","isPartOf":{"@id":"https:\/\/gaspachitos.com\/#website"},"primaryImageOfPage":{"@id":"https:\/\/gaspachitos.com\/eu\/producto\/my-baby-style-double-set-para-la-huella-del-bebe-copia-copia\/#primaryimage"},"image":{"@id":"https:\/\/gaspachitos.com\/eu\/producto\/my-baby-style-double-set-para-la-huella-del-bebe-copia-copia\/#primaryimage"},"thumbnailUrl":"https:\/\/gaspachitos.com\/wp-content\/uploads\/2024\/12\/1610124185_2258d0a2d43428134d5cb01cb6e0b7d3.jpg","datePublished":"2024-12-02T17:08:07+00:00","dateModified":"2024-12-02T17:11:13+00:00","breadcrumb":{"@id":"https:\/\/gaspachitos.com\/eu\/producto\/my-baby-style-double-set-para-la-huella-del-bebe-copia-copia\/#breadcrumb"},"inLanguage":"eu-ES","potentialAction":[{"@type":"ReadAction","target":["https:\/\/gaspachitos.com\/eu\/producto\/my-baby-style-double-set-para-la-huella-del-bebe-copia-copia\/"]}]},{"@type":"ImageObject","inLanguage":"eu-ES","@id":"https:\/\/gaspachitos.com\/eu\/producto\/my-baby-style-double-set-para-la-huella-del-bebe-copia-copia\/#primaryimage","url":"https:\/\/gaspachitos.com\/wp-content\/uploads\/2024\/12\/1610124185_2258d0a2d43428134d5cb01cb6e0b7d3.jpg","contentUrl":"https:\/\/gaspachitos.com\/wp-content\/uploads\/2024\/12\/1610124185_2258d0a2d43428134d5cb01cb6e0b7d3.jpg","width":882,"height":882},{"@type":"BreadcrumbList","@id":"https:\/\/gaspachitos.com\/eu\/producto\/my-baby-style-double-set-para-la-huella-del-bebe-copia-copia\/#breadcrumb","itemListElement":[{"@type":"ListItem","position":1,"name":"Portada","item":"https:\/\/gaspachitos.com\/"},{"@type":"ListItem","position":2,"name":"Produtos","item":"https:\/\/gaspachitos.com\/gl\/shop\/"},{"@type":"ListItem","position":3,"name":"My Baby Style Double set para la huella del beb\u00e9 (copia) (copia)"}]},{"@type":"WebSite","@id":"https:\/\/gaspachitos.com\/#website","url":"https:\/\/gaspachitos.com\/","name":"Gaspachitos","description":"La tienda para tu beb\u00e9: cochecitos, sillas de paseo, cunas...","potentialAction":[{"@type":"SearchAction","target":{"@type":"EntryPoint","urlTemplate":"https:\/\/gaspachitos.com\/?s={search_term_string}"},"query-input":{"@type":"PropertyValueSpecification","valueRequired":true,"valueName":"search_term_string"}}],"inLanguage":"eu-ES"}]}},"brands":[{"id":5197,"name":"Baby Art","slug":"baby-art"}],"_links":{"self":[{"href":"https:\/\/gaspachitos.com\/eu\/wp-json\/wp\/v2\/product\/281816","targetHints":{"allow":["GET"]}}],"collection":[{"href":"https:\/\/gaspachitos.com\/eu\/wp-json\/wp\/v2\/product"}],"about":[{"href":"https:\/\/gaspachitos.com\/eu\/wp-json\/wp\/v2\/types\/product"}],"replies":[{"embeddable":true,"href":"https:\/\/gaspachitos.com\/eu\/wp-json\/wp\/v2\/comments?post=281816"}],"wp:featuredmedia":[{"embeddable":true,"href":"https:\/\/gaspachitos.com\/eu\/wp-json\/wp\/v2\/media\/281822"}],"wp:attachment":[{"href":"https:\/\/gaspachitos.com\/eu\/wp-json\/wp\/v2\/media?parent=281816"}],"wp:term":[{"taxonomy":"pwb-brand","embeddable":true,"href":"https:\/\/gaspachitos.com\/eu\/wp-json\/wp\/v2\/pwb-brand?post=281816"},{"taxonomy":"product_brand","embeddable":true,"href":"https:\/\/gaspachitos.com\/eu\/wp-json\/wp\/v2\/product_brand?post=281816"},{"taxonomy":"product_cat","embeddable":true,"href":"https:\/\/gaspachitos.com\/eu\/wp-json\/wp\/v2\/product_cat?post=281816"},{"taxonomy":"product_tag","embeddable":true,"href":"https:\/\/gaspachitos.com\/eu\/wp-json\/wp\/v2\/product_tag?post=281816"}],"curies":[{"name":"wp","href":"https:\/\/api.w.org\/{rel}","templated":true}]}}