{"id":280047,"date":"2024-11-18T19:17:55","date_gmt":"2024-11-18T17:17:55","guid":{"rendered":"https:\/\/gaspachitos.com\/?post_type=product&#038;p=280047"},"modified":"2024-11-18T19:23:06","modified_gmt":"2024-11-18T17:23:06","slug":"funda-protectora-de-toalla-izi-modular-i-size-copia-copia","status":"publish","type":"product","link":"https:\/\/gaspachitos.com\/eu\/producto\/funda-protectora-de-toalla-izi-modular-i-size-copia-copia\/","title":{"rendered":"Funda protectora de toalla \u2013 iZi Modular i-Size (copia) (copia)"},"content":{"rendered":"<p><span>La nueva versi\u00f3n de las fundas para sillas de BeSafe est\u00e1 hecha de tejido de punto de bamb\u00fa y un forro de algod\u00f3n. Esta combinaci\u00f3n ofrece un producto muy suave, que se ajusta mejor y adem\u00e1s, tiene un look moderno. Ahora, gracias a las pesta\u00f1as de instalaci\u00f3n, colocar la funda es mucho m\u00e1s f\u00e1cil. Las costuras de sat\u00e9n ayudan a facilitar la localizaci\u00f3n de la posici\u00f3n de los imanes de f\u00e1cil acceso. Hemos a\u00f1adido tejido extra para cubrir la hebilla.<\/span><\/p>\n","protected":false},"excerpt":{"rendered":"<h1 class=\"product_title entry-title\">Funda protectora de toalla \u2013 iZi Modular i-Size<\/h1>\n","protected":false},"featured_media":280053,"comment_status":"open","ping_status":"closed","template":"","meta":{"_et_pb_use_builder":"","_et_pb_old_content":"","_et_gb_content_width":""},"pwb-brand":[5476],"product_brand":[],"product_cat":[6400,5878],"product_tag":[],"class_list":{"0":"post-280047","1":"product","2":"type-product","3":"status-publish","4":"has-post-thumbnail","6":"pwb-brand-besafe","7":"product_cat-accesorios-coche-eu","8":"product_cat-ofertas-eu","10":"first","11":"instock","12":"sale","13":"taxable","14":"shipping-taxable","15":"purchasable","16":"product-type-simple"},"yoast_head":"<!-- This site is optimized with the Yoast SEO plugin v27.4 - https:\/\/yoast.com\/product\/yoast-seo-wordpress\/ -->\n<title>be safe modular<\/title>\n<meta name=\"description\" content=\"be safe modular\" \/>\n<meta name=\"robots\" content=\"index, follow, max-snippet:-1, max-image-preview:large, max-video-preview:-1\" \/>\n<link rel=\"canonical\" href=\"https:\/\/gaspachitos.com\/eu\/producto\/funda-protectora-de-toalla-izi-modular-i-size-copia-copia\/\" \/>\n<meta property=\"og:locale\" content=\"eu_ES\" \/>\n<meta property=\"og:type\" content=\"article\" \/>\n<meta property=\"og:title\" content=\"be safe modular\" \/>\n<meta property=\"og:description\" content=\"be safe modular\" \/>\n<meta property=\"og:url\" content=\"https:\/\/gaspachitos.com\/eu\/producto\/funda-protectora-de-toalla-izi-modular-i-size-copia-copia\/\" \/>\n<meta property=\"og:site_name\" content=\"Gaspachitos\" \/>\n<meta property=\"article:modified_time\" content=\"2024-11-18T17:23:06+00:00\" \/>\n<meta property=\"og:image\" content=\"https:\/\/gaspachitos.com\/wp-content\/uploads\/2024\/11\/funda-protectora-besafe-izi-modular-i-size.jpg\" \/>\n\t<meta property=\"og:image:width\" content=\"507\" \/>\n\t<meta property=\"og:image:height\" content=\"501\" \/>\n\t<meta property=\"og:image:type\" content=\"image\/jpeg\" \/>\n<meta name=\"twitter:card\" content=\"summary_large_image\" \/>\n<script type=\"application\/ld+json\" class=\"yoast-schema-graph\">{\"@context\":\"https:\\\/\\\/schema.org\",\"@graph\":[{\"@type\":\"WebPage\",\"@id\":\"https:\\\/\\\/gaspachitos.com\\\/eu\\\/producto\\\/funda-protectora-de-toalla-izi-modular-i-size-copia-copia\\\/\",\"url\":\"https:\\\/\\\/gaspachitos.com\\\/eu\\\/producto\\\/funda-protectora-de-toalla-izi-modular-i-size-copia-copia\\\/\",\"name\":\"be safe modular\",\"isPartOf\":{\"@id\":\"https:\\\/\\\/gaspachitos.com\\\/#website\"},\"primaryImageOfPage\":{\"@id\":\"https:\\\/\\\/gaspachitos.com\\\/eu\\\/producto\\\/funda-protectora-de-toalla-izi-modular-i-size-copia-copia\\\/#primaryimage\"},\"image\":{\"@id\":\"https:\\\/\\\/gaspachitos.com\\\/eu\\\/producto\\\/funda-protectora-de-toalla-izi-modular-i-size-copia-copia\\\/#primaryimage\"},\"thumbnailUrl\":\"https:\\\/\\\/gaspachitos.com\\\/wp-content\\\/uploads\\\/2024\\\/11\\\/funda-protectora-besafe-izi-modular-i-size.jpg\",\"datePublished\":\"2024-11-18T17:17:55+00:00\",\"dateModified\":\"2024-11-18T17:23:06+00:00\",\"description\":\"be safe modular\",\"breadcrumb\":{\"@id\":\"https:\\\/\\\/gaspachitos.com\\\/eu\\\/producto\\\/funda-protectora-de-toalla-izi-modular-i-size-copia-copia\\\/#breadcrumb\"},\"inLanguage\":\"eu-ES\",\"potentialAction\":[{\"@type\":\"ReadAction\",\"target\":[\"https:\\\/\\\/gaspachitos.com\\\/eu\\\/producto\\\/funda-protectora-de-toalla-izi-modular-i-size-copia-copia\\\/\"]}]},{\"@type\":\"ImageObject\",\"inLanguage\":\"eu-ES\",\"@id\":\"https:\\\/\\\/gaspachitos.com\\\/eu\\\/producto\\\/funda-protectora-de-toalla-izi-modular-i-size-copia-copia\\\/#primaryimage\",\"url\":\"https:\\\/\\\/gaspachitos.com\\\/wp-content\\\/uploads\\\/2024\\\/11\\\/funda-protectora-besafe-izi-modular-i-size.jpg\",\"contentUrl\":\"https:\\\/\\\/gaspachitos.com\\\/wp-content\\\/uploads\\\/2024\\\/11\\\/funda-protectora-besafe-izi-modular-i-size.jpg\",\"width\":507,\"height\":501},{\"@type\":\"BreadcrumbList\",\"@id\":\"https:\\\/\\\/gaspachitos.com\\\/eu\\\/producto\\\/funda-protectora-de-toalla-izi-modular-i-size-copia-copia\\\/#breadcrumb\",\"itemListElement\":[{\"@type\":\"ListItem\",\"position\":1,\"name\":\"Portada\",\"item\":\"https:\\\/\\\/gaspachitos.com\\\/\"},{\"@type\":\"ListItem\",\"position\":2,\"name\":\"Produtos\",\"item\":\"https:\\\/\\\/gaspachitos.com\\\/gl\\\/shop\\\/\"},{\"@type\":\"ListItem\",\"position\":3,\"name\":\"Funda protectora de toalla \u2013 iZi Modular i-Size (copia) (copia)\"}]},{\"@type\":\"WebSite\",\"@id\":\"https:\\\/\\\/gaspachitos.com\\\/#website\",\"url\":\"https:\\\/\\\/gaspachitos.com\\\/\",\"name\":\"Gaspachitos\",\"description\":\"La tienda para tu beb\u00e9: cochecitos, sillas de paseo, cunas...\",\"potentialAction\":[{\"@type\":\"SearchAction\",\"target\":{\"@type\":\"EntryPoint\",\"urlTemplate\":\"https:\\\/\\\/gaspachitos.com\\\/?s={search_term_string}\"},\"query-input\":{\"@type\":\"PropertyValueSpecification\",\"valueRequired\":true,\"valueName\":\"search_term_string\"}}],\"inLanguage\":\"eu-ES\"}]}<\/script>\n<!-- \/ Yoast SEO plugin. -->","yoast_head_json":{"title":"be safe modular","description":"be safe modular","robots":{"index":"index","follow":"follow","max-snippet":"max-snippet:-1","max-image-preview":"max-image-preview:large","max-video-preview":"max-video-preview:-1"},"canonical":"https:\/\/gaspachitos.com\/eu\/producto\/funda-protectora-de-toalla-izi-modular-i-size-copia-copia\/","og_locale":"eu_ES","og_type":"article","og_title":"be safe modular","og_description":"be safe modular","og_url":"https:\/\/gaspachitos.com\/eu\/producto\/funda-protectora-de-toalla-izi-modular-i-size-copia-copia\/","og_site_name":"Gaspachitos","article_modified_time":"2024-11-18T17:23:06+00:00","og_image":[{"width":507,"height":501,"url":"https:\/\/gaspachitos.com\/wp-content\/uploads\/2024\/11\/funda-protectora-besafe-izi-modular-i-size.jpg","type":"image\/jpeg"}],"twitter_card":"summary_large_image","schema":{"@context":"https:\/\/schema.org","@graph":[{"@type":"WebPage","@id":"https:\/\/gaspachitos.com\/eu\/producto\/funda-protectora-de-toalla-izi-modular-i-size-copia-copia\/","url":"https:\/\/gaspachitos.com\/eu\/producto\/funda-protectora-de-toalla-izi-modular-i-size-copia-copia\/","name":"be safe modular","isPartOf":{"@id":"https:\/\/gaspachitos.com\/#website"},"primaryImageOfPage":{"@id":"https:\/\/gaspachitos.com\/eu\/producto\/funda-protectora-de-toalla-izi-modular-i-size-copia-copia\/#primaryimage"},"image":{"@id":"https:\/\/gaspachitos.com\/eu\/producto\/funda-protectora-de-toalla-izi-modular-i-size-copia-copia\/#primaryimage"},"thumbnailUrl":"https:\/\/gaspachitos.com\/wp-content\/uploads\/2024\/11\/funda-protectora-besafe-izi-modular-i-size.jpg","datePublished":"2024-11-18T17:17:55+00:00","dateModified":"2024-11-18T17:23:06+00:00","description":"be safe modular","breadcrumb":{"@id":"https:\/\/gaspachitos.com\/eu\/producto\/funda-protectora-de-toalla-izi-modular-i-size-copia-copia\/#breadcrumb"},"inLanguage":"eu-ES","potentialAction":[{"@type":"ReadAction","target":["https:\/\/gaspachitos.com\/eu\/producto\/funda-protectora-de-toalla-izi-modular-i-size-copia-copia\/"]}]},{"@type":"ImageObject","inLanguage":"eu-ES","@id":"https:\/\/gaspachitos.com\/eu\/producto\/funda-protectora-de-toalla-izi-modular-i-size-copia-copia\/#primaryimage","url":"https:\/\/gaspachitos.com\/wp-content\/uploads\/2024\/11\/funda-protectora-besafe-izi-modular-i-size.jpg","contentUrl":"https:\/\/gaspachitos.com\/wp-content\/uploads\/2024\/11\/funda-protectora-besafe-izi-modular-i-size.jpg","width":507,"height":501},{"@type":"BreadcrumbList","@id":"https:\/\/gaspachitos.com\/eu\/producto\/funda-protectora-de-toalla-izi-modular-i-size-copia-copia\/#breadcrumb","itemListElement":[{"@type":"ListItem","position":1,"name":"Portada","item":"https:\/\/gaspachitos.com\/"},{"@type":"ListItem","position":2,"name":"Produtos","item":"https:\/\/gaspachitos.com\/gl\/shop\/"},{"@type":"ListItem","position":3,"name":"Funda protectora de toalla \u2013 iZi Modular i-Size (copia) (copia)"}]},{"@type":"WebSite","@id":"https:\/\/gaspachitos.com\/#website","url":"https:\/\/gaspachitos.com\/","name":"Gaspachitos","description":"La tienda para tu beb\u00e9: cochecitos, sillas de paseo, cunas...","potentialAction":[{"@type":"SearchAction","target":{"@type":"EntryPoint","urlTemplate":"https:\/\/gaspachitos.com\/?s={search_term_string}"},"query-input":{"@type":"PropertyValueSpecification","valueRequired":true,"valueName":"search_term_string"}}],"inLanguage":"eu-ES"}]}},"brands":[{"id":5476,"name":"BeSafe","slug":"besafe"}],"_links":{"self":[{"href":"https:\/\/gaspachitos.com\/eu\/wp-json\/wp\/v2\/product\/280047","targetHints":{"allow":["GET"]}}],"collection":[{"href":"https:\/\/gaspachitos.com\/eu\/wp-json\/wp\/v2\/product"}],"about":[{"href":"https:\/\/gaspachitos.com\/eu\/wp-json\/wp\/v2\/types\/product"}],"replies":[{"embeddable":true,"href":"https:\/\/gaspachitos.com\/eu\/wp-json\/wp\/v2\/comments?post=280047"}],"wp:featuredmedia":[{"embeddable":true,"href":"https:\/\/gaspachitos.com\/eu\/wp-json\/wp\/v2\/media\/280053"}],"wp:attachment":[{"href":"https:\/\/gaspachitos.com\/eu\/wp-json\/wp\/v2\/media?parent=280047"}],"wp:term":[{"taxonomy":"pwb-brand","embeddable":true,"href":"https:\/\/gaspachitos.com\/eu\/wp-json\/wp\/v2\/pwb-brand?post=280047"},{"taxonomy":"product_brand","embeddable":true,"href":"https:\/\/gaspachitos.com\/eu\/wp-json\/wp\/v2\/product_brand?post=280047"},{"taxonomy":"product_cat","embeddable":true,"href":"https:\/\/gaspachitos.com\/eu\/wp-json\/wp\/v2\/product_cat?post=280047"},{"taxonomy":"product_tag","embeddable":true,"href":"https:\/\/gaspachitos.com\/eu\/wp-json\/wp\/v2\/product_tag?post=280047"}],"curies":[{"name":"wp","href":"https:\/\/api.w.org\/{rel}","templated":true}]}}