{"id":274095,"date":"2024-10-22T10:25:49","date_gmt":"2024-10-22T08:25:49","guid":{"rendered":"https:\/\/gaspachitos.com\/?post_type=product&#038;p=274095"},"modified":"2024-10-22T10:30:13","modified_gmt":"2024-10-22T08:30:13","slug":"cochecito-2-piezas-uppababy-cruz-v2-copia","status":"publish","type":"product","link":"https:\/\/gaspachitos.com\/eu\/producto\/cochecito-2-piezas-uppababy-cruz-v2-copia\/","title":{"rendered":"Cochecito 2 Piezas Uppababy Cruz V2 (copia)"},"content":{"rendered":"<h3 class=\"page-product-heading\">COCHECITO 2 PIEZAS UPPABABY CRUZ V2<\/h3>\n<div class=\"rte\">\n<h2>Uppababy Cruz V2<\/h2>\n<p>Nueva versi\u00f3n 2020 del\u00a0<span>Cochecito de Beb\u00e9 Uppababy Cruz V2<\/span>\u00a0con numerosas funciones y mejoras para adaptarse al ritmo de vida de los padres ofreciendo al mismo tiempo un excelente confort. Apto desde el nacimiento.<\/p>\n<div class=\"col-xs-12 col-sm-6 col-md-4\"><\/div>\n<div class=\"col-xs-12 col-sm-6 col-md-4\"><img loading=\"lazy\" decoding=\"async\" class=\" size-full wp-image-237198\" title=\"cochecito bebe uppababy cruz v2\" class=\"img-responsive\" alt=\"cochecito bebe uppababy cruz v2\" src=\"https:\/\/gaspachitos.com\/wp-content\/uploads\/2020\/04\/cochecito-bebe-uppababy-cruz-v2-cochecito-bebe-uppababy-cruz-v2.jpg\" width=\"447\" height=\"600\" srcset=\"https:\/\/gaspachitos.com\/wp-content\/uploads\/2020\/04\/cochecito-bebe-uppababy-cruz-v2-cochecito-bebe-uppababy-cruz-v2.jpg 447w, https:\/\/gaspachitos.com\/wp-content\/uploads\/2020\/04\/cochecito-bebe-uppababy-cruz-v2-cochecito-bebe-uppababy-cruz-v2-64x86.jpg 64w, https:\/\/gaspachitos.com\/wp-content\/uploads\/2020\/04\/cochecito-bebe-uppababy-cruz-v2-cochecito-bebe-uppababy-cruz-v2-224x300.jpg 224w\" sizes=\"(max-width: 447px) 100vw, 447px\" \/><\/div>\n<div class=\"col-xs-12 col-sm-6 col-md-4\"><img loading=\"lazy\" decoding=\"async\" class=\" size-full wp-image-237207\" title=\"carrito uppababy cruz v2\" class=\"img-responsive\" alt=\"carrito uppababy cruz v2\" src=\"https:\/\/gaspachitos.com\/wp-content\/uploads\/2020\/04\/carrito-uppababy-cruz-v2-carrito-uppababy-cruz-v2.jpg\" width=\"447\" height=\"600\" srcset=\"https:\/\/gaspachitos.com\/wp-content\/uploads\/2020\/04\/carrito-uppababy-cruz-v2-carrito-uppababy-cruz-v2.jpg 447w, https:\/\/gaspachitos.com\/wp-content\/uploads\/2020\/04\/carrito-uppababy-cruz-v2-carrito-uppababy-cruz-v2-64x86.jpg 64w, https:\/\/gaspachitos.com\/wp-content\/uploads\/2020\/04\/carrito-uppababy-cruz-v2-carrito-uppababy-cruz-v2-224x300.jpg 224w\" sizes=\"(max-width: 447px) 100vw, 447px\" \/><\/div>\n<div><\/div>\n<h3>\u00bfQu\u00e9 Novedades tiene el Cochecito Uppababy Cruz V2?<\/h3>\n<p>Esta nueva versi\u00f3n\u00a0<span>cuenta con una de las mejores suspensiones del mercado<\/span>, compuesta por una\u00a0<span>suspensi\u00f3n trasera de doble acci\u00f3n y amortiguadores delanteros<\/span>, que junto a sus ruedas de mayor tama\u00f1o proporcionan una excelente conducci\u00f3n sobre calles muy transitadas o llenas de baches.<\/p>\n<p>Contiene tambi\u00e9n una\u00a0<span>cesta de compras de f\u00e1cil acceso y de tama\u00f1o extragrande con bolsillos de almacenamiento<\/span>, ideal para poder llevar pa\u00f1ales, juguetes o cualquier accesorio que se pueda necesitar.<\/p>\n<p>Su\u00a0<span>chasis de dise\u00f1o compacto<\/span>\u00a0permite pasar por puertas estrechas, ascensores o pasillos de dimensiones reducidas. Dispone tambi\u00e9n de una\u00a0<span>capota extensible con protecci\u00f3n solar UPF 50+ y paneles de rejilla para una mejor ventilaci\u00f3n<\/span>. En cuanto a su\u00a0<span>manillar<\/span>, est\u00e1\u00a0<span>revestido en flor de piel 100% natural<\/span>\u00a0de calidad superior que mejora el agarre a la hora de empujar el carrito. Es tambi\u00e9n\u00a0<span>extensible<\/span>\u00a0para ajustarse a las diferentes estaturas de los padres.<\/p>\n<p>Por otro lado, su\u00a0<span>plegado compacto<\/span>\u00a0se realiza en tan solo un paso con o sin hamaca, manteni\u00e9ndose de pie una vez plegado.<\/p>\n<div class=\"col-xs-12 col-sm-6 col-md-3\"><img loading=\"lazy\" decoding=\"async\" class=\" size-full wp-image-237216\" title=\"uppababy cruz v2\" class=\"img-responsive\" alt=\"uppababy cruz v2\" src=\"https:\/\/gaspachitos.com\/wp-content\/uploads\/2020\/04\/uppababy-cruz-v2-uppababy-cruz-v2.jpg\" width=\"398\" height=\"500\" srcset=\"https:\/\/gaspachitos.com\/wp-content\/uploads\/2020\/04\/uppababy-cruz-v2-uppababy-cruz-v2.jpg 398w, https:\/\/gaspachitos.com\/wp-content\/uploads\/2020\/04\/uppababy-cruz-v2-uppababy-cruz-v2-64x80.jpg 64w, https:\/\/gaspachitos.com\/wp-content\/uploads\/2020\/04\/uppababy-cruz-v2-uppababy-cruz-v2-239x300.jpg 239w\" sizes=\"(max-width: 398px) 100vw, 398px\" \/><\/div>\n<div class=\"col-xs-12 col-sm-6 col-md-3\"><img loading=\"lazy\" decoding=\"async\" class=\" size-full wp-image-237225\" title=\"uppababy cruz 2020\" class=\"img-responsive\" alt=\"uppababy cruz 2020\" src=\"https:\/\/gaspachitos.com\/wp-content\/uploads\/2020\/04\/uppababy-cruz-2020-uppababy-cruz-2020.jpg\" width=\"398\" height=\"500\" srcset=\"https:\/\/gaspachitos.com\/wp-content\/uploads\/2020\/04\/uppababy-cruz-2020-uppababy-cruz-2020.jpg 398w, https:\/\/gaspachitos.com\/wp-content\/uploads\/2020\/04\/uppababy-cruz-2020-uppababy-cruz-2020-64x80.jpg 64w, https:\/\/gaspachitos.com\/wp-content\/uploads\/2020\/04\/uppababy-cruz-2020-uppababy-cruz-2020-239x300.jpg 239w\" sizes=\"(max-width: 398px) 100vw, 398px\" \/><\/div>\n<div class=\"col-xs-12 col-sm-6 col-md-3\"><img loading=\"lazy\" decoding=\"async\" class=\" size-full wp-image-237234\" title=\"uppababy cruz v2 2020\" class=\"img-responsive\" alt=\"uppababy cruz v2 2020\" src=\"https:\/\/gaspachitos.com\/wp-content\/uploads\/2020\/04\/uppababy-cruz-v2-2020-uppababy-cruz-v2-2020.jpg\" width=\"398\" height=\"500\" srcset=\"https:\/\/gaspachitos.com\/wp-content\/uploads\/2020\/04\/uppababy-cruz-v2-2020-uppababy-cruz-v2-2020.jpg 398w, https:\/\/gaspachitos.com\/wp-content\/uploads\/2020\/04\/uppababy-cruz-v2-2020-uppababy-cruz-v2-2020-64x80.jpg 64w, https:\/\/gaspachitos.com\/wp-content\/uploads\/2020\/04\/uppababy-cruz-v2-2020-uppababy-cruz-v2-2020-239x300.jpg 239w\" sizes=\"(max-width: 398px) 100vw, 398px\" \/><\/div>\n<div class=\"col-xs-12 col-sm-6 col-md-3\"><img loading=\"lazy\" decoding=\"async\" class=\" size-full wp-image-237243\" title=\"cochecito uppababy cruz v2\" class=\"img-responsive\" alt=\"cochecito uppababy cruz v2\" src=\"https:\/\/gaspachitos.com\/wp-content\/uploads\/2020\/04\/cochecito-uppababy-cruz-v2-cochecito-uppababy-cruz-v2.jpg\" width=\"398\" height=\"500\" srcset=\"https:\/\/gaspachitos.com\/wp-content\/uploads\/2020\/04\/cochecito-uppababy-cruz-v2-cochecito-uppababy-cruz-v2.jpg 398w, https:\/\/gaspachitos.com\/wp-content\/uploads\/2020\/04\/cochecito-uppababy-cruz-v2-cochecito-uppababy-cruz-v2-64x80.jpg 64w, https:\/\/gaspachitos.com\/wp-content\/uploads\/2020\/04\/cochecito-uppababy-cruz-v2-cochecito-uppababy-cruz-v2-239x300.jpg 239w\" sizes=\"(max-width: 398px) 100vw, 398px\" \/><\/div>\n<div><\/div>\n<h4>Capazo Uppababy Cruz<\/h4>\n<p>El capazo es adecuado desde el nacimiento hasta los 9 kg de peso. Incluye un colch\u00f3n perforado y somier ventilado que aportan una mayor transpirabilidad, creando un agradable espacio de descanso seguro y c\u00f3modo para el beb\u00e9.<\/p>\n<ul>\n<li>Apto desde el nacimiento hasta los 9 kg de peso<\/li>\n<li>Pantalla de protecci\u00f3n solar extensible y desplegable con UPF 50+<\/li>\n<li>Capota con cremallera para mejorar la circulaci\u00f3n de aire y asa de transporte<\/li>\n<li>Cubierta del colch\u00f3n extra\u00edble y transpirable<\/li>\n<li>Colch\u00f3n perforado y somier ventilado<\/li>\n<li>Funda de colch\u00f3n y cubierta con cremallera lavables a m\u00e1quina<\/li>\n<\/ul>\n<h4>Hamaca Uppababy Cruz<\/h4>\n<p>La\u00a0<span>hamaca de gran tama\u00f1o y reversible<\/span>\u00a0permite adaptarse al crecimiento y a la curiosidad del peque\u00f1o, ya que podr\u00e1 ir mirando hacia adelante o hacia los padres. Totalmente erguido, reclinado por completo o de otra forma que no le permita perderse ning\u00fan detalle. Es tambi\u00e9n reclinable en m\u00faltiples posiciones hasta la horizontal<\/p>\n<ul>\n<li>Asiento reclinable 180\u00ba con una sola mano<\/li>\n<li>Capota de protecci\u00f3n solar con UPF 50+<\/li>\n<li>Capota ajustable en altura para adaptarse al crecimiento<\/li>\n<\/ul>\n<h3>Medidas Uppababy Cruz V2 2020<\/h3>\n<div class=\"col-xs-12 col-sm-6 col-md-6\"><img loading=\"lazy\" decoding=\"async\" class=\" size-full wp-image-237252\" title=\"uppababy cruz v2 medidas\" class=\"img-responsive\" alt=\"uppababy cruz v2 medidas\" src=\"https:\/\/gaspachitos.com\/wp-content\/uploads\/2020\/04\/uppababy-cruz-v2-medidas-uppababy-cruz-v2-medidas.jpg\" width=\"466\" height=\"460\" srcset=\"https:\/\/gaspachitos.com\/wp-content\/uploads\/2020\/04\/uppababy-cruz-v2-medidas-uppababy-cruz-v2-medidas.jpg 466w, https:\/\/gaspachitos.com\/wp-content\/uploads\/2020\/04\/uppababy-cruz-v2-medidas-uppababy-cruz-v2-medidas-100x100.jpg 100w, https:\/\/gaspachitos.com\/wp-content\/uploads\/2020\/04\/uppababy-cruz-v2-medidas-uppababy-cruz-v2-medidas-64x63.jpg 64w, https:\/\/gaspachitos.com\/wp-content\/uploads\/2020\/04\/uppababy-cruz-v2-medidas-uppababy-cruz-v2-medidas-300x296.jpg 300w\" sizes=\"(max-width: 466px) 100vw, 466px\" \/><\/div>\n<div class=\"col-xs-12 col-sm-6 col-md-6\"><img loading=\"lazy\" decoding=\"async\" class=\" size-full wp-image-237261\" title=\"uppababy cruz 2020 medidas\" class=\"img-responsive\" alt=\"uppababy cruz 2020 medidas\" src=\"https:\/\/gaspachitos.com\/wp-content\/uploads\/2020\/04\/uppababy-cruz-2020-medidas-uppababy-cruz-2020-medidas.jpg\" width=\"466\" height=\"460\" srcset=\"https:\/\/gaspachitos.com\/wp-content\/uploads\/2020\/04\/uppababy-cruz-2020-medidas-uppababy-cruz-2020-medidas.jpg 466w, https:\/\/gaspachitos.com\/wp-content\/uploads\/2020\/04\/uppababy-cruz-2020-medidas-uppababy-cruz-2020-medidas-100x100.jpg 100w, https:\/\/gaspachitos.com\/wp-content\/uploads\/2020\/04\/uppababy-cruz-2020-medidas-uppababy-cruz-2020-medidas-64x63.jpg 64w, https:\/\/gaspachitos.com\/wp-content\/uploads\/2020\/04\/uppababy-cruz-2020-medidas-uppababy-cruz-2020-medidas-300x296.jpg 300w\" sizes=\"(max-width: 466px) 100vw, 466px\" \/><\/div>\n<div><\/div>\n<div class=\"col-xs-12 col-sm-6 col-md-4\"><img loading=\"lazy\" decoding=\"async\" class=\" size-full wp-image-237270\" title=\"medidas uppababy cruz v2\" class=\"img-responsive\" alt=\"medidas uppababy cruz v2\" src=\"https:\/\/gaspachitos.com\/wp-content\/uploads\/2020\/04\/medidas-uppababy-cruz-v2-medidas-uppababy-cruz-v2.jpg\" width=\"466\" height=\"460\" srcset=\"https:\/\/gaspachitos.com\/wp-content\/uploads\/2020\/04\/medidas-uppababy-cruz-v2-medidas-uppababy-cruz-v2.jpg 466w, https:\/\/gaspachitos.com\/wp-content\/uploads\/2020\/04\/medidas-uppababy-cruz-v2-medidas-uppababy-cruz-v2-100x100.jpg 100w, https:\/\/gaspachitos.com\/wp-content\/uploads\/2020\/04\/medidas-uppababy-cruz-v2-medidas-uppababy-cruz-v2-64x63.jpg 64w, https:\/\/gaspachitos.com\/wp-content\/uploads\/2020\/04\/medidas-uppababy-cruz-v2-medidas-uppababy-cruz-v2-300x296.jpg 300w\" sizes=\"(max-width: 466px) 100vw, 466px\" \/><\/div>\n<div class=\"col-xs-12 col-sm-6 col-md-4\"><img loading=\"lazy\" decoding=\"async\" class=\" size-full wp-image-237279\" title=\"medidas uppababy cruz 2020\" class=\"img-responsive\" alt=\"medidas uppababy cruz 2020\" src=\"https:\/\/gaspachitos.com\/wp-content\/uploads\/2020\/04\/medidas-uppababy-cruz-2020-medidas-uppababy-cruz-2020.jpg\" width=\"466\" height=\"460\" srcset=\"https:\/\/gaspachitos.com\/wp-content\/uploads\/2020\/04\/medidas-uppababy-cruz-2020-medidas-uppababy-cruz-2020.jpg 466w, https:\/\/gaspachitos.com\/wp-content\/uploads\/2020\/04\/medidas-uppababy-cruz-2020-medidas-uppababy-cruz-2020-100x100.jpg 100w, https:\/\/gaspachitos.com\/wp-content\/uploads\/2020\/04\/medidas-uppababy-cruz-2020-medidas-uppababy-cruz-2020-64x63.jpg 64w, https:\/\/gaspachitos.com\/wp-content\/uploads\/2020\/04\/medidas-uppababy-cruz-2020-medidas-uppababy-cruz-2020-300x296.jpg 300w\" sizes=\"(max-width: 466px) 100vw, 466px\" \/><\/div>\n<div class=\"col-xs-12 col-sm-6 col-md-4\"><img loading=\"lazy\" decoding=\"async\" class=\" size-full wp-image-237288\" title=\"medidas uppababy cruz v2 2020\" class=\"img-responsive\" alt=\"medidas uppababy cruz v2 2020\" src=\"https:\/\/gaspachitos.com\/wp-content\/uploads\/2020\/04\/medidas-uppababy-cruz-v2-2020-medidas-uppababy-cruz-v2-2020.jpg\" width=\"466\" height=\"460\" srcset=\"https:\/\/gaspachitos.com\/wp-content\/uploads\/2020\/04\/medidas-uppababy-cruz-v2-2020-medidas-uppababy-cruz-v2-2020.jpg 466w, https:\/\/gaspachitos.com\/wp-content\/uploads\/2020\/04\/medidas-uppababy-cruz-v2-2020-medidas-uppababy-cruz-v2-2020-100x100.jpg 100w, https:\/\/gaspachitos.com\/wp-content\/uploads\/2020\/04\/medidas-uppababy-cruz-v2-2020-medidas-uppababy-cruz-v2-2020-64x63.jpg 64w, https:\/\/gaspachitos.com\/wp-content\/uploads\/2020\/04\/medidas-uppababy-cruz-v2-2020-medidas-uppababy-cruz-v2-2020-300x296.jpg 300w\" sizes=\"(max-width: 466px) 100vw, 466px\" \/><\/div>\n<div><\/div>\n<div class=\"col-xs-12 col-sm-6 col-md-6\"><img loading=\"lazy\" decoding=\"async\" class=\" size-full wp-image-237297\" title=\"uppababy cruz v2 2020 medidas\" class=\"img-responsive\" alt=\"uppababy cruz v2 2020 medidas\" src=\"https:\/\/gaspachitos.com\/wp-content\/uploads\/2020\/04\/uppababy-cruz-v2-2020-medidas-uppababy-cruz-v2-2020-medidas.jpg\" width=\"466\" height=\"460\" srcset=\"https:\/\/gaspachitos.com\/wp-content\/uploads\/2020\/04\/uppababy-cruz-v2-2020-medidas-uppababy-cruz-v2-2020-medidas.jpg 466w, https:\/\/gaspachitos.com\/wp-content\/uploads\/2020\/04\/uppababy-cruz-v2-2020-medidas-uppababy-cruz-v2-2020-medidas-100x100.jpg 100w, https:\/\/gaspachitos.com\/wp-content\/uploads\/2020\/04\/uppababy-cruz-v2-2020-medidas-uppababy-cruz-v2-2020-medidas-64x63.jpg 64w, https:\/\/gaspachitos.com\/wp-content\/uploads\/2020\/04\/uppababy-cruz-v2-2020-medidas-uppababy-cruz-v2-2020-medidas-300x296.jpg 300w\" sizes=\"(max-width: 466px) 100vw, 466px\" \/><\/div>\n<div class=\"col-xs-12 col-sm-6 col-md-6\"><img loading=\"lazy\" decoding=\"async\" class=\" size-full wp-image-237306\" title=\"medidas cochecito uppababy cruz v2\" class=\"img-responsive\" alt=\"medidas cochecito uppababy cruz v2\" src=\"https:\/\/gaspachitos.com\/wp-content\/uploads\/2020\/04\/medidas-cochecito-uppababy-cruz-v2-medidas-cochecito-uppababy-cruz-v2.jpg\" width=\"466\" height=\"460\" srcset=\"https:\/\/gaspachitos.com\/wp-content\/uploads\/2020\/04\/medidas-cochecito-uppababy-cruz-v2-medidas-cochecito-uppababy-cruz-v2.jpg 466w, https:\/\/gaspachitos.com\/wp-content\/uploads\/2020\/04\/medidas-cochecito-uppababy-cruz-v2-medidas-cochecito-uppababy-cruz-v2-100x100.jpg 100w, https:\/\/gaspachitos.com\/wp-content\/uploads\/2020\/04\/medidas-cochecito-uppababy-cruz-v2-medidas-cochecito-uppababy-cruz-v2-64x63.jpg 64w, https:\/\/gaspachitos.com\/wp-content\/uploads\/2020\/04\/medidas-cochecito-uppababy-cruz-v2-medidas-cochecito-uppababy-cruz-v2-300x296.jpg 300w\" sizes=\"(max-width: 466px) 100vw, 466px\" \/><\/div>\n<div><\/div>\n<h3>\u00bfQu\u00e9 Incluye Uppababy Cruz 2020?<\/h3>\n<ul>\n<li>Chasis, cesta de compras y ruedas<\/li>\n<li>Hamaca y capota<\/li>\n<li>Capazo<\/li>\n<li>Barra de seguridad<\/li>\n<li>Burbuja de lluvia y mosquitera para silla de paseo<\/li>\n<li>Burbuja de lluvia y mosquitera para capazo<\/li>\n<\/ul>\n<h3>Caracter\u00edsticas Carrito Uppababy Cruz V2<\/h3>\n<ul>\n<li>Apto desde el nacimiento hasta los 22 kg de peso<\/li>\n<li>Pantalla de protecci\u00f3n solar extensible con factor de protecci\u00f3n UPF 50+<\/li>\n<li>Cesta de compras extragrande de f\u00e1cil acceso con capacidad de carga de 11,3 kg<\/li>\n<li>Manillar ajustable en altura revestido en piel 100% natural<\/li>\n<li>Capota extensible con protecci\u00f3n solar UPF 50+ y paneles de rejilla<\/li>\n<li>Arn\u00e9s 5 puntos<\/li>\n<li>Plegado compacto en un solo paso<\/li>\n<li>Reclinado multiposici\u00f3n hasta la horizontal<\/li>\n<li>Suspensi\u00f3n trasera de doble acci\u00f3n y amortiguadores delanteros<\/li>\n<li>Ruedas delanteras bloqueables con indicadores visuales<\/li>\n<li>Peso: 11,6 kg<\/li>\n<\/ul>\n<h3>Colores Uppababy Cruz Duo<\/h3>\n<ul>\n<li>Alice<\/li>\n<li>Bryce<\/li>\n<li>Emmett<\/li>\n<li>Finn<\/li>\n<li>Gregory<\/li>\n<li>Hazel<\/li>\n<li>Jake<\/li>\n<li>Jordan<\/li>\n<li>Sierra<\/li>\n<\/ul><\/div>\n","protected":false},"excerpt":{"rendered":"<h2>Uppababy Cruz V2<\/h2>\n<p>Nueva versi\u00f3n 2020 del\u00a0<span>Cochecito de Beb\u00e9 Uppababy Cruz V2<\/span>\u00a0con numerosas funciones y mejoras para adaptarse al ritmo de vida.<\/p>\n","protected":false},"featured_media":274107,"comment_status":"open","ping_status":"closed","template":"","meta":{"_et_pb_use_builder":"","_et_pb_old_content":"","_et_gb_content_width":""},"pwb-brand":[5494],"product_brand":[],"product_cat":[6076,5878],"product_tag":[],"class_list":{"0":"post-274095","1":"product","2":"type-product","3":"status-publish","4":"has-post-thumbnail","6":"pwb-brand-uppababy","7":"product_cat-cochecitos-eu","8":"product_cat-ofertas-eu","10":"first","11":"instock","12":"sale","13":"taxable","14":"shipping-taxable","15":"purchasable","16":"product-type-simple"},"yoast_head":"<!-- This site is optimized with the Yoast SEO plugin v27.4 - https:\/\/yoast.com\/product\/yoast-seo-wordpress\/ -->\n<title>Cochecito 2 Piezas Uppababy Cruz V2 (copia) - Gaspachitos<\/title>\n<meta name=\"robots\" content=\"index, follow, max-snippet:-1, max-image-preview:large, max-video-preview:-1\" \/>\n<link rel=\"canonical\" href=\"https:\/\/gaspachitos.com\/eu\/producto\/cochecito-2-piezas-uppababy-cruz-v2-copia\/\" \/>\n<meta property=\"og:locale\" content=\"eu_ES\" \/>\n<meta property=\"og:type\" content=\"article\" \/>\n<meta property=\"og:title\" content=\"Cochecito 2 Piezas Uppababy Cruz V2 (copia) - Gaspachitos\" \/>\n<meta property=\"og:description\" content=\"Uppababy Cruz V2 Nueva versi\u00f3n 2020 del\u00a0Cochecito de Beb\u00e9 Uppababy Cruz V2\u00a0con numerosas funciones y mejoras para adaptarse al ritmo de vida.\" \/>\n<meta property=\"og:url\" content=\"https:\/\/gaspachitos.com\/eu\/producto\/cochecito-2-piezas-uppababy-cruz-v2-copia\/\" \/>\n<meta property=\"og:site_name\" content=\"Gaspachitos\" \/>\n<meta property=\"article:modified_time\" content=\"2024-10-22T08:30:13+00:00\" \/>\n<meta property=\"og:image\" content=\"https:\/\/gaspachitos.com\/wp-content\/uploads\/2020\/04\/12042-thickbox_default-Cochecito-2-Piezas-Uppababy-Cruz-V2.jpg\" \/>\n\t<meta property=\"og:image:width\" content=\"800\" \/>\n\t<meta property=\"og:image:height\" content=\"800\" \/>\n\t<meta property=\"og:image:type\" content=\"image\/jpeg\" \/>\n<meta name=\"twitter:card\" content=\"summary_large_image\" \/>\n<meta name=\"twitter:label1\" content=\"Est. reading time\" \/>\n\t<meta name=\"twitter:data1\" content=\"3 minutes\" \/>\n<script type=\"application\/ld+json\" class=\"yoast-schema-graph\">{\"@context\":\"https:\\\/\\\/schema.org\",\"@graph\":[{\"@type\":\"WebPage\",\"@id\":\"https:\\\/\\\/gaspachitos.com\\\/eu\\\/producto\\\/cochecito-2-piezas-uppababy-cruz-v2-copia\\\/\",\"url\":\"https:\\\/\\\/gaspachitos.com\\\/eu\\\/producto\\\/cochecito-2-piezas-uppababy-cruz-v2-copia\\\/\",\"name\":\"Cochecito 2 Piezas Uppababy Cruz V2 (copia) - Gaspachitos\",\"isPartOf\":{\"@id\":\"https:\\\/\\\/gaspachitos.com\\\/#website\"},\"primaryImageOfPage\":{\"@id\":\"https:\\\/\\\/gaspachitos.com\\\/eu\\\/producto\\\/cochecito-2-piezas-uppababy-cruz-v2-copia\\\/#primaryimage\"},\"image\":{\"@id\":\"https:\\\/\\\/gaspachitos.com\\\/eu\\\/producto\\\/cochecito-2-piezas-uppababy-cruz-v2-copia\\\/#primaryimage\"},\"thumbnailUrl\":\"https:\\\/\\\/gaspachitos.com\\\/wp-content\\\/uploads\\\/2024\\\/10\\\/cochecito-duo-uppababy-cruz-v2-jordan.webp\",\"datePublished\":\"2024-10-22T08:25:49+00:00\",\"dateModified\":\"2024-10-22T08:30:13+00:00\",\"breadcrumb\":{\"@id\":\"https:\\\/\\\/gaspachitos.com\\\/eu\\\/producto\\\/cochecito-2-piezas-uppababy-cruz-v2-copia\\\/#breadcrumb\"},\"inLanguage\":\"eu-ES\",\"potentialAction\":[{\"@type\":\"ReadAction\",\"target\":[\"https:\\\/\\\/gaspachitos.com\\\/eu\\\/producto\\\/cochecito-2-piezas-uppababy-cruz-v2-copia\\\/\"]}]},{\"@type\":\"ImageObject\",\"inLanguage\":\"eu-ES\",\"@id\":\"https:\\\/\\\/gaspachitos.com\\\/eu\\\/producto\\\/cochecito-2-piezas-uppababy-cruz-v2-copia\\\/#primaryimage\",\"url\":\"https:\\\/\\\/gaspachitos.com\\\/wp-content\\\/uploads\\\/2024\\\/10\\\/cochecito-duo-uppababy-cruz-v2-jordan.webp\",\"contentUrl\":\"https:\\\/\\\/gaspachitos.com\\\/wp-content\\\/uploads\\\/2024\\\/10\\\/cochecito-duo-uppababy-cruz-v2-jordan.webp\",\"width\":800,\"height\":800},{\"@type\":\"BreadcrumbList\",\"@id\":\"https:\\\/\\\/gaspachitos.com\\\/eu\\\/producto\\\/cochecito-2-piezas-uppababy-cruz-v2-copia\\\/#breadcrumb\",\"itemListElement\":[{\"@type\":\"ListItem\",\"position\":1,\"name\":\"Portada\",\"item\":\"https:\\\/\\\/gaspachitos.com\\\/\"},{\"@type\":\"ListItem\",\"position\":2,\"name\":\"Produtos\",\"item\":\"https:\\\/\\\/gaspachitos.com\\\/gl\\\/shop\\\/\"},{\"@type\":\"ListItem\",\"position\":3,\"name\":\"Cochecito 2 Piezas Uppababy Cruz V2 (copia)\"}]},{\"@type\":\"WebSite\",\"@id\":\"https:\\\/\\\/gaspachitos.com\\\/#website\",\"url\":\"https:\\\/\\\/gaspachitos.com\\\/\",\"name\":\"Gaspachitos\",\"description\":\"La tienda para tu beb\u00e9: cochecitos, sillas de paseo, cunas...\",\"potentialAction\":[{\"@type\":\"SearchAction\",\"target\":{\"@type\":\"EntryPoint\",\"urlTemplate\":\"https:\\\/\\\/gaspachitos.com\\\/?s={search_term_string}\"},\"query-input\":{\"@type\":\"PropertyValueSpecification\",\"valueRequired\":true,\"valueName\":\"search_term_string\"}}],\"inLanguage\":\"eu-ES\"}]}<\/script>\n<!-- \/ Yoast SEO plugin. -->","yoast_head_json":{"title":"Cochecito 2 Piezas Uppababy Cruz V2 (copia) - Gaspachitos","robots":{"index":"index","follow":"follow","max-snippet":"max-snippet:-1","max-image-preview":"max-image-preview:large","max-video-preview":"max-video-preview:-1"},"canonical":"https:\/\/gaspachitos.com\/eu\/producto\/cochecito-2-piezas-uppababy-cruz-v2-copia\/","og_locale":"eu_ES","og_type":"article","og_title":"Cochecito 2 Piezas Uppababy Cruz V2 (copia) - Gaspachitos","og_description":"Uppababy Cruz V2 Nueva versi\u00f3n 2020 del\u00a0Cochecito de Beb\u00e9 Uppababy Cruz V2\u00a0con numerosas funciones y mejoras para adaptarse al ritmo de vida.","og_url":"https:\/\/gaspachitos.com\/eu\/producto\/cochecito-2-piezas-uppababy-cruz-v2-copia\/","og_site_name":"Gaspachitos","article_modified_time":"2024-10-22T08:30:13+00:00","og_image":[{"width":800,"height":800,"url":"https:\/\/gaspachitos.com\/wp-content\/uploads\/2020\/04\/12042-thickbox_default-Cochecito-2-Piezas-Uppababy-Cruz-V2.jpg","type":"image\/jpeg"}],"twitter_card":"summary_large_image","twitter_misc":{"Est. reading time":"3 minutes"},"schema":{"@context":"https:\/\/schema.org","@graph":[{"@type":"WebPage","@id":"https:\/\/gaspachitos.com\/eu\/producto\/cochecito-2-piezas-uppababy-cruz-v2-copia\/","url":"https:\/\/gaspachitos.com\/eu\/producto\/cochecito-2-piezas-uppababy-cruz-v2-copia\/","name":"Cochecito 2 Piezas Uppababy Cruz V2 (copia) - Gaspachitos","isPartOf":{"@id":"https:\/\/gaspachitos.com\/#website"},"primaryImageOfPage":{"@id":"https:\/\/gaspachitos.com\/eu\/producto\/cochecito-2-piezas-uppababy-cruz-v2-copia\/#primaryimage"},"image":{"@id":"https:\/\/gaspachitos.com\/eu\/producto\/cochecito-2-piezas-uppababy-cruz-v2-copia\/#primaryimage"},"thumbnailUrl":"https:\/\/gaspachitos.com\/wp-content\/uploads\/2024\/10\/cochecito-duo-uppababy-cruz-v2-jordan.webp","datePublished":"2024-10-22T08:25:49+00:00","dateModified":"2024-10-22T08:30:13+00:00","breadcrumb":{"@id":"https:\/\/gaspachitos.com\/eu\/producto\/cochecito-2-piezas-uppababy-cruz-v2-copia\/#breadcrumb"},"inLanguage":"eu-ES","potentialAction":[{"@type":"ReadAction","target":["https:\/\/gaspachitos.com\/eu\/producto\/cochecito-2-piezas-uppababy-cruz-v2-copia\/"]}]},{"@type":"ImageObject","inLanguage":"eu-ES","@id":"https:\/\/gaspachitos.com\/eu\/producto\/cochecito-2-piezas-uppababy-cruz-v2-copia\/#primaryimage","url":"https:\/\/gaspachitos.com\/wp-content\/uploads\/2024\/10\/cochecito-duo-uppababy-cruz-v2-jordan.webp","contentUrl":"https:\/\/gaspachitos.com\/wp-content\/uploads\/2024\/10\/cochecito-duo-uppababy-cruz-v2-jordan.webp","width":800,"height":800},{"@type":"BreadcrumbList","@id":"https:\/\/gaspachitos.com\/eu\/producto\/cochecito-2-piezas-uppababy-cruz-v2-copia\/#breadcrumb","itemListElement":[{"@type":"ListItem","position":1,"name":"Portada","item":"https:\/\/gaspachitos.com\/"},{"@type":"ListItem","position":2,"name":"Produtos","item":"https:\/\/gaspachitos.com\/gl\/shop\/"},{"@type":"ListItem","position":3,"name":"Cochecito 2 Piezas Uppababy Cruz V2 (copia)"}]},{"@type":"WebSite","@id":"https:\/\/gaspachitos.com\/#website","url":"https:\/\/gaspachitos.com\/","name":"Gaspachitos","description":"La tienda para tu beb\u00e9: cochecitos, sillas de paseo, cunas...","potentialAction":[{"@type":"SearchAction","target":{"@type":"EntryPoint","urlTemplate":"https:\/\/gaspachitos.com\/?s={search_term_string}"},"query-input":{"@type":"PropertyValueSpecification","valueRequired":true,"valueName":"search_term_string"}}],"inLanguage":"eu-ES"}]}},"brands":[{"id":5494,"name":"UPPAbaby","slug":"uppababy"}],"_links":{"self":[{"href":"https:\/\/gaspachitos.com\/eu\/wp-json\/wp\/v2\/product\/274095","targetHints":{"allow":["GET"]}}],"collection":[{"href":"https:\/\/gaspachitos.com\/eu\/wp-json\/wp\/v2\/product"}],"about":[{"href":"https:\/\/gaspachitos.com\/eu\/wp-json\/wp\/v2\/types\/product"}],"replies":[{"embeddable":true,"href":"https:\/\/gaspachitos.com\/eu\/wp-json\/wp\/v2\/comments?post=274095"}],"wp:featuredmedia":[{"embeddable":true,"href":"https:\/\/gaspachitos.com\/eu\/wp-json\/wp\/v2\/media\/274107"}],"wp:attachment":[{"href":"https:\/\/gaspachitos.com\/eu\/wp-json\/wp\/v2\/media?parent=274095"}],"wp:term":[{"taxonomy":"pwb-brand","embeddable":true,"href":"https:\/\/gaspachitos.com\/eu\/wp-json\/wp\/v2\/pwb-brand?post=274095"},{"taxonomy":"product_brand","embeddable":true,"href":"https:\/\/gaspachitos.com\/eu\/wp-json\/wp\/v2\/product_brand?post=274095"},{"taxonomy":"product_cat","embeddable":true,"href":"https:\/\/gaspachitos.com\/eu\/wp-json\/wp\/v2\/product_cat?post=274095"},{"taxonomy":"product_tag","embeddable":true,"href":"https:\/\/gaspachitos.com\/eu\/wp-json\/wp\/v2\/product_tag?post=274095"}],"curies":[{"name":"wp","href":"https:\/\/api.w.org\/{rel}","templated":true}]}}