{"id":267346,"date":"2023-01-16T13:52:23","date_gmt":"2023-01-16T11:52:23","guid":{"rendered":"https:\/\/nueva.gaspachitos.com\/producto\/biberon-exprimidor-2-en-1\/"},"modified":"2023-01-16T13:52:23","modified_gmt":"2023-01-16T11:52:23","slug":"biberon-exprimidor-2-en-1","status":"publish","type":"product","link":"https:\/\/gaspachitos.com\/eu\/producto\/biberon-exprimidor-2-en-1\/","title":{"rendered":"kikka boo cuchara dispensadora y mordedor de frutas 2 EN 1"},"content":{"rendered":"<p><span>kikka boo cuchara dispensadora y mordedor de frutas 2 EN 1<\/span><\/p>\n<p><span>El biber\u00f3n de alimentaci\u00f3n exprimido y el comedero de frutas hacen que comer sea m\u00e1s f\u00e1cil y divertido. La cuchara de silicona est\u00e1 dise\u00f1ada para alimentos con una consistencia l\u00edquida y es extremadamente adecuada para el per\u00edodo de alimentaci\u00f3n. Gracias al comedero de frutas, el beb\u00e9 absorbe las vitaminas y minerales necesarios contenidos en la fruta, eliminando el peligro de asfixia.<\/span><\/p>\n","protected":false},"excerpt":{"rendered":"<p><span>El biber\u00f3n de alimentaci\u00f3n exprimido y el comedero de frutas hacen que comer sea m\u00e1s f\u00e1cil y divertido. La cuchara de silicona est\u00e1 dise\u00f1ada para alimentos con una consistencia l\u00edquida y es extremadamente adecuada para el per\u00edodo de alimentaci\u00f3n. Gracias al comedero de frutas, el beb\u00e9 absorbe las vitaminas y minerales necesarios contenidos en la fruta, eliminando el peligro de asfixia.<\/span><\/p>\n","protected":false},"featured_media":253830,"comment_status":"open","ping_status":"closed","template":"","meta":{"_et_pb_use_builder":"","_et_pb_old_content":"","_et_gb_content_width":""},"pwb-brand":[5566],"product_brand":[],"product_cat":[6364],"product_tag":[],"class_list":{"0":"post-267346","1":"product","2":"type-product","3":"status-publish","4":"has-post-thumbnail","6":"pwb-brand-kikka-boo","7":"product_cat-alimentadores-eu","9":"first","10":"instock","11":"taxable","12":"shipping-taxable","13":"purchasable","14":"product-type-simple"},"yoast_head":"<!-- This site is optimized with the Yoast SEO plugin v27.4 - https:\/\/yoast.com\/product\/yoast-seo-wordpress\/ -->\n<title>kikka boo dispensador comida<\/title>\n<meta name=\"description\" content=\"kikka boo dispensador comida\" \/>\n<meta name=\"robots\" content=\"index, follow, max-snippet:-1, max-image-preview:large, max-video-preview:-1\" \/>\n<link rel=\"canonical\" href=\"https:\/\/gaspachitos.com\/eu\/producto\/biberon-exprimidor-2-en-1\/\" \/>\n<meta property=\"og:locale\" content=\"eu_ES\" \/>\n<meta property=\"og:type\" content=\"article\" \/>\n<meta property=\"og:title\" content=\"kikka boo dispensador comida\" \/>\n<meta property=\"og:description\" content=\"kikka boo dispensador comida\" \/>\n<meta property=\"og:url\" content=\"https:\/\/gaspachitos.com\/eu\/producto\/biberon-exprimidor-2-en-1\/\" \/>\n<meta property=\"og:site_name\" content=\"Gaspachitos\" \/>\n<meta property=\"og:image\" content=\"https:\/\/gaspachitos.com\/wp-content\/uploads\/2023\/01\/11881-thickbox_default-BIBERON-EXPRIMIDOR-2-EN-1.jpg\" \/>\n\t<meta property=\"og:image:width\" content=\"800\" \/>\n\t<meta property=\"og:image:height\" content=\"800\" \/>\n\t<meta property=\"og:image:type\" content=\"image\/jpeg\" \/>\n<meta name=\"twitter:card\" content=\"summary_large_image\" \/>\n<script type=\"application\/ld+json\" class=\"yoast-schema-graph\">{\"@context\":\"https:\\\/\\\/schema.org\",\"@graph\":[{\"@type\":\"WebPage\",\"@id\":\"https:\\\/\\\/gaspachitos.com\\\/eu\\\/producto\\\/biberon-exprimidor-2-en-1\\\/\",\"url\":\"https:\\\/\\\/gaspachitos.com\\\/eu\\\/producto\\\/biberon-exprimidor-2-en-1\\\/\",\"name\":\"kikka boo dispensador comida\",\"isPartOf\":{\"@id\":\"https:\\\/\\\/gaspachitos.com\\\/#website\"},\"primaryImageOfPage\":{\"@id\":\"https:\\\/\\\/gaspachitos.com\\\/eu\\\/producto\\\/biberon-exprimidor-2-en-1\\\/#primaryimage\"},\"image\":{\"@id\":\"https:\\\/\\\/gaspachitos.com\\\/eu\\\/producto\\\/biberon-exprimidor-2-en-1\\\/#primaryimage\"},\"thumbnailUrl\":\"https:\\\/\\\/gaspachitos.com\\\/wp-content\\\/uploads\\\/2023\\\/01\\\/11881-thickbox_default-BIBERON-EXPRIMIDOR-2-EN-1.jpg\",\"datePublished\":\"2023-01-16T11:52:23+00:00\",\"description\":\"kikka boo dispensador comida\",\"breadcrumb\":{\"@id\":\"https:\\\/\\\/gaspachitos.com\\\/eu\\\/producto\\\/biberon-exprimidor-2-en-1\\\/#breadcrumb\"},\"inLanguage\":\"eu-ES\",\"potentialAction\":[{\"@type\":\"ReadAction\",\"target\":[\"https:\\\/\\\/gaspachitos.com\\\/eu\\\/producto\\\/biberon-exprimidor-2-en-1\\\/\"]}]},{\"@type\":\"ImageObject\",\"inLanguage\":\"eu-ES\",\"@id\":\"https:\\\/\\\/gaspachitos.com\\\/eu\\\/producto\\\/biberon-exprimidor-2-en-1\\\/#primaryimage\",\"url\":\"https:\\\/\\\/gaspachitos.com\\\/wp-content\\\/uploads\\\/2023\\\/01\\\/11881-thickbox_default-BIBERON-EXPRIMIDOR-2-EN-1.jpg\",\"contentUrl\":\"https:\\\/\\\/gaspachitos.com\\\/wp-content\\\/uploads\\\/2023\\\/01\\\/11881-thickbox_default-BIBERON-EXPRIMIDOR-2-EN-1.jpg\",\"width\":800,\"height\":800},{\"@type\":\"BreadcrumbList\",\"@id\":\"https:\\\/\\\/gaspachitos.com\\\/eu\\\/producto\\\/biberon-exprimidor-2-en-1\\\/#breadcrumb\",\"itemListElement\":[{\"@type\":\"ListItem\",\"position\":1,\"name\":\"Portada\",\"item\":\"https:\\\/\\\/gaspachitos.com\\\/\"},{\"@type\":\"ListItem\",\"position\":2,\"name\":\"Produtos\",\"item\":\"https:\\\/\\\/gaspachitos.com\\\/gl\\\/shop\\\/\"},{\"@type\":\"ListItem\",\"position\":3,\"name\":\"kikka boo cuchara dispensadora y mordedor de frutas 2 EN 1\"}]},{\"@type\":\"WebSite\",\"@id\":\"https:\\\/\\\/gaspachitos.com\\\/#website\",\"url\":\"https:\\\/\\\/gaspachitos.com\\\/\",\"name\":\"Gaspachitos\",\"description\":\"La tienda para tu beb\u00e9: cochecitos, sillas de paseo, cunas...\",\"potentialAction\":[{\"@type\":\"SearchAction\",\"target\":{\"@type\":\"EntryPoint\",\"urlTemplate\":\"https:\\\/\\\/gaspachitos.com\\\/?s={search_term_string}\"},\"query-input\":{\"@type\":\"PropertyValueSpecification\",\"valueRequired\":true,\"valueName\":\"search_term_string\"}}],\"inLanguage\":\"eu-ES\"}]}<\/script>\n<!-- \/ Yoast SEO plugin. -->","yoast_head_json":{"title":"kikka boo dispensador comida","description":"kikka boo dispensador comida","robots":{"index":"index","follow":"follow","max-snippet":"max-snippet:-1","max-image-preview":"max-image-preview:large","max-video-preview":"max-video-preview:-1"},"canonical":"https:\/\/gaspachitos.com\/eu\/producto\/biberon-exprimidor-2-en-1\/","og_locale":"eu_ES","og_type":"article","og_title":"kikka boo dispensador comida","og_description":"kikka boo dispensador comida","og_url":"https:\/\/gaspachitos.com\/eu\/producto\/biberon-exprimidor-2-en-1\/","og_site_name":"Gaspachitos","og_image":[{"width":800,"height":800,"url":"https:\/\/gaspachitos.com\/wp-content\/uploads\/2023\/01\/11881-thickbox_default-BIBERON-EXPRIMIDOR-2-EN-1.jpg","type":"image\/jpeg"}],"twitter_card":"summary_large_image","schema":{"@context":"https:\/\/schema.org","@graph":[{"@type":"WebPage","@id":"https:\/\/gaspachitos.com\/eu\/producto\/biberon-exprimidor-2-en-1\/","url":"https:\/\/gaspachitos.com\/eu\/producto\/biberon-exprimidor-2-en-1\/","name":"kikka boo dispensador comida","isPartOf":{"@id":"https:\/\/gaspachitos.com\/#website"},"primaryImageOfPage":{"@id":"https:\/\/gaspachitos.com\/eu\/producto\/biberon-exprimidor-2-en-1\/#primaryimage"},"image":{"@id":"https:\/\/gaspachitos.com\/eu\/producto\/biberon-exprimidor-2-en-1\/#primaryimage"},"thumbnailUrl":"https:\/\/gaspachitos.com\/wp-content\/uploads\/2023\/01\/11881-thickbox_default-BIBERON-EXPRIMIDOR-2-EN-1.jpg","datePublished":"2023-01-16T11:52:23+00:00","description":"kikka boo dispensador comida","breadcrumb":{"@id":"https:\/\/gaspachitos.com\/eu\/producto\/biberon-exprimidor-2-en-1\/#breadcrumb"},"inLanguage":"eu-ES","potentialAction":[{"@type":"ReadAction","target":["https:\/\/gaspachitos.com\/eu\/producto\/biberon-exprimidor-2-en-1\/"]}]},{"@type":"ImageObject","inLanguage":"eu-ES","@id":"https:\/\/gaspachitos.com\/eu\/producto\/biberon-exprimidor-2-en-1\/#primaryimage","url":"https:\/\/gaspachitos.com\/wp-content\/uploads\/2023\/01\/11881-thickbox_default-BIBERON-EXPRIMIDOR-2-EN-1.jpg","contentUrl":"https:\/\/gaspachitos.com\/wp-content\/uploads\/2023\/01\/11881-thickbox_default-BIBERON-EXPRIMIDOR-2-EN-1.jpg","width":800,"height":800},{"@type":"BreadcrumbList","@id":"https:\/\/gaspachitos.com\/eu\/producto\/biberon-exprimidor-2-en-1\/#breadcrumb","itemListElement":[{"@type":"ListItem","position":1,"name":"Portada","item":"https:\/\/gaspachitos.com\/"},{"@type":"ListItem","position":2,"name":"Produtos","item":"https:\/\/gaspachitos.com\/gl\/shop\/"},{"@type":"ListItem","position":3,"name":"kikka boo cuchara dispensadora y mordedor de frutas 2 EN 1"}]},{"@type":"WebSite","@id":"https:\/\/gaspachitos.com\/#website","url":"https:\/\/gaspachitos.com\/","name":"Gaspachitos","description":"La tienda para tu beb\u00e9: cochecitos, sillas de paseo, cunas...","potentialAction":[{"@type":"SearchAction","target":{"@type":"EntryPoint","urlTemplate":"https:\/\/gaspachitos.com\/?s={search_term_string}"},"query-input":{"@type":"PropertyValueSpecification","valueRequired":true,"valueName":"search_term_string"}}],"inLanguage":"eu-ES"}]}},"brands":[{"id":5566,"name":"Kikka Boo","slug":"kikka-boo"}],"_links":{"self":[{"href":"https:\/\/gaspachitos.com\/eu\/wp-json\/wp\/v2\/product\/267346","targetHints":{"allow":["GET"]}}],"collection":[{"href":"https:\/\/gaspachitos.com\/eu\/wp-json\/wp\/v2\/product"}],"about":[{"href":"https:\/\/gaspachitos.com\/eu\/wp-json\/wp\/v2\/types\/product"}],"replies":[{"embeddable":true,"href":"https:\/\/gaspachitos.com\/eu\/wp-json\/wp\/v2\/comments?post=267346"}],"wp:featuredmedia":[{"embeddable":true,"href":"https:\/\/gaspachitos.com\/eu\/wp-json\/wp\/v2\/media\/253830"}],"wp:attachment":[{"href":"https:\/\/gaspachitos.com\/eu\/wp-json\/wp\/v2\/media?parent=267346"}],"wp:term":[{"taxonomy":"pwb-brand","embeddable":true,"href":"https:\/\/gaspachitos.com\/eu\/wp-json\/wp\/v2\/pwb-brand?post=267346"},{"taxonomy":"product_brand","embeddable":true,"href":"https:\/\/gaspachitos.com\/eu\/wp-json\/wp\/v2\/product_brand?post=267346"},{"taxonomy":"product_cat","embeddable":true,"href":"https:\/\/gaspachitos.com\/eu\/wp-json\/wp\/v2\/product_cat?post=267346"},{"taxonomy":"product_tag","embeddable":true,"href":"https:\/\/gaspachitos.com\/eu\/wp-json\/wp\/v2\/product_tag?post=267346"}],"curies":[{"name":"wp","href":"https:\/\/api.w.org\/{rel}","templated":true}]}}