{"id":267283,"date":"2023-01-16T12:28:58","date_gmt":"2023-01-16T10:28:58","guid":{"rendered":"https:\/\/nueva.gaspachitos.com\/producto\/philips-avent-vaso-con-boquilla\/"},"modified":"2023-01-16T12:28:58","modified_gmt":"2023-01-16T10:28:58","slug":"philips-avent-vaso-con-boquilla","status":"publish","type":"product","link":"https:\/\/gaspachitos.com\/eu\/producto\/philips-avent-vaso-con-boquilla\/","title":{"rendered":"Philips Avent Vaso con boquilla"},"content":{"rendered":"<div class=\"p-s12__feature-item p-spacing-bottom-c\">\n<div class=\"p-s12__feature-description p-spacing-bottom-a\">\n<h3 class=\"p-heading-04-large p-heading-bold p-feature-title\">Boquilla en \u00e1ngulo que reduce la inclinaci\u00f3n de la cabeza<\/h3>\n<p class=\"p-body-copy-02\">La boquilla est\u00e1 dise\u00f1ada para ayudar a los m\u00e1s peque\u00f1os en sus primeros sorbos sin que tengan que inclinar demasiado la cabeza hacia atr\u00e1s.<\/p>\n<\/p><\/div>\n<\/p><\/div>\n<div class=\"p-s12__feature-item p-spacing-bottom-c\">\n<div class=\"p-s12__feature-image p-spacing-bottom-a\"><img decoding=\"async\" alt=\"Asas de entrenamiento con tacto suave para sus peque\u00f1as manos\" src=\"https:\/\/images.philips.com\/is\/image\/philipsconsumer\/2a04986454cb45658582ac5c0074e260?wid=305&amp;hei=173&amp;$jpglarge$\" \/><\/div>\n<div class=\"p-s12__feature-description p-spacing-bottom-a\">\n<h3 class=\"p-heading-04-large p-heading-bold p-feature-title\">Asas de entrenamiento con tacto suave para sus peque\u00f1as manos<\/h3>\n<p class=\"p-body-copy-02\">Las asas de entrenamiento ayudan al beb\u00e9 a sujetar el vaso y beber de forma independiente. Estas asas tienen una forma f\u00e1cil de sujetar por sus peque\u00f1as manos e incorporan goma antideslizante.<\/p>\n<\/p><\/div>\n<\/p><\/div>\n<div class=\"p-s12__feature-item p-spacing-bottom-c\">\n<div class=\"p-s12__feature-image p-spacing-bottom-a\"><img decoding=\"async\" alt=\"Este vaso est\u00e1 fabricado con material sin BPA\" src=\"https:\/\/images.philips.com\/is\/image\/philipsconsumer\/fb1a3e13c4e54e008a03ac5c006bf369?wid=305&amp;hei=173&amp;$jpglarge$\" \/><\/div>\n<div class=\"p-s12__feature-description p-spacing-bottom-a\">\n<h3 class=\"p-heading-04-large p-heading-bold p-feature-title\">Este vaso est\u00e1 fabricado con material sin BPA<\/h3>\n<p class=\"p-body-copy-02\">Este vaso de Philips Avent est\u00e1 fabricado con material sin BPA.<\/p>\n<\/p><\/div>\n<\/p><\/div>\n","protected":false},"excerpt":{"rendered":"<p><span>El vaso con boquilla sin BPA de Philips Avent cuenta con una v\u00e1lvula pendiente de patente que asegura que no se produzcan goteos. Las asas suaves antideslizantes garantizan un agarre seguro ideal para las peque\u00f1as manos del beb\u00e9 y la boquilla dura es resistente a mordiscos. F\u00e1cil para su beb\u00e9, c\u00f3modo para usted<\/span><\/p>\n","protected":false},"featured_media":253686,"comment_status":"open","ping_status":"closed","template":"","meta":{"_et_pb_use_builder":"","_et_pb_old_content":"","_et_gb_content_width":""},"pwb-brand":[5593],"product_brand":[],"product_cat":[6283],"product_tag":[],"class_list":{"0":"post-267283","1":"product","2":"type-product","3":"status-publish","4":"has-post-thumbnail","6":"pwb-brand-philips","7":"product_cat-biberones-antigoteo-eu","9":"first","10":"instock","11":"taxable","12":"shipping-taxable","13":"purchasable","14":"product-type-simple"},"yoast_head":"<!-- This site is optimized with the Yoast SEO plugin v27.4 - https:\/\/yoast.com\/product\/yoast-seo-wordpress\/ -->\n<title>philips mordedor<\/title>\n<meta name=\"description\" content=\"philips mordedor\" \/>\n<meta name=\"robots\" content=\"index, follow, max-snippet:-1, max-image-preview:large, max-video-preview:-1\" \/>\n<link rel=\"canonical\" href=\"https:\/\/gaspachitos.com\/eu\/producto\/philips-avent-vaso-con-boquilla\/\" \/>\n<meta property=\"og:locale\" content=\"eu_ES\" \/>\n<meta property=\"og:type\" content=\"article\" \/>\n<meta property=\"og:title\" content=\"philips mordedor\" \/>\n<meta property=\"og:description\" content=\"philips mordedor\" \/>\n<meta property=\"og:url\" content=\"https:\/\/gaspachitos.com\/eu\/producto\/philips-avent-vaso-con-boquilla\/\" \/>\n<meta property=\"og:site_name\" content=\"Gaspachitos\" \/>\n<meta property=\"og:image\" content=\"https:\/\/gaspachitos.com\/wp-content\/uploads\/2023\/01\/11872-thickbox_default-Philips-Avent-Vaso-con-boquilla.jpg\" \/>\n\t<meta property=\"og:image:width\" content=\"800\" \/>\n\t<meta property=\"og:image:height\" content=\"800\" \/>\n\t<meta property=\"og:image:type\" content=\"image\/jpeg\" \/>\n<meta name=\"twitter:card\" content=\"summary_large_image\" \/>\n<meta name=\"twitter:label1\" content=\"Est. reading time\" \/>\n\t<meta name=\"twitter:data1\" content=\"1 minute\" \/>\n<script type=\"application\/ld+json\" class=\"yoast-schema-graph\">{\"@context\":\"https:\\\/\\\/schema.org\",\"@graph\":[{\"@type\":\"WebPage\",\"@id\":\"https:\\\/\\\/gaspachitos.com\\\/eu\\\/producto\\\/philips-avent-vaso-con-boquilla\\\/\",\"url\":\"https:\\\/\\\/gaspachitos.com\\\/eu\\\/producto\\\/philips-avent-vaso-con-boquilla\\\/\",\"name\":\"philips mordedor\",\"isPartOf\":{\"@id\":\"https:\\\/\\\/gaspachitos.com\\\/#website\"},\"primaryImageOfPage\":{\"@id\":\"https:\\\/\\\/gaspachitos.com\\\/eu\\\/producto\\\/philips-avent-vaso-con-boquilla\\\/#primaryimage\"},\"image\":{\"@id\":\"https:\\\/\\\/gaspachitos.com\\\/eu\\\/producto\\\/philips-avent-vaso-con-boquilla\\\/#primaryimage\"},\"thumbnailUrl\":\"https:\\\/\\\/gaspachitos.com\\\/wp-content\\\/uploads\\\/2023\\\/01\\\/11872-thickbox_default-Philips-Avent-Vaso-con-boquilla.jpg\",\"datePublished\":\"2023-01-16T10:28:58+00:00\",\"description\":\"philips mordedor\",\"breadcrumb\":{\"@id\":\"https:\\\/\\\/gaspachitos.com\\\/eu\\\/producto\\\/philips-avent-vaso-con-boquilla\\\/#breadcrumb\"},\"inLanguage\":\"eu-ES\",\"potentialAction\":[{\"@type\":\"ReadAction\",\"target\":[\"https:\\\/\\\/gaspachitos.com\\\/eu\\\/producto\\\/philips-avent-vaso-con-boquilla\\\/\"]}]},{\"@type\":\"ImageObject\",\"inLanguage\":\"eu-ES\",\"@id\":\"https:\\\/\\\/gaspachitos.com\\\/eu\\\/producto\\\/philips-avent-vaso-con-boquilla\\\/#primaryimage\",\"url\":\"https:\\\/\\\/gaspachitos.com\\\/wp-content\\\/uploads\\\/2023\\\/01\\\/11872-thickbox_default-Philips-Avent-Vaso-con-boquilla.jpg\",\"contentUrl\":\"https:\\\/\\\/gaspachitos.com\\\/wp-content\\\/uploads\\\/2023\\\/01\\\/11872-thickbox_default-Philips-Avent-Vaso-con-boquilla.jpg\",\"width\":800,\"height\":800},{\"@type\":\"BreadcrumbList\",\"@id\":\"https:\\\/\\\/gaspachitos.com\\\/eu\\\/producto\\\/philips-avent-vaso-con-boquilla\\\/#breadcrumb\",\"itemListElement\":[{\"@type\":\"ListItem\",\"position\":1,\"name\":\"Portada\",\"item\":\"https:\\\/\\\/gaspachitos.com\\\/\"},{\"@type\":\"ListItem\",\"position\":2,\"name\":\"Produtos\",\"item\":\"https:\\\/\\\/gaspachitos.com\\\/gl\\\/shop\\\/\"},{\"@type\":\"ListItem\",\"position\":3,\"name\":\"Philips Avent Vaso con boquilla\"}]},{\"@type\":\"WebSite\",\"@id\":\"https:\\\/\\\/gaspachitos.com\\\/#website\",\"url\":\"https:\\\/\\\/gaspachitos.com\\\/\",\"name\":\"Gaspachitos\",\"description\":\"La tienda para tu beb\u00e9: cochecitos, sillas de paseo, cunas...\",\"potentialAction\":[{\"@type\":\"SearchAction\",\"target\":{\"@type\":\"EntryPoint\",\"urlTemplate\":\"https:\\\/\\\/gaspachitos.com\\\/?s={search_term_string}\"},\"query-input\":{\"@type\":\"PropertyValueSpecification\",\"valueRequired\":true,\"valueName\":\"search_term_string\"}}],\"inLanguage\":\"eu-ES\"}]}<\/script>\n<!-- \/ Yoast SEO plugin. -->","yoast_head_json":{"title":"philips mordedor","description":"philips mordedor","robots":{"index":"index","follow":"follow","max-snippet":"max-snippet:-1","max-image-preview":"max-image-preview:large","max-video-preview":"max-video-preview:-1"},"canonical":"https:\/\/gaspachitos.com\/eu\/producto\/philips-avent-vaso-con-boquilla\/","og_locale":"eu_ES","og_type":"article","og_title":"philips mordedor","og_description":"philips mordedor","og_url":"https:\/\/gaspachitos.com\/eu\/producto\/philips-avent-vaso-con-boquilla\/","og_site_name":"Gaspachitos","og_image":[{"width":800,"height":800,"url":"https:\/\/gaspachitos.com\/wp-content\/uploads\/2023\/01\/11872-thickbox_default-Philips-Avent-Vaso-con-boquilla.jpg","type":"image\/jpeg"}],"twitter_card":"summary_large_image","twitter_misc":{"Est. reading time":"1 minute"},"schema":{"@context":"https:\/\/schema.org","@graph":[{"@type":"WebPage","@id":"https:\/\/gaspachitos.com\/eu\/producto\/philips-avent-vaso-con-boquilla\/","url":"https:\/\/gaspachitos.com\/eu\/producto\/philips-avent-vaso-con-boquilla\/","name":"philips mordedor","isPartOf":{"@id":"https:\/\/gaspachitos.com\/#website"},"primaryImageOfPage":{"@id":"https:\/\/gaspachitos.com\/eu\/producto\/philips-avent-vaso-con-boquilla\/#primaryimage"},"image":{"@id":"https:\/\/gaspachitos.com\/eu\/producto\/philips-avent-vaso-con-boquilla\/#primaryimage"},"thumbnailUrl":"https:\/\/gaspachitos.com\/wp-content\/uploads\/2023\/01\/11872-thickbox_default-Philips-Avent-Vaso-con-boquilla.jpg","datePublished":"2023-01-16T10:28:58+00:00","description":"philips mordedor","breadcrumb":{"@id":"https:\/\/gaspachitos.com\/eu\/producto\/philips-avent-vaso-con-boquilla\/#breadcrumb"},"inLanguage":"eu-ES","potentialAction":[{"@type":"ReadAction","target":["https:\/\/gaspachitos.com\/eu\/producto\/philips-avent-vaso-con-boquilla\/"]}]},{"@type":"ImageObject","inLanguage":"eu-ES","@id":"https:\/\/gaspachitos.com\/eu\/producto\/philips-avent-vaso-con-boquilla\/#primaryimage","url":"https:\/\/gaspachitos.com\/wp-content\/uploads\/2023\/01\/11872-thickbox_default-Philips-Avent-Vaso-con-boquilla.jpg","contentUrl":"https:\/\/gaspachitos.com\/wp-content\/uploads\/2023\/01\/11872-thickbox_default-Philips-Avent-Vaso-con-boquilla.jpg","width":800,"height":800},{"@type":"BreadcrumbList","@id":"https:\/\/gaspachitos.com\/eu\/producto\/philips-avent-vaso-con-boquilla\/#breadcrumb","itemListElement":[{"@type":"ListItem","position":1,"name":"Portada","item":"https:\/\/gaspachitos.com\/"},{"@type":"ListItem","position":2,"name":"Produtos","item":"https:\/\/gaspachitos.com\/gl\/shop\/"},{"@type":"ListItem","position":3,"name":"Philips Avent Vaso con boquilla"}]},{"@type":"WebSite","@id":"https:\/\/gaspachitos.com\/#website","url":"https:\/\/gaspachitos.com\/","name":"Gaspachitos","description":"La tienda para tu beb\u00e9: cochecitos, sillas de paseo, cunas...","potentialAction":[{"@type":"SearchAction","target":{"@type":"EntryPoint","urlTemplate":"https:\/\/gaspachitos.com\/?s={search_term_string}"},"query-input":{"@type":"PropertyValueSpecification","valueRequired":true,"valueName":"search_term_string"}}],"inLanguage":"eu-ES"}]}},"brands":[{"id":5593,"name":"Philips","slug":"philips"}],"_links":{"self":[{"href":"https:\/\/gaspachitos.com\/eu\/wp-json\/wp\/v2\/product\/267283","targetHints":{"allow":["GET"]}}],"collection":[{"href":"https:\/\/gaspachitos.com\/eu\/wp-json\/wp\/v2\/product"}],"about":[{"href":"https:\/\/gaspachitos.com\/eu\/wp-json\/wp\/v2\/types\/product"}],"replies":[{"embeddable":true,"href":"https:\/\/gaspachitos.com\/eu\/wp-json\/wp\/v2\/comments?post=267283"}],"wp:featuredmedia":[{"embeddable":true,"href":"https:\/\/gaspachitos.com\/eu\/wp-json\/wp\/v2\/media\/253686"}],"wp:attachment":[{"href":"https:\/\/gaspachitos.com\/eu\/wp-json\/wp\/v2\/media?parent=267283"}],"wp:term":[{"taxonomy":"pwb-brand","embeddable":true,"href":"https:\/\/gaspachitos.com\/eu\/wp-json\/wp\/v2\/pwb-brand?post=267283"},{"taxonomy":"product_brand","embeddable":true,"href":"https:\/\/gaspachitos.com\/eu\/wp-json\/wp\/v2\/product_brand?post=267283"},{"taxonomy":"product_cat","embeddable":true,"href":"https:\/\/gaspachitos.com\/eu\/wp-json\/wp\/v2\/product_cat?post=267283"},{"taxonomy":"product_tag","embeddable":true,"href":"https:\/\/gaspachitos.com\/eu\/wp-json\/wp\/v2\/product_tag?post=267283"}],"curies":[{"name":"wp","href":"https:\/\/api.w.org\/{rel}","templated":true}]}}