{"id":267199,"date":"2023-01-16T10:44:57","date_gmt":"2023-01-16T08:44:57","guid":{"rendered":"https:\/\/nueva.gaspachitos.com\/producto\/manta-intantil-for-baby\/"},"modified":"2023-01-16T10:44:57","modified_gmt":"2023-01-16T08:44:57","slug":"manta-intantil-for-baby","status":"publish","type":"product","link":"https:\/\/gaspachitos.com\/eu\/producto\/manta-intantil-for-baby\/","title":{"rendered":"manta intantil for baby"},"content":{"rendered":"<p>Se lavan perfectamente en lavadora. Preferiblemente en agua fr\u00eda para que siga intacta durante m\u00e1s tiempo.<\/p>\n<p>Tejidos debidamente homologados y que pasan todas las pruebas de calidad europea para evitar al m\u00e1ximo problemas de alergias o dermatitis.<\/p>\n<p>La<span>\u00a0manta\u00a0 bebe personalizada\u00a0<\/span>mide 80\u00d7110 cm y el bordado se realiza en el centro de la misma, aunque si quieres que vaya en otro sitio en concreto puedes ponerte en contacto con nosotros para concretar.<\/p>\n<p>El\u00a0<span>duo duo<\/span>\u00a0bebe\u00a0<span>personalizada\u00a0<\/span>mide 25x25cm +10 cm y el bordado se realiza en el centro de la misma, aunque si quieres que vaya en otro sitio en concreto puedes ponerte en contacto con nosotros para concretar.<\/p>\n<p>Es importante seleccionar bien todas las opciones de personalizaci\u00f3n del producto antes de a\u00f1adirlo al carrito de la compra (nombre, combinaci\u00f3n de colores, \u2026), porque cuando el pedido queda confirmado no podemos hacer carga de posibles errores que hay\u00e1is podido cometer. Una vez bordado el producto ya no es posible realizar cambios.<\/p>\n","protected":false},"excerpt":{"rendered":"<p>manta intantil for baby<\/p>\n","protected":false},"featured_media":253461,"comment_status":"open","ping_status":"closed","template":"","meta":{"_et_pb_use_builder":"","_et_pb_old_content":"","_et_gb_content_width":""},"pwb-brand":[5638],"product_brand":[],"product_cat":[5815,6499],"product_tag":[],"class_list":{"0":"post-267199","1":"product","2":"type-product","3":"status-publish","4":"has-post-thumbnail","6":"pwb-brand-interbaby","7":"product_cat-sueno-eu","8":"product_cat-textil-eu","9":"pa_color-beige-eu","10":"pa_color-grisclaro-eu","11":"pa_color-verde-eu","13":"first","14":"onbackorder","15":"taxable","16":"shipping-taxable","17":"purchasable","18":"product-type-variable","19":"has-default-attributes"},"yoast_head":"<!-- This site is optimized with the Yoast SEO plugin v27.4 - https:\/\/yoast.com\/product\/yoast-seo-wordpress\/ -->\n<title>interbaby accesorios bebe<\/title>\n<meta name=\"description\" content=\"interbaby\" \/>\n<meta name=\"robots\" content=\"index, follow, max-snippet:-1, max-image-preview:large, max-video-preview:-1\" \/>\n<link rel=\"canonical\" href=\"https:\/\/gaspachitos.com\/producto\/manta-intantil-for-baby\/\" \/>\n<meta property=\"og:locale\" content=\"eu_ES\" \/>\n<meta property=\"og:type\" content=\"article\" \/>\n<meta property=\"og:title\" content=\"interbaby accesorios bebe\" \/>\n<meta property=\"og:description\" content=\"interbaby\" \/>\n<meta property=\"og:url\" content=\"https:\/\/gaspachitos.com\/producto\/manta-intantil-for-baby\/\" \/>\n<meta property=\"og:site_name\" content=\"Gaspachitos\" \/>\n<meta property=\"og:image\" content=\"https:\/\/gaspachitos.com\/wp-content\/uploads\/2023\/01\/11859-thickbox_default-manta-intantil-for-baby.jpg\" \/>\n\t<meta property=\"og:image:width\" content=\"800\" \/>\n\t<meta property=\"og:image:height\" content=\"800\" \/>\n\t<meta property=\"og:image:type\" content=\"image\/jpeg\" \/>\n<meta name=\"twitter:card\" content=\"summary_large_image\" \/>\n<meta name=\"twitter:label1\" content=\"Est. reading time\" \/>\n\t<meta name=\"twitter:data1\" content=\"1 minute\" \/>\n<script type=\"application\/ld+json\" class=\"yoast-schema-graph\">{\"@context\":\"https:\\\/\\\/schema.org\",\"@graph\":[{\"@type\":\"WebPage\",\"@id\":\"https:\\\/\\\/gaspachitos.com\\\/producto\\\/manta-intantil-for-baby\\\/\",\"url\":\"https:\\\/\\\/gaspachitos.com\\\/producto\\\/manta-intantil-for-baby\\\/\",\"name\":\"interbaby accesorios bebe\",\"isPartOf\":{\"@id\":\"https:\\\/\\\/gaspachitos.com\\\/#website\"},\"primaryImageOfPage\":{\"@id\":\"https:\\\/\\\/gaspachitos.com\\\/producto\\\/manta-intantil-for-baby\\\/#primaryimage\"},\"image\":{\"@id\":\"https:\\\/\\\/gaspachitos.com\\\/producto\\\/manta-intantil-for-baby\\\/#primaryimage\"},\"thumbnailUrl\":\"https:\\\/\\\/gaspachitos.com\\\/wp-content\\\/uploads\\\/2023\\\/01\\\/11859-thickbox_default-manta-intantil-for-baby.jpg\",\"datePublished\":\"2023-01-16T08:44:57+00:00\",\"description\":\"interbaby\",\"breadcrumb\":{\"@id\":\"https:\\\/\\\/gaspachitos.com\\\/producto\\\/manta-intantil-for-baby\\\/#breadcrumb\"},\"inLanguage\":\"eu-ES\",\"potentialAction\":[{\"@type\":\"ReadAction\",\"target\":[\"https:\\\/\\\/gaspachitos.com\\\/producto\\\/manta-intantil-for-baby\\\/\"]}]},{\"@type\":\"ImageObject\",\"inLanguage\":\"eu-ES\",\"@id\":\"https:\\\/\\\/gaspachitos.com\\\/producto\\\/manta-intantil-for-baby\\\/#primaryimage\",\"url\":\"https:\\\/\\\/gaspachitos.com\\\/wp-content\\\/uploads\\\/2023\\\/01\\\/11859-thickbox_default-manta-intantil-for-baby.jpg\",\"contentUrl\":\"https:\\\/\\\/gaspachitos.com\\\/wp-content\\\/uploads\\\/2023\\\/01\\\/11859-thickbox_default-manta-intantil-for-baby.jpg\",\"width\":800,\"height\":800},{\"@type\":\"BreadcrumbList\",\"@id\":\"https:\\\/\\\/gaspachitos.com\\\/producto\\\/manta-intantil-for-baby\\\/#breadcrumb\",\"itemListElement\":[{\"@type\":\"ListItem\",\"position\":1,\"name\":\"Portada\",\"item\":\"https:\\\/\\\/gaspachitos.com\\\/\"},{\"@type\":\"ListItem\",\"position\":2,\"name\":\"Produtos\",\"item\":\"https:\\\/\\\/gaspachitos.com\\\/gl\\\/shop\\\/\"},{\"@type\":\"ListItem\",\"position\":3,\"name\":\"manta intantil for baby\"}]},{\"@type\":\"WebSite\",\"@id\":\"https:\\\/\\\/gaspachitos.com\\\/#website\",\"url\":\"https:\\\/\\\/gaspachitos.com\\\/\",\"name\":\"Gaspachitos\",\"description\":\"La tienda para tu beb\u00e9: cochecitos, sillas de paseo, cunas...\",\"potentialAction\":[{\"@type\":\"SearchAction\",\"target\":{\"@type\":\"EntryPoint\",\"urlTemplate\":\"https:\\\/\\\/gaspachitos.com\\\/?s={search_term_string}\"},\"query-input\":{\"@type\":\"PropertyValueSpecification\",\"valueRequired\":true,\"valueName\":\"search_term_string\"}}],\"inLanguage\":\"eu-ES\"}]}<\/script>\n<!-- \/ Yoast SEO plugin. -->","yoast_head_json":{"title":"interbaby accesorios bebe","description":"interbaby","robots":{"index":"index","follow":"follow","max-snippet":"max-snippet:-1","max-image-preview":"max-image-preview:large","max-video-preview":"max-video-preview:-1"},"canonical":"https:\/\/gaspachitos.com\/producto\/manta-intantil-for-baby\/","og_locale":"eu_ES","og_type":"article","og_title":"interbaby accesorios bebe","og_description":"interbaby","og_url":"https:\/\/gaspachitos.com\/producto\/manta-intantil-for-baby\/","og_site_name":"Gaspachitos","og_image":[{"width":800,"height":800,"url":"https:\/\/gaspachitos.com\/wp-content\/uploads\/2023\/01\/11859-thickbox_default-manta-intantil-for-baby.jpg","type":"image\/jpeg"}],"twitter_card":"summary_large_image","twitter_misc":{"Est. reading time":"1 minute"},"schema":{"@context":"https:\/\/schema.org","@graph":[{"@type":"WebPage","@id":"https:\/\/gaspachitos.com\/producto\/manta-intantil-for-baby\/","url":"https:\/\/gaspachitos.com\/producto\/manta-intantil-for-baby\/","name":"interbaby accesorios bebe","isPartOf":{"@id":"https:\/\/gaspachitos.com\/#website"},"primaryImageOfPage":{"@id":"https:\/\/gaspachitos.com\/producto\/manta-intantil-for-baby\/#primaryimage"},"image":{"@id":"https:\/\/gaspachitos.com\/producto\/manta-intantil-for-baby\/#primaryimage"},"thumbnailUrl":"https:\/\/gaspachitos.com\/wp-content\/uploads\/2023\/01\/11859-thickbox_default-manta-intantil-for-baby.jpg","datePublished":"2023-01-16T08:44:57+00:00","description":"interbaby","breadcrumb":{"@id":"https:\/\/gaspachitos.com\/producto\/manta-intantil-for-baby\/#breadcrumb"},"inLanguage":"eu-ES","potentialAction":[{"@type":"ReadAction","target":["https:\/\/gaspachitos.com\/producto\/manta-intantil-for-baby\/"]}]},{"@type":"ImageObject","inLanguage":"eu-ES","@id":"https:\/\/gaspachitos.com\/producto\/manta-intantil-for-baby\/#primaryimage","url":"https:\/\/gaspachitos.com\/wp-content\/uploads\/2023\/01\/11859-thickbox_default-manta-intantil-for-baby.jpg","contentUrl":"https:\/\/gaspachitos.com\/wp-content\/uploads\/2023\/01\/11859-thickbox_default-manta-intantil-for-baby.jpg","width":800,"height":800},{"@type":"BreadcrumbList","@id":"https:\/\/gaspachitos.com\/producto\/manta-intantil-for-baby\/#breadcrumb","itemListElement":[{"@type":"ListItem","position":1,"name":"Portada","item":"https:\/\/gaspachitos.com\/"},{"@type":"ListItem","position":2,"name":"Produtos","item":"https:\/\/gaspachitos.com\/gl\/shop\/"},{"@type":"ListItem","position":3,"name":"manta intantil for baby"}]},{"@type":"WebSite","@id":"https:\/\/gaspachitos.com\/#website","url":"https:\/\/gaspachitos.com\/","name":"Gaspachitos","description":"La tienda para tu beb\u00e9: cochecitos, sillas de paseo, cunas...","potentialAction":[{"@type":"SearchAction","target":{"@type":"EntryPoint","urlTemplate":"https:\/\/gaspachitos.com\/?s={search_term_string}"},"query-input":{"@type":"PropertyValueSpecification","valueRequired":true,"valueName":"search_term_string"}}],"inLanguage":"eu-ES"}]}},"brands":[{"id":5638,"name":"Interbaby","slug":"interbaby"}],"_links":{"self":[{"href":"https:\/\/gaspachitos.com\/eu\/wp-json\/wp\/v2\/product\/267199","targetHints":{"allow":["GET"]}}],"collection":[{"href":"https:\/\/gaspachitos.com\/eu\/wp-json\/wp\/v2\/product"}],"about":[{"href":"https:\/\/gaspachitos.com\/eu\/wp-json\/wp\/v2\/types\/product"}],"replies":[{"embeddable":true,"href":"https:\/\/gaspachitos.com\/eu\/wp-json\/wp\/v2\/comments?post=267199"}],"wp:featuredmedia":[{"embeddable":true,"href":"https:\/\/gaspachitos.com\/eu\/wp-json\/wp\/v2\/media\/253461"}],"wp:attachment":[{"href":"https:\/\/gaspachitos.com\/eu\/wp-json\/wp\/v2\/media?parent=267199"}],"wp:term":[{"taxonomy":"pwb-brand","embeddable":true,"href":"https:\/\/gaspachitos.com\/eu\/wp-json\/wp\/v2\/pwb-brand?post=267199"},{"taxonomy":"product_brand","embeddable":true,"href":"https:\/\/gaspachitos.com\/eu\/wp-json\/wp\/v2\/product_brand?post=267199"},{"taxonomy":"product_cat","embeddable":true,"href":"https:\/\/gaspachitos.com\/eu\/wp-json\/wp\/v2\/product_cat?post=267199"},{"taxonomy":"product_tag","embeddable":true,"href":"https:\/\/gaspachitos.com\/eu\/wp-json\/wp\/v2\/product_tag?post=267199"}],"curies":[{"name":"wp","href":"https:\/\/api.w.org\/{rel}","templated":true}]}}