{"id":267112,"date":"2023-01-13T11:13:07","date_gmt":"2023-01-13T09:13:07","guid":{"rendered":"https:\/\/nueva.gaspachitos.com\/producto\/cam-parque-de-bebe-brevettato-millegiochi-teddy-gris\/"},"modified":"2023-01-13T11:13:07","modified_gmt":"2023-01-13T09:13:07","slug":"cam-parque-de-bebe-brevettato-millegiochi-teddy-gris","status":"publish","type":"product","link":"https:\/\/gaspachitos.com\/eu\/producto\/cam-parque-de-bebe-brevettato-millegiochi-teddy-gris\/","title":{"rendered":"CAM PARQUE DE BEB\u00c9 BREVETTATO MILLEGIOCHI TEDDY GRIS"},"content":{"rendered":"<h2>Brevettato Millegiochi<\/h2>\n<p><strong>Un espacio perfecto donde jugar y descansar<\/strong><\/p>\n<p><strong>DESCRIPCI\u00d3N<\/strong><\/p>\n<p>&#8211; 4 anillas de apoyo<\/p>\n<p>&#8211; borde acolchado y que aguanta mordeduras<\/p>\n<p>&#8211; red contra atrapamiento de los dedos<\/p>\n<p>&#8211; suaves protecciones<\/p>\n<p>&#8211; col. 247, 248: barra de juego con posici\u00f3n dija a la alfombra del parque y con funciones l\u00fadicas: papel que hace sonido y sonajero.<\/p>\n<p>&#8211; se limpia f\u00e1cil con una esponja<\/p>\n<p>&#8211; revestimiento de la alfombra desenfundable y lavable a 30\u00ba<\/p>\n<p>&#8211; cierre compacto<\/p>\n<p><strong>DIMENSIONES Y PESOS<\/strong><\/p>\n<p>Abierto: 125 x 77.5 x 83 cm<\/p>\n<p>Cerrado: 27.5 x 76 x 94 cm<\/p>\n<p>13.8 kg<\/p>\n<p><strong>SEGURIDAD<\/strong><\/p>\n<p>&#8211; Normativa europea: EN 12227-1\/2<\/p>\n<p>&#8211; Edad: ideal para ni\u00f1os de peso no superior a los 15 kg<\/p>\n<p>&#8211; Test de mordisco: se efect\u00faa en el borde que est\u00e1 realizado en un pvc m\u00e1s resistente. La raz\u00f3n es de evitar que el ni\u00f1o pueda romper el pvc con los dientes<\/p>\n<p>&#8211; Test de estabilidad lateral, frontal y posterior para evitar el riesgo de vuelco del producto estando el ni\u00f1o dentro<\/p>\n<p>&#8211; Test contra atrapamiento de la cadenita del chupete<\/p>\n<p>&#8211; Test impacto din\u00e1mico en la base para averiguar la resistencia de la peana<\/p>\n<p>&#8211; Materiales completamente at\u00f3xicos (EN 71) y exentos de ftalatos (directiva 2005\/84\/CE)<\/p>\n","protected":false},"excerpt":{"rendered":"<h1 class=\"h1\">CAM PARQUE DE BEB\u00c9 BREVETTATO MILLEGIOCHI TEDDY GRIS<\/h1>\n","protected":false},"featured_media":253200,"comment_status":"open","ping_status":"closed","template":"","meta":{"_et_pb_use_builder":"","_et_pb_old_content":"","_et_gb_content_width":""},"pwb-brand":[],"product_brand":[],"product_cat":[6301],"product_tag":[],"class_list":{"0":"post-267112","1":"product","2":"type-product","3":"status-publish","4":"has-post-thumbnail","6":"product_cat-parques-eu","8":"first","9":"instock","10":"taxable","11":"shipping-taxable","12":"purchasable","13":"product-type-simple"},"yoast_head":"<!-- This site is optimized with the Yoast SEO plugin v27.4 - https:\/\/yoast.com\/product\/yoast-seo-wordpress\/ -->\n<title>parque cam brevettato<\/title>\n<meta name=\"description\" content=\"parque cam brevettato\" \/>\n<meta name=\"robots\" content=\"index, follow, max-snippet:-1, max-image-preview:large, max-video-preview:-1\" \/>\n<link rel=\"canonical\" href=\"https:\/\/gaspachitos.com\/producto\/cam-parque-de-bebe-brevettato-millegiochi-teddy-gris\/\" \/>\n<meta property=\"og:locale\" content=\"eu_ES\" \/>\n<meta property=\"og:type\" content=\"article\" \/>\n<meta property=\"og:title\" content=\"parque cam brevettato\" \/>\n<meta property=\"og:description\" content=\"parque cam brevettato\" \/>\n<meta property=\"og:url\" content=\"https:\/\/gaspachitos.com\/producto\/cam-parque-de-bebe-brevettato-millegiochi-teddy-gris\/\" \/>\n<meta property=\"og:site_name\" content=\"Gaspachitos\" \/>\n<meta property=\"og:image\" content=\"https:\/\/gaspachitos.com\/wp-content\/uploads\/2023\/01\/11820-thickbox_default-CAM-PARQUE-DE-BEBE-BREVETTATO-MILLEGIOCHI-TEDDY-GRIS.jpg\" \/>\n\t<meta property=\"og:image:width\" content=\"800\" \/>\n\t<meta property=\"og:image:height\" content=\"800\" \/>\n\t<meta property=\"og:image:type\" content=\"image\/jpeg\" \/>\n<meta name=\"twitter:card\" content=\"summary_large_image\" \/>\n<meta name=\"twitter:label1\" content=\"Est. reading time\" \/>\n\t<meta name=\"twitter:data1\" content=\"1 minute\" \/>\n<script type=\"application\/ld+json\" class=\"yoast-schema-graph\">{\"@context\":\"https:\\\/\\\/schema.org\",\"@graph\":[{\"@type\":\"WebPage\",\"@id\":\"https:\\\/\\\/gaspachitos.com\\\/producto\\\/cam-parque-de-bebe-brevettato-millegiochi-teddy-gris\\\/\",\"url\":\"https:\\\/\\\/gaspachitos.com\\\/producto\\\/cam-parque-de-bebe-brevettato-millegiochi-teddy-gris\\\/\",\"name\":\"parque cam brevettato\",\"isPartOf\":{\"@id\":\"https:\\\/\\\/gaspachitos.com\\\/#website\"},\"primaryImageOfPage\":{\"@id\":\"https:\\\/\\\/gaspachitos.com\\\/producto\\\/cam-parque-de-bebe-brevettato-millegiochi-teddy-gris\\\/#primaryimage\"},\"image\":{\"@id\":\"https:\\\/\\\/gaspachitos.com\\\/producto\\\/cam-parque-de-bebe-brevettato-millegiochi-teddy-gris\\\/#primaryimage\"},\"thumbnailUrl\":\"https:\\\/\\\/gaspachitos.com\\\/wp-content\\\/uploads\\\/2023\\\/01\\\/11820-thickbox_default-CAM-PARQUE-DE-BEBE-BREVETTATO-MILLEGIOCHI-TEDDY-GRIS.jpg\",\"datePublished\":\"2023-01-13T09:13:07+00:00\",\"description\":\"parque cam brevettato\",\"breadcrumb\":{\"@id\":\"https:\\\/\\\/gaspachitos.com\\\/producto\\\/cam-parque-de-bebe-brevettato-millegiochi-teddy-gris\\\/#breadcrumb\"},\"inLanguage\":\"eu-ES\",\"potentialAction\":[{\"@type\":\"ReadAction\",\"target\":[\"https:\\\/\\\/gaspachitos.com\\\/producto\\\/cam-parque-de-bebe-brevettato-millegiochi-teddy-gris\\\/\"]}]},{\"@type\":\"ImageObject\",\"inLanguage\":\"eu-ES\",\"@id\":\"https:\\\/\\\/gaspachitos.com\\\/producto\\\/cam-parque-de-bebe-brevettato-millegiochi-teddy-gris\\\/#primaryimage\",\"url\":\"https:\\\/\\\/gaspachitos.com\\\/wp-content\\\/uploads\\\/2023\\\/01\\\/11820-thickbox_default-CAM-PARQUE-DE-BEBE-BREVETTATO-MILLEGIOCHI-TEDDY-GRIS.jpg\",\"contentUrl\":\"https:\\\/\\\/gaspachitos.com\\\/wp-content\\\/uploads\\\/2023\\\/01\\\/11820-thickbox_default-CAM-PARQUE-DE-BEBE-BREVETTATO-MILLEGIOCHI-TEDDY-GRIS.jpg\",\"width\":800,\"height\":800},{\"@type\":\"BreadcrumbList\",\"@id\":\"https:\\\/\\\/gaspachitos.com\\\/producto\\\/cam-parque-de-bebe-brevettato-millegiochi-teddy-gris\\\/#breadcrumb\",\"itemListElement\":[{\"@type\":\"ListItem\",\"position\":1,\"name\":\"Portada\",\"item\":\"https:\\\/\\\/gaspachitos.com\\\/\"},{\"@type\":\"ListItem\",\"position\":2,\"name\":\"Produtos\",\"item\":\"https:\\\/\\\/gaspachitos.com\\\/gl\\\/shop\\\/\"},{\"@type\":\"ListItem\",\"position\":3,\"name\":\"CAM PARQUE DE BEB\u00c9 BREVETTATO MILLEGIOCHI TEDDY GRIS\"}]},{\"@type\":\"WebSite\",\"@id\":\"https:\\\/\\\/gaspachitos.com\\\/#website\",\"url\":\"https:\\\/\\\/gaspachitos.com\\\/\",\"name\":\"Gaspachitos\",\"description\":\"La tienda para tu beb\u00e9: cochecitos, sillas de paseo, cunas...\",\"potentialAction\":[{\"@type\":\"SearchAction\",\"target\":{\"@type\":\"EntryPoint\",\"urlTemplate\":\"https:\\\/\\\/gaspachitos.com\\\/?s={search_term_string}\"},\"query-input\":{\"@type\":\"PropertyValueSpecification\",\"valueRequired\":true,\"valueName\":\"search_term_string\"}}],\"inLanguage\":\"eu-ES\"}]}<\/script>\n<!-- \/ Yoast SEO plugin. -->","yoast_head_json":{"title":"parque cam brevettato","description":"parque cam brevettato","robots":{"index":"index","follow":"follow","max-snippet":"max-snippet:-1","max-image-preview":"max-image-preview:large","max-video-preview":"max-video-preview:-1"},"canonical":"https:\/\/gaspachitos.com\/producto\/cam-parque-de-bebe-brevettato-millegiochi-teddy-gris\/","og_locale":"eu_ES","og_type":"article","og_title":"parque cam brevettato","og_description":"parque cam brevettato","og_url":"https:\/\/gaspachitos.com\/producto\/cam-parque-de-bebe-brevettato-millegiochi-teddy-gris\/","og_site_name":"Gaspachitos","og_image":[{"width":800,"height":800,"url":"https:\/\/gaspachitos.com\/wp-content\/uploads\/2023\/01\/11820-thickbox_default-CAM-PARQUE-DE-BEBE-BREVETTATO-MILLEGIOCHI-TEDDY-GRIS.jpg","type":"image\/jpeg"}],"twitter_card":"summary_large_image","twitter_misc":{"Est. reading time":"1 minute"},"schema":{"@context":"https:\/\/schema.org","@graph":[{"@type":"WebPage","@id":"https:\/\/gaspachitos.com\/producto\/cam-parque-de-bebe-brevettato-millegiochi-teddy-gris\/","url":"https:\/\/gaspachitos.com\/producto\/cam-parque-de-bebe-brevettato-millegiochi-teddy-gris\/","name":"parque cam brevettato","isPartOf":{"@id":"https:\/\/gaspachitos.com\/#website"},"primaryImageOfPage":{"@id":"https:\/\/gaspachitos.com\/producto\/cam-parque-de-bebe-brevettato-millegiochi-teddy-gris\/#primaryimage"},"image":{"@id":"https:\/\/gaspachitos.com\/producto\/cam-parque-de-bebe-brevettato-millegiochi-teddy-gris\/#primaryimage"},"thumbnailUrl":"https:\/\/gaspachitos.com\/wp-content\/uploads\/2023\/01\/11820-thickbox_default-CAM-PARQUE-DE-BEBE-BREVETTATO-MILLEGIOCHI-TEDDY-GRIS.jpg","datePublished":"2023-01-13T09:13:07+00:00","description":"parque cam brevettato","breadcrumb":{"@id":"https:\/\/gaspachitos.com\/producto\/cam-parque-de-bebe-brevettato-millegiochi-teddy-gris\/#breadcrumb"},"inLanguage":"eu-ES","potentialAction":[{"@type":"ReadAction","target":["https:\/\/gaspachitos.com\/producto\/cam-parque-de-bebe-brevettato-millegiochi-teddy-gris\/"]}]},{"@type":"ImageObject","inLanguage":"eu-ES","@id":"https:\/\/gaspachitos.com\/producto\/cam-parque-de-bebe-brevettato-millegiochi-teddy-gris\/#primaryimage","url":"https:\/\/gaspachitos.com\/wp-content\/uploads\/2023\/01\/11820-thickbox_default-CAM-PARQUE-DE-BEBE-BREVETTATO-MILLEGIOCHI-TEDDY-GRIS.jpg","contentUrl":"https:\/\/gaspachitos.com\/wp-content\/uploads\/2023\/01\/11820-thickbox_default-CAM-PARQUE-DE-BEBE-BREVETTATO-MILLEGIOCHI-TEDDY-GRIS.jpg","width":800,"height":800},{"@type":"BreadcrumbList","@id":"https:\/\/gaspachitos.com\/producto\/cam-parque-de-bebe-brevettato-millegiochi-teddy-gris\/#breadcrumb","itemListElement":[{"@type":"ListItem","position":1,"name":"Portada","item":"https:\/\/gaspachitos.com\/"},{"@type":"ListItem","position":2,"name":"Produtos","item":"https:\/\/gaspachitos.com\/gl\/shop\/"},{"@type":"ListItem","position":3,"name":"CAM PARQUE DE BEB\u00c9 BREVETTATO MILLEGIOCHI TEDDY GRIS"}]},{"@type":"WebSite","@id":"https:\/\/gaspachitos.com\/#website","url":"https:\/\/gaspachitos.com\/","name":"Gaspachitos","description":"La tienda para tu beb\u00e9: cochecitos, sillas de paseo, cunas...","potentialAction":[{"@type":"SearchAction","target":{"@type":"EntryPoint","urlTemplate":"https:\/\/gaspachitos.com\/?s={search_term_string}"},"query-input":{"@type":"PropertyValueSpecification","valueRequired":true,"valueName":"search_term_string"}}],"inLanguage":"eu-ES"}]}},"brands":[],"_links":{"self":[{"href":"https:\/\/gaspachitos.com\/eu\/wp-json\/wp\/v2\/product\/267112","targetHints":{"allow":["GET"]}}],"collection":[{"href":"https:\/\/gaspachitos.com\/eu\/wp-json\/wp\/v2\/product"}],"about":[{"href":"https:\/\/gaspachitos.com\/eu\/wp-json\/wp\/v2\/types\/product"}],"replies":[{"embeddable":true,"href":"https:\/\/gaspachitos.com\/eu\/wp-json\/wp\/v2\/comments?post=267112"}],"wp:featuredmedia":[{"embeddable":true,"href":"https:\/\/gaspachitos.com\/eu\/wp-json\/wp\/v2\/media\/253200"}],"wp:attachment":[{"href":"https:\/\/gaspachitos.com\/eu\/wp-json\/wp\/v2\/media?parent=267112"}],"wp:term":[{"taxonomy":"pwb-brand","embeddable":true,"href":"https:\/\/gaspachitos.com\/eu\/wp-json\/wp\/v2\/pwb-brand?post=267112"},{"taxonomy":"product_brand","embeddable":true,"href":"https:\/\/gaspachitos.com\/eu\/wp-json\/wp\/v2\/product_brand?post=267112"},{"taxonomy":"product_cat","embeddable":true,"href":"https:\/\/gaspachitos.com\/eu\/wp-json\/wp\/v2\/product_cat?post=267112"},{"taxonomy":"product_tag","embeddable":true,"href":"https:\/\/gaspachitos.com\/eu\/wp-json\/wp\/v2\/product_tag?post=267112"}],"curies":[{"name":"wp","href":"https:\/\/api.w.org\/{rel}","templated":true}]}}