{"id":267067,"date":"2023-01-12T13:52:18","date_gmt":"2023-01-12T11:52:18","guid":{"rendered":"https:\/\/nueva.gaspachitos.com\/producto\/bolso-maternal-cambrass-prome-sara\/"},"modified":"2023-01-12T13:52:18","modified_gmt":"2023-01-12T11:52:18","slug":"bolso-maternal-cambrass-prome-sara","status":"publish","type":"product","link":"https:\/\/gaspachitos.com\/eu\/producto\/bolso-maternal-cambrass-prome-sara\/","title":{"rendered":"Bolso Maternal Cambrass Prome Sara"},"content":{"rendered":"<p><span>El Bolso Maternal Prome de Cambrass es de uso maternal y sirve para transportar los productos necesarios de uso diario para el beb\u00e9. Su sistema de asas cortas de 27 cm. y asa larga de 108 cm. lo hace \u00fatil tanto como bolso de mano o malet\u00edn as\u00ed como de bandolera o incluso para el carro. Tanto el tejido exterior como el interior (resinado) con el que est\u00e1 confeccionado el bolso cuentan con un acabado impermeable que sumado a su base r\u00edgida aporta estabilidad evitando que pierda su forma tanto lleno como vac\u00edo e incluso despu\u00e9s del lavado. Este bolso tiene una capacidad de 25.8 litros y adem\u00e1s cuenta con pr\u00e1cticos bolsillos interiores y exterior y cierre con cremallera YKK de larga duraci\u00f3n.<\/span><\/p>\n","protected":false},"excerpt":{"rendered":"<h1 class=\"h1 product-detail-name\">Bolso Maternal Cambrass Prome Sara<\/h1>\n","protected":false},"featured_media":253038,"comment_status":"open","ping_status":"closed","template":"","meta":{"_et_pb_use_builder":"","_et_pb_old_content":"","_et_gb_content_width":""},"pwb-brand":[5575],"product_brand":[],"product_cat":[5968],"product_tag":[],"class_list":{"0":"post-267067","1":"product","2":"type-product","3":"status-publish","4":"has-post-thumbnail","6":"pwb-brand-cambrass","7":"product_cat-bolsos-y-mochilas-eu","9":"first","10":"instock","11":"taxable","12":"shipping-taxable","13":"purchasable","14":"product-type-simple"},"yoast_head":"<!-- This site is optimized with the Yoast SEO plugin v27.5 - https:\/\/yoast.com\/product\/yoast-seo-wordpress\/ -->\n<title>Bolso Maternal Cambrass Prome Sara - Gaspachitos<\/title>\n<meta name=\"robots\" content=\"index, follow, max-snippet:-1, max-image-preview:large, max-video-preview:-1\" \/>\n<link rel=\"canonical\" href=\"https:\/\/gaspachitos.com\/eu\/producto\/bolso-maternal-cambrass-prome-sara\/\" \/>\n<meta property=\"og:locale\" content=\"eu_ES\" \/>\n<meta property=\"og:type\" content=\"article\" \/>\n<meta property=\"og:title\" content=\"Bolso Maternal Cambrass Prome Sara - Gaspachitos\" \/>\n<meta property=\"og:description\" content=\"Bolso Maternal Cambrass Prome Sara\" \/>\n<meta property=\"og:url\" content=\"https:\/\/gaspachitos.com\/eu\/producto\/bolso-maternal-cambrass-prome-sara\/\" \/>\n<meta property=\"og:site_name\" content=\"Gaspachitos\" \/>\n<meta property=\"og:image\" content=\"https:\/\/gaspachitos.com\/wp-content\/uploads\/2023\/01\/11807-thickbox_default-Bolso-Maternal-Cambrass-Prome-Sara.jpg\" \/>\n\t<meta property=\"og:image:width\" content=\"800\" \/>\n\t<meta property=\"og:image:height\" content=\"800\" \/>\n\t<meta property=\"og:image:type\" content=\"image\/jpeg\" \/>\n<meta name=\"twitter:card\" content=\"summary_large_image\" \/>\n<meta name=\"twitter:label1\" content=\"Est. reading time\" \/>\n\t<meta name=\"twitter:data1\" content=\"1 minute\" \/>\n<script type=\"application\/ld+json\" class=\"yoast-schema-graph\">{\"@context\":\"https:\\\/\\\/schema.org\",\"@graph\":[{\"@type\":\"WebPage\",\"@id\":\"https:\\\/\\\/gaspachitos.com\\\/eu\\\/producto\\\/bolso-maternal-cambrass-prome-sara\\\/\",\"url\":\"https:\\\/\\\/gaspachitos.com\\\/eu\\\/producto\\\/bolso-maternal-cambrass-prome-sara\\\/\",\"name\":\"Bolso Maternal Cambrass Prome Sara - Gaspachitos\",\"isPartOf\":{\"@id\":\"https:\\\/\\\/gaspachitos.com\\\/#website\"},\"primaryImageOfPage\":{\"@id\":\"https:\\\/\\\/gaspachitos.com\\\/eu\\\/producto\\\/bolso-maternal-cambrass-prome-sara\\\/#primaryimage\"},\"image\":{\"@id\":\"https:\\\/\\\/gaspachitos.com\\\/eu\\\/producto\\\/bolso-maternal-cambrass-prome-sara\\\/#primaryimage\"},\"thumbnailUrl\":\"https:\\\/\\\/gaspachitos.com\\\/wp-content\\\/uploads\\\/2023\\\/01\\\/11807-thickbox_default-Bolso-Maternal-Cambrass-Prome-Sara.jpg\",\"datePublished\":\"2023-01-12T11:52:18+00:00\",\"breadcrumb\":{\"@id\":\"https:\\\/\\\/gaspachitos.com\\\/eu\\\/producto\\\/bolso-maternal-cambrass-prome-sara\\\/#breadcrumb\"},\"inLanguage\":\"eu-ES\",\"potentialAction\":[{\"@type\":\"ReadAction\",\"target\":[\"https:\\\/\\\/gaspachitos.com\\\/eu\\\/producto\\\/bolso-maternal-cambrass-prome-sara\\\/\"]}]},{\"@type\":\"ImageObject\",\"inLanguage\":\"eu-ES\",\"@id\":\"https:\\\/\\\/gaspachitos.com\\\/eu\\\/producto\\\/bolso-maternal-cambrass-prome-sara\\\/#primaryimage\",\"url\":\"https:\\\/\\\/gaspachitos.com\\\/wp-content\\\/uploads\\\/2023\\\/01\\\/11807-thickbox_default-Bolso-Maternal-Cambrass-Prome-Sara.jpg\",\"contentUrl\":\"https:\\\/\\\/gaspachitos.com\\\/wp-content\\\/uploads\\\/2023\\\/01\\\/11807-thickbox_default-Bolso-Maternal-Cambrass-Prome-Sara.jpg\",\"width\":800,\"height\":800},{\"@type\":\"BreadcrumbList\",\"@id\":\"https:\\\/\\\/gaspachitos.com\\\/eu\\\/producto\\\/bolso-maternal-cambrass-prome-sara\\\/#breadcrumb\",\"itemListElement\":[{\"@type\":\"ListItem\",\"position\":1,\"name\":\"Portada\",\"item\":\"https:\\\/\\\/gaspachitos.com\\\/\"},{\"@type\":\"ListItem\",\"position\":2,\"name\":\"Produtos\",\"item\":\"https:\\\/\\\/gaspachitos.com\\\/gl\\\/shop\\\/\"},{\"@type\":\"ListItem\",\"position\":3,\"name\":\"Bolso Maternal Cambrass Prome Sara\"}]},{\"@type\":\"WebSite\",\"@id\":\"https:\\\/\\\/gaspachitos.com\\\/#website\",\"url\":\"https:\\\/\\\/gaspachitos.com\\\/\",\"name\":\"Gaspachitos\",\"description\":\"La tienda para tu beb\u00e9: cochecitos, sillas de paseo, cunas...\",\"potentialAction\":[{\"@type\":\"SearchAction\",\"target\":{\"@type\":\"EntryPoint\",\"urlTemplate\":\"https:\\\/\\\/gaspachitos.com\\\/?s={search_term_string}\"},\"query-input\":{\"@type\":\"PropertyValueSpecification\",\"valueRequired\":true,\"valueName\":\"search_term_string\"}}],\"inLanguage\":\"eu-ES\"}]}<\/script>\n<!-- \/ Yoast SEO plugin. -->","yoast_head_json":{"title":"Bolso Maternal Cambrass Prome Sara - Gaspachitos","robots":{"index":"index","follow":"follow","max-snippet":"max-snippet:-1","max-image-preview":"max-image-preview:large","max-video-preview":"max-video-preview:-1"},"canonical":"https:\/\/gaspachitos.com\/eu\/producto\/bolso-maternal-cambrass-prome-sara\/","og_locale":"eu_ES","og_type":"article","og_title":"Bolso Maternal Cambrass Prome Sara - Gaspachitos","og_description":"Bolso Maternal Cambrass Prome Sara","og_url":"https:\/\/gaspachitos.com\/eu\/producto\/bolso-maternal-cambrass-prome-sara\/","og_site_name":"Gaspachitos","og_image":[{"width":800,"height":800,"url":"https:\/\/gaspachitos.com\/wp-content\/uploads\/2023\/01\/11807-thickbox_default-Bolso-Maternal-Cambrass-Prome-Sara.jpg","type":"image\/jpeg"}],"twitter_card":"summary_large_image","twitter_misc":{"Est. reading time":"1 minute"},"schema":{"@context":"https:\/\/schema.org","@graph":[{"@type":"WebPage","@id":"https:\/\/gaspachitos.com\/eu\/producto\/bolso-maternal-cambrass-prome-sara\/","url":"https:\/\/gaspachitos.com\/eu\/producto\/bolso-maternal-cambrass-prome-sara\/","name":"Bolso Maternal Cambrass Prome Sara - Gaspachitos","isPartOf":{"@id":"https:\/\/gaspachitos.com\/#website"},"primaryImageOfPage":{"@id":"https:\/\/gaspachitos.com\/eu\/producto\/bolso-maternal-cambrass-prome-sara\/#primaryimage"},"image":{"@id":"https:\/\/gaspachitos.com\/eu\/producto\/bolso-maternal-cambrass-prome-sara\/#primaryimage"},"thumbnailUrl":"https:\/\/gaspachitos.com\/wp-content\/uploads\/2023\/01\/11807-thickbox_default-Bolso-Maternal-Cambrass-Prome-Sara.jpg","datePublished":"2023-01-12T11:52:18+00:00","breadcrumb":{"@id":"https:\/\/gaspachitos.com\/eu\/producto\/bolso-maternal-cambrass-prome-sara\/#breadcrumb"},"inLanguage":"eu-ES","potentialAction":[{"@type":"ReadAction","target":["https:\/\/gaspachitos.com\/eu\/producto\/bolso-maternal-cambrass-prome-sara\/"]}]},{"@type":"ImageObject","inLanguage":"eu-ES","@id":"https:\/\/gaspachitos.com\/eu\/producto\/bolso-maternal-cambrass-prome-sara\/#primaryimage","url":"https:\/\/gaspachitos.com\/wp-content\/uploads\/2023\/01\/11807-thickbox_default-Bolso-Maternal-Cambrass-Prome-Sara.jpg","contentUrl":"https:\/\/gaspachitos.com\/wp-content\/uploads\/2023\/01\/11807-thickbox_default-Bolso-Maternal-Cambrass-Prome-Sara.jpg","width":800,"height":800},{"@type":"BreadcrumbList","@id":"https:\/\/gaspachitos.com\/eu\/producto\/bolso-maternal-cambrass-prome-sara\/#breadcrumb","itemListElement":[{"@type":"ListItem","position":1,"name":"Portada","item":"https:\/\/gaspachitos.com\/"},{"@type":"ListItem","position":2,"name":"Produtos","item":"https:\/\/gaspachitos.com\/gl\/shop\/"},{"@type":"ListItem","position":3,"name":"Bolso Maternal Cambrass Prome Sara"}]},{"@type":"WebSite","@id":"https:\/\/gaspachitos.com\/#website","url":"https:\/\/gaspachitos.com\/","name":"Gaspachitos","description":"La tienda para tu beb\u00e9: cochecitos, sillas de paseo, cunas...","potentialAction":[{"@type":"SearchAction","target":{"@type":"EntryPoint","urlTemplate":"https:\/\/gaspachitos.com\/?s={search_term_string}"},"query-input":{"@type":"PropertyValueSpecification","valueRequired":true,"valueName":"search_term_string"}}],"inLanguage":"eu-ES"}]}},"brands":[{"id":5575,"name":"Cambrass","slug":"cambrass"}],"_links":{"self":[{"href":"https:\/\/gaspachitos.com\/eu\/wp-json\/wp\/v2\/product\/267067","targetHints":{"allow":["GET"]}}],"collection":[{"href":"https:\/\/gaspachitos.com\/eu\/wp-json\/wp\/v2\/product"}],"about":[{"href":"https:\/\/gaspachitos.com\/eu\/wp-json\/wp\/v2\/types\/product"}],"replies":[{"embeddable":true,"href":"https:\/\/gaspachitos.com\/eu\/wp-json\/wp\/v2\/comments?post=267067"}],"wp:featuredmedia":[{"embeddable":true,"href":"https:\/\/gaspachitos.com\/eu\/wp-json\/wp\/v2\/media\/253038"}],"wp:attachment":[{"href":"https:\/\/gaspachitos.com\/eu\/wp-json\/wp\/v2\/media?parent=267067"}],"wp:term":[{"taxonomy":"pwb-brand","embeddable":true,"href":"https:\/\/gaspachitos.com\/eu\/wp-json\/wp\/v2\/pwb-brand?post=267067"},{"taxonomy":"product_brand","embeddable":true,"href":"https:\/\/gaspachitos.com\/eu\/wp-json\/wp\/v2\/product_brand?post=267067"},{"taxonomy":"product_cat","embeddable":true,"href":"https:\/\/gaspachitos.com\/eu\/wp-json\/wp\/v2\/product_cat?post=267067"},{"taxonomy":"product_tag","embeddable":true,"href":"https:\/\/gaspachitos.com\/eu\/wp-json\/wp\/v2\/product_tag?post=267067"}],"curies":[{"name":"wp","href":"https:\/\/api.w.org\/{rel}","templated":true}]}}