{"id":267056,"date":"2023-01-12T13:04:32","date_gmt":"2023-01-12T11:04:32","guid":{"rendered":"https:\/\/nueva.gaspachitos.com\/producto\/bolso-carrito-bebe-interbaby\/"},"modified":"2023-01-12T13:04:32","modified_gmt":"2023-01-12T11:04:32","slug":"bolso-carrito-bebe-interbaby","status":"publish","type":"product","link":"https:\/\/gaspachitos.com\/eu\/producto\/bolso-carrito-bebe-interbaby\/","title":{"rendered":"Bolso Carrito Beb\u00e9 INTERBABY"},"content":{"rendered":"<p><strong>Bolso organizador para carrito de beb\u00e9 modelo BO001 fabricado por Interbaby.<\/strong><span>\u00a0Ideal para mantener los elementos esenciales organizados y totalmente accesibles cuando est\u00e1s de paseo con tu beb\u00e9. Tiene dos portavasos aislantes que te permiten consevar la bebida a la tempertatura deseada. Compatible con todos los sistemas de transporte para beb\u00e9, tanto para carritos de gran tama\u00f1o como sillas de paseo ultra compactas. Se sujeta f\u00e1cilmente a las asas del carrito mediante cierres de velcro. Instalandose en segundos. Tiene un pr\u00e1ctico bolsillo para pa\u00f1uelos, y otro de malla con cremallera para guardar objetos<\/span><\/p>\n","protected":false},"excerpt":{"rendered":"<h1 class=\"product_name\">Bolso Carrito Beb\u00e9 BO001 Gris o negro INTERBABY<\/h1>\n","protected":false},"featured_media":252975,"comment_status":"open","ping_status":"closed","template":"","meta":{"_et_pb_use_builder":"","_et_pb_old_content":"","_et_gb_content_width":""},"pwb-brand":[5638],"product_brand":[],"product_cat":[10878],"product_tag":[],"class_list":{"0":"post-267056","1":"product","2":"type-product","3":"status-publish","4":"has-post-thumbnail","6":"pwb-brand-interbaby","7":"product_cat-sin-categorizar","9":"first","10":"instock","11":"taxable","12":"shipping-taxable","13":"purchasable","14":"product-type-variable","15":"has-default-attributes"},"yoast_head":"<!-- This site is optimized with the Yoast SEO plugin v27.4 - https:\/\/yoast.com\/product\/yoast-seo-wordpress\/ -->\n<title>interbaby mochila<\/title>\n<meta name=\"description\" content=\"interbaby mochila\" \/>\n<meta name=\"robots\" content=\"index, follow, max-snippet:-1, max-image-preview:large, max-video-preview:-1\" \/>\n<link rel=\"canonical\" href=\"https:\/\/gaspachitos.com\/eu\/producto\/bolso-carrito-bebe-interbaby\/\" \/>\n<meta property=\"og:locale\" content=\"eu_ES\" \/>\n<meta property=\"og:type\" content=\"article\" \/>\n<meta property=\"og:title\" content=\"interbaby mochila\" \/>\n<meta property=\"og:description\" content=\"interbaby mochila\" \/>\n<meta property=\"og:url\" content=\"https:\/\/gaspachitos.com\/eu\/producto\/bolso-carrito-bebe-interbaby\/\" \/>\n<meta property=\"og:site_name\" content=\"Gaspachitos\" \/>\n<meta property=\"og:image\" content=\"https:\/\/gaspachitos.com\/wp-content\/uploads\/2023\/01\/11803-thickbox_default-Bolso-Carrito-Bebe-INTERBABY.jpg\" \/>\n\t<meta property=\"og:image:width\" content=\"800\" \/>\n\t<meta property=\"og:image:height\" content=\"800\" \/>\n\t<meta property=\"og:image:type\" content=\"image\/jpeg\" \/>\n<meta name=\"twitter:card\" content=\"summary_large_image\" \/>\n<script type=\"application\/ld+json\" class=\"yoast-schema-graph\">{\"@context\":\"https:\\\/\\\/schema.org\",\"@graph\":[{\"@type\":\"WebPage\",\"@id\":\"https:\\\/\\\/gaspachitos.com\\\/eu\\\/producto\\\/bolso-carrito-bebe-interbaby\\\/\",\"url\":\"https:\\\/\\\/gaspachitos.com\\\/eu\\\/producto\\\/bolso-carrito-bebe-interbaby\\\/\",\"name\":\"interbaby mochila\",\"isPartOf\":{\"@id\":\"https:\\\/\\\/gaspachitos.com\\\/#website\"},\"primaryImageOfPage\":{\"@id\":\"https:\\\/\\\/gaspachitos.com\\\/eu\\\/producto\\\/bolso-carrito-bebe-interbaby\\\/#primaryimage\"},\"image\":{\"@id\":\"https:\\\/\\\/gaspachitos.com\\\/eu\\\/producto\\\/bolso-carrito-bebe-interbaby\\\/#primaryimage\"},\"thumbnailUrl\":\"https:\\\/\\\/gaspachitos.com\\\/wp-content\\\/uploads\\\/2023\\\/01\\\/11803-thickbox_default-Bolso-Carrito-Bebe-INTERBABY.jpg\",\"datePublished\":\"2023-01-12T11:04:32+00:00\",\"description\":\"interbaby mochila\",\"breadcrumb\":{\"@id\":\"https:\\\/\\\/gaspachitos.com\\\/eu\\\/producto\\\/bolso-carrito-bebe-interbaby\\\/#breadcrumb\"},\"inLanguage\":\"eu-ES\",\"potentialAction\":[{\"@type\":\"ReadAction\",\"target\":[\"https:\\\/\\\/gaspachitos.com\\\/eu\\\/producto\\\/bolso-carrito-bebe-interbaby\\\/\"]}]},{\"@type\":\"ImageObject\",\"inLanguage\":\"eu-ES\",\"@id\":\"https:\\\/\\\/gaspachitos.com\\\/eu\\\/producto\\\/bolso-carrito-bebe-interbaby\\\/#primaryimage\",\"url\":\"https:\\\/\\\/gaspachitos.com\\\/wp-content\\\/uploads\\\/2023\\\/01\\\/11803-thickbox_default-Bolso-Carrito-Bebe-INTERBABY.jpg\",\"contentUrl\":\"https:\\\/\\\/gaspachitos.com\\\/wp-content\\\/uploads\\\/2023\\\/01\\\/11803-thickbox_default-Bolso-Carrito-Bebe-INTERBABY.jpg\",\"width\":800,\"height\":800},{\"@type\":\"BreadcrumbList\",\"@id\":\"https:\\\/\\\/gaspachitos.com\\\/eu\\\/producto\\\/bolso-carrito-bebe-interbaby\\\/#breadcrumb\",\"itemListElement\":[{\"@type\":\"ListItem\",\"position\":1,\"name\":\"Portada\",\"item\":\"https:\\\/\\\/gaspachitos.com\\\/\"},{\"@type\":\"ListItem\",\"position\":2,\"name\":\"Produtos\",\"item\":\"https:\\\/\\\/gaspachitos.com\\\/gl\\\/shop\\\/\"},{\"@type\":\"ListItem\",\"position\":3,\"name\":\"Bolso Carrito Beb\u00e9 INTERBABY\"}]},{\"@type\":\"WebSite\",\"@id\":\"https:\\\/\\\/gaspachitos.com\\\/#website\",\"url\":\"https:\\\/\\\/gaspachitos.com\\\/\",\"name\":\"Gaspachitos\",\"description\":\"La tienda para tu beb\u00e9: cochecitos, sillas de paseo, cunas...\",\"potentialAction\":[{\"@type\":\"SearchAction\",\"target\":{\"@type\":\"EntryPoint\",\"urlTemplate\":\"https:\\\/\\\/gaspachitos.com\\\/?s={search_term_string}\"},\"query-input\":{\"@type\":\"PropertyValueSpecification\",\"valueRequired\":true,\"valueName\":\"search_term_string\"}}],\"inLanguage\":\"eu-ES\"}]}<\/script>\n<!-- \/ Yoast SEO plugin. -->","yoast_head_json":{"title":"interbaby mochila","description":"interbaby mochila","robots":{"index":"index","follow":"follow","max-snippet":"max-snippet:-1","max-image-preview":"max-image-preview:large","max-video-preview":"max-video-preview:-1"},"canonical":"https:\/\/gaspachitos.com\/eu\/producto\/bolso-carrito-bebe-interbaby\/","og_locale":"eu_ES","og_type":"article","og_title":"interbaby mochila","og_description":"interbaby mochila","og_url":"https:\/\/gaspachitos.com\/eu\/producto\/bolso-carrito-bebe-interbaby\/","og_site_name":"Gaspachitos","og_image":[{"width":800,"height":800,"url":"https:\/\/gaspachitos.com\/wp-content\/uploads\/2023\/01\/11803-thickbox_default-Bolso-Carrito-Bebe-INTERBABY.jpg","type":"image\/jpeg"}],"twitter_card":"summary_large_image","schema":{"@context":"https:\/\/schema.org","@graph":[{"@type":"WebPage","@id":"https:\/\/gaspachitos.com\/eu\/producto\/bolso-carrito-bebe-interbaby\/","url":"https:\/\/gaspachitos.com\/eu\/producto\/bolso-carrito-bebe-interbaby\/","name":"interbaby mochila","isPartOf":{"@id":"https:\/\/gaspachitos.com\/#website"},"primaryImageOfPage":{"@id":"https:\/\/gaspachitos.com\/eu\/producto\/bolso-carrito-bebe-interbaby\/#primaryimage"},"image":{"@id":"https:\/\/gaspachitos.com\/eu\/producto\/bolso-carrito-bebe-interbaby\/#primaryimage"},"thumbnailUrl":"https:\/\/gaspachitos.com\/wp-content\/uploads\/2023\/01\/11803-thickbox_default-Bolso-Carrito-Bebe-INTERBABY.jpg","datePublished":"2023-01-12T11:04:32+00:00","description":"interbaby mochila","breadcrumb":{"@id":"https:\/\/gaspachitos.com\/eu\/producto\/bolso-carrito-bebe-interbaby\/#breadcrumb"},"inLanguage":"eu-ES","potentialAction":[{"@type":"ReadAction","target":["https:\/\/gaspachitos.com\/eu\/producto\/bolso-carrito-bebe-interbaby\/"]}]},{"@type":"ImageObject","inLanguage":"eu-ES","@id":"https:\/\/gaspachitos.com\/eu\/producto\/bolso-carrito-bebe-interbaby\/#primaryimage","url":"https:\/\/gaspachitos.com\/wp-content\/uploads\/2023\/01\/11803-thickbox_default-Bolso-Carrito-Bebe-INTERBABY.jpg","contentUrl":"https:\/\/gaspachitos.com\/wp-content\/uploads\/2023\/01\/11803-thickbox_default-Bolso-Carrito-Bebe-INTERBABY.jpg","width":800,"height":800},{"@type":"BreadcrumbList","@id":"https:\/\/gaspachitos.com\/eu\/producto\/bolso-carrito-bebe-interbaby\/#breadcrumb","itemListElement":[{"@type":"ListItem","position":1,"name":"Portada","item":"https:\/\/gaspachitos.com\/"},{"@type":"ListItem","position":2,"name":"Produtos","item":"https:\/\/gaspachitos.com\/gl\/shop\/"},{"@type":"ListItem","position":3,"name":"Bolso Carrito Beb\u00e9 INTERBABY"}]},{"@type":"WebSite","@id":"https:\/\/gaspachitos.com\/#website","url":"https:\/\/gaspachitos.com\/","name":"Gaspachitos","description":"La tienda para tu beb\u00e9: cochecitos, sillas de paseo, cunas...","potentialAction":[{"@type":"SearchAction","target":{"@type":"EntryPoint","urlTemplate":"https:\/\/gaspachitos.com\/?s={search_term_string}"},"query-input":{"@type":"PropertyValueSpecification","valueRequired":true,"valueName":"search_term_string"}}],"inLanguage":"eu-ES"}]}},"brands":[{"id":5638,"name":"Interbaby","slug":"interbaby"}],"_links":{"self":[{"href":"https:\/\/gaspachitos.com\/eu\/wp-json\/wp\/v2\/product\/267056","targetHints":{"allow":["GET"]}}],"collection":[{"href":"https:\/\/gaspachitos.com\/eu\/wp-json\/wp\/v2\/product"}],"about":[{"href":"https:\/\/gaspachitos.com\/eu\/wp-json\/wp\/v2\/types\/product"}],"replies":[{"embeddable":true,"href":"https:\/\/gaspachitos.com\/eu\/wp-json\/wp\/v2\/comments?post=267056"}],"wp:featuredmedia":[{"embeddable":true,"href":"https:\/\/gaspachitos.com\/eu\/wp-json\/wp\/v2\/media\/252975"}],"wp:attachment":[{"href":"https:\/\/gaspachitos.com\/eu\/wp-json\/wp\/v2\/media?parent=267056"}],"wp:term":[{"taxonomy":"pwb-brand","embeddable":true,"href":"https:\/\/gaspachitos.com\/eu\/wp-json\/wp\/v2\/pwb-brand?post=267056"},{"taxonomy":"product_brand","embeddable":true,"href":"https:\/\/gaspachitos.com\/eu\/wp-json\/wp\/v2\/product_brand?post=267056"},{"taxonomy":"product_cat","embeddable":true,"href":"https:\/\/gaspachitos.com\/eu\/wp-json\/wp\/v2\/product_cat?post=267056"},{"taxonomy":"product_tag","embeddable":true,"href":"https:\/\/gaspachitos.com\/eu\/wp-json\/wp\/v2\/product_tag?post=267056"}],"curies":[{"name":"wp","href":"https:\/\/api.w.org\/{rel}","templated":true}]}}