{"id":266914,"date":"2023-01-12T11:08:39","date_gmt":"2023-01-12T09:08:39","guid":{"rendered":"https:\/\/nueva.gaspachitos.com\/producto\/colchon-para-parques-cuadrados-2\/"},"modified":"2023-01-12T11:08:39","modified_gmt":"2023-01-12T09:08:39","slug":"colchon-para-parques-cuadrados-2","status":"publish","type":"product","link":"https:\/\/gaspachitos.com\/eu\/producto\/colchon-para-parques-cuadrados-2\/","title":{"rendered":"COLCH\u00d3N PARA PARQUES CUADRADOS"},"content":{"rendered":"<h3>EL COMPLEMENTO PERFECTO PARA TU PARQUE ASALVO<\/h3>\n<p>El colch\u00f3n para parque cuadrado de Asalvo es compatible para la mayor\u00eda de modelos de parques. Elegante dise\u00f1o en color liso. El colch\u00f3n para parques cuadrados es un pr\u00e1ctico art\u00edculo que har\u00e1 a\u00fan m\u00e1s confortable el descanso del beb\u00e9 en cualquier modelo de parques.<\/p>\n","protected":false},"excerpt":{"rendered":"<h1 class=\"h1 namne_details\">COLCH\u00d3N PARA PARQUES CUADRADOS<\/h1>\n","protected":false},"featured_media":252651,"comment_status":"open","ping_status":"closed","template":"","meta":{"_et_pb_use_builder":"","_et_pb_old_content":"","_et_gb_content_width":""},"pwb-brand":[],"product_brand":[],"product_cat":[6301],"product_tag":[],"class_list":{"0":"post-266914","1":"product","2":"type-product","3":"status-publish","4":"has-post-thumbnail","6":"product_cat-parques-eu","8":"first","9":"onbackorder","10":"taxable","11":"shipping-taxable","12":"purchasable","13":"product-type-simple"},"yoast_head":"<!-- This site is optimized with the Yoast SEO plugin v27.4 - https:\/\/yoast.com\/product\/yoast-seo-wordpress\/ -->\n<title>COLCH\u00d3N PARA PARQUES CUADRADOS - Gaspachitos<\/title>\n<meta name=\"robots\" content=\"index, follow, max-snippet:-1, max-image-preview:large, max-video-preview:-1\" \/>\n<link rel=\"canonical\" href=\"https:\/\/gaspachitos.com\/eu\/producto\/colchon-para-parques-cuadrados-2\/\" \/>\n<meta property=\"og:locale\" content=\"eu_ES\" \/>\n<meta property=\"og:type\" content=\"article\" \/>\n<meta property=\"og:title\" content=\"COLCH\u00d3N PARA PARQUES CUADRADOS - Gaspachitos\" \/>\n<meta property=\"og:description\" content=\"COLCH\u00d3N PARA PARQUES CUADRADOS\" \/>\n<meta property=\"og:url\" content=\"https:\/\/gaspachitos.com\/eu\/producto\/colchon-para-parques-cuadrados-2\/\" \/>\n<meta property=\"og:site_name\" content=\"Gaspachitos\" \/>\n<meta property=\"og:image\" content=\"https:\/\/gaspachitos.com\/wp-content\/uploads\/2023\/01\/11781-thickbox_default-COLCHON-PARA-PARQUES-CUADRADOS.jpg\" \/>\n\t<meta property=\"og:image:width\" content=\"800\" \/>\n\t<meta property=\"og:image:height\" content=\"800\" \/>\n\t<meta property=\"og:image:type\" content=\"image\/jpeg\" \/>\n<meta name=\"twitter:card\" content=\"summary_large_image\" \/>\n<script type=\"application\/ld+json\" class=\"yoast-schema-graph\">{\"@context\":\"https:\\\/\\\/schema.org\",\"@graph\":[{\"@type\":\"WebPage\",\"@id\":\"https:\\\/\\\/gaspachitos.com\\\/eu\\\/producto\\\/colchon-para-parques-cuadrados-2\\\/\",\"url\":\"https:\\\/\\\/gaspachitos.com\\\/eu\\\/producto\\\/colchon-para-parques-cuadrados-2\\\/\",\"name\":\"COLCH\u00d3N PARA PARQUES CUADRADOS - Gaspachitos\",\"isPartOf\":{\"@id\":\"https:\\\/\\\/gaspachitos.com\\\/#website\"},\"primaryImageOfPage\":{\"@id\":\"https:\\\/\\\/gaspachitos.com\\\/eu\\\/producto\\\/colchon-para-parques-cuadrados-2\\\/#primaryimage\"},\"image\":{\"@id\":\"https:\\\/\\\/gaspachitos.com\\\/eu\\\/producto\\\/colchon-para-parques-cuadrados-2\\\/#primaryimage\"},\"thumbnailUrl\":\"https:\\\/\\\/gaspachitos.com\\\/wp-content\\\/uploads\\\/2023\\\/01\\\/11781-thickbox_default-COLCHON-PARA-PARQUES-CUADRADOS.jpg\",\"datePublished\":\"2023-01-12T09:08:39+00:00\",\"breadcrumb\":{\"@id\":\"https:\\\/\\\/gaspachitos.com\\\/eu\\\/producto\\\/colchon-para-parques-cuadrados-2\\\/#breadcrumb\"},\"inLanguage\":\"eu-ES\",\"potentialAction\":[{\"@type\":\"ReadAction\",\"target\":[\"https:\\\/\\\/gaspachitos.com\\\/eu\\\/producto\\\/colchon-para-parques-cuadrados-2\\\/\"]}]},{\"@type\":\"ImageObject\",\"inLanguage\":\"eu-ES\",\"@id\":\"https:\\\/\\\/gaspachitos.com\\\/eu\\\/producto\\\/colchon-para-parques-cuadrados-2\\\/#primaryimage\",\"url\":\"https:\\\/\\\/gaspachitos.com\\\/wp-content\\\/uploads\\\/2023\\\/01\\\/11781-thickbox_default-COLCHON-PARA-PARQUES-CUADRADOS.jpg\",\"contentUrl\":\"https:\\\/\\\/gaspachitos.com\\\/wp-content\\\/uploads\\\/2023\\\/01\\\/11781-thickbox_default-COLCHON-PARA-PARQUES-CUADRADOS.jpg\",\"width\":800,\"height\":800},{\"@type\":\"BreadcrumbList\",\"@id\":\"https:\\\/\\\/gaspachitos.com\\\/eu\\\/producto\\\/colchon-para-parques-cuadrados-2\\\/#breadcrumb\",\"itemListElement\":[{\"@type\":\"ListItem\",\"position\":1,\"name\":\"Portada\",\"item\":\"https:\\\/\\\/gaspachitos.com\\\/\"},{\"@type\":\"ListItem\",\"position\":2,\"name\":\"Produtos\",\"item\":\"https:\\\/\\\/gaspachitos.com\\\/gl\\\/shop\\\/\"},{\"@type\":\"ListItem\",\"position\":3,\"name\":\"COLCH\u00d3N PARA PARQUES CUADRADOS\"}]},{\"@type\":\"WebSite\",\"@id\":\"https:\\\/\\\/gaspachitos.com\\\/#website\",\"url\":\"https:\\\/\\\/gaspachitos.com\\\/\",\"name\":\"Gaspachitos\",\"description\":\"La tienda para tu beb\u00e9: cochecitos, sillas de paseo, cunas...\",\"potentialAction\":[{\"@type\":\"SearchAction\",\"target\":{\"@type\":\"EntryPoint\",\"urlTemplate\":\"https:\\\/\\\/gaspachitos.com\\\/?s={search_term_string}\"},\"query-input\":{\"@type\":\"PropertyValueSpecification\",\"valueRequired\":true,\"valueName\":\"search_term_string\"}}],\"inLanguage\":\"eu-ES\"}]}<\/script>\n<!-- \/ Yoast SEO plugin. -->","yoast_head_json":{"title":"COLCH\u00d3N PARA PARQUES CUADRADOS - Gaspachitos","robots":{"index":"index","follow":"follow","max-snippet":"max-snippet:-1","max-image-preview":"max-image-preview:large","max-video-preview":"max-video-preview:-1"},"canonical":"https:\/\/gaspachitos.com\/eu\/producto\/colchon-para-parques-cuadrados-2\/","og_locale":"eu_ES","og_type":"article","og_title":"COLCH\u00d3N PARA PARQUES CUADRADOS - Gaspachitos","og_description":"COLCH\u00d3N PARA PARQUES CUADRADOS","og_url":"https:\/\/gaspachitos.com\/eu\/producto\/colchon-para-parques-cuadrados-2\/","og_site_name":"Gaspachitos","og_image":[{"width":800,"height":800,"url":"https:\/\/gaspachitos.com\/wp-content\/uploads\/2023\/01\/11781-thickbox_default-COLCHON-PARA-PARQUES-CUADRADOS.jpg","type":"image\/jpeg"}],"twitter_card":"summary_large_image","schema":{"@context":"https:\/\/schema.org","@graph":[{"@type":"WebPage","@id":"https:\/\/gaspachitos.com\/eu\/producto\/colchon-para-parques-cuadrados-2\/","url":"https:\/\/gaspachitos.com\/eu\/producto\/colchon-para-parques-cuadrados-2\/","name":"COLCH\u00d3N PARA PARQUES CUADRADOS - Gaspachitos","isPartOf":{"@id":"https:\/\/gaspachitos.com\/#website"},"primaryImageOfPage":{"@id":"https:\/\/gaspachitos.com\/eu\/producto\/colchon-para-parques-cuadrados-2\/#primaryimage"},"image":{"@id":"https:\/\/gaspachitos.com\/eu\/producto\/colchon-para-parques-cuadrados-2\/#primaryimage"},"thumbnailUrl":"https:\/\/gaspachitos.com\/wp-content\/uploads\/2023\/01\/11781-thickbox_default-COLCHON-PARA-PARQUES-CUADRADOS.jpg","datePublished":"2023-01-12T09:08:39+00:00","breadcrumb":{"@id":"https:\/\/gaspachitos.com\/eu\/producto\/colchon-para-parques-cuadrados-2\/#breadcrumb"},"inLanguage":"eu-ES","potentialAction":[{"@type":"ReadAction","target":["https:\/\/gaspachitos.com\/eu\/producto\/colchon-para-parques-cuadrados-2\/"]}]},{"@type":"ImageObject","inLanguage":"eu-ES","@id":"https:\/\/gaspachitos.com\/eu\/producto\/colchon-para-parques-cuadrados-2\/#primaryimage","url":"https:\/\/gaspachitos.com\/wp-content\/uploads\/2023\/01\/11781-thickbox_default-COLCHON-PARA-PARQUES-CUADRADOS.jpg","contentUrl":"https:\/\/gaspachitos.com\/wp-content\/uploads\/2023\/01\/11781-thickbox_default-COLCHON-PARA-PARQUES-CUADRADOS.jpg","width":800,"height":800},{"@type":"BreadcrumbList","@id":"https:\/\/gaspachitos.com\/eu\/producto\/colchon-para-parques-cuadrados-2\/#breadcrumb","itemListElement":[{"@type":"ListItem","position":1,"name":"Portada","item":"https:\/\/gaspachitos.com\/"},{"@type":"ListItem","position":2,"name":"Produtos","item":"https:\/\/gaspachitos.com\/gl\/shop\/"},{"@type":"ListItem","position":3,"name":"COLCH\u00d3N PARA PARQUES CUADRADOS"}]},{"@type":"WebSite","@id":"https:\/\/gaspachitos.com\/#website","url":"https:\/\/gaspachitos.com\/","name":"Gaspachitos","description":"La tienda para tu beb\u00e9: cochecitos, sillas de paseo, cunas...","potentialAction":[{"@type":"SearchAction","target":{"@type":"EntryPoint","urlTemplate":"https:\/\/gaspachitos.com\/?s={search_term_string}"},"query-input":{"@type":"PropertyValueSpecification","valueRequired":true,"valueName":"search_term_string"}}],"inLanguage":"eu-ES"}]}},"brands":[],"_links":{"self":[{"href":"https:\/\/gaspachitos.com\/eu\/wp-json\/wp\/v2\/product\/266914","targetHints":{"allow":["GET"]}}],"collection":[{"href":"https:\/\/gaspachitos.com\/eu\/wp-json\/wp\/v2\/product"}],"about":[{"href":"https:\/\/gaspachitos.com\/eu\/wp-json\/wp\/v2\/types\/product"}],"replies":[{"embeddable":true,"href":"https:\/\/gaspachitos.com\/eu\/wp-json\/wp\/v2\/comments?post=266914"}],"wp:featuredmedia":[{"embeddable":true,"href":"https:\/\/gaspachitos.com\/eu\/wp-json\/wp\/v2\/media\/252651"}],"wp:attachment":[{"href":"https:\/\/gaspachitos.com\/eu\/wp-json\/wp\/v2\/media?parent=266914"}],"wp:term":[{"taxonomy":"pwb-brand","embeddable":true,"href":"https:\/\/gaspachitos.com\/eu\/wp-json\/wp\/v2\/pwb-brand?post=266914"},{"taxonomy":"product_brand","embeddable":true,"href":"https:\/\/gaspachitos.com\/eu\/wp-json\/wp\/v2\/product_brand?post=266914"},{"taxonomy":"product_cat","embeddable":true,"href":"https:\/\/gaspachitos.com\/eu\/wp-json\/wp\/v2\/product_cat?post=266914"},{"taxonomy":"product_tag","embeddable":true,"href":"https:\/\/gaspachitos.com\/eu\/wp-json\/wp\/v2\/product_tag?post=266914"}],"curies":[{"name":"wp","href":"https:\/\/api.w.org\/{rel}","templated":true}]}}