{"id":266705,"date":"2023-01-05T11:10:44","date_gmt":"2023-01-05T09:10:44","guid":{"rendered":"https:\/\/nueva.gaspachitos.com\/producto\/cam-el-mundo-del-bebe-s345226-columpio-sonnolento\/"},"modified":"2023-01-05T11:10:44","modified_gmt":"2023-01-05T09:10:44","slug":"cam-el-mundo-del-bebe-s345226-columpio-sonnolento","status":"publish","type":"product","link":"https:\/\/gaspachitos.com\/eu\/producto\/cam-el-mundo-del-bebe-s345226-columpio-sonnolento\/","title":{"rendered":"CAM El Mundo del Beb\u00e9 S345\/226 Columpio Sonnolento"},"content":{"rendered":"<p><span>Edad de uso: 0-9kg Respaldo regulable en 2 posiciones y funda de tejido suave.\u00a0<\/span><span>Reductor de cabeza amortiguada.\u00a0<\/span><span>Correa de 5 puntos Arco del parasol con 2 peluches desmontables y regulables en altura en 2 posiciones.\u00a0<\/span><span>3 velocidades ajustables.\u00a0<\/span><span>Temporizador de apagado autom\u00e1tico (10-20-30 min), 5 melod\u00edas, 3 sonidos naturales.\u00a0<\/span><span>Volumen ajustable.\u00a0<\/span><span>Pies con almohadillas de goma antideslizantes.\u00a0<\/span><span>Funciona con pilas (4 pilas modelo c 1,5 voltios), lista para usar con corriente a trav\u00e9s de un transformador opcional (entrada: 100-240v~50\/60hz 0,25a m\u00e1x., salida: 6v~1000ma).\u00a0<\/span><span>Posibilidad de uso como silla bloqueando el vaiv\u00e9n del asiento.\u00a0<\/span><span>Funda desenfundable y lavable a 30\u00b0C.\u00a0<\/span><span>Cierre compacto.\u00a0<\/span><span>Gift Box Safety: &#8211; Norma europea de referencia: EN 16232 &#8211; para ni\u00f1os de hasta 9 kg &#8211; test de seguridad de los componentes electr\u00f3nicos &#8211; test de estanqueidad de la funci\u00f3n de oscilaci\u00f3n &#8211; test de lateral,<\/span><\/p>\n","protected":false},"excerpt":{"rendered":"<h1 id=\"title\" class=\"a-size-large a-spacing-none\"><span id=\"productTitle\" class=\"a-size-large product-title-word-break\">CAM El Mundo del Beb\u00e9 S345\/226 Columpio Sonnolento, verde<\/span><\/h1>\n","protected":false},"featured_media":252030,"comment_status":"open","ping_status":"closed","template":"","meta":{"_et_pb_use_builder":"","_et_pb_old_content":"","_et_gb_content_width":""},"pwb-brand":[5251],"product_brand":[],"product_cat":[10878],"product_tag":[],"class_list":{"0":"post-266705","1":"product","2":"type-product","3":"status-publish","4":"has-post-thumbnail","6":"pwb-brand-cam","7":"product_cat-sin-categorizar","9":"first","10":"instock","11":"taxable","12":"shipping-taxable","13":"purchasable","14":"product-type-variable","15":"has-default-attributes"},"yoast_head":"<!-- This site is optimized with the Yoast SEO plugin v27.5 - https:\/\/yoast.com\/product\/yoast-seo-wordpress\/ -->\n<title>sonnolento cam<\/title>\n<meta name=\"description\" content=\"sonnolento cam\" \/>\n<meta name=\"robots\" content=\"index, follow, max-snippet:-1, max-image-preview:large, max-video-preview:-1\" \/>\n<link rel=\"canonical\" href=\"https:\/\/gaspachitos.com\/producto\/cam-el-mundo-del-bebe-s345226-columpio-sonnolento\/\" \/>\n<meta property=\"og:locale\" content=\"eu_ES\" \/>\n<meta property=\"og:type\" content=\"article\" \/>\n<meta property=\"og:title\" content=\"sonnolento cam\" \/>\n<meta property=\"og:description\" content=\"sonnolento cam\" \/>\n<meta property=\"og:url\" content=\"https:\/\/gaspachitos.com\/producto\/cam-el-mundo-del-bebe-s345226-columpio-sonnolento\/\" \/>\n<meta property=\"og:site_name\" content=\"Gaspachitos\" \/>\n<meta property=\"og:image\" content=\"https:\/\/gaspachitos.com\/wp-content\/uploads\/2023\/01\/11903-thickbox_default-CAM-El-Mundo-del-Bebe-S345226-Columpio-Sonnolento.jpg\" \/>\n\t<meta property=\"og:image:width\" content=\"800\" \/>\n\t<meta property=\"og:image:height\" content=\"800\" \/>\n\t<meta property=\"og:image:type\" content=\"image\/jpeg\" \/>\n<meta name=\"twitter:card\" content=\"summary_large_image\" \/>\n<meta name=\"twitter:label1\" content=\"Est. reading time\" \/>\n\t<meta name=\"twitter:data1\" content=\"1 minute\" \/>\n<script type=\"application\/ld+json\" class=\"yoast-schema-graph\">{\"@context\":\"https:\\\/\\\/schema.org\",\"@graph\":[{\"@type\":\"WebPage\",\"@id\":\"https:\\\/\\\/gaspachitos.com\\\/producto\\\/cam-el-mundo-del-bebe-s345226-columpio-sonnolento\\\/\",\"url\":\"https:\\\/\\\/gaspachitos.com\\\/producto\\\/cam-el-mundo-del-bebe-s345226-columpio-sonnolento\\\/\",\"name\":\"sonnolento cam\",\"isPartOf\":{\"@id\":\"https:\\\/\\\/gaspachitos.com\\\/#website\"},\"primaryImageOfPage\":{\"@id\":\"https:\\\/\\\/gaspachitos.com\\\/producto\\\/cam-el-mundo-del-bebe-s345226-columpio-sonnolento\\\/#primaryimage\"},\"image\":{\"@id\":\"https:\\\/\\\/gaspachitos.com\\\/producto\\\/cam-el-mundo-del-bebe-s345226-columpio-sonnolento\\\/#primaryimage\"},\"thumbnailUrl\":\"https:\\\/\\\/gaspachitos.com\\\/wp-content\\\/uploads\\\/2023\\\/01\\\/11903-thickbox_default-CAM-El-Mundo-del-Bebe-S345226-Columpio-Sonnolento.jpg\",\"datePublished\":\"2023-01-05T09:10:44+00:00\",\"description\":\"sonnolento cam\",\"breadcrumb\":{\"@id\":\"https:\\\/\\\/gaspachitos.com\\\/producto\\\/cam-el-mundo-del-bebe-s345226-columpio-sonnolento\\\/#breadcrumb\"},\"inLanguage\":\"eu-ES\",\"potentialAction\":[{\"@type\":\"ReadAction\",\"target\":[\"https:\\\/\\\/gaspachitos.com\\\/producto\\\/cam-el-mundo-del-bebe-s345226-columpio-sonnolento\\\/\"]}]},{\"@type\":\"ImageObject\",\"inLanguage\":\"eu-ES\",\"@id\":\"https:\\\/\\\/gaspachitos.com\\\/producto\\\/cam-el-mundo-del-bebe-s345226-columpio-sonnolento\\\/#primaryimage\",\"url\":\"https:\\\/\\\/gaspachitos.com\\\/wp-content\\\/uploads\\\/2023\\\/01\\\/11903-thickbox_default-CAM-El-Mundo-del-Bebe-S345226-Columpio-Sonnolento.jpg\",\"contentUrl\":\"https:\\\/\\\/gaspachitos.com\\\/wp-content\\\/uploads\\\/2023\\\/01\\\/11903-thickbox_default-CAM-El-Mundo-del-Bebe-S345226-Columpio-Sonnolento.jpg\",\"width\":800,\"height\":800},{\"@type\":\"BreadcrumbList\",\"@id\":\"https:\\\/\\\/gaspachitos.com\\\/producto\\\/cam-el-mundo-del-bebe-s345226-columpio-sonnolento\\\/#breadcrumb\",\"itemListElement\":[{\"@type\":\"ListItem\",\"position\":1,\"name\":\"Portada\",\"item\":\"https:\\\/\\\/gaspachitos.com\\\/\"},{\"@type\":\"ListItem\",\"position\":2,\"name\":\"Produtos\",\"item\":\"https:\\\/\\\/gaspachitos.com\\\/gl\\\/shop\\\/\"},{\"@type\":\"ListItem\",\"position\":3,\"name\":\"CAM El Mundo del Beb\u00e9 S345\\\/226 Columpio Sonnolento\"}]},{\"@type\":\"WebSite\",\"@id\":\"https:\\\/\\\/gaspachitos.com\\\/#website\",\"url\":\"https:\\\/\\\/gaspachitos.com\\\/\",\"name\":\"Gaspachitos\",\"description\":\"La tienda para tu beb\u00e9: cochecitos, sillas de paseo, cunas...\",\"potentialAction\":[{\"@type\":\"SearchAction\",\"target\":{\"@type\":\"EntryPoint\",\"urlTemplate\":\"https:\\\/\\\/gaspachitos.com\\\/?s={search_term_string}\"},\"query-input\":{\"@type\":\"PropertyValueSpecification\",\"valueRequired\":true,\"valueName\":\"search_term_string\"}}],\"inLanguage\":\"eu-ES\"}]}<\/script>\n<!-- \/ Yoast SEO plugin. -->","yoast_head_json":{"title":"sonnolento cam","description":"sonnolento cam","robots":{"index":"index","follow":"follow","max-snippet":"max-snippet:-1","max-image-preview":"max-image-preview:large","max-video-preview":"max-video-preview:-1"},"canonical":"https:\/\/gaspachitos.com\/producto\/cam-el-mundo-del-bebe-s345226-columpio-sonnolento\/","og_locale":"eu_ES","og_type":"article","og_title":"sonnolento cam","og_description":"sonnolento cam","og_url":"https:\/\/gaspachitos.com\/producto\/cam-el-mundo-del-bebe-s345226-columpio-sonnolento\/","og_site_name":"Gaspachitos","og_image":[{"width":800,"height":800,"url":"https:\/\/gaspachitos.com\/wp-content\/uploads\/2023\/01\/11903-thickbox_default-CAM-El-Mundo-del-Bebe-S345226-Columpio-Sonnolento.jpg","type":"image\/jpeg"}],"twitter_card":"summary_large_image","twitter_misc":{"Est. reading time":"1 minute"},"schema":{"@context":"https:\/\/schema.org","@graph":[{"@type":"WebPage","@id":"https:\/\/gaspachitos.com\/producto\/cam-el-mundo-del-bebe-s345226-columpio-sonnolento\/","url":"https:\/\/gaspachitos.com\/producto\/cam-el-mundo-del-bebe-s345226-columpio-sonnolento\/","name":"sonnolento cam","isPartOf":{"@id":"https:\/\/gaspachitos.com\/#website"},"primaryImageOfPage":{"@id":"https:\/\/gaspachitos.com\/producto\/cam-el-mundo-del-bebe-s345226-columpio-sonnolento\/#primaryimage"},"image":{"@id":"https:\/\/gaspachitos.com\/producto\/cam-el-mundo-del-bebe-s345226-columpio-sonnolento\/#primaryimage"},"thumbnailUrl":"https:\/\/gaspachitos.com\/wp-content\/uploads\/2023\/01\/11903-thickbox_default-CAM-El-Mundo-del-Bebe-S345226-Columpio-Sonnolento.jpg","datePublished":"2023-01-05T09:10:44+00:00","description":"sonnolento cam","breadcrumb":{"@id":"https:\/\/gaspachitos.com\/producto\/cam-el-mundo-del-bebe-s345226-columpio-sonnolento\/#breadcrumb"},"inLanguage":"eu-ES","potentialAction":[{"@type":"ReadAction","target":["https:\/\/gaspachitos.com\/producto\/cam-el-mundo-del-bebe-s345226-columpio-sonnolento\/"]}]},{"@type":"ImageObject","inLanguage":"eu-ES","@id":"https:\/\/gaspachitos.com\/producto\/cam-el-mundo-del-bebe-s345226-columpio-sonnolento\/#primaryimage","url":"https:\/\/gaspachitos.com\/wp-content\/uploads\/2023\/01\/11903-thickbox_default-CAM-El-Mundo-del-Bebe-S345226-Columpio-Sonnolento.jpg","contentUrl":"https:\/\/gaspachitos.com\/wp-content\/uploads\/2023\/01\/11903-thickbox_default-CAM-El-Mundo-del-Bebe-S345226-Columpio-Sonnolento.jpg","width":800,"height":800},{"@type":"BreadcrumbList","@id":"https:\/\/gaspachitos.com\/producto\/cam-el-mundo-del-bebe-s345226-columpio-sonnolento\/#breadcrumb","itemListElement":[{"@type":"ListItem","position":1,"name":"Portada","item":"https:\/\/gaspachitos.com\/"},{"@type":"ListItem","position":2,"name":"Produtos","item":"https:\/\/gaspachitos.com\/gl\/shop\/"},{"@type":"ListItem","position":3,"name":"CAM El Mundo del Beb\u00e9 S345\/226 Columpio Sonnolento"}]},{"@type":"WebSite","@id":"https:\/\/gaspachitos.com\/#website","url":"https:\/\/gaspachitos.com\/","name":"Gaspachitos","description":"La tienda para tu beb\u00e9: cochecitos, sillas de paseo, cunas...","potentialAction":[{"@type":"SearchAction","target":{"@type":"EntryPoint","urlTemplate":"https:\/\/gaspachitos.com\/?s={search_term_string}"},"query-input":{"@type":"PropertyValueSpecification","valueRequired":true,"valueName":"search_term_string"}}],"inLanguage":"eu-ES"}]}},"brands":[{"id":5251,"name":"Cam","slug":"cam"}],"_links":{"self":[{"href":"https:\/\/gaspachitos.com\/eu\/wp-json\/wp\/v2\/product\/266705","targetHints":{"allow":["GET"]}}],"collection":[{"href":"https:\/\/gaspachitos.com\/eu\/wp-json\/wp\/v2\/product"}],"about":[{"href":"https:\/\/gaspachitos.com\/eu\/wp-json\/wp\/v2\/types\/product"}],"replies":[{"embeddable":true,"href":"https:\/\/gaspachitos.com\/eu\/wp-json\/wp\/v2\/comments?post=266705"}],"wp:featuredmedia":[{"embeddable":true,"href":"https:\/\/gaspachitos.com\/eu\/wp-json\/wp\/v2\/media\/252030"}],"wp:attachment":[{"href":"https:\/\/gaspachitos.com\/eu\/wp-json\/wp\/v2\/media?parent=266705"}],"wp:term":[{"taxonomy":"pwb-brand","embeddable":true,"href":"https:\/\/gaspachitos.com\/eu\/wp-json\/wp\/v2\/pwb-brand?post=266705"},{"taxonomy":"product_brand","embeddable":true,"href":"https:\/\/gaspachitos.com\/eu\/wp-json\/wp\/v2\/product_brand?post=266705"},{"taxonomy":"product_cat","embeddable":true,"href":"https:\/\/gaspachitos.com\/eu\/wp-json\/wp\/v2\/product_cat?post=266705"},{"taxonomy":"product_tag","embeddable":true,"href":"https:\/\/gaspachitos.com\/eu\/wp-json\/wp\/v2\/product_tag?post=266705"}],"curies":[{"name":"wp","href":"https:\/\/api.w.org\/{rel}","templated":true}]}}