{"id":266635,"date":"2023-01-04T10:33:27","date_gmt":"2023-01-04T08:33:27","guid":{"rendered":"https:\/\/nueva.gaspachitos.com\/producto\/safety-barrea-easy-extra-tall-metal\/"},"modified":"2023-01-04T10:33:27","modified_gmt":"2023-01-04T08:33:27","slug":"safety-barrea-easy-extra-tall-metal","status":"publish","type":"product","link":"https:\/\/gaspachitos.com\/eu\/producto\/safety-barrea-easy-extra-tall-metal\/","title":{"rendered":"Safety barrea Easy extra tall metal"},"content":{"rendered":"<p><span>Safety barrera Easy close extra tall metal\u00a0<\/span><\/p>\n<p><span>\u00a0<\/span>Pr\u00e1ctica y f\u00e1cil de usar:Se fija a presi\u00f3n (4 puntos) en los pasos de puertas de entre 73 y 80 cm\u00a0\u00a0<\/p>\n<p><span>Posibilidad de a\u00f1adir hasta 3 extensiones* para impedir el acceso a espacios de hasta 94 cm de longitud.\u00a0<\/span><\/p>\n<p><span>Altura: 91cm. Especial para perros medianos.\u00a0<\/span><\/p>\n<p><span>Peso: 200 gr.\u00a0<\/span><\/p>\n<p><span>Sistema de doble cierre: accionable f\u00e1cilmente por un adulto, pero imposible de abrir para el ni\u00f1o \u00a0<\/span><\/p>\n<p><span>Se abre en los dos sentidos de izquierda a derecha o de derecha a izquierda, con una sola mano \u00a0<\/span><\/p>\n<p><span>\u00a0<\/span>A destacar:\u00a0<\/p>\n<p><span><span><\/span>Garant\u00eda 2 a\u00f1os\u00a0<\/span><\/p>\n<p><span>\u00a0<\/span>Cumple la norma EN1930, esta barrera de seguridad est\u00e1 concebida para ni\u00f1os de 24 meses y menos.\u00a0\u00a0<\/p>\n<p><span>No debe instalarse cerca de las aberturas de ventanas. \u00a0<\/span><\/p>\n<p><span>Una instalaci\u00f3n o posici\u00f3n incorrecta puede resultar peligrosa\u00a0<\/span><\/p>\n","protected":false},"excerpt":{"rendered":"<h1 class=\"h1 page-title\"><span>Safety barrera Easy close extra tall metal. De 73 a 80cm.\u00a0<\/span><\/h1>\n","protected":false},"featured_media":251841,"comment_status":"open","ping_status":"closed","template":"","meta":{"_et_pb_use_builder":"","_et_pb_old_content":"","_et_gb_content_width":""},"pwb-brand":[],"product_brand":[],"product_cat":[5950],"product_tag":[],"class_list":{"0":"post-266635","1":"product","2":"type-product","3":"status-publish","4":"has-post-thumbnail","6":"product_cat-barrera-para-puertas-eu","8":"first","9":"instock","10":"taxable","11":"shipping-taxable","12":"purchasable","13":"product-type-simple"},"yoast_head":"<!-- This site is optimized with the Yoast SEO plugin v27.5 - https:\/\/yoast.com\/product\/yoast-seo-wordpress\/ -->\n<title>safety barrera<\/title>\n<meta name=\"description\" content=\"safety barrera metal\" \/>\n<meta name=\"robots\" content=\"index, follow, max-snippet:-1, max-image-preview:large, max-video-preview:-1\" \/>\n<link rel=\"canonical\" href=\"https:\/\/gaspachitos.com\/producto\/safety-barrea-easy-extra-tall-metal\/\" \/>\n<meta property=\"og:locale\" content=\"eu_ES\" \/>\n<meta property=\"og:type\" content=\"article\" \/>\n<meta property=\"og:title\" content=\"safety barrera\" \/>\n<meta property=\"og:description\" content=\"safety barrera metal\" \/>\n<meta property=\"og:url\" content=\"https:\/\/gaspachitos.com\/producto\/safety-barrea-easy-extra-tall-metal\/\" \/>\n<meta property=\"og:site_name\" content=\"Gaspachitos\" \/>\n<meta property=\"og:image\" content=\"https:\/\/gaspachitos.com\/wp-content\/uploads\/2023\/01\/11718-thickbox_default-Safety-barrea-Easy-extra-tall-metal.jpg\" \/>\n\t<meta property=\"og:image:width\" content=\"800\" \/>\n\t<meta property=\"og:image:height\" content=\"800\" \/>\n\t<meta property=\"og:image:type\" content=\"image\/jpeg\" \/>\n<meta name=\"twitter:card\" content=\"summary_large_image\" \/>\n<meta name=\"twitter:label1\" content=\"Est. reading time\" \/>\n\t<meta name=\"twitter:data1\" content=\"1 minute\" \/>\n<script type=\"application\/ld+json\" class=\"yoast-schema-graph\">{\"@context\":\"https:\\\/\\\/schema.org\",\"@graph\":[{\"@type\":\"WebPage\",\"@id\":\"https:\\\/\\\/gaspachitos.com\\\/producto\\\/safety-barrea-easy-extra-tall-metal\\\/\",\"url\":\"https:\\\/\\\/gaspachitos.com\\\/producto\\\/safety-barrea-easy-extra-tall-metal\\\/\",\"name\":\"safety barrera\",\"isPartOf\":{\"@id\":\"https:\\\/\\\/gaspachitos.com\\\/#website\"},\"primaryImageOfPage\":{\"@id\":\"https:\\\/\\\/gaspachitos.com\\\/producto\\\/safety-barrea-easy-extra-tall-metal\\\/#primaryimage\"},\"image\":{\"@id\":\"https:\\\/\\\/gaspachitos.com\\\/producto\\\/safety-barrea-easy-extra-tall-metal\\\/#primaryimage\"},\"thumbnailUrl\":\"https:\\\/\\\/gaspachitos.com\\\/wp-content\\\/uploads\\\/2023\\\/01\\\/11718-thickbox_default-Safety-barrea-Easy-extra-tall-metal.jpg\",\"datePublished\":\"2023-01-04T08:33:27+00:00\",\"description\":\"safety barrera metal\",\"breadcrumb\":{\"@id\":\"https:\\\/\\\/gaspachitos.com\\\/producto\\\/safety-barrea-easy-extra-tall-metal\\\/#breadcrumb\"},\"inLanguage\":\"eu-ES\",\"potentialAction\":[{\"@type\":\"ReadAction\",\"target\":[\"https:\\\/\\\/gaspachitos.com\\\/producto\\\/safety-barrea-easy-extra-tall-metal\\\/\"]}]},{\"@type\":\"ImageObject\",\"inLanguage\":\"eu-ES\",\"@id\":\"https:\\\/\\\/gaspachitos.com\\\/producto\\\/safety-barrea-easy-extra-tall-metal\\\/#primaryimage\",\"url\":\"https:\\\/\\\/gaspachitos.com\\\/wp-content\\\/uploads\\\/2023\\\/01\\\/11718-thickbox_default-Safety-barrea-Easy-extra-tall-metal.jpg\",\"contentUrl\":\"https:\\\/\\\/gaspachitos.com\\\/wp-content\\\/uploads\\\/2023\\\/01\\\/11718-thickbox_default-Safety-barrea-Easy-extra-tall-metal.jpg\",\"width\":800,\"height\":800},{\"@type\":\"BreadcrumbList\",\"@id\":\"https:\\\/\\\/gaspachitos.com\\\/producto\\\/safety-barrea-easy-extra-tall-metal\\\/#breadcrumb\",\"itemListElement\":[{\"@type\":\"ListItem\",\"position\":1,\"name\":\"Portada\",\"item\":\"https:\\\/\\\/gaspachitos.com\\\/\"},{\"@type\":\"ListItem\",\"position\":2,\"name\":\"Produtos\",\"item\":\"https:\\\/\\\/gaspachitos.com\\\/gl\\\/shop\\\/\"},{\"@type\":\"ListItem\",\"position\":3,\"name\":\"Safety barrea Easy extra tall metal\"}]},{\"@type\":\"WebSite\",\"@id\":\"https:\\\/\\\/gaspachitos.com\\\/#website\",\"url\":\"https:\\\/\\\/gaspachitos.com\\\/\",\"name\":\"Gaspachitos\",\"description\":\"La tienda para tu beb\u00e9: cochecitos, sillas de paseo, cunas...\",\"potentialAction\":[{\"@type\":\"SearchAction\",\"target\":{\"@type\":\"EntryPoint\",\"urlTemplate\":\"https:\\\/\\\/gaspachitos.com\\\/?s={search_term_string}\"},\"query-input\":{\"@type\":\"PropertyValueSpecification\",\"valueRequired\":true,\"valueName\":\"search_term_string\"}}],\"inLanguage\":\"eu-ES\"}]}<\/script>\n<!-- \/ Yoast SEO plugin. -->","yoast_head_json":{"title":"safety barrera","description":"safety barrera metal","robots":{"index":"index","follow":"follow","max-snippet":"max-snippet:-1","max-image-preview":"max-image-preview:large","max-video-preview":"max-video-preview:-1"},"canonical":"https:\/\/gaspachitos.com\/producto\/safety-barrea-easy-extra-tall-metal\/","og_locale":"eu_ES","og_type":"article","og_title":"safety barrera","og_description":"safety barrera metal","og_url":"https:\/\/gaspachitos.com\/producto\/safety-barrea-easy-extra-tall-metal\/","og_site_name":"Gaspachitos","og_image":[{"width":800,"height":800,"url":"https:\/\/gaspachitos.com\/wp-content\/uploads\/2023\/01\/11718-thickbox_default-Safety-barrea-Easy-extra-tall-metal.jpg","type":"image\/jpeg"}],"twitter_card":"summary_large_image","twitter_misc":{"Est. reading time":"1 minute"},"schema":{"@context":"https:\/\/schema.org","@graph":[{"@type":"WebPage","@id":"https:\/\/gaspachitos.com\/producto\/safety-barrea-easy-extra-tall-metal\/","url":"https:\/\/gaspachitos.com\/producto\/safety-barrea-easy-extra-tall-metal\/","name":"safety barrera","isPartOf":{"@id":"https:\/\/gaspachitos.com\/#website"},"primaryImageOfPage":{"@id":"https:\/\/gaspachitos.com\/producto\/safety-barrea-easy-extra-tall-metal\/#primaryimage"},"image":{"@id":"https:\/\/gaspachitos.com\/producto\/safety-barrea-easy-extra-tall-metal\/#primaryimage"},"thumbnailUrl":"https:\/\/gaspachitos.com\/wp-content\/uploads\/2023\/01\/11718-thickbox_default-Safety-barrea-Easy-extra-tall-metal.jpg","datePublished":"2023-01-04T08:33:27+00:00","description":"safety barrera metal","breadcrumb":{"@id":"https:\/\/gaspachitos.com\/producto\/safety-barrea-easy-extra-tall-metal\/#breadcrumb"},"inLanguage":"eu-ES","potentialAction":[{"@type":"ReadAction","target":["https:\/\/gaspachitos.com\/producto\/safety-barrea-easy-extra-tall-metal\/"]}]},{"@type":"ImageObject","inLanguage":"eu-ES","@id":"https:\/\/gaspachitos.com\/producto\/safety-barrea-easy-extra-tall-metal\/#primaryimage","url":"https:\/\/gaspachitos.com\/wp-content\/uploads\/2023\/01\/11718-thickbox_default-Safety-barrea-Easy-extra-tall-metal.jpg","contentUrl":"https:\/\/gaspachitos.com\/wp-content\/uploads\/2023\/01\/11718-thickbox_default-Safety-barrea-Easy-extra-tall-metal.jpg","width":800,"height":800},{"@type":"BreadcrumbList","@id":"https:\/\/gaspachitos.com\/producto\/safety-barrea-easy-extra-tall-metal\/#breadcrumb","itemListElement":[{"@type":"ListItem","position":1,"name":"Portada","item":"https:\/\/gaspachitos.com\/"},{"@type":"ListItem","position":2,"name":"Produtos","item":"https:\/\/gaspachitos.com\/gl\/shop\/"},{"@type":"ListItem","position":3,"name":"Safety barrea Easy extra tall metal"}]},{"@type":"WebSite","@id":"https:\/\/gaspachitos.com\/#website","url":"https:\/\/gaspachitos.com\/","name":"Gaspachitos","description":"La tienda para tu beb\u00e9: cochecitos, sillas de paseo, cunas...","potentialAction":[{"@type":"SearchAction","target":{"@type":"EntryPoint","urlTemplate":"https:\/\/gaspachitos.com\/?s={search_term_string}"},"query-input":{"@type":"PropertyValueSpecification","valueRequired":true,"valueName":"search_term_string"}}],"inLanguage":"eu-ES"}]}},"brands":[],"_links":{"self":[{"href":"https:\/\/gaspachitos.com\/eu\/wp-json\/wp\/v2\/product\/266635","targetHints":{"allow":["GET"]}}],"collection":[{"href":"https:\/\/gaspachitos.com\/eu\/wp-json\/wp\/v2\/product"}],"about":[{"href":"https:\/\/gaspachitos.com\/eu\/wp-json\/wp\/v2\/types\/product"}],"replies":[{"embeddable":true,"href":"https:\/\/gaspachitos.com\/eu\/wp-json\/wp\/v2\/comments?post=266635"}],"wp:featuredmedia":[{"embeddable":true,"href":"https:\/\/gaspachitos.com\/eu\/wp-json\/wp\/v2\/media\/251841"}],"wp:attachment":[{"href":"https:\/\/gaspachitos.com\/eu\/wp-json\/wp\/v2\/media?parent=266635"}],"wp:term":[{"taxonomy":"pwb-brand","embeddable":true,"href":"https:\/\/gaspachitos.com\/eu\/wp-json\/wp\/v2\/pwb-brand?post=266635"},{"taxonomy":"product_brand","embeddable":true,"href":"https:\/\/gaspachitos.com\/eu\/wp-json\/wp\/v2\/product_brand?post=266635"},{"taxonomy":"product_cat","embeddable":true,"href":"https:\/\/gaspachitos.com\/eu\/wp-json\/wp\/v2\/product_cat?post=266635"},{"taxonomy":"product_tag","embeddable":true,"href":"https:\/\/gaspachitos.com\/eu\/wp-json\/wp\/v2\/product_tag?post=266635"}],"curies":[{"name":"wp","href":"https:\/\/api.w.org\/{rel}","templated":true}]}}