{"id":266599,"date":"2023-01-03T13:01:34","date_gmt":"2023-01-03T11:01:34","guid":{"rendered":"https:\/\/nueva.gaspachitos.com\/producto\/procesador-de-alimentos-alecto-5-en-1\/"},"modified":"2023-01-03T13:01:34","modified_gmt":"2023-01-03T11:01:34","slug":"procesador-de-alimentos-alecto-5-en-1","status":"publish","type":"product","link":"https:\/\/gaspachitos.com\/eu\/producto\/procesador-de-alimentos-alecto-5-en-1\/","title":{"rendered":"Procesador de alimentos Alecto 5 en 1"},"content":{"rendered":"<p><span>Procesador de alimentos 5 en 1 para comida saludable para beb\u00e9 Comida sana y r\u00e1pida Conservaci\u00f3n de sabores y vitaminas F\u00e1cil de usar mediante pantalla 1. Vaporear 2. Triturar\/licuar 3. Calentar 4. Esterilizar biberones\/chupetes 5. Calienta biberones Apagado autom\u00e1tico tras 40 minutos Limpieza f\u00e1cil Incluye cesta para vaporear (650 ml), cesta y tapa para esterilizar, vaso dosificador (120 ml), pinzas y esp\u00e1tula Sin BPA Dimensiones (a x a x p) 225 x 300 x 145 mm Alimentaci\u00f3n: 230 V \/ 50 Hz<\/span><\/p>\n","protected":false},"excerpt":{"rendered":"<h1 class=\"title_text__LT7WEsjvW0\">Procesador de alimentos Alecto 5 en 1<\/h1>\n","protected":false},"featured_media":274533,"comment_status":"open","ping_status":"closed","template":"","meta":{"_et_pb_use_builder":"","_et_pb_old_content":"","_et_gb_content_width":""},"pwb-brand":[5611],"product_brand":[],"product_cat":[6130],"product_tag":[],"class_list":{"0":"post-266599","1":"product","2":"type-product","3":"status-publish","4":"has-post-thumbnail","6":"pwb-brand-alecto","7":"product_cat-robots-de-cocina-eu","9":"first","10":"instock","11":"taxable","12":"shipping-taxable","13":"purchasable","14":"product-type-simple"},"yoast_head":"<!-- This site is optimized with the Yoast SEO plugin v27.5 - https:\/\/yoast.com\/product\/yoast-seo-wordpress\/ -->\n<title>robot de cocina alecto<\/title>\n<meta name=\"description\" content=\"robot de cocina alecto\" \/>\n<meta name=\"robots\" content=\"index, follow, max-snippet:-1, max-image-preview:large, max-video-preview:-1\" \/>\n<link rel=\"canonical\" href=\"https:\/\/gaspachitos.com\/eu\/producto\/procesador-de-alimentos-alecto-5-en-1\/\" \/>\n<meta property=\"og:locale\" content=\"eu_ES\" \/>\n<meta property=\"og:type\" content=\"article\" \/>\n<meta property=\"og:title\" content=\"robot de cocina alecto\" \/>\n<meta property=\"og:description\" content=\"robot de cocina alecto\" \/>\n<meta property=\"og:url\" content=\"https:\/\/gaspachitos.com\/eu\/producto\/procesador-de-alimentos-alecto-5-en-1\/\" \/>\n<meta property=\"og:site_name\" content=\"Gaspachitos\" \/>\n<meta property=\"og:image\" content=\"https:\/\/gaspachitos.com\/wp-content\/uploads\/2023\/01\/Procesador-de-alimentos-Alecto-5-en-1.jpg\" \/>\n\t<meta property=\"og:image:width\" content=\"300\" \/>\n\t<meta property=\"og:image:height\" content=\"375\" \/>\n\t<meta property=\"og:image:type\" content=\"image\/jpeg\" \/>\n<meta name=\"twitter:card\" content=\"summary_large_image\" \/>\n<script type=\"application\/ld+json\" class=\"yoast-schema-graph\">{\"@context\":\"https:\\\/\\\/schema.org\",\"@graph\":[{\"@type\":\"WebPage\",\"@id\":\"https:\\\/\\\/gaspachitos.com\\\/eu\\\/producto\\\/procesador-de-alimentos-alecto-5-en-1\\\/\",\"url\":\"https:\\\/\\\/gaspachitos.com\\\/eu\\\/producto\\\/procesador-de-alimentos-alecto-5-en-1\\\/\",\"name\":\"robot de cocina alecto\",\"isPartOf\":{\"@id\":\"https:\\\/\\\/gaspachitos.com\\\/#website\"},\"primaryImageOfPage\":{\"@id\":\"https:\\\/\\\/gaspachitos.com\\\/eu\\\/producto\\\/procesador-de-alimentos-alecto-5-en-1\\\/#primaryimage\"},\"image\":{\"@id\":\"https:\\\/\\\/gaspachitos.com\\\/eu\\\/producto\\\/procesador-de-alimentos-alecto-5-en-1\\\/#primaryimage\"},\"thumbnailUrl\":\"https:\\\/\\\/gaspachitos.com\\\/wp-content\\\/uploads\\\/2023\\\/01\\\/Procesador-de-alimentos-Alecto-5-en-1.jpg\",\"datePublished\":\"2023-01-03T11:01:34+00:00\",\"description\":\"robot de cocina alecto\",\"breadcrumb\":{\"@id\":\"https:\\\/\\\/gaspachitos.com\\\/eu\\\/producto\\\/procesador-de-alimentos-alecto-5-en-1\\\/#breadcrumb\"},\"inLanguage\":\"eu-ES\",\"potentialAction\":[{\"@type\":\"ReadAction\",\"target\":[\"https:\\\/\\\/gaspachitos.com\\\/eu\\\/producto\\\/procesador-de-alimentos-alecto-5-en-1\\\/\"]}]},{\"@type\":\"ImageObject\",\"inLanguage\":\"eu-ES\",\"@id\":\"https:\\\/\\\/gaspachitos.com\\\/eu\\\/producto\\\/procesador-de-alimentos-alecto-5-en-1\\\/#primaryimage\",\"url\":\"https:\\\/\\\/gaspachitos.com\\\/wp-content\\\/uploads\\\/2023\\\/01\\\/Procesador-de-alimentos-Alecto-5-en-1.jpg\",\"contentUrl\":\"https:\\\/\\\/gaspachitos.com\\\/wp-content\\\/uploads\\\/2023\\\/01\\\/Procesador-de-alimentos-Alecto-5-en-1.jpg\",\"width\":300,\"height\":375},{\"@type\":\"BreadcrumbList\",\"@id\":\"https:\\\/\\\/gaspachitos.com\\\/eu\\\/producto\\\/procesador-de-alimentos-alecto-5-en-1\\\/#breadcrumb\",\"itemListElement\":[{\"@type\":\"ListItem\",\"position\":1,\"name\":\"Portada\",\"item\":\"https:\\\/\\\/gaspachitos.com\\\/\"},{\"@type\":\"ListItem\",\"position\":2,\"name\":\"Produtos\",\"item\":\"https:\\\/\\\/gaspachitos.com\\\/gl\\\/shop\\\/\"},{\"@type\":\"ListItem\",\"position\":3,\"name\":\"Procesador de alimentos Alecto 5 en 1\"}]},{\"@type\":\"WebSite\",\"@id\":\"https:\\\/\\\/gaspachitos.com\\\/#website\",\"url\":\"https:\\\/\\\/gaspachitos.com\\\/\",\"name\":\"Gaspachitos\",\"description\":\"La tienda para tu beb\u00e9: cochecitos, sillas de paseo, cunas...\",\"potentialAction\":[{\"@type\":\"SearchAction\",\"target\":{\"@type\":\"EntryPoint\",\"urlTemplate\":\"https:\\\/\\\/gaspachitos.com\\\/?s={search_term_string}\"},\"query-input\":{\"@type\":\"PropertyValueSpecification\",\"valueRequired\":true,\"valueName\":\"search_term_string\"}}],\"inLanguage\":\"eu-ES\"}]}<\/script>\n<!-- \/ Yoast SEO plugin. -->","yoast_head_json":{"title":"robot de cocina alecto","description":"robot de cocina alecto","robots":{"index":"index","follow":"follow","max-snippet":"max-snippet:-1","max-image-preview":"max-image-preview:large","max-video-preview":"max-video-preview:-1"},"canonical":"https:\/\/gaspachitos.com\/eu\/producto\/procesador-de-alimentos-alecto-5-en-1\/","og_locale":"eu_ES","og_type":"article","og_title":"robot de cocina alecto","og_description":"robot de cocina alecto","og_url":"https:\/\/gaspachitos.com\/eu\/producto\/procesador-de-alimentos-alecto-5-en-1\/","og_site_name":"Gaspachitos","og_image":[{"width":300,"height":375,"url":"https:\/\/gaspachitos.com\/wp-content\/uploads\/2023\/01\/Procesador-de-alimentos-Alecto-5-en-1.jpg","type":"image\/jpeg"}],"twitter_card":"summary_large_image","schema":{"@context":"https:\/\/schema.org","@graph":[{"@type":"WebPage","@id":"https:\/\/gaspachitos.com\/eu\/producto\/procesador-de-alimentos-alecto-5-en-1\/","url":"https:\/\/gaspachitos.com\/eu\/producto\/procesador-de-alimentos-alecto-5-en-1\/","name":"robot de cocina alecto","isPartOf":{"@id":"https:\/\/gaspachitos.com\/#website"},"primaryImageOfPage":{"@id":"https:\/\/gaspachitos.com\/eu\/producto\/procesador-de-alimentos-alecto-5-en-1\/#primaryimage"},"image":{"@id":"https:\/\/gaspachitos.com\/eu\/producto\/procesador-de-alimentos-alecto-5-en-1\/#primaryimage"},"thumbnailUrl":"https:\/\/gaspachitos.com\/wp-content\/uploads\/2023\/01\/Procesador-de-alimentos-Alecto-5-en-1.jpg","datePublished":"2023-01-03T11:01:34+00:00","description":"robot de cocina alecto","breadcrumb":{"@id":"https:\/\/gaspachitos.com\/eu\/producto\/procesador-de-alimentos-alecto-5-en-1\/#breadcrumb"},"inLanguage":"eu-ES","potentialAction":[{"@type":"ReadAction","target":["https:\/\/gaspachitos.com\/eu\/producto\/procesador-de-alimentos-alecto-5-en-1\/"]}]},{"@type":"ImageObject","inLanguage":"eu-ES","@id":"https:\/\/gaspachitos.com\/eu\/producto\/procesador-de-alimentos-alecto-5-en-1\/#primaryimage","url":"https:\/\/gaspachitos.com\/wp-content\/uploads\/2023\/01\/Procesador-de-alimentos-Alecto-5-en-1.jpg","contentUrl":"https:\/\/gaspachitos.com\/wp-content\/uploads\/2023\/01\/Procesador-de-alimentos-Alecto-5-en-1.jpg","width":300,"height":375},{"@type":"BreadcrumbList","@id":"https:\/\/gaspachitos.com\/eu\/producto\/procesador-de-alimentos-alecto-5-en-1\/#breadcrumb","itemListElement":[{"@type":"ListItem","position":1,"name":"Portada","item":"https:\/\/gaspachitos.com\/"},{"@type":"ListItem","position":2,"name":"Produtos","item":"https:\/\/gaspachitos.com\/gl\/shop\/"},{"@type":"ListItem","position":3,"name":"Procesador de alimentos Alecto 5 en 1"}]},{"@type":"WebSite","@id":"https:\/\/gaspachitos.com\/#website","url":"https:\/\/gaspachitos.com\/","name":"Gaspachitos","description":"La tienda para tu beb\u00e9: cochecitos, sillas de paseo, cunas...","potentialAction":[{"@type":"SearchAction","target":{"@type":"EntryPoint","urlTemplate":"https:\/\/gaspachitos.com\/?s={search_term_string}"},"query-input":{"@type":"PropertyValueSpecification","valueRequired":true,"valueName":"search_term_string"}}],"inLanguage":"eu-ES"}]}},"brands":[{"id":5611,"name":"Alecto","slug":"alecto"}],"_links":{"self":[{"href":"https:\/\/gaspachitos.com\/eu\/wp-json\/wp\/v2\/product\/266599","targetHints":{"allow":["GET"]}}],"collection":[{"href":"https:\/\/gaspachitos.com\/eu\/wp-json\/wp\/v2\/product"}],"about":[{"href":"https:\/\/gaspachitos.com\/eu\/wp-json\/wp\/v2\/types\/product"}],"replies":[{"embeddable":true,"href":"https:\/\/gaspachitos.com\/eu\/wp-json\/wp\/v2\/comments?post=266599"}],"wp:featuredmedia":[{"embeddable":true,"href":"https:\/\/gaspachitos.com\/eu\/wp-json\/wp\/v2\/media\/274533"}],"wp:attachment":[{"href":"https:\/\/gaspachitos.com\/eu\/wp-json\/wp\/v2\/media?parent=266599"}],"wp:term":[{"taxonomy":"pwb-brand","embeddable":true,"href":"https:\/\/gaspachitos.com\/eu\/wp-json\/wp\/v2\/pwb-brand?post=266599"},{"taxonomy":"product_brand","embeddable":true,"href":"https:\/\/gaspachitos.com\/eu\/wp-json\/wp\/v2\/product_brand?post=266599"},{"taxonomy":"product_cat","embeddable":true,"href":"https:\/\/gaspachitos.com\/eu\/wp-json\/wp\/v2\/product_cat?post=266599"},{"taxonomy":"product_tag","embeddable":true,"href":"https:\/\/gaspachitos.com\/eu\/wp-json\/wp\/v2\/product_tag?post=266599"}],"curies":[{"name":"wp","href":"https:\/\/api.w.org\/{rel}","templated":true}]}}