{"id":266563,"date":"2022-12-30T11:28:03","date_gmt":"2022-12-30T09:28:03","guid":{"rendered":"https:\/\/nueva.gaspachitos.com\/producto\/sophie-la-girafe-sophie-by-me-juguete-edicion-limitada-de-60-anos\/"},"modified":"2022-12-30T11:28:03","modified_gmt":"2022-12-30T09:28:03","slug":"sophie-la-girafe-sophie-by-me-juguete-edicion-limitada-de-60-anos","status":"publish","type":"product","link":"https:\/\/gaspachitos.com\/eu\/producto\/sophie-la-girafe-sophie-by-me-juguete-edicion-limitada-de-60-anos\/","title":{"rendered":"Sophie la Girafe Sophie by me &#8211; Juguete, edici\u00f3n limitada de 60 a\u00f1os"},"content":{"rendered":"<ul class=\"a-unordered-list a-vertical a-spacing-mini\">\n<li><span class=\"a-list-item\">Sophie la Girafe es el icono intergeneracional y el compa\u00f1ero indispensable, tierno, divertido y estimulante para el beb\u00e9, hecho de goma 100 % natural.<\/span><\/li>\n<li><span class=\"a-list-item\">Descubre la edici\u00f3n limitada y de colecci\u00f3n de Sophie la Girafe para sus 60 a\u00f1os.<\/span><\/li>\n<li><span class=\"a-list-item\">\u00a1Con mucho orgullo lleva el dise\u00f1o que creaste! Una maravillosa muestra de amor.<\/span><\/li>\n<li><span class=\"a-list-item\">Sophie la Girafe es el primer juguete para beb\u00e9s que despierta todos sus sentidos: la vista, el o\u00eddo, el sabor, el tacto y el olfato<\/span><\/li>\n<li><span class=\"a-list-item\">Instrucciones de lavado: Lavar a mano solo la superficie con un pa\u00f1o h\u00famedo<\/span><\/li>\n<\/ul>\n","protected":false},"excerpt":{"rendered":"<h1 id=\"title\" class=\"a-size-large a-spacing-none\"><span id=\"productTitle\" class=\"a-size-large product-title-word-break\">Sophie la Girafe Sophie by me &#8211; Juguete, edici\u00f3n limitada de 60 a\u00f1os<\/span><\/h1>\n","protected":false},"featured_media":251517,"comment_status":"open","ping_status":"closed","template":"","meta":{"_et_pb_use_builder":"","_et_pb_old_content":"","_et_gb_content_width":""},"pwb-brand":[10987],"product_brand":[],"product_cat":[5851,6481],"product_tag":[],"class_list":{"0":"post-266563","1":"product","2":"type-product","3":"status-publish","4":"has-post-thumbnail","6":"pwb-brand-sophie-la-girafe","7":"product_cat-juguetes-eu","8":"product_cat-mordedores-eu","10":"first","11":"instock","12":"taxable","13":"shipping-taxable","14":"purchasable","15":"product-type-simple"},"yoast_head":"<!-- This site is optimized with the Yoast SEO plugin v27.4 - https:\/\/yoast.com\/product\/yoast-seo-wordpress\/ -->\n<title>sophie la jirafa 60 a\u00f1os edici\u00f3n limitada<\/title>\n<meta name=\"description\" content=\"sophie la jirafa 60 a\u00f1os edici\u00f3n limitada\" \/>\n<meta name=\"robots\" content=\"index, follow, max-snippet:-1, max-image-preview:large, max-video-preview:-1\" \/>\n<link rel=\"canonical\" href=\"https:\/\/gaspachitos.com\/eu\/producto\/sophie-la-girafe-sophie-by-me-juguete-edicion-limitada-de-60-anos\/\" \/>\n<meta property=\"og:locale\" content=\"eu_ES\" \/>\n<meta property=\"og:type\" content=\"article\" \/>\n<meta property=\"og:title\" content=\"sophie la jirafa 60 a\u00f1os edici\u00f3n limitada\" \/>\n<meta property=\"og:description\" content=\"sophie la jirafa 60 a\u00f1os edici\u00f3n limitada\" \/>\n<meta property=\"og:url\" content=\"https:\/\/gaspachitos.com\/eu\/producto\/sophie-la-girafe-sophie-by-me-juguete-edicion-limitada-de-60-anos\/\" \/>\n<meta property=\"og:site_name\" content=\"Gaspachitos\" \/>\n<meta property=\"og:image\" content=\"https:\/\/gaspachitos.com\/wp-content\/uploads\/2022\/12\/11685-thickbox_default-Sophie-la-Girafe-Sophie-by-me-Juguete-edicion-limitada-de-60-anos.jpg\" \/>\n\t<meta property=\"og:image:width\" content=\"800\" \/>\n\t<meta property=\"og:image:height\" content=\"800\" \/>\n\t<meta property=\"og:image:type\" content=\"image\/jpeg\" \/>\n<meta name=\"twitter:card\" content=\"summary_large_image\" \/>\n<script type=\"application\/ld+json\" class=\"yoast-schema-graph\">{\"@context\":\"https:\\\/\\\/schema.org\",\"@graph\":[{\"@type\":\"WebPage\",\"@id\":\"https:\\\/\\\/gaspachitos.com\\\/eu\\\/producto\\\/sophie-la-girafe-sophie-by-me-juguete-edicion-limitada-de-60-anos\\\/\",\"url\":\"https:\\\/\\\/gaspachitos.com\\\/eu\\\/producto\\\/sophie-la-girafe-sophie-by-me-juguete-edicion-limitada-de-60-anos\\\/\",\"name\":\"sophie la jirafa 60 a\u00f1os edici\u00f3n limitada\",\"isPartOf\":{\"@id\":\"https:\\\/\\\/gaspachitos.com\\\/#website\"},\"primaryImageOfPage\":{\"@id\":\"https:\\\/\\\/gaspachitos.com\\\/eu\\\/producto\\\/sophie-la-girafe-sophie-by-me-juguete-edicion-limitada-de-60-anos\\\/#primaryimage\"},\"image\":{\"@id\":\"https:\\\/\\\/gaspachitos.com\\\/eu\\\/producto\\\/sophie-la-girafe-sophie-by-me-juguete-edicion-limitada-de-60-anos\\\/#primaryimage\"},\"thumbnailUrl\":\"https:\\\/\\\/gaspachitos.com\\\/wp-content\\\/uploads\\\/2022\\\/12\\\/11685-thickbox_default-Sophie-la-Girafe-Sophie-by-me-Juguete-edicion-limitada-de-60-anos.jpg\",\"datePublished\":\"2022-12-30T09:28:03+00:00\",\"description\":\"sophie la jirafa 60 a\u00f1os edici\u00f3n limitada\",\"breadcrumb\":{\"@id\":\"https:\\\/\\\/gaspachitos.com\\\/eu\\\/producto\\\/sophie-la-girafe-sophie-by-me-juguete-edicion-limitada-de-60-anos\\\/#breadcrumb\"},\"inLanguage\":\"eu-ES\",\"potentialAction\":[{\"@type\":\"ReadAction\",\"target\":[\"https:\\\/\\\/gaspachitos.com\\\/eu\\\/producto\\\/sophie-la-girafe-sophie-by-me-juguete-edicion-limitada-de-60-anos\\\/\"]}]},{\"@type\":\"ImageObject\",\"inLanguage\":\"eu-ES\",\"@id\":\"https:\\\/\\\/gaspachitos.com\\\/eu\\\/producto\\\/sophie-la-girafe-sophie-by-me-juguete-edicion-limitada-de-60-anos\\\/#primaryimage\",\"url\":\"https:\\\/\\\/gaspachitos.com\\\/wp-content\\\/uploads\\\/2022\\\/12\\\/11685-thickbox_default-Sophie-la-Girafe-Sophie-by-me-Juguete-edicion-limitada-de-60-anos.jpg\",\"contentUrl\":\"https:\\\/\\\/gaspachitos.com\\\/wp-content\\\/uploads\\\/2022\\\/12\\\/11685-thickbox_default-Sophie-la-Girafe-Sophie-by-me-Juguete-edicion-limitada-de-60-anos.jpg\",\"width\":800,\"height\":800},{\"@type\":\"BreadcrumbList\",\"@id\":\"https:\\\/\\\/gaspachitos.com\\\/eu\\\/producto\\\/sophie-la-girafe-sophie-by-me-juguete-edicion-limitada-de-60-anos\\\/#breadcrumb\",\"itemListElement\":[{\"@type\":\"ListItem\",\"position\":1,\"name\":\"Portada\",\"item\":\"https:\\\/\\\/gaspachitos.com\\\/\"},{\"@type\":\"ListItem\",\"position\":2,\"name\":\"Produtos\",\"item\":\"https:\\\/\\\/gaspachitos.com\\\/gl\\\/shop\\\/\"},{\"@type\":\"ListItem\",\"position\":3,\"name\":\"Sophie la Girafe Sophie by me &#8211; Juguete, edici\u00f3n limitada de 60 a\u00f1os\"}]},{\"@type\":\"WebSite\",\"@id\":\"https:\\\/\\\/gaspachitos.com\\\/#website\",\"url\":\"https:\\\/\\\/gaspachitos.com\\\/\",\"name\":\"Gaspachitos\",\"description\":\"La tienda para tu beb\u00e9: cochecitos, sillas de paseo, cunas...\",\"potentialAction\":[{\"@type\":\"SearchAction\",\"target\":{\"@type\":\"EntryPoint\",\"urlTemplate\":\"https:\\\/\\\/gaspachitos.com\\\/?s={search_term_string}\"},\"query-input\":{\"@type\":\"PropertyValueSpecification\",\"valueRequired\":true,\"valueName\":\"search_term_string\"}}],\"inLanguage\":\"eu-ES\"}]}<\/script>\n<!-- \/ Yoast SEO plugin. -->","yoast_head_json":{"title":"sophie la jirafa 60 a\u00f1os edici\u00f3n limitada","description":"sophie la jirafa 60 a\u00f1os edici\u00f3n limitada","robots":{"index":"index","follow":"follow","max-snippet":"max-snippet:-1","max-image-preview":"max-image-preview:large","max-video-preview":"max-video-preview:-1"},"canonical":"https:\/\/gaspachitos.com\/eu\/producto\/sophie-la-girafe-sophie-by-me-juguete-edicion-limitada-de-60-anos\/","og_locale":"eu_ES","og_type":"article","og_title":"sophie la jirafa 60 a\u00f1os edici\u00f3n limitada","og_description":"sophie la jirafa 60 a\u00f1os edici\u00f3n limitada","og_url":"https:\/\/gaspachitos.com\/eu\/producto\/sophie-la-girafe-sophie-by-me-juguete-edicion-limitada-de-60-anos\/","og_site_name":"Gaspachitos","og_image":[{"width":800,"height":800,"url":"https:\/\/gaspachitos.com\/wp-content\/uploads\/2022\/12\/11685-thickbox_default-Sophie-la-Girafe-Sophie-by-me-Juguete-edicion-limitada-de-60-anos.jpg","type":"image\/jpeg"}],"twitter_card":"summary_large_image","schema":{"@context":"https:\/\/schema.org","@graph":[{"@type":"WebPage","@id":"https:\/\/gaspachitos.com\/eu\/producto\/sophie-la-girafe-sophie-by-me-juguete-edicion-limitada-de-60-anos\/","url":"https:\/\/gaspachitos.com\/eu\/producto\/sophie-la-girafe-sophie-by-me-juguete-edicion-limitada-de-60-anos\/","name":"sophie la jirafa 60 a\u00f1os edici\u00f3n limitada","isPartOf":{"@id":"https:\/\/gaspachitos.com\/#website"},"primaryImageOfPage":{"@id":"https:\/\/gaspachitos.com\/eu\/producto\/sophie-la-girafe-sophie-by-me-juguete-edicion-limitada-de-60-anos\/#primaryimage"},"image":{"@id":"https:\/\/gaspachitos.com\/eu\/producto\/sophie-la-girafe-sophie-by-me-juguete-edicion-limitada-de-60-anos\/#primaryimage"},"thumbnailUrl":"https:\/\/gaspachitos.com\/wp-content\/uploads\/2022\/12\/11685-thickbox_default-Sophie-la-Girafe-Sophie-by-me-Juguete-edicion-limitada-de-60-anos.jpg","datePublished":"2022-12-30T09:28:03+00:00","description":"sophie la jirafa 60 a\u00f1os edici\u00f3n limitada","breadcrumb":{"@id":"https:\/\/gaspachitos.com\/eu\/producto\/sophie-la-girafe-sophie-by-me-juguete-edicion-limitada-de-60-anos\/#breadcrumb"},"inLanguage":"eu-ES","potentialAction":[{"@type":"ReadAction","target":["https:\/\/gaspachitos.com\/eu\/producto\/sophie-la-girafe-sophie-by-me-juguete-edicion-limitada-de-60-anos\/"]}]},{"@type":"ImageObject","inLanguage":"eu-ES","@id":"https:\/\/gaspachitos.com\/eu\/producto\/sophie-la-girafe-sophie-by-me-juguete-edicion-limitada-de-60-anos\/#primaryimage","url":"https:\/\/gaspachitos.com\/wp-content\/uploads\/2022\/12\/11685-thickbox_default-Sophie-la-Girafe-Sophie-by-me-Juguete-edicion-limitada-de-60-anos.jpg","contentUrl":"https:\/\/gaspachitos.com\/wp-content\/uploads\/2022\/12\/11685-thickbox_default-Sophie-la-Girafe-Sophie-by-me-Juguete-edicion-limitada-de-60-anos.jpg","width":800,"height":800},{"@type":"BreadcrumbList","@id":"https:\/\/gaspachitos.com\/eu\/producto\/sophie-la-girafe-sophie-by-me-juguete-edicion-limitada-de-60-anos\/#breadcrumb","itemListElement":[{"@type":"ListItem","position":1,"name":"Portada","item":"https:\/\/gaspachitos.com\/"},{"@type":"ListItem","position":2,"name":"Produtos","item":"https:\/\/gaspachitos.com\/gl\/shop\/"},{"@type":"ListItem","position":3,"name":"Sophie la Girafe Sophie by me &#8211; Juguete, edici\u00f3n limitada de 60 a\u00f1os"}]},{"@type":"WebSite","@id":"https:\/\/gaspachitos.com\/#website","url":"https:\/\/gaspachitos.com\/","name":"Gaspachitos","description":"La tienda para tu beb\u00e9: cochecitos, sillas de paseo, cunas...","potentialAction":[{"@type":"SearchAction","target":{"@type":"EntryPoint","urlTemplate":"https:\/\/gaspachitos.com\/?s={search_term_string}"},"query-input":{"@type":"PropertyValueSpecification","valueRequired":true,"valueName":"search_term_string"}}],"inLanguage":"eu-ES"}]}},"brands":[{"id":10987,"name":"Sophie la girafe","slug":"sophie-la-girafe"}],"_links":{"self":[{"href":"https:\/\/gaspachitos.com\/eu\/wp-json\/wp\/v2\/product\/266563","targetHints":{"allow":["GET"]}}],"collection":[{"href":"https:\/\/gaspachitos.com\/eu\/wp-json\/wp\/v2\/product"}],"about":[{"href":"https:\/\/gaspachitos.com\/eu\/wp-json\/wp\/v2\/types\/product"}],"replies":[{"embeddable":true,"href":"https:\/\/gaspachitos.com\/eu\/wp-json\/wp\/v2\/comments?post=266563"}],"wp:featuredmedia":[{"embeddable":true,"href":"https:\/\/gaspachitos.com\/eu\/wp-json\/wp\/v2\/media\/251517"}],"wp:attachment":[{"href":"https:\/\/gaspachitos.com\/eu\/wp-json\/wp\/v2\/media?parent=266563"}],"wp:term":[{"taxonomy":"pwb-brand","embeddable":true,"href":"https:\/\/gaspachitos.com\/eu\/wp-json\/wp\/v2\/pwb-brand?post=266563"},{"taxonomy":"product_brand","embeddable":true,"href":"https:\/\/gaspachitos.com\/eu\/wp-json\/wp\/v2\/product_brand?post=266563"},{"taxonomy":"product_cat","embeddable":true,"href":"https:\/\/gaspachitos.com\/eu\/wp-json\/wp\/v2\/product_cat?post=266563"},{"taxonomy":"product_tag","embeddable":true,"href":"https:\/\/gaspachitos.com\/eu\/wp-json\/wp\/v2\/product_tag?post=266563"}],"curies":[{"name":"wp","href":"https:\/\/api.w.org\/{rel}","templated":true}]}}