{"id":266482,"date":"2022-12-29T11:34:39","date_gmt":"2022-12-29T09:34:39","guid":{"rendered":"https:\/\/nueva.gaspachitos.com\/producto\/clippasafe-shampoo-eye-shield-2\/"},"modified":"2022-12-29T11:34:39","modified_gmt":"2022-12-29T09:34:39","slug":"clippasafe-shampoo-eye-shield-2","status":"publish","type":"product","link":"https:\/\/gaspachitos.com\/eu\/producto\/clippasafe-shampoo-eye-shield-2\/","title":{"rendered":"Clippasafe Shampoo Eye Shield"},"content":{"rendered":"<p class=\"tw-data-text tw-text-large tw-ta\" id=\"tw-target-text\" dir=\"ltr\"><span class=\"Y2IQFc\" lang=\"es\" xml:lang=\"es\">Una divertida jugueter\u00eda para el ba\u00f1o. La bolsa para juguetes de ba\u00f1o Clippasafe se adhiere f\u00e1cilmente al costado de la ba\u00f1era o a una superficie lisa con ventosas. Ayuda a mantener los juguetes ordenados y listos para usar la pr\u00f3xima vez. Las ventosas de Bath Toy Bag requieren una superficie lisa y plana para adherirse correctamente, si se usan en azulejos o en una superficie que tiene patrones o texturas, es posible que no se adhieran. En algunos casos raros, las ventosas pueden distorsionarse mientras est\u00e1n en el empaque, en este caso, sumergirlas en una taza de agua hirviendo restaurar\u00e1 su forma.<\/span><\/p>\n","protected":false},"excerpt":{"rendered":"<h1 class=\"product-single__title\">Clippasafe Shampoo Eye Shield<\/h1>\n","protected":false},"featured_media":251301,"comment_status":"open","ping_status":"closed","template":"","meta":{"_et_pb_use_builder":"","_et_pb_old_content":"","_et_gb_content_width":""},"pwb-brand":[],"product_brand":[],"product_cat":[5833,6409],"product_tag":[],"class_list":{"0":"post-266482","1":"product","2":"type-product","3":"status-publish","4":"has-post-thumbnail","6":"product_cat-bano-eu","7":"product_cat-cosmetica-e-higiene-infantil-eu","9":"first","10":"instock","11":"taxable","12":"shipping-taxable","13":"purchasable","14":"product-type-simple"},"yoast_head":"<!-- This site is optimized with the Yoast SEO plugin v27.5 - https:\/\/yoast.com\/product\/yoast-seo-wordpress\/ -->\n<title>gorro de ducha<\/title>\n<meta name=\"description\" content=\"gorro de ducha\" \/>\n<meta name=\"robots\" content=\"index, follow, max-snippet:-1, max-image-preview:large, max-video-preview:-1\" \/>\n<link rel=\"canonical\" href=\"https:\/\/gaspachitos.com\/producto\/clippasafe-shampoo-eye-shield-2\/\" \/>\n<meta property=\"og:locale\" content=\"eu_ES\" \/>\n<meta property=\"og:type\" content=\"article\" \/>\n<meta property=\"og:title\" content=\"gorro de ducha\" \/>\n<meta property=\"og:description\" content=\"gorro de ducha\" \/>\n<meta property=\"og:url\" content=\"https:\/\/gaspachitos.com\/producto\/clippasafe-shampoo-eye-shield-2\/\" \/>\n<meta property=\"og:site_name\" content=\"Gaspachitos\" \/>\n<meta property=\"og:image\" content=\"https:\/\/gaspachitos.com\/wp-content\/uploads\/2022\/12\/11670-thickbox_default-Clippasafe-Shampoo-Eye-Shield.jpg\" \/>\n\t<meta property=\"og:image:width\" content=\"800\" \/>\n\t<meta property=\"og:image:height\" content=\"800\" \/>\n\t<meta property=\"og:image:type\" content=\"image\/jpeg\" \/>\n<meta name=\"twitter:card\" content=\"summary_large_image\" \/>\n<meta name=\"twitter:label1\" content=\"Est. reading time\" \/>\n\t<meta name=\"twitter:data1\" content=\"1 minute\" \/>\n<script type=\"application\/ld+json\" class=\"yoast-schema-graph\">{\"@context\":\"https:\\\/\\\/schema.org\",\"@graph\":[{\"@type\":\"WebPage\",\"@id\":\"https:\\\/\\\/gaspachitos.com\\\/producto\\\/clippasafe-shampoo-eye-shield-2\\\/\",\"url\":\"https:\\\/\\\/gaspachitos.com\\\/producto\\\/clippasafe-shampoo-eye-shield-2\\\/\",\"name\":\"gorro de ducha\",\"isPartOf\":{\"@id\":\"https:\\\/\\\/gaspachitos.com\\\/#website\"},\"primaryImageOfPage\":{\"@id\":\"https:\\\/\\\/gaspachitos.com\\\/producto\\\/clippasafe-shampoo-eye-shield-2\\\/#primaryimage\"},\"image\":{\"@id\":\"https:\\\/\\\/gaspachitos.com\\\/producto\\\/clippasafe-shampoo-eye-shield-2\\\/#primaryimage\"},\"thumbnailUrl\":\"https:\\\/\\\/gaspachitos.com\\\/wp-content\\\/uploads\\\/2022\\\/12\\\/11670-thickbox_default-Clippasafe-Shampoo-Eye-Shield.jpg\",\"datePublished\":\"2022-12-29T09:34:39+00:00\",\"description\":\"gorro de ducha\",\"breadcrumb\":{\"@id\":\"https:\\\/\\\/gaspachitos.com\\\/producto\\\/clippasafe-shampoo-eye-shield-2\\\/#breadcrumb\"},\"inLanguage\":\"eu-ES\",\"potentialAction\":[{\"@type\":\"ReadAction\",\"target\":[\"https:\\\/\\\/gaspachitos.com\\\/producto\\\/clippasafe-shampoo-eye-shield-2\\\/\"]}]},{\"@type\":\"ImageObject\",\"inLanguage\":\"eu-ES\",\"@id\":\"https:\\\/\\\/gaspachitos.com\\\/producto\\\/clippasafe-shampoo-eye-shield-2\\\/#primaryimage\",\"url\":\"https:\\\/\\\/gaspachitos.com\\\/wp-content\\\/uploads\\\/2022\\\/12\\\/11670-thickbox_default-Clippasafe-Shampoo-Eye-Shield.jpg\",\"contentUrl\":\"https:\\\/\\\/gaspachitos.com\\\/wp-content\\\/uploads\\\/2022\\\/12\\\/11670-thickbox_default-Clippasafe-Shampoo-Eye-Shield.jpg\",\"width\":800,\"height\":800},{\"@type\":\"BreadcrumbList\",\"@id\":\"https:\\\/\\\/gaspachitos.com\\\/producto\\\/clippasafe-shampoo-eye-shield-2\\\/#breadcrumb\",\"itemListElement\":[{\"@type\":\"ListItem\",\"position\":1,\"name\":\"Portada\",\"item\":\"https:\\\/\\\/gaspachitos.com\\\/\"},{\"@type\":\"ListItem\",\"position\":2,\"name\":\"Produtos\",\"item\":\"https:\\\/\\\/gaspachitos.com\\\/gl\\\/shop\\\/\"},{\"@type\":\"ListItem\",\"position\":3,\"name\":\"Clippasafe Shampoo Eye Shield\"}]},{\"@type\":\"WebSite\",\"@id\":\"https:\\\/\\\/gaspachitos.com\\\/#website\",\"url\":\"https:\\\/\\\/gaspachitos.com\\\/\",\"name\":\"Gaspachitos\",\"description\":\"La tienda para tu beb\u00e9: cochecitos, sillas de paseo, cunas...\",\"potentialAction\":[{\"@type\":\"SearchAction\",\"target\":{\"@type\":\"EntryPoint\",\"urlTemplate\":\"https:\\\/\\\/gaspachitos.com\\\/?s={search_term_string}\"},\"query-input\":{\"@type\":\"PropertyValueSpecification\",\"valueRequired\":true,\"valueName\":\"search_term_string\"}}],\"inLanguage\":\"eu-ES\"}]}<\/script>\n<!-- \/ Yoast SEO plugin. -->","yoast_head_json":{"title":"gorro de ducha","description":"gorro de ducha","robots":{"index":"index","follow":"follow","max-snippet":"max-snippet:-1","max-image-preview":"max-image-preview:large","max-video-preview":"max-video-preview:-1"},"canonical":"https:\/\/gaspachitos.com\/producto\/clippasafe-shampoo-eye-shield-2\/","og_locale":"eu_ES","og_type":"article","og_title":"gorro de ducha","og_description":"gorro de ducha","og_url":"https:\/\/gaspachitos.com\/producto\/clippasafe-shampoo-eye-shield-2\/","og_site_name":"Gaspachitos","og_image":[{"width":800,"height":800,"url":"https:\/\/gaspachitos.com\/wp-content\/uploads\/2022\/12\/11670-thickbox_default-Clippasafe-Shampoo-Eye-Shield.jpg","type":"image\/jpeg"}],"twitter_card":"summary_large_image","twitter_misc":{"Est. reading time":"1 minute"},"schema":{"@context":"https:\/\/schema.org","@graph":[{"@type":"WebPage","@id":"https:\/\/gaspachitos.com\/producto\/clippasafe-shampoo-eye-shield-2\/","url":"https:\/\/gaspachitos.com\/producto\/clippasafe-shampoo-eye-shield-2\/","name":"gorro de ducha","isPartOf":{"@id":"https:\/\/gaspachitos.com\/#website"},"primaryImageOfPage":{"@id":"https:\/\/gaspachitos.com\/producto\/clippasafe-shampoo-eye-shield-2\/#primaryimage"},"image":{"@id":"https:\/\/gaspachitos.com\/producto\/clippasafe-shampoo-eye-shield-2\/#primaryimage"},"thumbnailUrl":"https:\/\/gaspachitos.com\/wp-content\/uploads\/2022\/12\/11670-thickbox_default-Clippasafe-Shampoo-Eye-Shield.jpg","datePublished":"2022-12-29T09:34:39+00:00","description":"gorro de ducha","breadcrumb":{"@id":"https:\/\/gaspachitos.com\/producto\/clippasafe-shampoo-eye-shield-2\/#breadcrumb"},"inLanguage":"eu-ES","potentialAction":[{"@type":"ReadAction","target":["https:\/\/gaspachitos.com\/producto\/clippasafe-shampoo-eye-shield-2\/"]}]},{"@type":"ImageObject","inLanguage":"eu-ES","@id":"https:\/\/gaspachitos.com\/producto\/clippasafe-shampoo-eye-shield-2\/#primaryimage","url":"https:\/\/gaspachitos.com\/wp-content\/uploads\/2022\/12\/11670-thickbox_default-Clippasafe-Shampoo-Eye-Shield.jpg","contentUrl":"https:\/\/gaspachitos.com\/wp-content\/uploads\/2022\/12\/11670-thickbox_default-Clippasafe-Shampoo-Eye-Shield.jpg","width":800,"height":800},{"@type":"BreadcrumbList","@id":"https:\/\/gaspachitos.com\/producto\/clippasafe-shampoo-eye-shield-2\/#breadcrumb","itemListElement":[{"@type":"ListItem","position":1,"name":"Portada","item":"https:\/\/gaspachitos.com\/"},{"@type":"ListItem","position":2,"name":"Produtos","item":"https:\/\/gaspachitos.com\/gl\/shop\/"},{"@type":"ListItem","position":3,"name":"Clippasafe Shampoo Eye Shield"}]},{"@type":"WebSite","@id":"https:\/\/gaspachitos.com\/#website","url":"https:\/\/gaspachitos.com\/","name":"Gaspachitos","description":"La tienda para tu beb\u00e9: cochecitos, sillas de paseo, cunas...","potentialAction":[{"@type":"SearchAction","target":{"@type":"EntryPoint","urlTemplate":"https:\/\/gaspachitos.com\/?s={search_term_string}"},"query-input":{"@type":"PropertyValueSpecification","valueRequired":true,"valueName":"search_term_string"}}],"inLanguage":"eu-ES"}]}},"brands":[],"_links":{"self":[{"href":"https:\/\/gaspachitos.com\/eu\/wp-json\/wp\/v2\/product\/266482","targetHints":{"allow":["GET"]}}],"collection":[{"href":"https:\/\/gaspachitos.com\/eu\/wp-json\/wp\/v2\/product"}],"about":[{"href":"https:\/\/gaspachitos.com\/eu\/wp-json\/wp\/v2\/types\/product"}],"replies":[{"embeddable":true,"href":"https:\/\/gaspachitos.com\/eu\/wp-json\/wp\/v2\/comments?post=266482"}],"wp:featuredmedia":[{"embeddable":true,"href":"https:\/\/gaspachitos.com\/eu\/wp-json\/wp\/v2\/media\/251301"}],"wp:attachment":[{"href":"https:\/\/gaspachitos.com\/eu\/wp-json\/wp\/v2\/media?parent=266482"}],"wp:term":[{"taxonomy":"pwb-brand","embeddable":true,"href":"https:\/\/gaspachitos.com\/eu\/wp-json\/wp\/v2\/pwb-brand?post=266482"},{"taxonomy":"product_brand","embeddable":true,"href":"https:\/\/gaspachitos.com\/eu\/wp-json\/wp\/v2\/product_brand?post=266482"},{"taxonomy":"product_cat","embeddable":true,"href":"https:\/\/gaspachitos.com\/eu\/wp-json\/wp\/v2\/product_cat?post=266482"},{"taxonomy":"product_tag","embeddable":true,"href":"https:\/\/gaspachitos.com\/eu\/wp-json\/wp\/v2\/product_tag?post=266482"}],"curies":[{"name":"wp","href":"https:\/\/api.w.org\/{rel}","templated":true}]}}