{"id":266338,"date":"2022-12-28T11:55:06","date_gmt":"2022-12-28T09:55:06","guid":{"rendered":"https:\/\/nueva.gaspachitos.com\/producto\/saco-silla-de-paseo-bimbidreams-velour-navy\/"},"modified":"2022-12-28T11:55:06","modified_gmt":"2022-12-28T09:55:06","slug":"saco-silla-de-paseo-bimbidreams-velour-navy","status":"publish","type":"product","link":"https:\/\/gaspachitos.com\/eu\/producto\/saco-silla-de-paseo-bimbidreams-velour-navy\/","title":{"rendered":"SACO SILLA DE PASEO BIMBIDREAMS VELOUR NAVY"},"content":{"rendered":"<p><span>Saco silla de paseo BimbiDreams Velour Navy<\/span><\/p>\n<p>Saco de carro universal Pirulos coleccion polar, adaptable a toda silla de paseo. .<\/p>\n<p>Tejido exterior 100% poliester impermeable.<\/p>\n<p>Con forro interior de microfibra polar antialerg\u00e9nico.<\/p>\n<p>Cabezal ajustable.<\/p>\n<p>Apertura central.<\/p>\n<p>Con cremallera lateral para una apertura total.<\/p>\n<p>Con cremallera de doble cursor para apertura superior e inferior.<\/p>\n<p>Tresera antideslizante.<\/p>\n<p>\u00a0<\/p>\n<p>Este saco est\u00e1 especialmente indicado para los d\u00edas m\u00e1s fr\u00edos de invierno, haciendo que disfrute de los paseos<\/p>\n<p>es la forma m\u00e1s c\u00e1lida y agradable.<\/p>\n<p>\u00a0<\/p>\n<p><span>Medidas:<\/span>\u00a050 x 90 cm.<\/p>\n","protected":false},"excerpt":{"rendered":"<h1 class=\"entry-title de_title_module product_title\">SACO SILLA DE PASEO BIMBIDREAMS VELOUR NAVY<\/h1>\n","protected":false},"featured_media":250932,"comment_status":"open","ping_status":"closed","template":"","meta":{"_et_pb_use_builder":"","_et_pb_old_content":"","_et_gb_content_width":""},"pwb-brand":[],"product_brand":[],"product_cat":[6490],"product_tag":[],"class_list":{"0":"post-266338","1":"product","2":"type-product","3":"status-publish","4":"has-post-thumbnail","6":"product_cat-sacos-de-silla-eu","8":"first","9":"instock","10":"taxable","11":"shipping-taxable","12":"purchasable","13":"product-type-simple"},"yoast_head":"<!-- This site is optimized with the Yoast SEO plugin v27.5 - https:\/\/yoast.com\/product\/yoast-seo-wordpress\/ -->\n<title>bimbipirulos saco silla<\/title>\n<meta name=\"description\" content=\"bimbipirulos saco silla\" \/>\n<meta name=\"robots\" content=\"index, follow, max-snippet:-1, max-image-preview:large, max-video-preview:-1\" \/>\n<link rel=\"canonical\" href=\"https:\/\/gaspachitos.com\/producto\/saco-silla-de-paseo-bimbidreams-velour-navy\/\" \/>\n<meta property=\"og:locale\" content=\"eu_ES\" \/>\n<meta property=\"og:type\" content=\"article\" \/>\n<meta property=\"og:title\" content=\"bimbipirulos saco silla\" \/>\n<meta property=\"og:description\" content=\"bimbipirulos saco silla\" \/>\n<meta property=\"og:url\" content=\"https:\/\/gaspachitos.com\/producto\/saco-silla-de-paseo-bimbidreams-velour-navy\/\" \/>\n<meta property=\"og:site_name\" content=\"Gaspachitos\" \/>\n<meta property=\"og:image\" content=\"https:\/\/gaspachitos.com\/wp-content\/uploads\/2022\/12\/11645-thickbox_default-SACO-SILLA-DE-PASEO-BIMBIDREAMS-VELOUR-NAVY.jpg\" \/>\n\t<meta property=\"og:image:width\" content=\"800\" \/>\n\t<meta property=\"og:image:height\" content=\"800\" \/>\n\t<meta property=\"og:image:type\" content=\"image\/jpeg\" \/>\n<meta name=\"twitter:card\" content=\"summary_large_image\" \/>\n<script type=\"application\/ld+json\" class=\"yoast-schema-graph\">{\"@context\":\"https:\\\/\\\/schema.org\",\"@graph\":[{\"@type\":\"WebPage\",\"@id\":\"https:\\\/\\\/gaspachitos.com\\\/producto\\\/saco-silla-de-paseo-bimbidreams-velour-navy\\\/\",\"url\":\"https:\\\/\\\/gaspachitos.com\\\/producto\\\/saco-silla-de-paseo-bimbidreams-velour-navy\\\/\",\"name\":\"bimbipirulos saco silla\",\"isPartOf\":{\"@id\":\"https:\\\/\\\/gaspachitos.com\\\/#website\"},\"primaryImageOfPage\":{\"@id\":\"https:\\\/\\\/gaspachitos.com\\\/producto\\\/saco-silla-de-paseo-bimbidreams-velour-navy\\\/#primaryimage\"},\"image\":{\"@id\":\"https:\\\/\\\/gaspachitos.com\\\/producto\\\/saco-silla-de-paseo-bimbidreams-velour-navy\\\/#primaryimage\"},\"thumbnailUrl\":\"https:\\\/\\\/gaspachitos.com\\\/wp-content\\\/uploads\\\/2022\\\/12\\\/11645-thickbox_default-SACO-SILLA-DE-PASEO-BIMBIDREAMS-VELOUR-NAVY.jpg\",\"datePublished\":\"2022-12-28T09:55:06+00:00\",\"description\":\"bimbipirulos saco silla\",\"breadcrumb\":{\"@id\":\"https:\\\/\\\/gaspachitos.com\\\/producto\\\/saco-silla-de-paseo-bimbidreams-velour-navy\\\/#breadcrumb\"},\"inLanguage\":\"eu-ES\",\"potentialAction\":[{\"@type\":\"ReadAction\",\"target\":[\"https:\\\/\\\/gaspachitos.com\\\/producto\\\/saco-silla-de-paseo-bimbidreams-velour-navy\\\/\"]}]},{\"@type\":\"ImageObject\",\"inLanguage\":\"eu-ES\",\"@id\":\"https:\\\/\\\/gaspachitos.com\\\/producto\\\/saco-silla-de-paseo-bimbidreams-velour-navy\\\/#primaryimage\",\"url\":\"https:\\\/\\\/gaspachitos.com\\\/wp-content\\\/uploads\\\/2022\\\/12\\\/11645-thickbox_default-SACO-SILLA-DE-PASEO-BIMBIDREAMS-VELOUR-NAVY.jpg\",\"contentUrl\":\"https:\\\/\\\/gaspachitos.com\\\/wp-content\\\/uploads\\\/2022\\\/12\\\/11645-thickbox_default-SACO-SILLA-DE-PASEO-BIMBIDREAMS-VELOUR-NAVY.jpg\",\"width\":800,\"height\":800},{\"@type\":\"BreadcrumbList\",\"@id\":\"https:\\\/\\\/gaspachitos.com\\\/producto\\\/saco-silla-de-paseo-bimbidreams-velour-navy\\\/#breadcrumb\",\"itemListElement\":[{\"@type\":\"ListItem\",\"position\":1,\"name\":\"Portada\",\"item\":\"https:\\\/\\\/gaspachitos.com\\\/\"},{\"@type\":\"ListItem\",\"position\":2,\"name\":\"Produtos\",\"item\":\"https:\\\/\\\/gaspachitos.com\\\/gl\\\/shop\\\/\"},{\"@type\":\"ListItem\",\"position\":3,\"name\":\"SACO SILLA DE PASEO BIMBIDREAMS VELOUR NAVY\"}]},{\"@type\":\"WebSite\",\"@id\":\"https:\\\/\\\/gaspachitos.com\\\/#website\",\"url\":\"https:\\\/\\\/gaspachitos.com\\\/\",\"name\":\"Gaspachitos\",\"description\":\"La tienda para tu beb\u00e9: cochecitos, sillas de paseo, cunas...\",\"potentialAction\":[{\"@type\":\"SearchAction\",\"target\":{\"@type\":\"EntryPoint\",\"urlTemplate\":\"https:\\\/\\\/gaspachitos.com\\\/?s={search_term_string}\"},\"query-input\":{\"@type\":\"PropertyValueSpecification\",\"valueRequired\":true,\"valueName\":\"search_term_string\"}}],\"inLanguage\":\"eu-ES\"}]}<\/script>\n<!-- \/ Yoast SEO plugin. -->","yoast_head_json":{"title":"bimbipirulos saco silla","description":"bimbipirulos saco silla","robots":{"index":"index","follow":"follow","max-snippet":"max-snippet:-1","max-image-preview":"max-image-preview:large","max-video-preview":"max-video-preview:-1"},"canonical":"https:\/\/gaspachitos.com\/producto\/saco-silla-de-paseo-bimbidreams-velour-navy\/","og_locale":"eu_ES","og_type":"article","og_title":"bimbipirulos saco silla","og_description":"bimbipirulos saco silla","og_url":"https:\/\/gaspachitos.com\/producto\/saco-silla-de-paseo-bimbidreams-velour-navy\/","og_site_name":"Gaspachitos","og_image":[{"width":800,"height":800,"url":"https:\/\/gaspachitos.com\/wp-content\/uploads\/2022\/12\/11645-thickbox_default-SACO-SILLA-DE-PASEO-BIMBIDREAMS-VELOUR-NAVY.jpg","type":"image\/jpeg"}],"twitter_card":"summary_large_image","schema":{"@context":"https:\/\/schema.org","@graph":[{"@type":"WebPage","@id":"https:\/\/gaspachitos.com\/producto\/saco-silla-de-paseo-bimbidreams-velour-navy\/","url":"https:\/\/gaspachitos.com\/producto\/saco-silla-de-paseo-bimbidreams-velour-navy\/","name":"bimbipirulos saco silla","isPartOf":{"@id":"https:\/\/gaspachitos.com\/#website"},"primaryImageOfPage":{"@id":"https:\/\/gaspachitos.com\/producto\/saco-silla-de-paseo-bimbidreams-velour-navy\/#primaryimage"},"image":{"@id":"https:\/\/gaspachitos.com\/producto\/saco-silla-de-paseo-bimbidreams-velour-navy\/#primaryimage"},"thumbnailUrl":"https:\/\/gaspachitos.com\/wp-content\/uploads\/2022\/12\/11645-thickbox_default-SACO-SILLA-DE-PASEO-BIMBIDREAMS-VELOUR-NAVY.jpg","datePublished":"2022-12-28T09:55:06+00:00","description":"bimbipirulos saco silla","breadcrumb":{"@id":"https:\/\/gaspachitos.com\/producto\/saco-silla-de-paseo-bimbidreams-velour-navy\/#breadcrumb"},"inLanguage":"eu-ES","potentialAction":[{"@type":"ReadAction","target":["https:\/\/gaspachitos.com\/producto\/saco-silla-de-paseo-bimbidreams-velour-navy\/"]}]},{"@type":"ImageObject","inLanguage":"eu-ES","@id":"https:\/\/gaspachitos.com\/producto\/saco-silla-de-paseo-bimbidreams-velour-navy\/#primaryimage","url":"https:\/\/gaspachitos.com\/wp-content\/uploads\/2022\/12\/11645-thickbox_default-SACO-SILLA-DE-PASEO-BIMBIDREAMS-VELOUR-NAVY.jpg","contentUrl":"https:\/\/gaspachitos.com\/wp-content\/uploads\/2022\/12\/11645-thickbox_default-SACO-SILLA-DE-PASEO-BIMBIDREAMS-VELOUR-NAVY.jpg","width":800,"height":800},{"@type":"BreadcrumbList","@id":"https:\/\/gaspachitos.com\/producto\/saco-silla-de-paseo-bimbidreams-velour-navy\/#breadcrumb","itemListElement":[{"@type":"ListItem","position":1,"name":"Portada","item":"https:\/\/gaspachitos.com\/"},{"@type":"ListItem","position":2,"name":"Produtos","item":"https:\/\/gaspachitos.com\/gl\/shop\/"},{"@type":"ListItem","position":3,"name":"SACO SILLA DE PASEO BIMBIDREAMS VELOUR NAVY"}]},{"@type":"WebSite","@id":"https:\/\/gaspachitos.com\/#website","url":"https:\/\/gaspachitos.com\/","name":"Gaspachitos","description":"La tienda para tu beb\u00e9: cochecitos, sillas de paseo, cunas...","potentialAction":[{"@type":"SearchAction","target":{"@type":"EntryPoint","urlTemplate":"https:\/\/gaspachitos.com\/?s={search_term_string}"},"query-input":{"@type":"PropertyValueSpecification","valueRequired":true,"valueName":"search_term_string"}}],"inLanguage":"eu-ES"}]}},"brands":[],"_links":{"self":[{"href":"https:\/\/gaspachitos.com\/eu\/wp-json\/wp\/v2\/product\/266338","targetHints":{"allow":["GET"]}}],"collection":[{"href":"https:\/\/gaspachitos.com\/eu\/wp-json\/wp\/v2\/product"}],"about":[{"href":"https:\/\/gaspachitos.com\/eu\/wp-json\/wp\/v2\/types\/product"}],"replies":[{"embeddable":true,"href":"https:\/\/gaspachitos.com\/eu\/wp-json\/wp\/v2\/comments?post=266338"}],"wp:featuredmedia":[{"embeddable":true,"href":"https:\/\/gaspachitos.com\/eu\/wp-json\/wp\/v2\/media\/250932"}],"wp:attachment":[{"href":"https:\/\/gaspachitos.com\/eu\/wp-json\/wp\/v2\/media?parent=266338"}],"wp:term":[{"taxonomy":"pwb-brand","embeddable":true,"href":"https:\/\/gaspachitos.com\/eu\/wp-json\/wp\/v2\/pwb-brand?post=266338"},{"taxonomy":"product_brand","embeddable":true,"href":"https:\/\/gaspachitos.com\/eu\/wp-json\/wp\/v2\/product_brand?post=266338"},{"taxonomy":"product_cat","embeddable":true,"href":"https:\/\/gaspachitos.com\/eu\/wp-json\/wp\/v2\/product_cat?post=266338"},{"taxonomy":"product_tag","embeddable":true,"href":"https:\/\/gaspachitos.com\/eu\/wp-json\/wp\/v2\/product_tag?post=266338"}],"curies":[{"name":"wp","href":"https:\/\/api.w.org\/{rel}","templated":true}]}}