{"id":265942,"date":"2022-12-21T11:40:30","date_gmt":"2022-12-21T09:40:30","guid":{"rendered":"https:\/\/nueva.gaspachitos.com\/producto\/kiokids-almohada-reductora-evolutiva-beige-y-gris\/"},"modified":"2022-12-21T11:40:30","modified_gmt":"2022-12-21T09:40:30","slug":"kiokids-almohada-reductora-evolutiva-beige-y-gris","status":"publish","type":"product","link":"https:\/\/gaspachitos.com\/eu\/producto\/kiokids-almohada-reductora-evolutiva-beige-y-gris\/","title":{"rendered":"KIOKIDS Almohada reductora evolutiva beige y gris"},"content":{"rendered":"<p><span>Este set de cojines evolutivos es ideal para usar en carricoche y silleta, en la silla reglamentaria para autom\u00f3vil y en la trona ya que incluye ranuras para hacer pasar los tirantes.<\/span><\/p>\n<p><span><span>Se compone de dos cojines almohada que encajan uno dentro del otro pero que pueden ser utilizados tambi\u00e9n por separado, conforme el beb\u00e9 vaya creciendo. De esta forma no habr\u00e1 transporte que no se adapte al tama\u00f1o de tu beb\u00e9 en todo momento, aport\u00e1ndole m\u00e1s confort.<\/span><\/span><\/p>\n","protected":false},"excerpt":{"rendered":"<h1 class=\"product-title-ficha\">KIOKIDS Almohada reductora evolutiva beige y gris<\/h1>\n","protected":false},"featured_media":280008,"comment_status":"open","ping_status":"closed","template":"","meta":{"_et_pb_use_builder":"","_et_pb_old_content":"","_et_gb_content_width":""},"pwb-brand":[],"product_brand":[],"product_cat":[6400],"product_tag":[],"class_list":{"0":"post-265942","1":"product","2":"type-product","3":"status-publish","4":"has-post-thumbnail","6":"product_cat-accesorios-coche-eu","8":"first","9":"instock","10":"taxable","11":"shipping-taxable","12":"purchasable","13":"product-type-simple"},"yoast_head":"<!-- This site is optimized with the Yoast SEO plugin v27.5 - https:\/\/yoast.com\/product\/yoast-seo-wordpress\/ -->\n<title>kiokids transporte almohada<\/title>\n<meta name=\"description\" content=\"kiokids transporte almohada\" \/>\n<meta name=\"robots\" content=\"index, follow, max-snippet:-1, max-image-preview:large, max-video-preview:-1\" \/>\n<link rel=\"canonical\" href=\"https:\/\/gaspachitos.com\/eu\/producto\/kiokids-almohada-reductora-evolutiva-beige-y-gris\/\" \/>\n<meta property=\"og:locale\" content=\"eu_ES\" \/>\n<meta property=\"og:type\" content=\"article\" \/>\n<meta property=\"og:title\" content=\"kiokids transporte almohada\" \/>\n<meta property=\"og:description\" content=\"kiokids transporte almohada\" \/>\n<meta property=\"og:url\" content=\"https:\/\/gaspachitos.com\/eu\/producto\/kiokids-almohada-reductora-evolutiva-beige-y-gris\/\" \/>\n<meta property=\"og:site_name\" content=\"Gaspachitos\" \/>\n<meta property=\"og:image\" content=\"https:\/\/gaspachitos.com\/wp-content\/uploads\/2022\/12\/7598_almohada-reductora-evolutiva-beige-y-gris-3.jpg\" \/>\n\t<meta property=\"og:image:width\" content=\"568\" \/>\n\t<meta property=\"og:image:height\" content=\"454\" \/>\n\t<meta property=\"og:image:type\" content=\"image\/jpeg\" \/>\n<meta name=\"twitter:card\" content=\"summary_large_image\" \/>\n<script type=\"application\/ld+json\" class=\"yoast-schema-graph\">{\"@context\":\"https:\\\/\\\/schema.org\",\"@graph\":[{\"@type\":\"WebPage\",\"@id\":\"https:\\\/\\\/gaspachitos.com\\\/eu\\\/producto\\\/kiokids-almohada-reductora-evolutiva-beige-y-gris\\\/\",\"url\":\"https:\\\/\\\/gaspachitos.com\\\/eu\\\/producto\\\/kiokids-almohada-reductora-evolutiva-beige-y-gris\\\/\",\"name\":\"kiokids transporte almohada\",\"isPartOf\":{\"@id\":\"https:\\\/\\\/gaspachitos.com\\\/#website\"},\"primaryImageOfPage\":{\"@id\":\"https:\\\/\\\/gaspachitos.com\\\/eu\\\/producto\\\/kiokids-almohada-reductora-evolutiva-beige-y-gris\\\/#primaryimage\"},\"image\":{\"@id\":\"https:\\\/\\\/gaspachitos.com\\\/eu\\\/producto\\\/kiokids-almohada-reductora-evolutiva-beige-y-gris\\\/#primaryimage\"},\"thumbnailUrl\":\"https:\\\/\\\/gaspachitos.com\\\/wp-content\\\/uploads\\\/2022\\\/12\\\/7598_almohada-reductora-evolutiva-beige-y-gris-3.jpg\",\"datePublished\":\"2022-12-21T09:40:30+00:00\",\"description\":\"kiokids transporte almohada\",\"breadcrumb\":{\"@id\":\"https:\\\/\\\/gaspachitos.com\\\/eu\\\/producto\\\/kiokids-almohada-reductora-evolutiva-beige-y-gris\\\/#breadcrumb\"},\"inLanguage\":\"eu-ES\",\"potentialAction\":[{\"@type\":\"ReadAction\",\"target\":[\"https:\\\/\\\/gaspachitos.com\\\/eu\\\/producto\\\/kiokids-almohada-reductora-evolutiva-beige-y-gris\\\/\"]}]},{\"@type\":\"ImageObject\",\"inLanguage\":\"eu-ES\",\"@id\":\"https:\\\/\\\/gaspachitos.com\\\/eu\\\/producto\\\/kiokids-almohada-reductora-evolutiva-beige-y-gris\\\/#primaryimage\",\"url\":\"https:\\\/\\\/gaspachitos.com\\\/wp-content\\\/uploads\\\/2022\\\/12\\\/7598_almohada-reductora-evolutiva-beige-y-gris-3.jpg\",\"contentUrl\":\"https:\\\/\\\/gaspachitos.com\\\/wp-content\\\/uploads\\\/2022\\\/12\\\/7598_almohada-reductora-evolutiva-beige-y-gris-3.jpg\",\"width\":568,\"height\":454},{\"@type\":\"BreadcrumbList\",\"@id\":\"https:\\\/\\\/gaspachitos.com\\\/eu\\\/producto\\\/kiokids-almohada-reductora-evolutiva-beige-y-gris\\\/#breadcrumb\",\"itemListElement\":[{\"@type\":\"ListItem\",\"position\":1,\"name\":\"Portada\",\"item\":\"https:\\\/\\\/gaspachitos.com\\\/\"},{\"@type\":\"ListItem\",\"position\":2,\"name\":\"Produtos\",\"item\":\"https:\\\/\\\/gaspachitos.com\\\/gl\\\/shop\\\/\"},{\"@type\":\"ListItem\",\"position\":3,\"name\":\"KIOKIDS Almohada reductora evolutiva beige y gris\"}]},{\"@type\":\"WebSite\",\"@id\":\"https:\\\/\\\/gaspachitos.com\\\/#website\",\"url\":\"https:\\\/\\\/gaspachitos.com\\\/\",\"name\":\"Gaspachitos\",\"description\":\"La tienda para tu beb\u00e9: cochecitos, sillas de paseo, cunas...\",\"potentialAction\":[{\"@type\":\"SearchAction\",\"target\":{\"@type\":\"EntryPoint\",\"urlTemplate\":\"https:\\\/\\\/gaspachitos.com\\\/?s={search_term_string}\"},\"query-input\":{\"@type\":\"PropertyValueSpecification\",\"valueRequired\":true,\"valueName\":\"search_term_string\"}}],\"inLanguage\":\"eu-ES\"}]}<\/script>\n<!-- \/ Yoast SEO plugin. -->","yoast_head_json":{"title":"kiokids transporte almohada","description":"kiokids transporte almohada","robots":{"index":"index","follow":"follow","max-snippet":"max-snippet:-1","max-image-preview":"max-image-preview:large","max-video-preview":"max-video-preview:-1"},"canonical":"https:\/\/gaspachitos.com\/eu\/producto\/kiokids-almohada-reductora-evolutiva-beige-y-gris\/","og_locale":"eu_ES","og_type":"article","og_title":"kiokids transporte almohada","og_description":"kiokids transporte almohada","og_url":"https:\/\/gaspachitos.com\/eu\/producto\/kiokids-almohada-reductora-evolutiva-beige-y-gris\/","og_site_name":"Gaspachitos","og_image":[{"width":568,"height":454,"url":"https:\/\/gaspachitos.com\/wp-content\/uploads\/2022\/12\/7598_almohada-reductora-evolutiva-beige-y-gris-3.jpg","type":"image\/jpeg"}],"twitter_card":"summary_large_image","schema":{"@context":"https:\/\/schema.org","@graph":[{"@type":"WebPage","@id":"https:\/\/gaspachitos.com\/eu\/producto\/kiokids-almohada-reductora-evolutiva-beige-y-gris\/","url":"https:\/\/gaspachitos.com\/eu\/producto\/kiokids-almohada-reductora-evolutiva-beige-y-gris\/","name":"kiokids transporte almohada","isPartOf":{"@id":"https:\/\/gaspachitos.com\/#website"},"primaryImageOfPage":{"@id":"https:\/\/gaspachitos.com\/eu\/producto\/kiokids-almohada-reductora-evolutiva-beige-y-gris\/#primaryimage"},"image":{"@id":"https:\/\/gaspachitos.com\/eu\/producto\/kiokids-almohada-reductora-evolutiva-beige-y-gris\/#primaryimage"},"thumbnailUrl":"https:\/\/gaspachitos.com\/wp-content\/uploads\/2022\/12\/7598_almohada-reductora-evolutiva-beige-y-gris-3.jpg","datePublished":"2022-12-21T09:40:30+00:00","description":"kiokids transporte almohada","breadcrumb":{"@id":"https:\/\/gaspachitos.com\/eu\/producto\/kiokids-almohada-reductora-evolutiva-beige-y-gris\/#breadcrumb"},"inLanguage":"eu-ES","potentialAction":[{"@type":"ReadAction","target":["https:\/\/gaspachitos.com\/eu\/producto\/kiokids-almohada-reductora-evolutiva-beige-y-gris\/"]}]},{"@type":"ImageObject","inLanguage":"eu-ES","@id":"https:\/\/gaspachitos.com\/eu\/producto\/kiokids-almohada-reductora-evolutiva-beige-y-gris\/#primaryimage","url":"https:\/\/gaspachitos.com\/wp-content\/uploads\/2022\/12\/7598_almohada-reductora-evolutiva-beige-y-gris-3.jpg","contentUrl":"https:\/\/gaspachitos.com\/wp-content\/uploads\/2022\/12\/7598_almohada-reductora-evolutiva-beige-y-gris-3.jpg","width":568,"height":454},{"@type":"BreadcrumbList","@id":"https:\/\/gaspachitos.com\/eu\/producto\/kiokids-almohada-reductora-evolutiva-beige-y-gris\/#breadcrumb","itemListElement":[{"@type":"ListItem","position":1,"name":"Portada","item":"https:\/\/gaspachitos.com\/"},{"@type":"ListItem","position":2,"name":"Produtos","item":"https:\/\/gaspachitos.com\/gl\/shop\/"},{"@type":"ListItem","position":3,"name":"KIOKIDS Almohada reductora evolutiva beige y gris"}]},{"@type":"WebSite","@id":"https:\/\/gaspachitos.com\/#website","url":"https:\/\/gaspachitos.com\/","name":"Gaspachitos","description":"La tienda para tu beb\u00e9: cochecitos, sillas de paseo, cunas...","potentialAction":[{"@type":"SearchAction","target":{"@type":"EntryPoint","urlTemplate":"https:\/\/gaspachitos.com\/?s={search_term_string}"},"query-input":{"@type":"PropertyValueSpecification","valueRequired":true,"valueName":"search_term_string"}}],"inLanguage":"eu-ES"}]}},"brands":[],"_links":{"self":[{"href":"https:\/\/gaspachitos.com\/eu\/wp-json\/wp\/v2\/product\/265942","targetHints":{"allow":["GET"]}}],"collection":[{"href":"https:\/\/gaspachitos.com\/eu\/wp-json\/wp\/v2\/product"}],"about":[{"href":"https:\/\/gaspachitos.com\/eu\/wp-json\/wp\/v2\/types\/product"}],"replies":[{"embeddable":true,"href":"https:\/\/gaspachitos.com\/eu\/wp-json\/wp\/v2\/comments?post=265942"}],"wp:featuredmedia":[{"embeddable":true,"href":"https:\/\/gaspachitos.com\/eu\/wp-json\/wp\/v2\/media\/280008"}],"wp:attachment":[{"href":"https:\/\/gaspachitos.com\/eu\/wp-json\/wp\/v2\/media?parent=265942"}],"wp:term":[{"taxonomy":"pwb-brand","embeddable":true,"href":"https:\/\/gaspachitos.com\/eu\/wp-json\/wp\/v2\/pwb-brand?post=265942"},{"taxonomy":"product_brand","embeddable":true,"href":"https:\/\/gaspachitos.com\/eu\/wp-json\/wp\/v2\/product_brand?post=265942"},{"taxonomy":"product_cat","embeddable":true,"href":"https:\/\/gaspachitos.com\/eu\/wp-json\/wp\/v2\/product_cat?post=265942"},{"taxonomy":"product_tag","embeddable":true,"href":"https:\/\/gaspachitos.com\/eu\/wp-json\/wp\/v2\/product_tag?post=265942"}],"curies":[{"name":"wp","href":"https:\/\/api.w.org\/{rel}","templated":true}]}}