{"id":265816,"date":"2022-12-20T12:16:00","date_gmt":"2022-12-20T10:16:00","guid":{"rendered":"https:\/\/nueva.gaspachitos.com\/producto\/besafe-izi-transfer-portabebes\/"},"modified":"2022-12-20T12:16:00","modified_gmt":"2022-12-20T10:16:00","slug":"besafe-izi-transfer-portabebes","status":"publish","type":"product","link":"https:\/\/gaspachitos.com\/eu\/producto\/besafe-izi-transfer-portabebes\/","title":{"rendered":"BESAFE IZI TRANSFER PORTABEB\u00c9S"},"content":{"rendered":"<p>BeSafe iZi Transfer<span>\u00a0es una unidad de transferencia de beb\u00e9s le permite pasar al beb\u00e9 sin problemas desde el cochecito a la silla de coche y volver a casa sin interrumpir su siesta. Est\u00e1 dise\u00f1ada para adaptarse y adoptar la forma natural del beb\u00e9 y permite trasladarlo respetando la ergonom\u00eda postural.<\/span><\/p>\n<p>Podr\u00e1s introducir y sacar al beb\u00e9 del coche en cualquier situaci\u00f3n cotidiana.<\/p>\n<p>Permite mover al beb\u00e9 f\u00e1cilmente sin tener que cambiar su posici\u00f3n mientras duerme.<\/p>\n<p>Un ajuste perfecto mientras transportas al beb\u00e9, que ayuda a calmarlo haci\u00e9ndolo sentir arropado. Extremadamente ligera y f\u00e1cil de transportar.<\/p>\n<p>Dise\u00f1ada para adaptarse y apoyar la forma natural del beb\u00e9. Acolchado adicional en la zona de la cabeza para mayor comodidad y apoyo.<\/p>\n<p>Desarrollada en estrecha colaboraci\u00f3n con fisioterapeutas\u00a0<span>\u00a0<\/span>y<span>\u00a0sometido a exigentes pruebas de seguridad<\/span>\u00a0y numerosas pruebas de durabilidad para asegurar la resistencia de los materiales.<\/p>\n<p>Arn\u00e9s de seguridad que supera la prueba de ca\u00edda.<\/p>\n<p>Evaluaci\u00f3n de seguridad del instituto T\u00dcV.<\/p>\n<p>Sometido a pruebas de choque a una velocidad de impacto de 64 km\/h.<\/p>\n<p>El dise\u00f1o robusto pero fino que no interfiere con el arn\u00e9s del asiento del coche. Dise\u00f1o de asa suave y flexible para mayor comodidad de transporte.<\/p>\n<p>Combinaci\u00f3n de materiales especiales con TENCEL\u2122, malla, lino y algod\u00f3n.<\/p>\n<p>Transpirabilidad probada seg\u00fan las normativas para colchones infantiles.<\/p>\n<p>Se adapta a las sillas de coche de uso desde el nacimiento.<\/p>\n<p>Lavable a m\u00e1quina.<\/p>\n<p>Altura aprox. 56-68 cm<\/p>\n<p>Peso m\u00e1ximo: 9\u00a0kg<\/p>\n<p>Edad aprox: 1 \u2013 6 meses<\/p>\n<p>Materiales exterior: 47\u00a0% algod\u00f3n, 45\u00a0% TENCEL\u2122, 7\u00a0% lino, 1\u00a0% licra<\/p>\n<p>Materiales interior: 100\u00a0% malla de algod\u00f3n<\/p>\n<p>Espuma: 100\u00a0% poli\u00e9ster<\/p>\n<p>Todos los tejidos siguen las estrictas normas REACH<\/p>\n","protected":false},"excerpt":{"rendered":"<h1 class=\"h1 product-title\">BESAFE IZI TRANSFER PORTABEB\u00c9S<\/h1>\n","protected":false},"featured_media":249294,"comment_status":"open","ping_status":"closed","template":"","meta":{"_et_pb_use_builder":"","_et_pb_old_content":"","_et_gb_content_width":""},"pwb-brand":[5476],"product_brand":[],"product_cat":[6400,5878,5770],"product_tag":[],"class_list":{"0":"post-265816","1":"product","2":"type-product","3":"status-publish","4":"has-post-thumbnail","6":"pwb-brand-besafe","7":"product_cat-accesorios-coche-eu","8":"product_cat-ofertas-eu","9":"product_cat-outlet-eu","11":"first","12":"onbackorder","13":"taxable","14":"shipping-taxable","15":"purchasable","16":"product-type-simple"},"yoast_head":"<!-- This site is optimized with the Yoast SEO plugin v27.4 - https:\/\/yoast.com\/product\/yoast-seo-wordpress\/ -->\n<title>BESAFE IZI TRANSFER PORTABEB\u00c9S - Gaspachitos<\/title>\n<meta name=\"robots\" content=\"index, follow, max-snippet:-1, max-image-preview:large, max-video-preview:-1\" \/>\n<link rel=\"canonical\" href=\"https:\/\/gaspachitos.com\/eu\/producto\/besafe-izi-transfer-portabebes\/\" \/>\n<meta property=\"og:locale\" content=\"eu_ES\" \/>\n<meta property=\"og:type\" content=\"article\" \/>\n<meta property=\"og:title\" content=\"BESAFE IZI TRANSFER PORTABEB\u00c9S - Gaspachitos\" \/>\n<meta property=\"og:description\" content=\"BESAFE IZI TRANSFER PORTABEB\u00c9S\" \/>\n<meta property=\"og:url\" content=\"https:\/\/gaspachitos.com\/eu\/producto\/besafe-izi-transfer-portabebes\/\" \/>\n<meta property=\"og:site_name\" content=\"Gaspachitos\" \/>\n<meta property=\"og:image\" content=\"https:\/\/gaspachitos.com\/wp-content\/uploads\/2022\/12\/11512-thickbox_default-BESAFE-IZI-TRANSFER-PORTABEBES.jpg\" \/>\n\t<meta property=\"og:image:width\" content=\"800\" \/>\n\t<meta property=\"og:image:height\" content=\"800\" \/>\n\t<meta property=\"og:image:type\" content=\"image\/jpeg\" \/>\n<meta name=\"twitter:card\" content=\"summary_large_image\" \/>\n<meta name=\"twitter:label1\" content=\"Est. reading time\" \/>\n\t<meta name=\"twitter:data1\" content=\"1 minute\" \/>\n<script type=\"application\/ld+json\" class=\"yoast-schema-graph\">{\"@context\":\"https:\\\/\\\/schema.org\",\"@graph\":[{\"@type\":\"WebPage\",\"@id\":\"https:\\\/\\\/gaspachitos.com\\\/eu\\\/producto\\\/besafe-izi-transfer-portabebes\\\/\",\"url\":\"https:\\\/\\\/gaspachitos.com\\\/eu\\\/producto\\\/besafe-izi-transfer-portabebes\\\/\",\"name\":\"BESAFE IZI TRANSFER PORTABEB\u00c9S - Gaspachitos\",\"isPartOf\":{\"@id\":\"https:\\\/\\\/gaspachitos.com\\\/#website\"},\"primaryImageOfPage\":{\"@id\":\"https:\\\/\\\/gaspachitos.com\\\/eu\\\/producto\\\/besafe-izi-transfer-portabebes\\\/#primaryimage\"},\"image\":{\"@id\":\"https:\\\/\\\/gaspachitos.com\\\/eu\\\/producto\\\/besafe-izi-transfer-portabebes\\\/#primaryimage\"},\"thumbnailUrl\":\"https:\\\/\\\/gaspachitos.com\\\/wp-content\\\/uploads\\\/2022\\\/12\\\/11512-thickbox_default-BESAFE-IZI-TRANSFER-PORTABEBES.jpg\",\"datePublished\":\"2022-12-20T10:16:00+00:00\",\"breadcrumb\":{\"@id\":\"https:\\\/\\\/gaspachitos.com\\\/eu\\\/producto\\\/besafe-izi-transfer-portabebes\\\/#breadcrumb\"},\"inLanguage\":\"eu-ES\",\"potentialAction\":[{\"@type\":\"ReadAction\",\"target\":[\"https:\\\/\\\/gaspachitos.com\\\/eu\\\/producto\\\/besafe-izi-transfer-portabebes\\\/\"]}]},{\"@type\":\"ImageObject\",\"inLanguage\":\"eu-ES\",\"@id\":\"https:\\\/\\\/gaspachitos.com\\\/eu\\\/producto\\\/besafe-izi-transfer-portabebes\\\/#primaryimage\",\"url\":\"https:\\\/\\\/gaspachitos.com\\\/wp-content\\\/uploads\\\/2022\\\/12\\\/11512-thickbox_default-BESAFE-IZI-TRANSFER-PORTABEBES.jpg\",\"contentUrl\":\"https:\\\/\\\/gaspachitos.com\\\/wp-content\\\/uploads\\\/2022\\\/12\\\/11512-thickbox_default-BESAFE-IZI-TRANSFER-PORTABEBES.jpg\",\"width\":800,\"height\":800},{\"@type\":\"BreadcrumbList\",\"@id\":\"https:\\\/\\\/gaspachitos.com\\\/eu\\\/producto\\\/besafe-izi-transfer-portabebes\\\/#breadcrumb\",\"itemListElement\":[{\"@type\":\"ListItem\",\"position\":1,\"name\":\"Portada\",\"item\":\"https:\\\/\\\/gaspachitos.com\\\/\"},{\"@type\":\"ListItem\",\"position\":2,\"name\":\"Produtos\",\"item\":\"https:\\\/\\\/gaspachitos.com\\\/gl\\\/shop\\\/\"},{\"@type\":\"ListItem\",\"position\":3,\"name\":\"BESAFE IZI TRANSFER PORTABEB\u00c9S\"}]},{\"@type\":\"WebSite\",\"@id\":\"https:\\\/\\\/gaspachitos.com\\\/#website\",\"url\":\"https:\\\/\\\/gaspachitos.com\\\/\",\"name\":\"Gaspachitos\",\"description\":\"La tienda para tu beb\u00e9: cochecitos, sillas de paseo, cunas...\",\"potentialAction\":[{\"@type\":\"SearchAction\",\"target\":{\"@type\":\"EntryPoint\",\"urlTemplate\":\"https:\\\/\\\/gaspachitos.com\\\/?s={search_term_string}\"},\"query-input\":{\"@type\":\"PropertyValueSpecification\",\"valueRequired\":true,\"valueName\":\"search_term_string\"}}],\"inLanguage\":\"eu-ES\"}]}<\/script>\n<!-- \/ Yoast SEO plugin. -->","yoast_head_json":{"title":"BESAFE IZI TRANSFER PORTABEB\u00c9S - Gaspachitos","robots":{"index":"index","follow":"follow","max-snippet":"max-snippet:-1","max-image-preview":"max-image-preview:large","max-video-preview":"max-video-preview:-1"},"canonical":"https:\/\/gaspachitos.com\/eu\/producto\/besafe-izi-transfer-portabebes\/","og_locale":"eu_ES","og_type":"article","og_title":"BESAFE IZI TRANSFER PORTABEB\u00c9S - Gaspachitos","og_description":"BESAFE IZI TRANSFER PORTABEB\u00c9S","og_url":"https:\/\/gaspachitos.com\/eu\/producto\/besafe-izi-transfer-portabebes\/","og_site_name":"Gaspachitos","og_image":[{"width":800,"height":800,"url":"https:\/\/gaspachitos.com\/wp-content\/uploads\/2022\/12\/11512-thickbox_default-BESAFE-IZI-TRANSFER-PORTABEBES.jpg","type":"image\/jpeg"}],"twitter_card":"summary_large_image","twitter_misc":{"Est. reading time":"1 minute"},"schema":{"@context":"https:\/\/schema.org","@graph":[{"@type":"WebPage","@id":"https:\/\/gaspachitos.com\/eu\/producto\/besafe-izi-transfer-portabebes\/","url":"https:\/\/gaspachitos.com\/eu\/producto\/besafe-izi-transfer-portabebes\/","name":"BESAFE IZI TRANSFER PORTABEB\u00c9S - Gaspachitos","isPartOf":{"@id":"https:\/\/gaspachitos.com\/#website"},"primaryImageOfPage":{"@id":"https:\/\/gaspachitos.com\/eu\/producto\/besafe-izi-transfer-portabebes\/#primaryimage"},"image":{"@id":"https:\/\/gaspachitos.com\/eu\/producto\/besafe-izi-transfer-portabebes\/#primaryimage"},"thumbnailUrl":"https:\/\/gaspachitos.com\/wp-content\/uploads\/2022\/12\/11512-thickbox_default-BESAFE-IZI-TRANSFER-PORTABEBES.jpg","datePublished":"2022-12-20T10:16:00+00:00","breadcrumb":{"@id":"https:\/\/gaspachitos.com\/eu\/producto\/besafe-izi-transfer-portabebes\/#breadcrumb"},"inLanguage":"eu-ES","potentialAction":[{"@type":"ReadAction","target":["https:\/\/gaspachitos.com\/eu\/producto\/besafe-izi-transfer-portabebes\/"]}]},{"@type":"ImageObject","inLanguage":"eu-ES","@id":"https:\/\/gaspachitos.com\/eu\/producto\/besafe-izi-transfer-portabebes\/#primaryimage","url":"https:\/\/gaspachitos.com\/wp-content\/uploads\/2022\/12\/11512-thickbox_default-BESAFE-IZI-TRANSFER-PORTABEBES.jpg","contentUrl":"https:\/\/gaspachitos.com\/wp-content\/uploads\/2022\/12\/11512-thickbox_default-BESAFE-IZI-TRANSFER-PORTABEBES.jpg","width":800,"height":800},{"@type":"BreadcrumbList","@id":"https:\/\/gaspachitos.com\/eu\/producto\/besafe-izi-transfer-portabebes\/#breadcrumb","itemListElement":[{"@type":"ListItem","position":1,"name":"Portada","item":"https:\/\/gaspachitos.com\/"},{"@type":"ListItem","position":2,"name":"Produtos","item":"https:\/\/gaspachitos.com\/gl\/shop\/"},{"@type":"ListItem","position":3,"name":"BESAFE IZI TRANSFER PORTABEB\u00c9S"}]},{"@type":"WebSite","@id":"https:\/\/gaspachitos.com\/#website","url":"https:\/\/gaspachitos.com\/","name":"Gaspachitos","description":"La tienda para tu beb\u00e9: cochecitos, sillas de paseo, cunas...","potentialAction":[{"@type":"SearchAction","target":{"@type":"EntryPoint","urlTemplate":"https:\/\/gaspachitos.com\/?s={search_term_string}"},"query-input":{"@type":"PropertyValueSpecification","valueRequired":true,"valueName":"search_term_string"}}],"inLanguage":"eu-ES"}]}},"brands":[{"id":5476,"name":"BeSafe","slug":"besafe"}],"_links":{"self":[{"href":"https:\/\/gaspachitos.com\/eu\/wp-json\/wp\/v2\/product\/265816","targetHints":{"allow":["GET"]}}],"collection":[{"href":"https:\/\/gaspachitos.com\/eu\/wp-json\/wp\/v2\/product"}],"about":[{"href":"https:\/\/gaspachitos.com\/eu\/wp-json\/wp\/v2\/types\/product"}],"replies":[{"embeddable":true,"href":"https:\/\/gaspachitos.com\/eu\/wp-json\/wp\/v2\/comments?post=265816"}],"wp:featuredmedia":[{"embeddable":true,"href":"https:\/\/gaspachitos.com\/eu\/wp-json\/wp\/v2\/media\/249294"}],"wp:attachment":[{"href":"https:\/\/gaspachitos.com\/eu\/wp-json\/wp\/v2\/media?parent=265816"}],"wp:term":[{"taxonomy":"pwb-brand","embeddable":true,"href":"https:\/\/gaspachitos.com\/eu\/wp-json\/wp\/v2\/pwb-brand?post=265816"},{"taxonomy":"product_brand","embeddable":true,"href":"https:\/\/gaspachitos.com\/eu\/wp-json\/wp\/v2\/product_brand?post=265816"},{"taxonomy":"product_cat","embeddable":true,"href":"https:\/\/gaspachitos.com\/eu\/wp-json\/wp\/v2\/product_cat?post=265816"},{"taxonomy":"product_tag","embeddable":true,"href":"https:\/\/gaspachitos.com\/eu\/wp-json\/wp\/v2\/product_tag?post=265816"}],"curies":[{"name":"wp","href":"https:\/\/api.w.org\/{rel}","templated":true}]}}