{"id":265438,"date":"2022-12-13T12:36:05","date_gmt":"2022-12-13T10:36:05","guid":{"rendered":"https:\/\/nueva.gaspachitos.com\/producto\/lovi-cadena-para-chupetes-0mforma-redonda-segura-evita-que-el-chupete-se-pierda-diamond-coleccion\/"},"modified":"2022-12-13T12:36:05","modified_gmt":"2022-12-13T10:36:05","slug":"lovi-cadena-para-chupetes-0mforma-redonda-segura-evita-que-el-chupete-se-pierda-diamond-coleccion","status":"publish","type":"product","link":"https:\/\/gaspachitos.com\/eu\/producto\/lovi-cadena-para-chupetes-0mforma-redonda-segura-evita-que-el-chupete-se-pierda-diamond-coleccion\/","title":{"rendered":"LOVI Cadena para Chupetes, 0m+,Forma Redonda Segura, Evita que el Chupete se Pierda, Diamond Colecci\u00f3n"},"content":{"rendered":"<ul class=\"a-unordered-list a-vertical a-spacing-mini\">\n<li><span class=\"a-list-item\">PARA BEB\u00c9S 0M + \u2013 El producto es adecuado para beb\u00e9s desde los primeros d\u00edas de vida debido a su forma redonda segura.<\/span><\/li>\n<li><span class=\"a-list-item\">FORMA SEGURA \u2013 La forma redonda elimina el riesgo de ara\u00f1azos o cortes. La forma \u00fanica alude a los elementos gr\u00e1ficos utilizados en el logotipo de LOVI.<\/span><\/li>\n<li><span class=\"a-list-item\">EVITA QUE EL CHUPETE SE PIERDA \u2013 La cadena est\u00e1 equipada con un pr\u00e1ctico clip que permite una fijaci\u00f3n estable y fuerte a la ropa del beb\u00e9. Protege al chupete de ensuciarse o perderse.<\/span><\/li>\n<li><span class=\"a-list-item\">CLIP C\u00d3MODO \u2013 El agarre simple le permite abrochar la cadena con una mano. El pr\u00e1ctico mecanismo estable evita que el soporte se desenganche del chupete.<\/span><\/li>\n<li><span class=\"a-list-item\">GARANT\u00cdA DE DEVOLUCI\u00d3N DE DINERO DE 30 D\u00cdAS \u2013 Creemos que tenemos el producto de la m\u00e1s alta calidad en el mercado. Es por eso que nuestro producto est\u00e1 cubierto por una garant\u00eda de devoluci\u00f3n de dinero de 30 d\u00edas, lo que significa que estamos seguros de que estar\u00e1 100% satisfecho con \u00e9l.<\/span><\/li>\n<\/ul>\n","protected":false},"excerpt":{"rendered":"<h1 id=\"title\" class=\"a-size-large a-spacing-none\"><span id=\"productTitle\" class=\"a-size-large product-title-word-break\">LOVI Cadena para Chupetes, 0m+,Forma Redonda Segura, Evita que el Chupete se Pierda, Diamond Colecci\u00f3n<\/span><\/h1>\n","protected":false},"featured_media":248286,"comment_status":"open","ping_status":"closed","template":"","meta":{"_et_pb_use_builder":"","_et_pb_old_content":"","_et_gb_content_width":""},"pwb-brand":[],"product_brand":[],"product_cat":[6418,5842],"product_tag":[],"class_list":{"0":"post-265438","1":"product","2":"type-product","3":"status-publish","4":"has-post-thumbnail","6":"product_cat-cadenas-para-chupetes-eu","7":"product_cat-lactancia-eu","9":"first","10":"instock","11":"taxable","12":"shipping-taxable","13":"purchasable","14":"product-type-simple"},"yoast_head":"<!-- This site is optimized with the Yoast SEO plugin v27.4 - https:\/\/yoast.com\/product\/yoast-seo-wordpress\/ -->\n<title>lovi cadena sujeta chupete<\/title>\n<meta name=\"description\" content=\"lovi cadena sujeta chupete\" \/>\n<meta name=\"robots\" content=\"index, follow, max-snippet:-1, max-image-preview:large, max-video-preview:-1\" \/>\n<link rel=\"canonical\" href=\"https:\/\/gaspachitos.com\/eu\/producto\/lovi-cadena-para-chupetes-0mforma-redonda-segura-evita-que-el-chupete-se-pierda-diamond-coleccion\/\" \/>\n<meta property=\"og:locale\" content=\"eu_ES\" \/>\n<meta property=\"og:type\" content=\"article\" \/>\n<meta property=\"og:title\" content=\"lovi cadena sujeta chupete\" \/>\n<meta property=\"og:description\" content=\"lovi cadena sujeta chupete\" \/>\n<meta property=\"og:url\" content=\"https:\/\/gaspachitos.com\/eu\/producto\/lovi-cadena-para-chupetes-0mforma-redonda-segura-evita-que-el-chupete-se-pierda-diamond-coleccion\/\" \/>\n<meta property=\"og:site_name\" content=\"Gaspachitos\" \/>\n<meta property=\"og:image\" content=\"https:\/\/gaspachitos.com\/wp-content\/uploads\/2022\/12\/11417-thickbox_default-LOVI-Cadena-para-Chupetes-0mForma-Redonda-Segura-Evita-que-el-Chupete-se-Pierda-Diamond-Coleccion.jpg\" \/>\n\t<meta property=\"og:image:width\" content=\"800\" \/>\n\t<meta property=\"og:image:height\" content=\"800\" \/>\n\t<meta property=\"og:image:type\" content=\"image\/jpeg\" \/>\n<meta name=\"twitter:card\" content=\"summary_large_image\" \/>\n<meta name=\"twitter:label1\" content=\"Est. reading time\" \/>\n\t<meta name=\"twitter:data1\" content=\"1 minute\" \/>\n<script type=\"application\/ld+json\" class=\"yoast-schema-graph\">{\"@context\":\"https:\\\/\\\/schema.org\",\"@graph\":[{\"@type\":\"WebPage\",\"@id\":\"https:\\\/\\\/gaspachitos.com\\\/eu\\\/producto\\\/lovi-cadena-para-chupetes-0mforma-redonda-segura-evita-que-el-chupete-se-pierda-diamond-coleccion\\\/\",\"url\":\"https:\\\/\\\/gaspachitos.com\\\/eu\\\/producto\\\/lovi-cadena-para-chupetes-0mforma-redonda-segura-evita-que-el-chupete-se-pierda-diamond-coleccion\\\/\",\"name\":\"lovi cadena sujeta chupete\",\"isPartOf\":{\"@id\":\"https:\\\/\\\/gaspachitos.com\\\/#website\"},\"primaryImageOfPage\":{\"@id\":\"https:\\\/\\\/gaspachitos.com\\\/eu\\\/producto\\\/lovi-cadena-para-chupetes-0mforma-redonda-segura-evita-que-el-chupete-se-pierda-diamond-coleccion\\\/#primaryimage\"},\"image\":{\"@id\":\"https:\\\/\\\/gaspachitos.com\\\/eu\\\/producto\\\/lovi-cadena-para-chupetes-0mforma-redonda-segura-evita-que-el-chupete-se-pierda-diamond-coleccion\\\/#primaryimage\"},\"thumbnailUrl\":\"https:\\\/\\\/gaspachitos.com\\\/wp-content\\\/uploads\\\/2022\\\/12\\\/11417-thickbox_default-LOVI-Cadena-para-Chupetes-0mForma-Redonda-Segura-Evita-que-el-Chupete-se-Pierda-Diamond-Coleccion.jpg\",\"datePublished\":\"2022-12-13T10:36:05+00:00\",\"description\":\"lovi cadena sujeta chupete\",\"breadcrumb\":{\"@id\":\"https:\\\/\\\/gaspachitos.com\\\/eu\\\/producto\\\/lovi-cadena-para-chupetes-0mforma-redonda-segura-evita-que-el-chupete-se-pierda-diamond-coleccion\\\/#breadcrumb\"},\"inLanguage\":\"eu-ES\",\"potentialAction\":[{\"@type\":\"ReadAction\",\"target\":[\"https:\\\/\\\/gaspachitos.com\\\/eu\\\/producto\\\/lovi-cadena-para-chupetes-0mforma-redonda-segura-evita-que-el-chupete-se-pierda-diamond-coleccion\\\/\"]}]},{\"@type\":\"ImageObject\",\"inLanguage\":\"eu-ES\",\"@id\":\"https:\\\/\\\/gaspachitos.com\\\/eu\\\/producto\\\/lovi-cadena-para-chupetes-0mforma-redonda-segura-evita-que-el-chupete-se-pierda-diamond-coleccion\\\/#primaryimage\",\"url\":\"https:\\\/\\\/gaspachitos.com\\\/wp-content\\\/uploads\\\/2022\\\/12\\\/11417-thickbox_default-LOVI-Cadena-para-Chupetes-0mForma-Redonda-Segura-Evita-que-el-Chupete-se-Pierda-Diamond-Coleccion.jpg\",\"contentUrl\":\"https:\\\/\\\/gaspachitos.com\\\/wp-content\\\/uploads\\\/2022\\\/12\\\/11417-thickbox_default-LOVI-Cadena-para-Chupetes-0mForma-Redonda-Segura-Evita-que-el-Chupete-se-Pierda-Diamond-Coleccion.jpg\",\"width\":800,\"height\":800},{\"@type\":\"BreadcrumbList\",\"@id\":\"https:\\\/\\\/gaspachitos.com\\\/eu\\\/producto\\\/lovi-cadena-para-chupetes-0mforma-redonda-segura-evita-que-el-chupete-se-pierda-diamond-coleccion\\\/#breadcrumb\",\"itemListElement\":[{\"@type\":\"ListItem\",\"position\":1,\"name\":\"Portada\",\"item\":\"https:\\\/\\\/gaspachitos.com\\\/\"},{\"@type\":\"ListItem\",\"position\":2,\"name\":\"Produtos\",\"item\":\"https:\\\/\\\/gaspachitos.com\\\/gl\\\/shop\\\/\"},{\"@type\":\"ListItem\",\"position\":3,\"name\":\"LOVI Cadena para Chupetes, 0m+,Forma Redonda Segura, Evita que el Chupete se Pierda, Diamond Colecci\u00f3n\"}]},{\"@type\":\"WebSite\",\"@id\":\"https:\\\/\\\/gaspachitos.com\\\/#website\",\"url\":\"https:\\\/\\\/gaspachitos.com\\\/\",\"name\":\"Gaspachitos\",\"description\":\"La tienda para tu beb\u00e9: cochecitos, sillas de paseo, cunas...\",\"potentialAction\":[{\"@type\":\"SearchAction\",\"target\":{\"@type\":\"EntryPoint\",\"urlTemplate\":\"https:\\\/\\\/gaspachitos.com\\\/?s={search_term_string}\"},\"query-input\":{\"@type\":\"PropertyValueSpecification\",\"valueRequired\":true,\"valueName\":\"search_term_string\"}}],\"inLanguage\":\"eu-ES\"}]}<\/script>\n<!-- \/ Yoast SEO plugin. -->","yoast_head_json":{"title":"lovi cadena sujeta chupete","description":"lovi cadena sujeta chupete","robots":{"index":"index","follow":"follow","max-snippet":"max-snippet:-1","max-image-preview":"max-image-preview:large","max-video-preview":"max-video-preview:-1"},"canonical":"https:\/\/gaspachitos.com\/eu\/producto\/lovi-cadena-para-chupetes-0mforma-redonda-segura-evita-que-el-chupete-se-pierda-diamond-coleccion\/","og_locale":"eu_ES","og_type":"article","og_title":"lovi cadena sujeta chupete","og_description":"lovi cadena sujeta chupete","og_url":"https:\/\/gaspachitos.com\/eu\/producto\/lovi-cadena-para-chupetes-0mforma-redonda-segura-evita-que-el-chupete-se-pierda-diamond-coleccion\/","og_site_name":"Gaspachitos","og_image":[{"width":800,"height":800,"url":"https:\/\/gaspachitos.com\/wp-content\/uploads\/2022\/12\/11417-thickbox_default-LOVI-Cadena-para-Chupetes-0mForma-Redonda-Segura-Evita-que-el-Chupete-se-Pierda-Diamond-Coleccion.jpg","type":"image\/jpeg"}],"twitter_card":"summary_large_image","twitter_misc":{"Est. reading time":"1 minute"},"schema":{"@context":"https:\/\/schema.org","@graph":[{"@type":"WebPage","@id":"https:\/\/gaspachitos.com\/eu\/producto\/lovi-cadena-para-chupetes-0mforma-redonda-segura-evita-que-el-chupete-se-pierda-diamond-coleccion\/","url":"https:\/\/gaspachitos.com\/eu\/producto\/lovi-cadena-para-chupetes-0mforma-redonda-segura-evita-que-el-chupete-se-pierda-diamond-coleccion\/","name":"lovi cadena sujeta chupete","isPartOf":{"@id":"https:\/\/gaspachitos.com\/#website"},"primaryImageOfPage":{"@id":"https:\/\/gaspachitos.com\/eu\/producto\/lovi-cadena-para-chupetes-0mforma-redonda-segura-evita-que-el-chupete-se-pierda-diamond-coleccion\/#primaryimage"},"image":{"@id":"https:\/\/gaspachitos.com\/eu\/producto\/lovi-cadena-para-chupetes-0mforma-redonda-segura-evita-que-el-chupete-se-pierda-diamond-coleccion\/#primaryimage"},"thumbnailUrl":"https:\/\/gaspachitos.com\/wp-content\/uploads\/2022\/12\/11417-thickbox_default-LOVI-Cadena-para-Chupetes-0mForma-Redonda-Segura-Evita-que-el-Chupete-se-Pierda-Diamond-Coleccion.jpg","datePublished":"2022-12-13T10:36:05+00:00","description":"lovi cadena sujeta chupete","breadcrumb":{"@id":"https:\/\/gaspachitos.com\/eu\/producto\/lovi-cadena-para-chupetes-0mforma-redonda-segura-evita-que-el-chupete-se-pierda-diamond-coleccion\/#breadcrumb"},"inLanguage":"eu-ES","potentialAction":[{"@type":"ReadAction","target":["https:\/\/gaspachitos.com\/eu\/producto\/lovi-cadena-para-chupetes-0mforma-redonda-segura-evita-que-el-chupete-se-pierda-diamond-coleccion\/"]}]},{"@type":"ImageObject","inLanguage":"eu-ES","@id":"https:\/\/gaspachitos.com\/eu\/producto\/lovi-cadena-para-chupetes-0mforma-redonda-segura-evita-que-el-chupete-se-pierda-diamond-coleccion\/#primaryimage","url":"https:\/\/gaspachitos.com\/wp-content\/uploads\/2022\/12\/11417-thickbox_default-LOVI-Cadena-para-Chupetes-0mForma-Redonda-Segura-Evita-que-el-Chupete-se-Pierda-Diamond-Coleccion.jpg","contentUrl":"https:\/\/gaspachitos.com\/wp-content\/uploads\/2022\/12\/11417-thickbox_default-LOVI-Cadena-para-Chupetes-0mForma-Redonda-Segura-Evita-que-el-Chupete-se-Pierda-Diamond-Coleccion.jpg","width":800,"height":800},{"@type":"BreadcrumbList","@id":"https:\/\/gaspachitos.com\/eu\/producto\/lovi-cadena-para-chupetes-0mforma-redonda-segura-evita-que-el-chupete-se-pierda-diamond-coleccion\/#breadcrumb","itemListElement":[{"@type":"ListItem","position":1,"name":"Portada","item":"https:\/\/gaspachitos.com\/"},{"@type":"ListItem","position":2,"name":"Produtos","item":"https:\/\/gaspachitos.com\/gl\/shop\/"},{"@type":"ListItem","position":3,"name":"LOVI Cadena para Chupetes, 0m+,Forma Redonda Segura, Evita que el Chupete se Pierda, Diamond Colecci\u00f3n"}]},{"@type":"WebSite","@id":"https:\/\/gaspachitos.com\/#website","url":"https:\/\/gaspachitos.com\/","name":"Gaspachitos","description":"La tienda para tu beb\u00e9: cochecitos, sillas de paseo, cunas...","potentialAction":[{"@type":"SearchAction","target":{"@type":"EntryPoint","urlTemplate":"https:\/\/gaspachitos.com\/?s={search_term_string}"},"query-input":{"@type":"PropertyValueSpecification","valueRequired":true,"valueName":"search_term_string"}}],"inLanguage":"eu-ES"}]}},"brands":[],"_links":{"self":[{"href":"https:\/\/gaspachitos.com\/eu\/wp-json\/wp\/v2\/product\/265438","targetHints":{"allow":["GET"]}}],"collection":[{"href":"https:\/\/gaspachitos.com\/eu\/wp-json\/wp\/v2\/product"}],"about":[{"href":"https:\/\/gaspachitos.com\/eu\/wp-json\/wp\/v2\/types\/product"}],"replies":[{"embeddable":true,"href":"https:\/\/gaspachitos.com\/eu\/wp-json\/wp\/v2\/comments?post=265438"}],"wp:featuredmedia":[{"embeddable":true,"href":"https:\/\/gaspachitos.com\/eu\/wp-json\/wp\/v2\/media\/248286"}],"wp:attachment":[{"href":"https:\/\/gaspachitos.com\/eu\/wp-json\/wp\/v2\/media?parent=265438"}],"wp:term":[{"taxonomy":"pwb-brand","embeddable":true,"href":"https:\/\/gaspachitos.com\/eu\/wp-json\/wp\/v2\/pwb-brand?post=265438"},{"taxonomy":"product_brand","embeddable":true,"href":"https:\/\/gaspachitos.com\/eu\/wp-json\/wp\/v2\/product_brand?post=265438"},{"taxonomy":"product_cat","embeddable":true,"href":"https:\/\/gaspachitos.com\/eu\/wp-json\/wp\/v2\/product_cat?post=265438"},{"taxonomy":"product_tag","embeddable":true,"href":"https:\/\/gaspachitos.com\/eu\/wp-json\/wp\/v2\/product_tag?post=265438"}],"curies":[{"name":"wp","href":"https:\/\/api.w.org\/{rel}","templated":true}]}}