{"id":265375,"date":"2022-12-13T11:31:11","date_gmt":"2022-12-13T09:31:11","guid":{"rendered":"https:\/\/nueva.gaspachitos.com\/producto\/miniland-bascula-para-bebes-de-gran-precision-y-sencillo-manejo\/"},"modified":"2022-12-13T11:31:11","modified_gmt":"2022-12-13T09:31:11","slug":"miniland-bascula-para-bebes-de-gran-precision-y-sencillo-manejo","status":"publish","type":"product","link":"https:\/\/gaspachitos.com\/eu\/producto\/miniland-bascula-para-bebes-de-gran-precision-y-sencillo-manejo\/","title":{"rendered":"Miniland &#8211; b\u00e1scula para beb\u00e9s de gran precisi\u00f3n y sencillo manejo"},"content":{"rendered":"<p><span>\u00a1De beb\u00e9 a ni\u00f1o, siempre el peso controlado! Es posible pesar a ni\u00f1os de hasta 20 kilos. Adem\u00e1s, la b\u00e1scula cuenta con un sistema indicador de sobrecarga que avisa cuando se supera dicho peso. \u00a1Controla de forma precisa el peso del beb\u00e9 m\u00e1s revoltoso! La funci\u00f3n hold permite obtener el peso exacto incluso con el beb\u00e9 en movimiento. Adem\u00e1s su precisi\u00f3n permite detectar peque\u00f1as variaciones en el peso del peque\u00f1o. Display digital Cuenta en su parte frontal con un intuitivo display digital que muestra de forma clara el valor de la medici\u00f3n de peso realizada, as\u00ed como todos los indicadores. Para seguir la evoluci\u00f3n del peso del beb\u00e9 desde el primer d\u00eda Para que sea m\u00e1s sencillo comprobar todo lo que ha crecido el beb\u00e9, los pap\u00e1s podr\u00e1n registrar manualmente el peso del beb\u00e9 en eMyBaby\u00ae, siendo posible generar una gr\u00e1\ufb01 ca de la evoluci\u00f3n. Pr\u00e1ctico aviso de bater\u00eda baja Un indicador de bater\u00eda baja indica que es el momento adecuado para reemplazar las pilas, para tener la b\u00e1scula a punto en todo momento. Desconexi\u00f3n para ahorrar energ\u00eda babyScale se apaga autom\u00e1ticamente tras estar un minuto en reposo, permitiendo as\u00ed un mayor ahorro de energ\u00eda y mayor duraci\u00f3n de las bater\u00edas.<\/span><\/p>\n","protected":false},"excerpt":{"rendered":"<h1 id=\"title\" class=\"a-size-large a-spacing-none\"><span id=\"productTitle\" class=\"a-size-large product-title-word-break\">Miniland &#8211; b\u00e1scula para beb\u00e9s de gran precisi\u00f3n y sencillo manejo<\/span><\/h1>\n","protected":false},"featured_media":248124,"comment_status":"open","ping_status":"closed","template":"","meta":{"_et_pb_use_builder":"","_et_pb_old_content":"","_et_gb_content_width":""},"pwb-brand":[],"product_brand":[],"product_cat":[6238,5842],"product_tag":[],"class_list":{"0":"post-265375","1":"product","2":"type-product","3":"status-publish","4":"has-post-thumbnail","6":"product_cat-basculas-para-bebe-eu","7":"product_cat-lactancia-eu","9":"first","10":"onbackorder","11":"taxable","12":"shipping-taxable","13":"purchasable","14":"product-type-simple"},"yoast_head":"<!-- This site is optimized with the Yoast SEO plugin v27.4 - https:\/\/yoast.com\/product\/yoast-seo-wordpress\/ -->\n<title>Miniland - b\u00e1scula para beb\u00e9s de gran precisi\u00f3n y sencillo manejo - Gaspachitos<\/title>\n<meta name=\"robots\" content=\"index, follow, max-snippet:-1, max-image-preview:large, max-video-preview:-1\" \/>\n<link rel=\"canonical\" href=\"https:\/\/gaspachitos.com\/eu\/producto\/miniland-bascula-para-bebes-de-gran-precision-y-sencillo-manejo\/\" \/>\n<meta property=\"og:locale\" content=\"eu_ES\" \/>\n<meta property=\"og:type\" content=\"article\" \/>\n<meta property=\"og:title\" content=\"Miniland - b\u00e1scula para beb\u00e9s de gran precisi\u00f3n y sencillo manejo - Gaspachitos\" \/>\n<meta property=\"og:description\" content=\"Miniland - b\u00e1scula para beb\u00e9s de gran precisi\u00f3n y sencillo manejo\" \/>\n<meta property=\"og:url\" content=\"https:\/\/gaspachitos.com\/eu\/producto\/miniland-bascula-para-bebes-de-gran-precision-y-sencillo-manejo\/\" \/>\n<meta property=\"og:site_name\" content=\"Gaspachitos\" \/>\n<meta property=\"og:image\" content=\"https:\/\/gaspachitos.com\/wp-content\/uploads\/2022\/12\/11408-thickbox_default-Miniland-bascula-para-bebes-de-gran-precision-y-sencillo-manejo.jpg\" \/>\n\t<meta property=\"og:image:width\" content=\"800\" \/>\n\t<meta property=\"og:image:height\" content=\"800\" \/>\n\t<meta property=\"og:image:type\" content=\"image\/jpeg\" \/>\n<meta name=\"twitter:card\" content=\"summary_large_image\" \/>\n<meta name=\"twitter:label1\" content=\"Est. reading time\" \/>\n\t<meta name=\"twitter:data1\" content=\"1 minute\" \/>\n<script type=\"application\/ld+json\" class=\"yoast-schema-graph\">{\"@context\":\"https:\\\/\\\/schema.org\",\"@graph\":[{\"@type\":\"WebPage\",\"@id\":\"https:\\\/\\\/gaspachitos.com\\\/eu\\\/producto\\\/miniland-bascula-para-bebes-de-gran-precision-y-sencillo-manejo\\\/\",\"url\":\"https:\\\/\\\/gaspachitos.com\\\/eu\\\/producto\\\/miniland-bascula-para-bebes-de-gran-precision-y-sencillo-manejo\\\/\",\"name\":\"Miniland - b\u00e1scula para beb\u00e9s de gran precisi\u00f3n y sencillo manejo - Gaspachitos\",\"isPartOf\":{\"@id\":\"https:\\\/\\\/gaspachitos.com\\\/#website\"},\"primaryImageOfPage\":{\"@id\":\"https:\\\/\\\/gaspachitos.com\\\/eu\\\/producto\\\/miniland-bascula-para-bebes-de-gran-precision-y-sencillo-manejo\\\/#primaryimage\"},\"image\":{\"@id\":\"https:\\\/\\\/gaspachitos.com\\\/eu\\\/producto\\\/miniland-bascula-para-bebes-de-gran-precision-y-sencillo-manejo\\\/#primaryimage\"},\"thumbnailUrl\":\"https:\\\/\\\/gaspachitos.com\\\/wp-content\\\/uploads\\\/2022\\\/12\\\/11408-thickbox_default-Miniland-bascula-para-bebes-de-gran-precision-y-sencillo-manejo.jpg\",\"datePublished\":\"2022-12-13T09:31:11+00:00\",\"breadcrumb\":{\"@id\":\"https:\\\/\\\/gaspachitos.com\\\/eu\\\/producto\\\/miniland-bascula-para-bebes-de-gran-precision-y-sencillo-manejo\\\/#breadcrumb\"},\"inLanguage\":\"eu-ES\",\"potentialAction\":[{\"@type\":\"ReadAction\",\"target\":[\"https:\\\/\\\/gaspachitos.com\\\/eu\\\/producto\\\/miniland-bascula-para-bebes-de-gran-precision-y-sencillo-manejo\\\/\"]}]},{\"@type\":\"ImageObject\",\"inLanguage\":\"eu-ES\",\"@id\":\"https:\\\/\\\/gaspachitos.com\\\/eu\\\/producto\\\/miniland-bascula-para-bebes-de-gran-precision-y-sencillo-manejo\\\/#primaryimage\",\"url\":\"https:\\\/\\\/gaspachitos.com\\\/wp-content\\\/uploads\\\/2022\\\/12\\\/11408-thickbox_default-Miniland-bascula-para-bebes-de-gran-precision-y-sencillo-manejo.jpg\",\"contentUrl\":\"https:\\\/\\\/gaspachitos.com\\\/wp-content\\\/uploads\\\/2022\\\/12\\\/11408-thickbox_default-Miniland-bascula-para-bebes-de-gran-precision-y-sencillo-manejo.jpg\",\"width\":800,\"height\":800},{\"@type\":\"BreadcrumbList\",\"@id\":\"https:\\\/\\\/gaspachitos.com\\\/eu\\\/producto\\\/miniland-bascula-para-bebes-de-gran-precision-y-sencillo-manejo\\\/#breadcrumb\",\"itemListElement\":[{\"@type\":\"ListItem\",\"position\":1,\"name\":\"Portada\",\"item\":\"https:\\\/\\\/gaspachitos.com\\\/\"},{\"@type\":\"ListItem\",\"position\":2,\"name\":\"Produtos\",\"item\":\"https:\\\/\\\/gaspachitos.com\\\/gl\\\/shop\\\/\"},{\"@type\":\"ListItem\",\"position\":3,\"name\":\"Miniland &#8211; b\u00e1scula para beb\u00e9s de gran precisi\u00f3n y sencillo manejo\"}]},{\"@type\":\"WebSite\",\"@id\":\"https:\\\/\\\/gaspachitos.com\\\/#website\",\"url\":\"https:\\\/\\\/gaspachitos.com\\\/\",\"name\":\"Gaspachitos\",\"description\":\"La tienda para tu beb\u00e9: cochecitos, sillas de paseo, cunas...\",\"potentialAction\":[{\"@type\":\"SearchAction\",\"target\":{\"@type\":\"EntryPoint\",\"urlTemplate\":\"https:\\\/\\\/gaspachitos.com\\\/?s={search_term_string}\"},\"query-input\":{\"@type\":\"PropertyValueSpecification\",\"valueRequired\":true,\"valueName\":\"search_term_string\"}}],\"inLanguage\":\"eu-ES\"}]}<\/script>\n<!-- \/ Yoast SEO plugin. -->","yoast_head_json":{"title":"Miniland - b\u00e1scula para beb\u00e9s de gran precisi\u00f3n y sencillo manejo - Gaspachitos","robots":{"index":"index","follow":"follow","max-snippet":"max-snippet:-1","max-image-preview":"max-image-preview:large","max-video-preview":"max-video-preview:-1"},"canonical":"https:\/\/gaspachitos.com\/eu\/producto\/miniland-bascula-para-bebes-de-gran-precision-y-sencillo-manejo\/","og_locale":"eu_ES","og_type":"article","og_title":"Miniland - b\u00e1scula para beb\u00e9s de gran precisi\u00f3n y sencillo manejo - Gaspachitos","og_description":"Miniland - b\u00e1scula para beb\u00e9s de gran precisi\u00f3n y sencillo manejo","og_url":"https:\/\/gaspachitos.com\/eu\/producto\/miniland-bascula-para-bebes-de-gran-precision-y-sencillo-manejo\/","og_site_name":"Gaspachitos","og_image":[{"width":800,"height":800,"url":"https:\/\/gaspachitos.com\/wp-content\/uploads\/2022\/12\/11408-thickbox_default-Miniland-bascula-para-bebes-de-gran-precision-y-sencillo-manejo.jpg","type":"image\/jpeg"}],"twitter_card":"summary_large_image","twitter_misc":{"Est. reading time":"1 minute"},"schema":{"@context":"https:\/\/schema.org","@graph":[{"@type":"WebPage","@id":"https:\/\/gaspachitos.com\/eu\/producto\/miniland-bascula-para-bebes-de-gran-precision-y-sencillo-manejo\/","url":"https:\/\/gaspachitos.com\/eu\/producto\/miniland-bascula-para-bebes-de-gran-precision-y-sencillo-manejo\/","name":"Miniland - b\u00e1scula para beb\u00e9s de gran precisi\u00f3n y sencillo manejo - Gaspachitos","isPartOf":{"@id":"https:\/\/gaspachitos.com\/#website"},"primaryImageOfPage":{"@id":"https:\/\/gaspachitos.com\/eu\/producto\/miniland-bascula-para-bebes-de-gran-precision-y-sencillo-manejo\/#primaryimage"},"image":{"@id":"https:\/\/gaspachitos.com\/eu\/producto\/miniland-bascula-para-bebes-de-gran-precision-y-sencillo-manejo\/#primaryimage"},"thumbnailUrl":"https:\/\/gaspachitos.com\/wp-content\/uploads\/2022\/12\/11408-thickbox_default-Miniland-bascula-para-bebes-de-gran-precision-y-sencillo-manejo.jpg","datePublished":"2022-12-13T09:31:11+00:00","breadcrumb":{"@id":"https:\/\/gaspachitos.com\/eu\/producto\/miniland-bascula-para-bebes-de-gran-precision-y-sencillo-manejo\/#breadcrumb"},"inLanguage":"eu-ES","potentialAction":[{"@type":"ReadAction","target":["https:\/\/gaspachitos.com\/eu\/producto\/miniland-bascula-para-bebes-de-gran-precision-y-sencillo-manejo\/"]}]},{"@type":"ImageObject","inLanguage":"eu-ES","@id":"https:\/\/gaspachitos.com\/eu\/producto\/miniland-bascula-para-bebes-de-gran-precision-y-sencillo-manejo\/#primaryimage","url":"https:\/\/gaspachitos.com\/wp-content\/uploads\/2022\/12\/11408-thickbox_default-Miniland-bascula-para-bebes-de-gran-precision-y-sencillo-manejo.jpg","contentUrl":"https:\/\/gaspachitos.com\/wp-content\/uploads\/2022\/12\/11408-thickbox_default-Miniland-bascula-para-bebes-de-gran-precision-y-sencillo-manejo.jpg","width":800,"height":800},{"@type":"BreadcrumbList","@id":"https:\/\/gaspachitos.com\/eu\/producto\/miniland-bascula-para-bebes-de-gran-precision-y-sencillo-manejo\/#breadcrumb","itemListElement":[{"@type":"ListItem","position":1,"name":"Portada","item":"https:\/\/gaspachitos.com\/"},{"@type":"ListItem","position":2,"name":"Produtos","item":"https:\/\/gaspachitos.com\/gl\/shop\/"},{"@type":"ListItem","position":3,"name":"Miniland &#8211; b\u00e1scula para beb\u00e9s de gran precisi\u00f3n y sencillo manejo"}]},{"@type":"WebSite","@id":"https:\/\/gaspachitos.com\/#website","url":"https:\/\/gaspachitos.com\/","name":"Gaspachitos","description":"La tienda para tu beb\u00e9: cochecitos, sillas de paseo, cunas...","potentialAction":[{"@type":"SearchAction","target":{"@type":"EntryPoint","urlTemplate":"https:\/\/gaspachitos.com\/?s={search_term_string}"},"query-input":{"@type":"PropertyValueSpecification","valueRequired":true,"valueName":"search_term_string"}}],"inLanguage":"eu-ES"}]}},"brands":[],"_links":{"self":[{"href":"https:\/\/gaspachitos.com\/eu\/wp-json\/wp\/v2\/product\/265375","targetHints":{"allow":["GET"]}}],"collection":[{"href":"https:\/\/gaspachitos.com\/eu\/wp-json\/wp\/v2\/product"}],"about":[{"href":"https:\/\/gaspachitos.com\/eu\/wp-json\/wp\/v2\/types\/product"}],"replies":[{"embeddable":true,"href":"https:\/\/gaspachitos.com\/eu\/wp-json\/wp\/v2\/comments?post=265375"}],"wp:featuredmedia":[{"embeddable":true,"href":"https:\/\/gaspachitos.com\/eu\/wp-json\/wp\/v2\/media\/248124"}],"wp:attachment":[{"href":"https:\/\/gaspachitos.com\/eu\/wp-json\/wp\/v2\/media?parent=265375"}],"wp:term":[{"taxonomy":"pwb-brand","embeddable":true,"href":"https:\/\/gaspachitos.com\/eu\/wp-json\/wp\/v2\/pwb-brand?post=265375"},{"taxonomy":"product_brand","embeddable":true,"href":"https:\/\/gaspachitos.com\/eu\/wp-json\/wp\/v2\/product_brand?post=265375"},{"taxonomy":"product_cat","embeddable":true,"href":"https:\/\/gaspachitos.com\/eu\/wp-json\/wp\/v2\/product_cat?post=265375"},{"taxonomy":"product_tag","embeddable":true,"href":"https:\/\/gaspachitos.com\/eu\/wp-json\/wp\/v2\/product_tag?post=265375"}],"curies":[{"name":"wp","href":"https:\/\/api.w.org\/{rel}","templated":true}]}}