{"id":265285,"date":"2022-12-12T12:33:54","date_gmt":"2022-12-12T10:33:54","guid":{"rendered":"https:\/\/nueva.gaspachitos.com\/producto\/burbuja-de-lluvia-asalvo-universal\/"},"modified":"2022-12-12T12:33:54","modified_gmt":"2022-12-12T10:33:54","slug":"burbuja-de-lluvia-asalvo-universal","status":"publish","type":"product","link":"https:\/\/gaspachitos.com\/eu\/producto\/burbuja-de-lluvia-asalvo-universal\/","title":{"rendered":"Burbuja de Lluvia Asalvo Universal"},"content":{"rendered":"<p><span>Burbuja de lluvia universal para sillas de paseo con orificios para una mejor ventilaci\u00f3n, ideal para proteger a nuestro beb\u00e9 de los d\u00edas de lluvia,frio y viento.-F\u00e1cil y c\u00f3moda de llevar.<\/span><\/p>\n<p class=\"product-details__section-title\">CARACTER\u00cdSTICAS T\u00c9CNICAS<\/p>\n<dl class=\"product-details__section-contents\">\n<dt class=\"product-details__content-title\">Medida largo (cm) producto abierto<\/dt>\n<dd class=\"product-details__content-value\">85 cm<\/dd>\n<dt class=\"product-details__content-title\">Medida alto (cm) producto abierto<\/dt>\n<dd class=\"product-details__content-value\">90 cm<\/dd>\n<dt class=\"product-details__content-title\">Medida ancho (cm) producto abierto<\/dt>\n<dd class=\"product-details__content-value\">42 cm<\/dd>\n<dt class=\"product-details__content-title\">Contenido<\/dt>\n<dd class=\"product-details__content-value\">1 unidad de burbuja de lluvia universal<\/dd>\n<dt class=\"product-details__content-title\">Medida profundidad (cm) producto abierto<\/dt>\n<dd class=\"product-details__content-value\">85 cm<\/dd>\n<dt class=\"product-details__content-title\">Medida profundidad (cm) producto cerrado<\/dt>\n<dd class=\"product-details__content-value\">25.5 cm<\/dd>\n<dt class=\"product-details__content-title\">Medida alto (cm) producto cerrado<\/dt>\n<dd class=\"product-details__content-value\">12.5 cm<\/dd>\n<dt class=\"product-details__content-title\">Medida ancho (cm) producto cerrado<\/dt>\n<dd class=\"product-details__content-value\">1.5 cm<\/dd>\n<dt class=\"product-details__content-title\">Desenfundable\/Lavable<\/dt>\n<dd class=\"product-details__content-value\">No<\/dd>\n<dt class=\"product-details__content-title\">Edad hasta<\/dt>\n<dd class=\"product-details__content-value\">36 Meses<\/dd>\n<dt class=\"product-details__content-title\">Medidas del producto sin caja Cerrado<\/dt>\n<dd class=\"product-details__content-value\">12.5 x 1.5 x 25.5<\/dd>\n<dt class=\"product-details__content-title\">Medidas del producto sin caja Abierto<\/dt>\n<dd class=\"product-details__content-value\">90 x 42 x 85<\/dd>\n<\/dl>\n<p class=\"product-details__section-title\">DATOS GENERALES<\/p>\n<dl class=\"product-details__section-contents\">\n<dt class=\"product-details__content-title\">Peso del producto con caja (kg)<\/dt>\n<dd class=\"product-details__content-value\">0.0007 kg<\/dd>\n<dt class=\"product-details__content-title\">Medida alto (cm) con caja<\/dt>\n<dd class=\"product-details__content-value\">12.5 cm<\/dd>\n<dt class=\"product-details__content-title\">Medida largo (cm) con caja<\/dt>\n<dd class=\"product-details__content-value\">25.5 cm<\/dd>\n<dt class=\"product-details__content-title\">Medida ancho (cm) con caja<\/dt>\n<dd class=\"product-details__content-value\">1.5 cm<\/dd>\n<dt class=\"product-details__content-title\">Caracter\u00edsticas generales<\/dt>\n<dd class=\"product-details__content-value\">Burbuja de lluvia apta para las sillas de paseo,dispone de orificios para una mejor ventilaci\u00f3n<\/dd>\n<dt class=\"product-details__content-title\">Certificaciones de seguridad<\/dt>\n<dd class=\"product-details__content-value\">NF S54-043<\/dd>\n<dt class=\"product-details__content-title\">Medida largo (cm) producto cerrado<\/dt>\n<dd class=\"product-details__content-value\">25.5 cm<\/dd>\n<dt class=\"product-details__content-title\">Facil Montaje<\/dt>\n<dd class=\"product-details__content-value\">Si<\/dd>\n<dt class=\"product-details__content-title\">Composici\u00f3n<\/dt>\n<dd class=\"product-details__content-value\">Pl\u00e1stico<\/dd>\n<dt class=\"product-details__content-title\">Edad desde<\/dt>\n<dd class=\"product-details__content-value\">0 Meses<\/dd>\n<dt class=\"product-details__content-title\">Medidas del producto con caja<\/dt>\n<dd class=\"product-details__content-value\">12.5 x 1.5 x 25.5<\/dd>\n<\/dl>\n","protected":false},"excerpt":{"rendered":"<h1 class=\"product-header__name\">Burbuja de Lluvia Asalvo Universal<\/h1>\n","protected":false},"featured_media":247944,"comment_status":"open","ping_status":"closed","template":"","meta":{"_et_pb_use_builder":"","_et_pb_old_content":"","_et_gb_content_width":""},"pwb-brand":[5539],"product_brand":[],"product_cat":[6715,6382],"product_tag":[],"class_list":{"0":"post-265285","1":"product","2":"type-product","3":"status-publish","4":"has-post-thumbnail","6":"pwb-brand-asalvo","7":"product_cat-accesorios-cochechito-eu","8":"product_cat-plasticos-de-lluvia-eu","10":"first","11":"instock","12":"taxable","13":"shipping-taxable","14":"purchasable","15":"product-type-simple"},"yoast_head":"<!-- This site is optimized with the Yoast SEO plugin v27.4 - https:\/\/yoast.com\/product\/yoast-seo-wordpress\/ -->\n<title>Burbuja de Lluvia Asalvo Universal - Gaspachitos<\/title>\n<meta name=\"robots\" content=\"index, follow, max-snippet:-1, max-image-preview:large, max-video-preview:-1\" \/>\n<link rel=\"canonical\" href=\"https:\/\/gaspachitos.com\/eu\/producto\/burbuja-de-lluvia-asalvo-universal\/\" \/>\n<meta property=\"og:locale\" content=\"eu_ES\" \/>\n<meta property=\"og:type\" content=\"article\" \/>\n<meta property=\"og:title\" content=\"Burbuja de Lluvia Asalvo Universal - Gaspachitos\" \/>\n<meta property=\"og:description\" content=\"Burbuja de Lluvia Asalvo Universal\" \/>\n<meta property=\"og:url\" content=\"https:\/\/gaspachitos.com\/eu\/producto\/burbuja-de-lluvia-asalvo-universal\/\" \/>\n<meta property=\"og:site_name\" content=\"Gaspachitos\" \/>\n<meta property=\"og:image\" content=\"https:\/\/gaspachitos.com\/wp-content\/uploads\/2022\/12\/11395-thickbox_default-Burbuja-de-Lluvia-Asalvo-Universal.jpg\" \/>\n\t<meta property=\"og:image:width\" content=\"800\" \/>\n\t<meta property=\"og:image:height\" content=\"800\" \/>\n\t<meta property=\"og:image:type\" content=\"image\/jpeg\" \/>\n<meta name=\"twitter:card\" content=\"summary_large_image\" \/>\n<meta name=\"twitter:label1\" content=\"Est. reading time\" \/>\n\t<meta name=\"twitter:data1\" content=\"1 minute\" \/>\n<script type=\"application\/ld+json\" class=\"yoast-schema-graph\">{\"@context\":\"https:\\\/\\\/schema.org\",\"@graph\":[{\"@type\":\"WebPage\",\"@id\":\"https:\\\/\\\/gaspachitos.com\\\/eu\\\/producto\\\/burbuja-de-lluvia-asalvo-universal\\\/\",\"url\":\"https:\\\/\\\/gaspachitos.com\\\/eu\\\/producto\\\/burbuja-de-lluvia-asalvo-universal\\\/\",\"name\":\"Burbuja de Lluvia Asalvo Universal - Gaspachitos\",\"isPartOf\":{\"@id\":\"https:\\\/\\\/gaspachitos.com\\\/#website\"},\"primaryImageOfPage\":{\"@id\":\"https:\\\/\\\/gaspachitos.com\\\/eu\\\/producto\\\/burbuja-de-lluvia-asalvo-universal\\\/#primaryimage\"},\"image\":{\"@id\":\"https:\\\/\\\/gaspachitos.com\\\/eu\\\/producto\\\/burbuja-de-lluvia-asalvo-universal\\\/#primaryimage\"},\"thumbnailUrl\":\"https:\\\/\\\/gaspachitos.com\\\/wp-content\\\/uploads\\\/2022\\\/12\\\/11395-thickbox_default-Burbuja-de-Lluvia-Asalvo-Universal.jpg\",\"datePublished\":\"2022-12-12T10:33:54+00:00\",\"breadcrumb\":{\"@id\":\"https:\\\/\\\/gaspachitos.com\\\/eu\\\/producto\\\/burbuja-de-lluvia-asalvo-universal\\\/#breadcrumb\"},\"inLanguage\":\"eu-ES\",\"potentialAction\":[{\"@type\":\"ReadAction\",\"target\":[\"https:\\\/\\\/gaspachitos.com\\\/eu\\\/producto\\\/burbuja-de-lluvia-asalvo-universal\\\/\"]}]},{\"@type\":\"ImageObject\",\"inLanguage\":\"eu-ES\",\"@id\":\"https:\\\/\\\/gaspachitos.com\\\/eu\\\/producto\\\/burbuja-de-lluvia-asalvo-universal\\\/#primaryimage\",\"url\":\"https:\\\/\\\/gaspachitos.com\\\/wp-content\\\/uploads\\\/2022\\\/12\\\/11395-thickbox_default-Burbuja-de-Lluvia-Asalvo-Universal.jpg\",\"contentUrl\":\"https:\\\/\\\/gaspachitos.com\\\/wp-content\\\/uploads\\\/2022\\\/12\\\/11395-thickbox_default-Burbuja-de-Lluvia-Asalvo-Universal.jpg\",\"width\":800,\"height\":800},{\"@type\":\"BreadcrumbList\",\"@id\":\"https:\\\/\\\/gaspachitos.com\\\/eu\\\/producto\\\/burbuja-de-lluvia-asalvo-universal\\\/#breadcrumb\",\"itemListElement\":[{\"@type\":\"ListItem\",\"position\":1,\"name\":\"Portada\",\"item\":\"https:\\\/\\\/gaspachitos.com\\\/\"},{\"@type\":\"ListItem\",\"position\":2,\"name\":\"Produtos\",\"item\":\"https:\\\/\\\/gaspachitos.com\\\/gl\\\/shop\\\/\"},{\"@type\":\"ListItem\",\"position\":3,\"name\":\"Burbuja de Lluvia Asalvo Universal\"}]},{\"@type\":\"WebSite\",\"@id\":\"https:\\\/\\\/gaspachitos.com\\\/#website\",\"url\":\"https:\\\/\\\/gaspachitos.com\\\/\",\"name\":\"Gaspachitos\",\"description\":\"La tienda para tu beb\u00e9: cochecitos, sillas de paseo, cunas...\",\"potentialAction\":[{\"@type\":\"SearchAction\",\"target\":{\"@type\":\"EntryPoint\",\"urlTemplate\":\"https:\\\/\\\/gaspachitos.com\\\/?s={search_term_string}\"},\"query-input\":{\"@type\":\"PropertyValueSpecification\",\"valueRequired\":true,\"valueName\":\"search_term_string\"}}],\"inLanguage\":\"eu-ES\"}]}<\/script>\n<!-- \/ Yoast SEO plugin. -->","yoast_head_json":{"title":"Burbuja de Lluvia Asalvo Universal - Gaspachitos","robots":{"index":"index","follow":"follow","max-snippet":"max-snippet:-1","max-image-preview":"max-image-preview:large","max-video-preview":"max-video-preview:-1"},"canonical":"https:\/\/gaspachitos.com\/eu\/producto\/burbuja-de-lluvia-asalvo-universal\/","og_locale":"eu_ES","og_type":"article","og_title":"Burbuja de Lluvia Asalvo Universal - Gaspachitos","og_description":"Burbuja de Lluvia Asalvo Universal","og_url":"https:\/\/gaspachitos.com\/eu\/producto\/burbuja-de-lluvia-asalvo-universal\/","og_site_name":"Gaspachitos","og_image":[{"width":800,"height":800,"url":"https:\/\/gaspachitos.com\/wp-content\/uploads\/2022\/12\/11395-thickbox_default-Burbuja-de-Lluvia-Asalvo-Universal.jpg","type":"image\/jpeg"}],"twitter_card":"summary_large_image","twitter_misc":{"Est. reading time":"1 minute"},"schema":{"@context":"https:\/\/schema.org","@graph":[{"@type":"WebPage","@id":"https:\/\/gaspachitos.com\/eu\/producto\/burbuja-de-lluvia-asalvo-universal\/","url":"https:\/\/gaspachitos.com\/eu\/producto\/burbuja-de-lluvia-asalvo-universal\/","name":"Burbuja de Lluvia Asalvo Universal - Gaspachitos","isPartOf":{"@id":"https:\/\/gaspachitos.com\/#website"},"primaryImageOfPage":{"@id":"https:\/\/gaspachitos.com\/eu\/producto\/burbuja-de-lluvia-asalvo-universal\/#primaryimage"},"image":{"@id":"https:\/\/gaspachitos.com\/eu\/producto\/burbuja-de-lluvia-asalvo-universal\/#primaryimage"},"thumbnailUrl":"https:\/\/gaspachitos.com\/wp-content\/uploads\/2022\/12\/11395-thickbox_default-Burbuja-de-Lluvia-Asalvo-Universal.jpg","datePublished":"2022-12-12T10:33:54+00:00","breadcrumb":{"@id":"https:\/\/gaspachitos.com\/eu\/producto\/burbuja-de-lluvia-asalvo-universal\/#breadcrumb"},"inLanguage":"eu-ES","potentialAction":[{"@type":"ReadAction","target":["https:\/\/gaspachitos.com\/eu\/producto\/burbuja-de-lluvia-asalvo-universal\/"]}]},{"@type":"ImageObject","inLanguage":"eu-ES","@id":"https:\/\/gaspachitos.com\/eu\/producto\/burbuja-de-lluvia-asalvo-universal\/#primaryimage","url":"https:\/\/gaspachitos.com\/wp-content\/uploads\/2022\/12\/11395-thickbox_default-Burbuja-de-Lluvia-Asalvo-Universal.jpg","contentUrl":"https:\/\/gaspachitos.com\/wp-content\/uploads\/2022\/12\/11395-thickbox_default-Burbuja-de-Lluvia-Asalvo-Universal.jpg","width":800,"height":800},{"@type":"BreadcrumbList","@id":"https:\/\/gaspachitos.com\/eu\/producto\/burbuja-de-lluvia-asalvo-universal\/#breadcrumb","itemListElement":[{"@type":"ListItem","position":1,"name":"Portada","item":"https:\/\/gaspachitos.com\/"},{"@type":"ListItem","position":2,"name":"Produtos","item":"https:\/\/gaspachitos.com\/gl\/shop\/"},{"@type":"ListItem","position":3,"name":"Burbuja de Lluvia Asalvo Universal"}]},{"@type":"WebSite","@id":"https:\/\/gaspachitos.com\/#website","url":"https:\/\/gaspachitos.com\/","name":"Gaspachitos","description":"La tienda para tu beb\u00e9: cochecitos, sillas de paseo, cunas...","potentialAction":[{"@type":"SearchAction","target":{"@type":"EntryPoint","urlTemplate":"https:\/\/gaspachitos.com\/?s={search_term_string}"},"query-input":{"@type":"PropertyValueSpecification","valueRequired":true,"valueName":"search_term_string"}}],"inLanguage":"eu-ES"}]}},"brands":[{"id":5539,"name":"Asalvo","slug":"asalvo"}],"_links":{"self":[{"href":"https:\/\/gaspachitos.com\/eu\/wp-json\/wp\/v2\/product\/265285","targetHints":{"allow":["GET"]}}],"collection":[{"href":"https:\/\/gaspachitos.com\/eu\/wp-json\/wp\/v2\/product"}],"about":[{"href":"https:\/\/gaspachitos.com\/eu\/wp-json\/wp\/v2\/types\/product"}],"replies":[{"embeddable":true,"href":"https:\/\/gaspachitos.com\/eu\/wp-json\/wp\/v2\/comments?post=265285"}],"wp:featuredmedia":[{"embeddable":true,"href":"https:\/\/gaspachitos.com\/eu\/wp-json\/wp\/v2\/media\/247944"}],"wp:attachment":[{"href":"https:\/\/gaspachitos.com\/eu\/wp-json\/wp\/v2\/media?parent=265285"}],"wp:term":[{"taxonomy":"pwb-brand","embeddable":true,"href":"https:\/\/gaspachitos.com\/eu\/wp-json\/wp\/v2\/pwb-brand?post=265285"},{"taxonomy":"product_brand","embeddable":true,"href":"https:\/\/gaspachitos.com\/eu\/wp-json\/wp\/v2\/product_brand?post=265285"},{"taxonomy":"product_cat","embeddable":true,"href":"https:\/\/gaspachitos.com\/eu\/wp-json\/wp\/v2\/product_cat?post=265285"},{"taxonomy":"product_tag","embeddable":true,"href":"https:\/\/gaspachitos.com\/eu\/wp-json\/wp\/v2\/product_tag?post=265285"}],"curies":[{"name":"wp","href":"https:\/\/api.w.org\/{rel}","templated":true}]}}