{"id":265150,"date":"2022-12-07T13:19:38","date_gmt":"2022-12-07T11:19:38","guid":{"rendered":"https:\/\/nueva.gaspachitos.com\/producto\/flotadores-de-bano-splashtime-squirtee\/"},"modified":"2022-12-07T13:19:38","modified_gmt":"2022-12-07T11:19:38","slug":"flotadores-de-bano-splashtime-squirtee","status":"publish","type":"product","link":"https:\/\/gaspachitos.com\/eu\/producto\/flotadores-de-bano-splashtime-squirtee\/","title":{"rendered":"Flotadores de ba\u00f1o Splashtime Squirtee"},"content":{"rendered":"<p><span>Disfruta de un poco de juego y prep\u00e1rate para mojarte con estos flotadores de ba\u00f1o descarados y chorreantes, con personajes de nuestra colecci\u00f3n Grofriends.\u00a0<\/span><span>Dale un apret\u00f3n a estos adorables amiguitos y ver\u00e1s c\u00f3mo sale el agua.\u00a0<\/span><span>M\u00edralos subir y bajar suavemente sobre las olas del oc\u00e9ano mientras flotan en alta mar.\u00a0<\/span><span>A tu peque\u00f1o le encantar\u00e1 ver a sus nuevos amigos de ba\u00f1o flotar en las burbujas.\u00a0<\/span><span>Los juguetes de ba\u00f1o les dan a sus hijos la oportunidad de aprender habilidades valiosas a trav\u00e9s del juego con agua.\u00a0<\/span><span>Aprenden a desarrollar la coordinaci\u00f3n ojo-mano a medida que descubren c\u00f3mo apretar y apuntar el rociador de agua (\u00a1muy probablemente hacia usted!).\u00a0<\/span><span>Y pronto ven c\u00f3mo funciona la causa y el efecto, aprietan la barriga de los juguetes y el agua sale a chorros.\u00a0<\/span><span>Estos juegos divertidos y repetitivos tambi\u00e9n ayudan a tu beb\u00e9 a refinar los movimientos de sus manos y a desarrollar habilidades motoras finas que le permiten controlar los movimientos.\u00a0<\/span><span>Dise\u00f1ados para resistir el moho y los hongos, estos juguetes esponjosos son f\u00e1ciles de mantener limpios y aptos para lavavajillas para una limpieza adicional.\u00a0<\/span><span>No contienen BPA ni BPS, por lo que no tiene que preocuparse de que sean seguros para que juegue el beb\u00e9.<\/span><\/p>\n","protected":false},"excerpt":{"rendered":"<h1 class=\"page-title\"><span class=\"base\">Flotadores de ba\u00f1o Splashtime Squirtee<\/span><\/h1>\n","protected":false},"featured_media":247566,"comment_status":"open","ping_status":"closed","template":"","meta":{"_et_pb_use_builder":"","_et_pb_old_content":"","_et_gb_content_width":""},"pwb-brand":[5404],"product_brand":[],"product_cat":[6679],"product_tag":[],"class_list":{"0":"post-265150","1":"product","2":"type-product","3":"status-publish","4":"has-post-thumbnail","6":"pwb-brand-tommee-tipee","7":"product_cat-juguetes-de-bano-eu","9":"first","10":"instock","11":"taxable","12":"shipping-taxable","13":"purchasable","14":"product-type-simple"},"yoast_head":"<!-- This site is optimized with the Yoast SEO plugin v27.5 - https:\/\/yoast.com\/product\/yoast-seo-wordpress\/ -->\n<title>tommee tippee<\/title>\n<meta name=\"description\" content=\"tommee tippe juego ba\u00f1o\" \/>\n<meta name=\"robots\" content=\"index, follow, max-snippet:-1, max-image-preview:large, max-video-preview:-1\" \/>\n<link rel=\"canonical\" href=\"https:\/\/gaspachitos.com\/eu\/producto\/flotadores-de-bano-splashtime-squirtee\/\" \/>\n<meta property=\"og:locale\" content=\"eu_ES\" \/>\n<meta property=\"og:type\" content=\"article\" \/>\n<meta property=\"og:title\" content=\"tommee tippee\" \/>\n<meta property=\"og:description\" content=\"tommee tippe juego ba\u00f1o\" \/>\n<meta property=\"og:url\" content=\"https:\/\/gaspachitos.com\/eu\/producto\/flotadores-de-bano-splashtime-squirtee\/\" \/>\n<meta property=\"og:site_name\" content=\"Gaspachitos\" \/>\n<meta property=\"og:image\" content=\"https:\/\/gaspachitos.com\/wp-content\/uploads\/2022\/12\/11369-thickbox_default-Flotadores-de-bano-Splashtime-Squirtee-e1733249018823.jpg\" \/>\n\t<meta property=\"og:image:width\" content=\"395\" \/>\n\t<meta property=\"og:image:height\" content=\"401\" \/>\n\t<meta property=\"og:image:type\" content=\"image\/jpeg\" \/>\n<meta name=\"twitter:card\" content=\"summary_large_image\" \/>\n<meta name=\"twitter:label1\" content=\"Est. reading time\" \/>\n\t<meta name=\"twitter:data1\" content=\"1 minute\" \/>\n<script type=\"application\/ld+json\" class=\"yoast-schema-graph\">{\"@context\":\"https:\\\/\\\/schema.org\",\"@graph\":[{\"@type\":\"WebPage\",\"@id\":\"https:\\\/\\\/gaspachitos.com\\\/eu\\\/producto\\\/flotadores-de-bano-splashtime-squirtee\\\/\",\"url\":\"https:\\\/\\\/gaspachitos.com\\\/eu\\\/producto\\\/flotadores-de-bano-splashtime-squirtee\\\/\",\"name\":\"tommee tippee\",\"isPartOf\":{\"@id\":\"https:\\\/\\\/gaspachitos.com\\\/#website\"},\"primaryImageOfPage\":{\"@id\":\"https:\\\/\\\/gaspachitos.com\\\/eu\\\/producto\\\/flotadores-de-bano-splashtime-squirtee\\\/#primaryimage\"},\"image\":{\"@id\":\"https:\\\/\\\/gaspachitos.com\\\/eu\\\/producto\\\/flotadores-de-bano-splashtime-squirtee\\\/#primaryimage\"},\"thumbnailUrl\":\"https:\\\/\\\/gaspachitos.com\\\/wp-content\\\/uploads\\\/2022\\\/12\\\/11369-thickbox_default-Flotadores-de-bano-Splashtime-Squirtee-e1733249018823.jpg\",\"datePublished\":\"2022-12-07T11:19:38+00:00\",\"description\":\"tommee tippe juego ba\u00f1o\",\"breadcrumb\":{\"@id\":\"https:\\\/\\\/gaspachitos.com\\\/eu\\\/producto\\\/flotadores-de-bano-splashtime-squirtee\\\/#breadcrumb\"},\"inLanguage\":\"eu-ES\",\"potentialAction\":[{\"@type\":\"ReadAction\",\"target\":[\"https:\\\/\\\/gaspachitos.com\\\/eu\\\/producto\\\/flotadores-de-bano-splashtime-squirtee\\\/\"]}]},{\"@type\":\"ImageObject\",\"inLanguage\":\"eu-ES\",\"@id\":\"https:\\\/\\\/gaspachitos.com\\\/eu\\\/producto\\\/flotadores-de-bano-splashtime-squirtee\\\/#primaryimage\",\"url\":\"https:\\\/\\\/gaspachitos.com\\\/wp-content\\\/uploads\\\/2022\\\/12\\\/11369-thickbox_default-Flotadores-de-bano-Splashtime-Squirtee-e1733249018823.jpg\",\"contentUrl\":\"https:\\\/\\\/gaspachitos.com\\\/wp-content\\\/uploads\\\/2022\\\/12\\\/11369-thickbox_default-Flotadores-de-bano-Splashtime-Squirtee-e1733249018823.jpg\",\"width\":395,\"height\":401},{\"@type\":\"BreadcrumbList\",\"@id\":\"https:\\\/\\\/gaspachitos.com\\\/eu\\\/producto\\\/flotadores-de-bano-splashtime-squirtee\\\/#breadcrumb\",\"itemListElement\":[{\"@type\":\"ListItem\",\"position\":1,\"name\":\"Portada\",\"item\":\"https:\\\/\\\/gaspachitos.com\\\/\"},{\"@type\":\"ListItem\",\"position\":2,\"name\":\"Produtos\",\"item\":\"https:\\\/\\\/gaspachitos.com\\\/gl\\\/shop\\\/\"},{\"@type\":\"ListItem\",\"position\":3,\"name\":\"Flotadores de ba\u00f1o Splashtime Squirtee\"}]},{\"@type\":\"WebSite\",\"@id\":\"https:\\\/\\\/gaspachitos.com\\\/#website\",\"url\":\"https:\\\/\\\/gaspachitos.com\\\/\",\"name\":\"Gaspachitos\",\"description\":\"La tienda para tu beb\u00e9: cochecitos, sillas de paseo, cunas...\",\"potentialAction\":[{\"@type\":\"SearchAction\",\"target\":{\"@type\":\"EntryPoint\",\"urlTemplate\":\"https:\\\/\\\/gaspachitos.com\\\/?s={search_term_string}\"},\"query-input\":{\"@type\":\"PropertyValueSpecification\",\"valueRequired\":true,\"valueName\":\"search_term_string\"}}],\"inLanguage\":\"eu-ES\"}]}<\/script>\n<!-- \/ Yoast SEO plugin. -->","yoast_head_json":{"title":"tommee tippee","description":"tommee tippe juego ba\u00f1o","robots":{"index":"index","follow":"follow","max-snippet":"max-snippet:-1","max-image-preview":"max-image-preview:large","max-video-preview":"max-video-preview:-1"},"canonical":"https:\/\/gaspachitos.com\/eu\/producto\/flotadores-de-bano-splashtime-squirtee\/","og_locale":"eu_ES","og_type":"article","og_title":"tommee tippee","og_description":"tommee tippe juego ba\u00f1o","og_url":"https:\/\/gaspachitos.com\/eu\/producto\/flotadores-de-bano-splashtime-squirtee\/","og_site_name":"Gaspachitos","og_image":[{"width":395,"height":401,"url":"https:\/\/gaspachitos.com\/wp-content\/uploads\/2022\/12\/11369-thickbox_default-Flotadores-de-bano-Splashtime-Squirtee-e1733249018823.jpg","type":"image\/jpeg"}],"twitter_card":"summary_large_image","twitter_misc":{"Est. reading time":"1 minute"},"schema":{"@context":"https:\/\/schema.org","@graph":[{"@type":"WebPage","@id":"https:\/\/gaspachitos.com\/eu\/producto\/flotadores-de-bano-splashtime-squirtee\/","url":"https:\/\/gaspachitos.com\/eu\/producto\/flotadores-de-bano-splashtime-squirtee\/","name":"tommee tippee","isPartOf":{"@id":"https:\/\/gaspachitos.com\/#website"},"primaryImageOfPage":{"@id":"https:\/\/gaspachitos.com\/eu\/producto\/flotadores-de-bano-splashtime-squirtee\/#primaryimage"},"image":{"@id":"https:\/\/gaspachitos.com\/eu\/producto\/flotadores-de-bano-splashtime-squirtee\/#primaryimage"},"thumbnailUrl":"https:\/\/gaspachitos.com\/wp-content\/uploads\/2022\/12\/11369-thickbox_default-Flotadores-de-bano-Splashtime-Squirtee-e1733249018823.jpg","datePublished":"2022-12-07T11:19:38+00:00","description":"tommee tippe juego ba\u00f1o","breadcrumb":{"@id":"https:\/\/gaspachitos.com\/eu\/producto\/flotadores-de-bano-splashtime-squirtee\/#breadcrumb"},"inLanguage":"eu-ES","potentialAction":[{"@type":"ReadAction","target":["https:\/\/gaspachitos.com\/eu\/producto\/flotadores-de-bano-splashtime-squirtee\/"]}]},{"@type":"ImageObject","inLanguage":"eu-ES","@id":"https:\/\/gaspachitos.com\/eu\/producto\/flotadores-de-bano-splashtime-squirtee\/#primaryimage","url":"https:\/\/gaspachitos.com\/wp-content\/uploads\/2022\/12\/11369-thickbox_default-Flotadores-de-bano-Splashtime-Squirtee-e1733249018823.jpg","contentUrl":"https:\/\/gaspachitos.com\/wp-content\/uploads\/2022\/12\/11369-thickbox_default-Flotadores-de-bano-Splashtime-Squirtee-e1733249018823.jpg","width":395,"height":401},{"@type":"BreadcrumbList","@id":"https:\/\/gaspachitos.com\/eu\/producto\/flotadores-de-bano-splashtime-squirtee\/#breadcrumb","itemListElement":[{"@type":"ListItem","position":1,"name":"Portada","item":"https:\/\/gaspachitos.com\/"},{"@type":"ListItem","position":2,"name":"Produtos","item":"https:\/\/gaspachitos.com\/gl\/shop\/"},{"@type":"ListItem","position":3,"name":"Flotadores de ba\u00f1o Splashtime Squirtee"}]},{"@type":"WebSite","@id":"https:\/\/gaspachitos.com\/#website","url":"https:\/\/gaspachitos.com\/","name":"Gaspachitos","description":"La tienda para tu beb\u00e9: cochecitos, sillas de paseo, cunas...","potentialAction":[{"@type":"SearchAction","target":{"@type":"EntryPoint","urlTemplate":"https:\/\/gaspachitos.com\/?s={search_term_string}"},"query-input":{"@type":"PropertyValueSpecification","valueRequired":true,"valueName":"search_term_string"}}],"inLanguage":"eu-ES"}]}},"brands":[{"id":5404,"name":"Tommee Tipee","slug":"tommee-tipee"}],"_links":{"self":[{"href":"https:\/\/gaspachitos.com\/eu\/wp-json\/wp\/v2\/product\/265150","targetHints":{"allow":["GET"]}}],"collection":[{"href":"https:\/\/gaspachitos.com\/eu\/wp-json\/wp\/v2\/product"}],"about":[{"href":"https:\/\/gaspachitos.com\/eu\/wp-json\/wp\/v2\/types\/product"}],"replies":[{"embeddable":true,"href":"https:\/\/gaspachitos.com\/eu\/wp-json\/wp\/v2\/comments?post=265150"}],"wp:featuredmedia":[{"embeddable":true,"href":"https:\/\/gaspachitos.com\/eu\/wp-json\/wp\/v2\/media\/247566"}],"wp:attachment":[{"href":"https:\/\/gaspachitos.com\/eu\/wp-json\/wp\/v2\/media?parent=265150"}],"wp:term":[{"taxonomy":"pwb-brand","embeddable":true,"href":"https:\/\/gaspachitos.com\/eu\/wp-json\/wp\/v2\/pwb-brand?post=265150"},{"taxonomy":"product_brand","embeddable":true,"href":"https:\/\/gaspachitos.com\/eu\/wp-json\/wp\/v2\/product_brand?post=265150"},{"taxonomy":"product_cat","embeddable":true,"href":"https:\/\/gaspachitos.com\/eu\/wp-json\/wp\/v2\/product_cat?post=265150"},{"taxonomy":"product_tag","embeddable":true,"href":"https:\/\/gaspachitos.com\/eu\/wp-json\/wp\/v2\/product_tag?post=265150"}],"curies":[{"name":"wp","href":"https:\/\/api.w.org\/{rel}","templated":true}]}}