{"id":265123,"date":"2022-12-07T11:38:50","date_gmt":"2022-12-07T09:38:50","guid":{"rendered":"https:\/\/nueva.gaspachitos.com\/producto\/estacionamiento-juguetes-de-garaje-de-3-pisos-con-2-autos\/"},"modified":"2022-12-07T11:38:50","modified_gmt":"2022-12-07T09:38:50","slug":"estacionamiento-juguetes-de-garaje-de-3-pisos-con-2-autos","status":"publish","type":"product","link":"https:\/\/gaspachitos.com\/eu\/producto\/estacionamiento-juguetes-de-garaje-de-3-pisos-con-2-autos\/","title":{"rendered":"estacionamiento juguetes de garaje de 3 pisos con 2 autos"},"content":{"rendered":"<p class=\"tw-data-text tw-text-large tw-ta\" id=\"tw-target-text\" dir=\"ltr\"><span class=\"Y2IQFc\" lang=\"es\" xml:lang=\"es\">estacionamiento juguetes de garaje de 3 pisos con 2 autos m\u00f3dulo de estacionamiento electr\u00f3nico playmat 62x62cm se\u00f1ales de tr\u00e1fico 5471 BUZ\u00d3N DE CORREO<\/span><\/p>\n","protected":false},"excerpt":{"rendered":"<h1 class=\"tw-data-text tw-text-large tw-ta\" id=\"tw-target-text\" dir=\"ltr\"><span class=\"Y2IQFc\" lang=\"es\" xml:lang=\"es\">estacionamiento juguetes de garaje de 3 pisos con 2 autos m\u00f3dulo de estacionamiento electr\u00f3nico playmat 62x62cm se\u00f1ales de tr\u00e1fico 5471 BUZ\u00d3N DE CORREO<\/span><\/h1>\n","protected":false},"featured_media":247476,"comment_status":"open","ping_status":"closed","template":"","meta":{"_et_pb_use_builder":"","_et_pb_old_content":"","_et_gb_content_width":""},"pwb-brand":[],"product_brand":[],"product_cat":[5851,6292],"product_tag":[],"class_list":{"0":"post-265123","1":"product","2":"type-product","3":"status-publish","4":"has-post-thumbnail","6":"product_cat-juguetes-eu","7":"product_cat-juguetes-educativos-eu","9":"first","10":"instock","11":"taxable","12":"shipping-taxable","13":"purchasable","14":"product-type-simple"},"yoast_head":"<!-- This site is optimized with the Yoast SEO plugin v27.4 - https:\/\/yoast.com\/product\/yoast-seo-wordpress\/ -->\n<title>juquete parking<\/title>\n<meta name=\"description\" content=\"juguete paking molto\" \/>\n<meta name=\"robots\" content=\"index, follow, max-snippet:-1, max-image-preview:large, max-video-preview:-1\" \/>\n<link rel=\"canonical\" href=\"https:\/\/gaspachitos.com\/producto\/estacionamiento-juguetes-de-garaje-de-3-pisos-con-2-autos\/\" \/>\n<meta property=\"og:locale\" content=\"eu_ES\" \/>\n<meta property=\"og:type\" content=\"article\" \/>\n<meta property=\"og:title\" content=\"juquete parking\" \/>\n<meta property=\"og:description\" content=\"juguete paking molto\" \/>\n<meta property=\"og:url\" content=\"https:\/\/gaspachitos.com\/producto\/estacionamiento-juguetes-de-garaje-de-3-pisos-con-2-autos\/\" \/>\n<meta property=\"og:site_name\" content=\"Gaspachitos\" \/>\n<meta property=\"og:image\" content=\"https:\/\/gaspachitos.com\/wp-content\/uploads\/2022\/12\/11360-thickbox_default-estacionamiento-juguetes-de-garaje-de-3-pisos-con-2-autos.jpg\" \/>\n\t<meta property=\"og:image:width\" content=\"800\" \/>\n\t<meta property=\"og:image:height\" content=\"800\" \/>\n\t<meta property=\"og:image:type\" content=\"image\/jpeg\" \/>\n<meta name=\"twitter:card\" content=\"summary_large_image\" \/>\n<script type=\"application\/ld+json\" class=\"yoast-schema-graph\">{\"@context\":\"https:\\\/\\\/schema.org\",\"@graph\":[{\"@type\":\"WebPage\",\"@id\":\"https:\\\/\\\/gaspachitos.com\\\/producto\\\/estacionamiento-juguetes-de-garaje-de-3-pisos-con-2-autos\\\/\",\"url\":\"https:\\\/\\\/gaspachitos.com\\\/producto\\\/estacionamiento-juguetes-de-garaje-de-3-pisos-con-2-autos\\\/\",\"name\":\"juquete parking\",\"isPartOf\":{\"@id\":\"https:\\\/\\\/gaspachitos.com\\\/#website\"},\"primaryImageOfPage\":{\"@id\":\"https:\\\/\\\/gaspachitos.com\\\/producto\\\/estacionamiento-juguetes-de-garaje-de-3-pisos-con-2-autos\\\/#primaryimage\"},\"image\":{\"@id\":\"https:\\\/\\\/gaspachitos.com\\\/producto\\\/estacionamiento-juguetes-de-garaje-de-3-pisos-con-2-autos\\\/#primaryimage\"},\"thumbnailUrl\":\"https:\\\/\\\/gaspachitos.com\\\/wp-content\\\/uploads\\\/2022\\\/12\\\/11360-thickbox_default-estacionamiento-juguetes-de-garaje-de-3-pisos-con-2-autos.jpg\",\"datePublished\":\"2022-12-07T09:38:50+00:00\",\"description\":\"juguete paking molto\",\"breadcrumb\":{\"@id\":\"https:\\\/\\\/gaspachitos.com\\\/producto\\\/estacionamiento-juguetes-de-garaje-de-3-pisos-con-2-autos\\\/#breadcrumb\"},\"inLanguage\":\"eu-ES\",\"potentialAction\":[{\"@type\":\"ReadAction\",\"target\":[\"https:\\\/\\\/gaspachitos.com\\\/producto\\\/estacionamiento-juguetes-de-garaje-de-3-pisos-con-2-autos\\\/\"]}]},{\"@type\":\"ImageObject\",\"inLanguage\":\"eu-ES\",\"@id\":\"https:\\\/\\\/gaspachitos.com\\\/producto\\\/estacionamiento-juguetes-de-garaje-de-3-pisos-con-2-autos\\\/#primaryimage\",\"url\":\"https:\\\/\\\/gaspachitos.com\\\/wp-content\\\/uploads\\\/2022\\\/12\\\/11360-thickbox_default-estacionamiento-juguetes-de-garaje-de-3-pisos-con-2-autos.jpg\",\"contentUrl\":\"https:\\\/\\\/gaspachitos.com\\\/wp-content\\\/uploads\\\/2022\\\/12\\\/11360-thickbox_default-estacionamiento-juguetes-de-garaje-de-3-pisos-con-2-autos.jpg\",\"width\":800,\"height\":800},{\"@type\":\"BreadcrumbList\",\"@id\":\"https:\\\/\\\/gaspachitos.com\\\/producto\\\/estacionamiento-juguetes-de-garaje-de-3-pisos-con-2-autos\\\/#breadcrumb\",\"itemListElement\":[{\"@type\":\"ListItem\",\"position\":1,\"name\":\"Portada\",\"item\":\"https:\\\/\\\/gaspachitos.com\\\/\"},{\"@type\":\"ListItem\",\"position\":2,\"name\":\"Produtos\",\"item\":\"https:\\\/\\\/gaspachitos.com\\\/gl\\\/shop\\\/\"},{\"@type\":\"ListItem\",\"position\":3,\"name\":\"estacionamiento juguetes de garaje de 3 pisos con 2 autos\"}]},{\"@type\":\"WebSite\",\"@id\":\"https:\\\/\\\/gaspachitos.com\\\/#website\",\"url\":\"https:\\\/\\\/gaspachitos.com\\\/\",\"name\":\"Gaspachitos\",\"description\":\"La tienda para tu beb\u00e9: cochecitos, sillas de paseo, cunas...\",\"potentialAction\":[{\"@type\":\"SearchAction\",\"target\":{\"@type\":\"EntryPoint\",\"urlTemplate\":\"https:\\\/\\\/gaspachitos.com\\\/?s={search_term_string}\"},\"query-input\":{\"@type\":\"PropertyValueSpecification\",\"valueRequired\":true,\"valueName\":\"search_term_string\"}}],\"inLanguage\":\"eu-ES\"}]}<\/script>\n<!-- \/ Yoast SEO plugin. -->","yoast_head_json":{"title":"juquete parking","description":"juguete paking molto","robots":{"index":"index","follow":"follow","max-snippet":"max-snippet:-1","max-image-preview":"max-image-preview:large","max-video-preview":"max-video-preview:-1"},"canonical":"https:\/\/gaspachitos.com\/producto\/estacionamiento-juguetes-de-garaje-de-3-pisos-con-2-autos\/","og_locale":"eu_ES","og_type":"article","og_title":"juquete parking","og_description":"juguete paking molto","og_url":"https:\/\/gaspachitos.com\/producto\/estacionamiento-juguetes-de-garaje-de-3-pisos-con-2-autos\/","og_site_name":"Gaspachitos","og_image":[{"width":800,"height":800,"url":"https:\/\/gaspachitos.com\/wp-content\/uploads\/2022\/12\/11360-thickbox_default-estacionamiento-juguetes-de-garaje-de-3-pisos-con-2-autos.jpg","type":"image\/jpeg"}],"twitter_card":"summary_large_image","schema":{"@context":"https:\/\/schema.org","@graph":[{"@type":"WebPage","@id":"https:\/\/gaspachitos.com\/producto\/estacionamiento-juguetes-de-garaje-de-3-pisos-con-2-autos\/","url":"https:\/\/gaspachitos.com\/producto\/estacionamiento-juguetes-de-garaje-de-3-pisos-con-2-autos\/","name":"juquete parking","isPartOf":{"@id":"https:\/\/gaspachitos.com\/#website"},"primaryImageOfPage":{"@id":"https:\/\/gaspachitos.com\/producto\/estacionamiento-juguetes-de-garaje-de-3-pisos-con-2-autos\/#primaryimage"},"image":{"@id":"https:\/\/gaspachitos.com\/producto\/estacionamiento-juguetes-de-garaje-de-3-pisos-con-2-autos\/#primaryimage"},"thumbnailUrl":"https:\/\/gaspachitos.com\/wp-content\/uploads\/2022\/12\/11360-thickbox_default-estacionamiento-juguetes-de-garaje-de-3-pisos-con-2-autos.jpg","datePublished":"2022-12-07T09:38:50+00:00","description":"juguete paking molto","breadcrumb":{"@id":"https:\/\/gaspachitos.com\/producto\/estacionamiento-juguetes-de-garaje-de-3-pisos-con-2-autos\/#breadcrumb"},"inLanguage":"eu-ES","potentialAction":[{"@type":"ReadAction","target":["https:\/\/gaspachitos.com\/producto\/estacionamiento-juguetes-de-garaje-de-3-pisos-con-2-autos\/"]}]},{"@type":"ImageObject","inLanguage":"eu-ES","@id":"https:\/\/gaspachitos.com\/producto\/estacionamiento-juguetes-de-garaje-de-3-pisos-con-2-autos\/#primaryimage","url":"https:\/\/gaspachitos.com\/wp-content\/uploads\/2022\/12\/11360-thickbox_default-estacionamiento-juguetes-de-garaje-de-3-pisos-con-2-autos.jpg","contentUrl":"https:\/\/gaspachitos.com\/wp-content\/uploads\/2022\/12\/11360-thickbox_default-estacionamiento-juguetes-de-garaje-de-3-pisos-con-2-autos.jpg","width":800,"height":800},{"@type":"BreadcrumbList","@id":"https:\/\/gaspachitos.com\/producto\/estacionamiento-juguetes-de-garaje-de-3-pisos-con-2-autos\/#breadcrumb","itemListElement":[{"@type":"ListItem","position":1,"name":"Portada","item":"https:\/\/gaspachitos.com\/"},{"@type":"ListItem","position":2,"name":"Produtos","item":"https:\/\/gaspachitos.com\/gl\/shop\/"},{"@type":"ListItem","position":3,"name":"estacionamiento juguetes de garaje de 3 pisos con 2 autos"}]},{"@type":"WebSite","@id":"https:\/\/gaspachitos.com\/#website","url":"https:\/\/gaspachitos.com\/","name":"Gaspachitos","description":"La tienda para tu beb\u00e9: cochecitos, sillas de paseo, cunas...","potentialAction":[{"@type":"SearchAction","target":{"@type":"EntryPoint","urlTemplate":"https:\/\/gaspachitos.com\/?s={search_term_string}"},"query-input":{"@type":"PropertyValueSpecification","valueRequired":true,"valueName":"search_term_string"}}],"inLanguage":"eu-ES"}]}},"brands":[],"_links":{"self":[{"href":"https:\/\/gaspachitos.com\/eu\/wp-json\/wp\/v2\/product\/265123","targetHints":{"allow":["GET"]}}],"collection":[{"href":"https:\/\/gaspachitos.com\/eu\/wp-json\/wp\/v2\/product"}],"about":[{"href":"https:\/\/gaspachitos.com\/eu\/wp-json\/wp\/v2\/types\/product"}],"replies":[{"embeddable":true,"href":"https:\/\/gaspachitos.com\/eu\/wp-json\/wp\/v2\/comments?post=265123"}],"wp:featuredmedia":[{"embeddable":true,"href":"https:\/\/gaspachitos.com\/eu\/wp-json\/wp\/v2\/media\/247476"}],"wp:attachment":[{"href":"https:\/\/gaspachitos.com\/eu\/wp-json\/wp\/v2\/media?parent=265123"}],"wp:term":[{"taxonomy":"pwb-brand","embeddable":true,"href":"https:\/\/gaspachitos.com\/eu\/wp-json\/wp\/v2\/pwb-brand?post=265123"},{"taxonomy":"product_brand","embeddable":true,"href":"https:\/\/gaspachitos.com\/eu\/wp-json\/wp\/v2\/product_brand?post=265123"},{"taxonomy":"product_cat","embeddable":true,"href":"https:\/\/gaspachitos.com\/eu\/wp-json\/wp\/v2\/product_cat?post=265123"},{"taxonomy":"product_tag","embeddable":true,"href":"https:\/\/gaspachitos.com\/eu\/wp-json\/wp\/v2\/product_tag?post=265123"}],"curies":[{"name":"wp","href":"https:\/\/api.w.org\/{rel}","templated":true}]}}