{"id":264997,"date":"2022-12-05T11:03:41","date_gmt":"2022-12-05T09:03:41","guid":{"rendered":"https:\/\/nueva.gaspachitos.com\/producto\/saro-sonajeros-con-luz-y-sonido-mini-music\/"},"modified":"2022-12-05T11:03:41","modified_gmt":"2022-12-05T09:03:41","slug":"saro-sonajeros-con-luz-y-sonido-mini-music","status":"publish","type":"product","link":"https:\/\/gaspachitos.com\/eu\/producto\/saro-sonajeros-con-luz-y-sonido-mini-music\/","title":{"rendered":"Saro Sonajeros Con Luz Y Sonido Mini Music."},"content":{"rendered":"<p><span>En esta secci\u00f3n de FarmaSky, nuestra parafarmacia online, encontrar\u00e1s todos los productos de la marca Saro al mejor precio. Adem\u00e1s, en nuestro cat\u00e1logo tendr\u00e1s las \u00faltimas novedades de la marca y podr\u00e1s conseguir el producto que buscas en 24h\/48h.<\/span><\/p>\n<p>Los sonajeros con luz y sonido &#8220;Mini Music&#8221; entretienen y divierten a tu beb\u00e9.<\/p>\n<p>A partir de los 18 meses.<\/p>\n<p>\u00a0Destacamos que se trata de un art\u00edculo en el que pueden existir varios modelos y\/o colores, pero al sernos imposible fotografiarlos todos, aconsejamos que los clientes utilicen el apartado de comentarios del pedido y la entrega de la cesta de la compra para especificar el modelo de preferencia.<\/p>\n","protected":false},"excerpt":{"rendered":"<h1 class=\"page-title\"><span class=\"base\">Saro Sonajeros Con Luz Y Sonido Mini Music.<\/span><\/h1>\n","protected":false},"featured_media":283190,"comment_status":"open","ping_status":"closed","template":"","meta":{"_et_pb_use_builder":"","_et_pb_old_content":"","_et_gb_content_width":""},"pwb-brand":[5368],"product_brand":[],"product_cat":[5851,6355],"product_tag":[],"class_list":{"0":"post-264997","1":"product","2":"type-product","3":"status-publish","4":"has-post-thumbnail","6":"pwb-brand-saro","7":"product_cat-juguetes-eu","8":"product_cat-juguetes-musicales-eu","10":"first","11":"instock","12":"taxable","13":"shipping-taxable","14":"purchasable","15":"product-type-simple"},"yoast_head":"<!-- This site is optimized with the Yoast SEO plugin v27.5 - https:\/\/yoast.com\/product\/yoast-seo-wordpress\/ -->\n<title>saro juguetes<\/title>\n<meta name=\"description\" content=\"saro juguetes\" \/>\n<meta name=\"robots\" content=\"index, follow, max-snippet:-1, max-image-preview:large, max-video-preview:-1\" \/>\n<link rel=\"canonical\" href=\"https:\/\/gaspachitos.com\/eu\/producto\/saro-sonajeros-con-luz-y-sonido-mini-music\/\" \/>\n<meta property=\"og:locale\" content=\"eu_ES\" \/>\n<meta property=\"og:type\" content=\"article\" \/>\n<meta property=\"og:title\" content=\"saro juguetes\" \/>\n<meta property=\"og:description\" content=\"saro juguetes\" \/>\n<meta property=\"og:url\" content=\"https:\/\/gaspachitos.com\/eu\/producto\/saro-sonajeros-con-luz-y-sonido-mini-music\/\" \/>\n<meta property=\"og:site_name\" content=\"Gaspachitos\" \/>\n<meta property=\"og:image\" content=\"https:\/\/gaspachitos.com\/wp-content\/uploads\/2022\/12\/11325-thickbox_default-Saro-Sonajeros-Con-Luz-Y-Sonido-Mini-Music.jpg\" \/>\n\t<meta property=\"og:image:width\" content=\"800\" \/>\n\t<meta property=\"og:image:height\" content=\"800\" \/>\n\t<meta property=\"og:image:type\" content=\"image\/jpeg\" \/>\n<meta name=\"twitter:card\" content=\"summary_large_image\" \/>\n<meta name=\"twitter:label1\" content=\"Est. reading time\" \/>\n\t<meta name=\"twitter:data1\" content=\"1 minute\" \/>\n<script type=\"application\/ld+json\" class=\"yoast-schema-graph\">{\"@context\":\"https:\\\/\\\/schema.org\",\"@graph\":[{\"@type\":\"WebPage\",\"@id\":\"https:\\\/\\\/gaspachitos.com\\\/eu\\\/producto\\\/saro-sonajeros-con-luz-y-sonido-mini-music\\\/\",\"url\":\"https:\\\/\\\/gaspachitos.com\\\/eu\\\/producto\\\/saro-sonajeros-con-luz-y-sonido-mini-music\\\/\",\"name\":\"saro juguetes\",\"isPartOf\":{\"@id\":\"https:\\\/\\\/gaspachitos.com\\\/#website\"},\"primaryImageOfPage\":{\"@id\":\"https:\\\/\\\/gaspachitos.com\\\/eu\\\/producto\\\/saro-sonajeros-con-luz-y-sonido-mini-music\\\/#primaryimage\"},\"image\":{\"@id\":\"https:\\\/\\\/gaspachitos.com\\\/eu\\\/producto\\\/saro-sonajeros-con-luz-y-sonido-mini-music\\\/#primaryimage\"},\"thumbnailUrl\":\"https:\\\/\\\/gaspachitos.com\\\/wp-content\\\/uploads\\\/2022\\\/12\\\/11326-thickbox_default-Saro-Sonajeros-Con-Luz-Y-Sonido-Mini-Music.webp\",\"datePublished\":\"2022-12-05T09:03:41+00:00\",\"description\":\"saro juguetes\",\"breadcrumb\":{\"@id\":\"https:\\\/\\\/gaspachitos.com\\\/eu\\\/producto\\\/saro-sonajeros-con-luz-y-sonido-mini-music\\\/#breadcrumb\"},\"inLanguage\":\"eu-ES\",\"potentialAction\":[{\"@type\":\"ReadAction\",\"target\":[\"https:\\\/\\\/gaspachitos.com\\\/eu\\\/producto\\\/saro-sonajeros-con-luz-y-sonido-mini-music\\\/\"]}]},{\"@type\":\"ImageObject\",\"inLanguage\":\"eu-ES\",\"@id\":\"https:\\\/\\\/gaspachitos.com\\\/eu\\\/producto\\\/saro-sonajeros-con-luz-y-sonido-mini-music\\\/#primaryimage\",\"url\":\"https:\\\/\\\/gaspachitos.com\\\/wp-content\\\/uploads\\\/2022\\\/12\\\/11326-thickbox_default-Saro-Sonajeros-Con-Luz-Y-Sonido-Mini-Music.webp\",\"contentUrl\":\"https:\\\/\\\/gaspachitos.com\\\/wp-content\\\/uploads\\\/2022\\\/12\\\/11326-thickbox_default-Saro-Sonajeros-Con-Luz-Y-Sonido-Mini-Music.webp\",\"width\":800,\"height\":800},{\"@type\":\"BreadcrumbList\",\"@id\":\"https:\\\/\\\/gaspachitos.com\\\/eu\\\/producto\\\/saro-sonajeros-con-luz-y-sonido-mini-music\\\/#breadcrumb\",\"itemListElement\":[{\"@type\":\"ListItem\",\"position\":1,\"name\":\"Portada\",\"item\":\"https:\\\/\\\/gaspachitos.com\\\/\"},{\"@type\":\"ListItem\",\"position\":2,\"name\":\"Produtos\",\"item\":\"https:\\\/\\\/gaspachitos.com\\\/gl\\\/shop\\\/\"},{\"@type\":\"ListItem\",\"position\":3,\"name\":\"Saro Sonajeros Con Luz Y Sonido Mini Music.\"}]},{\"@type\":\"WebSite\",\"@id\":\"https:\\\/\\\/gaspachitos.com\\\/#website\",\"url\":\"https:\\\/\\\/gaspachitos.com\\\/\",\"name\":\"Gaspachitos\",\"description\":\"La tienda para tu beb\u00e9: cochecitos, sillas de paseo, cunas...\",\"potentialAction\":[{\"@type\":\"SearchAction\",\"target\":{\"@type\":\"EntryPoint\",\"urlTemplate\":\"https:\\\/\\\/gaspachitos.com\\\/?s={search_term_string}\"},\"query-input\":{\"@type\":\"PropertyValueSpecification\",\"valueRequired\":true,\"valueName\":\"search_term_string\"}}],\"inLanguage\":\"eu-ES\"}]}<\/script>\n<!-- \/ Yoast SEO plugin. -->","yoast_head_json":{"title":"saro juguetes","description":"saro juguetes","robots":{"index":"index","follow":"follow","max-snippet":"max-snippet:-1","max-image-preview":"max-image-preview:large","max-video-preview":"max-video-preview:-1"},"canonical":"https:\/\/gaspachitos.com\/eu\/producto\/saro-sonajeros-con-luz-y-sonido-mini-music\/","og_locale":"eu_ES","og_type":"article","og_title":"saro juguetes","og_description":"saro juguetes","og_url":"https:\/\/gaspachitos.com\/eu\/producto\/saro-sonajeros-con-luz-y-sonido-mini-music\/","og_site_name":"Gaspachitos","og_image":[{"width":800,"height":800,"url":"https:\/\/gaspachitos.com\/wp-content\/uploads\/2022\/12\/11325-thickbox_default-Saro-Sonajeros-Con-Luz-Y-Sonido-Mini-Music.jpg","type":"image\/jpeg"}],"twitter_card":"summary_large_image","twitter_misc":{"Est. reading time":"1 minute"},"schema":{"@context":"https:\/\/schema.org","@graph":[{"@type":"WebPage","@id":"https:\/\/gaspachitos.com\/eu\/producto\/saro-sonajeros-con-luz-y-sonido-mini-music\/","url":"https:\/\/gaspachitos.com\/eu\/producto\/saro-sonajeros-con-luz-y-sonido-mini-music\/","name":"saro juguetes","isPartOf":{"@id":"https:\/\/gaspachitos.com\/#website"},"primaryImageOfPage":{"@id":"https:\/\/gaspachitos.com\/eu\/producto\/saro-sonajeros-con-luz-y-sonido-mini-music\/#primaryimage"},"image":{"@id":"https:\/\/gaspachitos.com\/eu\/producto\/saro-sonajeros-con-luz-y-sonido-mini-music\/#primaryimage"},"thumbnailUrl":"https:\/\/gaspachitos.com\/wp-content\/uploads\/2022\/12\/11326-thickbox_default-Saro-Sonajeros-Con-Luz-Y-Sonido-Mini-Music.webp","datePublished":"2022-12-05T09:03:41+00:00","description":"saro juguetes","breadcrumb":{"@id":"https:\/\/gaspachitos.com\/eu\/producto\/saro-sonajeros-con-luz-y-sonido-mini-music\/#breadcrumb"},"inLanguage":"eu-ES","potentialAction":[{"@type":"ReadAction","target":["https:\/\/gaspachitos.com\/eu\/producto\/saro-sonajeros-con-luz-y-sonido-mini-music\/"]}]},{"@type":"ImageObject","inLanguage":"eu-ES","@id":"https:\/\/gaspachitos.com\/eu\/producto\/saro-sonajeros-con-luz-y-sonido-mini-music\/#primaryimage","url":"https:\/\/gaspachitos.com\/wp-content\/uploads\/2022\/12\/11326-thickbox_default-Saro-Sonajeros-Con-Luz-Y-Sonido-Mini-Music.webp","contentUrl":"https:\/\/gaspachitos.com\/wp-content\/uploads\/2022\/12\/11326-thickbox_default-Saro-Sonajeros-Con-Luz-Y-Sonido-Mini-Music.webp","width":800,"height":800},{"@type":"BreadcrumbList","@id":"https:\/\/gaspachitos.com\/eu\/producto\/saro-sonajeros-con-luz-y-sonido-mini-music\/#breadcrumb","itemListElement":[{"@type":"ListItem","position":1,"name":"Portada","item":"https:\/\/gaspachitos.com\/"},{"@type":"ListItem","position":2,"name":"Produtos","item":"https:\/\/gaspachitos.com\/gl\/shop\/"},{"@type":"ListItem","position":3,"name":"Saro Sonajeros Con Luz Y Sonido Mini Music."}]},{"@type":"WebSite","@id":"https:\/\/gaspachitos.com\/#website","url":"https:\/\/gaspachitos.com\/","name":"Gaspachitos","description":"La tienda para tu beb\u00e9: cochecitos, sillas de paseo, cunas...","potentialAction":[{"@type":"SearchAction","target":{"@type":"EntryPoint","urlTemplate":"https:\/\/gaspachitos.com\/?s={search_term_string}"},"query-input":{"@type":"PropertyValueSpecification","valueRequired":true,"valueName":"search_term_string"}}],"inLanguage":"eu-ES"}]}},"brands":[{"id":5368,"name":"Saro","slug":"saro"}],"_links":{"self":[{"href":"https:\/\/gaspachitos.com\/eu\/wp-json\/wp\/v2\/product\/264997","targetHints":{"allow":["GET"]}}],"collection":[{"href":"https:\/\/gaspachitos.com\/eu\/wp-json\/wp\/v2\/product"}],"about":[{"href":"https:\/\/gaspachitos.com\/eu\/wp-json\/wp\/v2\/types\/product"}],"replies":[{"embeddable":true,"href":"https:\/\/gaspachitos.com\/eu\/wp-json\/wp\/v2\/comments?post=264997"}],"wp:featuredmedia":[{"embeddable":true,"href":"https:\/\/gaspachitos.com\/eu\/wp-json\/wp\/v2\/media\/283190"}],"wp:attachment":[{"href":"https:\/\/gaspachitos.com\/eu\/wp-json\/wp\/v2\/media?parent=264997"}],"wp:term":[{"taxonomy":"pwb-brand","embeddable":true,"href":"https:\/\/gaspachitos.com\/eu\/wp-json\/wp\/v2\/pwb-brand?post=264997"},{"taxonomy":"product_brand","embeddable":true,"href":"https:\/\/gaspachitos.com\/eu\/wp-json\/wp\/v2\/product_brand?post=264997"},{"taxonomy":"product_cat","embeddable":true,"href":"https:\/\/gaspachitos.com\/eu\/wp-json\/wp\/v2\/product_cat?post=264997"},{"taxonomy":"product_tag","embeddable":true,"href":"https:\/\/gaspachitos.com\/eu\/wp-json\/wp\/v2\/product_tag?post=264997"}],"curies":[{"name":"wp","href":"https:\/\/api.w.org\/{rel}","templated":true}]}}