{"id":264977,"date":"2022-12-05T10:48:13","date_gmt":"2022-12-05T08:48:13","guid":{"rendered":"https:\/\/nueva.gaspachitos.com\/producto\/juguete-tentetieso-buho\/"},"modified":"2022-12-05T10:48:13","modified_gmt":"2022-12-05T08:48:13","slug":"juguete-tentetieso-buho","status":"publish","type":"product","link":"https:\/\/gaspachitos.com\/eu\/producto\/juguete-tentetieso-buho\/","title":{"rendered":"JUGUETE TENTETIESO B\u00daHO"},"content":{"rendered":"<p><span>Otro cl\u00e1sico del ba\u00fal de juguetes de cada beb\u00e9, \u00a1los tentetiesos! Un juguete que no para quieto, un juguete que se balancea y se mueve sin parar.<\/span><\/p>\n<p><span>Sus ojitos se mueven mientras se balancea de un lado a otro y de delante a atr\u00e1s. Para el peque es f\u00e1cil de mover y de coger y abrazar. Tiene una tira de textil en la cabeza para que tambi\u00e9n interact\u00fae con ella mientras juega. Le encantar\u00e1.<\/span><\/p>\n<p><span>Sus tonos pasteles y suaves hacen de este b\u00faho un juguete de decoraci\u00f3n, cuando tu beb\u00e9 no juegue con \u00e9l decora la estanter\u00eda de la habitaci\u00f3n y queda bonito y perfecto.<\/span><\/p>\n<p><span>Dos modelos muy tiernos de b\u00fahos con campanitas en su interior, que nos recuerda al sonido de los tentetiesos de toda la vida.<\/span><\/p>\n<p><span>&#8211; Material: pl\u00e1stico y textil.<\/span><br \/><span>&#8211; Recomendado a ni\u00f1os de +3 meses.<\/span><\/p>\n","protected":false},"excerpt":{"rendered":"<h1 class=\"product_main_name\">JUGUETE TENTETIESO B\u00daHO ROSA O AZUL<\/h1>\n","protected":false},"featured_media":247008,"comment_status":"open","ping_status":"closed","template":"","meta":{"_et_pb_use_builder":"","_et_pb_old_content":"","_et_gb_content_width":""},"pwb-brand":[],"product_brand":[],"product_cat":[5851,6355,6652],"product_tag":[],"class_list":{"0":"post-264977","1":"product","2":"type-product","3":"status-publish","4":"has-post-thumbnail","6":"product_cat-juguetes-eu","7":"product_cat-juguetes-musicales-eu","8":"product_cat-sonajeros-eu","9":"pa_color-azul-eu","10":"pa_color-rosa-eu","12":"first","13":"instock","14":"taxable","15":"shipping-taxable","16":"purchasable","17":"product-type-variable","18":"has-default-attributes"},"yoast_head":"<!-- This site is optimized with the Yoast SEO plugin v27.5 - https:\/\/yoast.com\/product\/yoast-seo-wordpress\/ -->\n<title>KIOKIDS JUGUETES<\/title>\n<meta name=\"description\" content=\"KIOKIDS JUGUETES\" \/>\n<meta name=\"robots\" content=\"index, follow, max-snippet:-1, max-image-preview:large, max-video-preview:-1\" \/>\n<link rel=\"canonical\" href=\"https:\/\/gaspachitos.com\/eu\/producto\/juguete-tentetieso-buho\/\" \/>\n<meta property=\"og:locale\" content=\"eu_ES\" \/>\n<meta property=\"og:type\" content=\"article\" \/>\n<meta property=\"og:title\" content=\"KIOKIDS JUGUETES\" \/>\n<meta property=\"og:description\" content=\"KIOKIDS JUGUETES\" \/>\n<meta property=\"og:url\" content=\"https:\/\/gaspachitos.com\/eu\/producto\/juguete-tentetieso-buho\/\" \/>\n<meta property=\"og:site_name\" content=\"Gaspachitos\" \/>\n<meta property=\"og:image\" content=\"https:\/\/gaspachitos.com\/wp-content\/uploads\/2022\/12\/11320-thickbox_default-JUGUETE-TENTETIESO-BUHO.jpg\" \/>\n\t<meta property=\"og:image:width\" content=\"800\" \/>\n\t<meta property=\"og:image:height\" content=\"800\" \/>\n\t<meta property=\"og:image:type\" content=\"image\/jpeg\" \/>\n<meta name=\"twitter:card\" content=\"summary_large_image\" \/>\n<meta name=\"twitter:label1\" content=\"Est. reading time\" \/>\n\t<meta name=\"twitter:data1\" content=\"1 minute\" \/>\n<script type=\"application\/ld+json\" class=\"yoast-schema-graph\">{\"@context\":\"https:\\\/\\\/schema.org\",\"@graph\":[{\"@type\":\"WebPage\",\"@id\":\"https:\\\/\\\/gaspachitos.com\\\/eu\\\/producto\\\/juguete-tentetieso-buho\\\/\",\"url\":\"https:\\\/\\\/gaspachitos.com\\\/eu\\\/producto\\\/juguete-tentetieso-buho\\\/\",\"name\":\"KIOKIDS JUGUETES\",\"isPartOf\":{\"@id\":\"https:\\\/\\\/gaspachitos.com\\\/#website\"},\"primaryImageOfPage\":{\"@id\":\"https:\\\/\\\/gaspachitos.com\\\/eu\\\/producto\\\/juguete-tentetieso-buho\\\/#primaryimage\"},\"image\":{\"@id\":\"https:\\\/\\\/gaspachitos.com\\\/eu\\\/producto\\\/juguete-tentetieso-buho\\\/#primaryimage\"},\"thumbnailUrl\":\"https:\\\/\\\/gaspachitos.com\\\/wp-content\\\/uploads\\\/2022\\\/12\\\/11320-thickbox_default-JUGUETE-TENTETIESO-BUHO.jpg\",\"datePublished\":\"2022-12-05T08:48:13+00:00\",\"description\":\"KIOKIDS JUGUETES\",\"breadcrumb\":{\"@id\":\"https:\\\/\\\/gaspachitos.com\\\/eu\\\/producto\\\/juguete-tentetieso-buho\\\/#breadcrumb\"},\"inLanguage\":\"eu-ES\",\"potentialAction\":[{\"@type\":\"ReadAction\",\"target\":[\"https:\\\/\\\/gaspachitos.com\\\/eu\\\/producto\\\/juguete-tentetieso-buho\\\/\"]}]},{\"@type\":\"ImageObject\",\"inLanguage\":\"eu-ES\",\"@id\":\"https:\\\/\\\/gaspachitos.com\\\/eu\\\/producto\\\/juguete-tentetieso-buho\\\/#primaryimage\",\"url\":\"https:\\\/\\\/gaspachitos.com\\\/wp-content\\\/uploads\\\/2022\\\/12\\\/11320-thickbox_default-JUGUETE-TENTETIESO-BUHO.jpg\",\"contentUrl\":\"https:\\\/\\\/gaspachitos.com\\\/wp-content\\\/uploads\\\/2022\\\/12\\\/11320-thickbox_default-JUGUETE-TENTETIESO-BUHO.jpg\",\"width\":800,\"height\":800},{\"@type\":\"BreadcrumbList\",\"@id\":\"https:\\\/\\\/gaspachitos.com\\\/eu\\\/producto\\\/juguete-tentetieso-buho\\\/#breadcrumb\",\"itemListElement\":[{\"@type\":\"ListItem\",\"position\":1,\"name\":\"Portada\",\"item\":\"https:\\\/\\\/gaspachitos.com\\\/\"},{\"@type\":\"ListItem\",\"position\":2,\"name\":\"Produtos\",\"item\":\"https:\\\/\\\/gaspachitos.com\\\/gl\\\/shop\\\/\"},{\"@type\":\"ListItem\",\"position\":3,\"name\":\"JUGUETE TENTETIESO B\u00daHO\"}]},{\"@type\":\"WebSite\",\"@id\":\"https:\\\/\\\/gaspachitos.com\\\/#website\",\"url\":\"https:\\\/\\\/gaspachitos.com\\\/\",\"name\":\"Gaspachitos\",\"description\":\"La tienda para tu beb\u00e9: cochecitos, sillas de paseo, cunas...\",\"potentialAction\":[{\"@type\":\"SearchAction\",\"target\":{\"@type\":\"EntryPoint\",\"urlTemplate\":\"https:\\\/\\\/gaspachitos.com\\\/?s={search_term_string}\"},\"query-input\":{\"@type\":\"PropertyValueSpecification\",\"valueRequired\":true,\"valueName\":\"search_term_string\"}}],\"inLanguage\":\"eu-ES\"}]}<\/script>\n<!-- \/ Yoast SEO plugin. -->","yoast_head_json":{"title":"KIOKIDS JUGUETES","description":"KIOKIDS JUGUETES","robots":{"index":"index","follow":"follow","max-snippet":"max-snippet:-1","max-image-preview":"max-image-preview:large","max-video-preview":"max-video-preview:-1"},"canonical":"https:\/\/gaspachitos.com\/eu\/producto\/juguete-tentetieso-buho\/","og_locale":"eu_ES","og_type":"article","og_title":"KIOKIDS JUGUETES","og_description":"KIOKIDS JUGUETES","og_url":"https:\/\/gaspachitos.com\/eu\/producto\/juguete-tentetieso-buho\/","og_site_name":"Gaspachitos","og_image":[{"width":800,"height":800,"url":"https:\/\/gaspachitos.com\/wp-content\/uploads\/2022\/12\/11320-thickbox_default-JUGUETE-TENTETIESO-BUHO.jpg","type":"image\/jpeg"}],"twitter_card":"summary_large_image","twitter_misc":{"Est. reading time":"1 minute"},"schema":{"@context":"https:\/\/schema.org","@graph":[{"@type":"WebPage","@id":"https:\/\/gaspachitos.com\/eu\/producto\/juguete-tentetieso-buho\/","url":"https:\/\/gaspachitos.com\/eu\/producto\/juguete-tentetieso-buho\/","name":"KIOKIDS JUGUETES","isPartOf":{"@id":"https:\/\/gaspachitos.com\/#website"},"primaryImageOfPage":{"@id":"https:\/\/gaspachitos.com\/eu\/producto\/juguete-tentetieso-buho\/#primaryimage"},"image":{"@id":"https:\/\/gaspachitos.com\/eu\/producto\/juguete-tentetieso-buho\/#primaryimage"},"thumbnailUrl":"https:\/\/gaspachitos.com\/wp-content\/uploads\/2022\/12\/11320-thickbox_default-JUGUETE-TENTETIESO-BUHO.jpg","datePublished":"2022-12-05T08:48:13+00:00","description":"KIOKIDS JUGUETES","breadcrumb":{"@id":"https:\/\/gaspachitos.com\/eu\/producto\/juguete-tentetieso-buho\/#breadcrumb"},"inLanguage":"eu-ES","potentialAction":[{"@type":"ReadAction","target":["https:\/\/gaspachitos.com\/eu\/producto\/juguete-tentetieso-buho\/"]}]},{"@type":"ImageObject","inLanguage":"eu-ES","@id":"https:\/\/gaspachitos.com\/eu\/producto\/juguete-tentetieso-buho\/#primaryimage","url":"https:\/\/gaspachitos.com\/wp-content\/uploads\/2022\/12\/11320-thickbox_default-JUGUETE-TENTETIESO-BUHO.jpg","contentUrl":"https:\/\/gaspachitos.com\/wp-content\/uploads\/2022\/12\/11320-thickbox_default-JUGUETE-TENTETIESO-BUHO.jpg","width":800,"height":800},{"@type":"BreadcrumbList","@id":"https:\/\/gaspachitos.com\/eu\/producto\/juguete-tentetieso-buho\/#breadcrumb","itemListElement":[{"@type":"ListItem","position":1,"name":"Portada","item":"https:\/\/gaspachitos.com\/"},{"@type":"ListItem","position":2,"name":"Produtos","item":"https:\/\/gaspachitos.com\/gl\/shop\/"},{"@type":"ListItem","position":3,"name":"JUGUETE TENTETIESO B\u00daHO"}]},{"@type":"WebSite","@id":"https:\/\/gaspachitos.com\/#website","url":"https:\/\/gaspachitos.com\/","name":"Gaspachitos","description":"La tienda para tu beb\u00e9: cochecitos, sillas de paseo, cunas...","potentialAction":[{"@type":"SearchAction","target":{"@type":"EntryPoint","urlTemplate":"https:\/\/gaspachitos.com\/?s={search_term_string}"},"query-input":{"@type":"PropertyValueSpecification","valueRequired":true,"valueName":"search_term_string"}}],"inLanguage":"eu-ES"}]}},"brands":[],"_links":{"self":[{"href":"https:\/\/gaspachitos.com\/eu\/wp-json\/wp\/v2\/product\/264977","targetHints":{"allow":["GET"]}}],"collection":[{"href":"https:\/\/gaspachitos.com\/eu\/wp-json\/wp\/v2\/product"}],"about":[{"href":"https:\/\/gaspachitos.com\/eu\/wp-json\/wp\/v2\/types\/product"}],"replies":[{"embeddable":true,"href":"https:\/\/gaspachitos.com\/eu\/wp-json\/wp\/v2\/comments?post=264977"}],"wp:featuredmedia":[{"embeddable":true,"href":"https:\/\/gaspachitos.com\/eu\/wp-json\/wp\/v2\/media\/247008"}],"wp:attachment":[{"href":"https:\/\/gaspachitos.com\/eu\/wp-json\/wp\/v2\/media?parent=264977"}],"wp:term":[{"taxonomy":"pwb-brand","embeddable":true,"href":"https:\/\/gaspachitos.com\/eu\/wp-json\/wp\/v2\/pwb-brand?post=264977"},{"taxonomy":"product_brand","embeddable":true,"href":"https:\/\/gaspachitos.com\/eu\/wp-json\/wp\/v2\/product_brand?post=264977"},{"taxonomy":"product_cat","embeddable":true,"href":"https:\/\/gaspachitos.com\/eu\/wp-json\/wp\/v2\/product_cat?post=264977"},{"taxonomy":"product_tag","embeddable":true,"href":"https:\/\/gaspachitos.com\/eu\/wp-json\/wp\/v2\/product_tag?post=264977"}],"curies":[{"name":"wp","href":"https:\/\/api.w.org\/{rel}","templated":true}]}}