{"id":264574,"date":"2022-11-30T12:16:04","date_gmt":"2022-11-30T10:16:04","guid":{"rendered":"https:\/\/nueva.gaspachitos.com\/producto\/bebeconfort-kanji-trona-para-bebe-plegable\/"},"modified":"2022-11-30T12:16:04","modified_gmt":"2022-11-30T10:16:04","slug":"bebeconfort-kanji-trona-para-bebe-plegable","status":"publish","type":"product","link":"https:\/\/gaspachitos.com\/eu\/producto\/bebeconfort-kanji-trona-para-bebe-plegable\/","title":{"rendered":"Bebeconfort Kanji trona para beb\u00e9 plegable"},"content":{"rendered":"<p><span>La trona plegable Kanji es apta para ni\u00f1os de 6 meses a 3 a\u00f1os aproximadamente. En cuanto al peso, es apta hasta los 15 kg. El asiento se pliega y puede colocarse en posici\u00f3n vertical para guardarla sin problemas en un espacio lo m\u00e1s reducido posible. La trona permite que el ni\u00f1o se siente con la familia porque es f\u00e1cil sentarlo en ella gracias a su c\u00f3moda bandeja plegable. En la bandeja plegable hay un portavasos para evitar derrames o al menos disminuir el riesgo de que se produzcan. Adem\u00e1s de eso, la trona incluye un arn\u00e9s de seguridad de 5 puntos para mayor seguridad. El arn\u00e9s debe ser f\u00e1cil de quitar cuando el ni\u00f1o crece. Finalmente, el asiento est\u00e1 confeccionado con un tejido EVA para poder limpiarlo f\u00e1cilmente con una esponja h\u00fameda.<\/span><\/p>\n","protected":false},"excerpt":{"rendered":"<h1 id=\"title\" class=\"a-size-large a-spacing-none\"><span id=\"productTitle\" class=\"a-size-large product-title-word-break\">Bebeconfort Kanji trona para beb\u00e9 plegable, compacta y ajustable, trona beb\u00e9 con coj\u00edn por ni\u00f1os 6 meses &#8211; 3 a\u00f1os, unisex, color Warm Grey<\/span><\/h1>\n","protected":false},"featured_media":245766,"comment_status":"open","ping_status":"closed","template":"","meta":{"_et_pb_use_builder":"","_et_pb_old_content":"","_et_gb_content_width":""},"pwb-brand":[],"product_brand":[],"product_cat":[5779,6445],"product_tag":[],"class_list":{"0":"post-264574","1":"product","2":"type-product","3":"status-publish","4":"has-post-thumbnail","6":"product_cat-casa-eu","7":"product_cat-tronas-eu","9":"first","10":"instock","11":"taxable","12":"shipping-taxable","13":"purchasable","14":"product-type-simple"},"yoast_head":"<!-- This site is optimized with the Yoast SEO plugin v27.4 - https:\/\/yoast.com\/product\/yoast-seo-wordpress\/ -->\n<title>Bebeconfort Kanji trona para beb\u00e9 plegable - Gaspachitos<\/title>\n<meta name=\"robots\" content=\"index, follow, max-snippet:-1, max-image-preview:large, max-video-preview:-1\" \/>\n<link rel=\"canonical\" href=\"https:\/\/gaspachitos.com\/eu\/producto\/bebeconfort-kanji-trona-para-bebe-plegable\/\" \/>\n<meta property=\"og:locale\" content=\"eu_ES\" \/>\n<meta property=\"og:type\" content=\"article\" \/>\n<meta property=\"og:title\" content=\"Bebeconfort Kanji trona para beb\u00e9 plegable - Gaspachitos\" \/>\n<meta property=\"og:description\" content=\"Bebeconfort Kanji trona para beb\u00e9 plegable, compacta y ajustable, trona beb\u00e9 con coj\u00edn por ni\u00f1os 6 meses - 3 a\u00f1os, unisex, color Warm Grey\" \/>\n<meta property=\"og:url\" content=\"https:\/\/gaspachitos.com\/eu\/producto\/bebeconfort-kanji-trona-para-bebe-plegable\/\" \/>\n<meta property=\"og:site_name\" content=\"Gaspachitos\" \/>\n<meta property=\"og:image\" content=\"https:\/\/gaspachitos.com\/wp-content\/uploads\/2022\/11\/11217-thickbox_default-Bebeconfort-Kanji-trona-para-bebe-plegable.jpg\" \/>\n\t<meta property=\"og:image:width\" content=\"800\" \/>\n\t<meta property=\"og:image:height\" content=\"800\" \/>\n\t<meta property=\"og:image:type\" content=\"image\/jpeg\" \/>\n<meta name=\"twitter:card\" content=\"summary_large_image\" \/>\n<meta name=\"twitter:label1\" content=\"Est. reading time\" \/>\n\t<meta name=\"twitter:data1\" content=\"1 minute\" \/>\n<script type=\"application\/ld+json\" class=\"yoast-schema-graph\">{\"@context\":\"https:\\\/\\\/schema.org\",\"@graph\":[{\"@type\":\"WebPage\",\"@id\":\"https:\\\/\\\/gaspachitos.com\\\/eu\\\/producto\\\/bebeconfort-kanji-trona-para-bebe-plegable\\\/\",\"url\":\"https:\\\/\\\/gaspachitos.com\\\/eu\\\/producto\\\/bebeconfort-kanji-trona-para-bebe-plegable\\\/\",\"name\":\"Bebeconfort Kanji trona para beb\u00e9 plegable - Gaspachitos\",\"isPartOf\":{\"@id\":\"https:\\\/\\\/gaspachitos.com\\\/#website\"},\"primaryImageOfPage\":{\"@id\":\"https:\\\/\\\/gaspachitos.com\\\/eu\\\/producto\\\/bebeconfort-kanji-trona-para-bebe-plegable\\\/#primaryimage\"},\"image\":{\"@id\":\"https:\\\/\\\/gaspachitos.com\\\/eu\\\/producto\\\/bebeconfort-kanji-trona-para-bebe-plegable\\\/#primaryimage\"},\"thumbnailUrl\":\"https:\\\/\\\/gaspachitos.com\\\/wp-content\\\/uploads\\\/2022\\\/11\\\/11217-thickbox_default-Bebeconfort-Kanji-trona-para-bebe-plegable.jpg\",\"datePublished\":\"2022-11-30T10:16:04+00:00\",\"breadcrumb\":{\"@id\":\"https:\\\/\\\/gaspachitos.com\\\/eu\\\/producto\\\/bebeconfort-kanji-trona-para-bebe-plegable\\\/#breadcrumb\"},\"inLanguage\":\"eu-ES\",\"potentialAction\":[{\"@type\":\"ReadAction\",\"target\":[\"https:\\\/\\\/gaspachitos.com\\\/eu\\\/producto\\\/bebeconfort-kanji-trona-para-bebe-plegable\\\/\"]}]},{\"@type\":\"ImageObject\",\"inLanguage\":\"eu-ES\",\"@id\":\"https:\\\/\\\/gaspachitos.com\\\/eu\\\/producto\\\/bebeconfort-kanji-trona-para-bebe-plegable\\\/#primaryimage\",\"url\":\"https:\\\/\\\/gaspachitos.com\\\/wp-content\\\/uploads\\\/2022\\\/11\\\/11217-thickbox_default-Bebeconfort-Kanji-trona-para-bebe-plegable.jpg\",\"contentUrl\":\"https:\\\/\\\/gaspachitos.com\\\/wp-content\\\/uploads\\\/2022\\\/11\\\/11217-thickbox_default-Bebeconfort-Kanji-trona-para-bebe-plegable.jpg\",\"width\":800,\"height\":800},{\"@type\":\"BreadcrumbList\",\"@id\":\"https:\\\/\\\/gaspachitos.com\\\/eu\\\/producto\\\/bebeconfort-kanji-trona-para-bebe-plegable\\\/#breadcrumb\",\"itemListElement\":[{\"@type\":\"ListItem\",\"position\":1,\"name\":\"Portada\",\"item\":\"https:\\\/\\\/gaspachitos.com\\\/\"},{\"@type\":\"ListItem\",\"position\":2,\"name\":\"Produtos\",\"item\":\"https:\\\/\\\/gaspachitos.com\\\/gl\\\/shop\\\/\"},{\"@type\":\"ListItem\",\"position\":3,\"name\":\"Bebeconfort Kanji trona para beb\u00e9 plegable\"}]},{\"@type\":\"WebSite\",\"@id\":\"https:\\\/\\\/gaspachitos.com\\\/#website\",\"url\":\"https:\\\/\\\/gaspachitos.com\\\/\",\"name\":\"Gaspachitos\",\"description\":\"La tienda para tu beb\u00e9: cochecitos, sillas de paseo, cunas...\",\"potentialAction\":[{\"@type\":\"SearchAction\",\"target\":{\"@type\":\"EntryPoint\",\"urlTemplate\":\"https:\\\/\\\/gaspachitos.com\\\/?s={search_term_string}\"},\"query-input\":{\"@type\":\"PropertyValueSpecification\",\"valueRequired\":true,\"valueName\":\"search_term_string\"}}],\"inLanguage\":\"eu-ES\"}]}<\/script>\n<!-- \/ Yoast SEO plugin. -->","yoast_head_json":{"title":"Bebeconfort Kanji trona para beb\u00e9 plegable - Gaspachitos","robots":{"index":"index","follow":"follow","max-snippet":"max-snippet:-1","max-image-preview":"max-image-preview:large","max-video-preview":"max-video-preview:-1"},"canonical":"https:\/\/gaspachitos.com\/eu\/producto\/bebeconfort-kanji-trona-para-bebe-plegable\/","og_locale":"eu_ES","og_type":"article","og_title":"Bebeconfort Kanji trona para beb\u00e9 plegable - Gaspachitos","og_description":"Bebeconfort Kanji trona para beb\u00e9 plegable, compacta y ajustable, trona beb\u00e9 con coj\u00edn por ni\u00f1os 6 meses - 3 a\u00f1os, unisex, color Warm Grey","og_url":"https:\/\/gaspachitos.com\/eu\/producto\/bebeconfort-kanji-trona-para-bebe-plegable\/","og_site_name":"Gaspachitos","og_image":[{"width":800,"height":800,"url":"https:\/\/gaspachitos.com\/wp-content\/uploads\/2022\/11\/11217-thickbox_default-Bebeconfort-Kanji-trona-para-bebe-plegable.jpg","type":"image\/jpeg"}],"twitter_card":"summary_large_image","twitter_misc":{"Est. reading time":"1 minute"},"schema":{"@context":"https:\/\/schema.org","@graph":[{"@type":"WebPage","@id":"https:\/\/gaspachitos.com\/eu\/producto\/bebeconfort-kanji-trona-para-bebe-plegable\/","url":"https:\/\/gaspachitos.com\/eu\/producto\/bebeconfort-kanji-trona-para-bebe-plegable\/","name":"Bebeconfort Kanji trona para beb\u00e9 plegable - Gaspachitos","isPartOf":{"@id":"https:\/\/gaspachitos.com\/#website"},"primaryImageOfPage":{"@id":"https:\/\/gaspachitos.com\/eu\/producto\/bebeconfort-kanji-trona-para-bebe-plegable\/#primaryimage"},"image":{"@id":"https:\/\/gaspachitos.com\/eu\/producto\/bebeconfort-kanji-trona-para-bebe-plegable\/#primaryimage"},"thumbnailUrl":"https:\/\/gaspachitos.com\/wp-content\/uploads\/2022\/11\/11217-thickbox_default-Bebeconfort-Kanji-trona-para-bebe-plegable.jpg","datePublished":"2022-11-30T10:16:04+00:00","breadcrumb":{"@id":"https:\/\/gaspachitos.com\/eu\/producto\/bebeconfort-kanji-trona-para-bebe-plegable\/#breadcrumb"},"inLanguage":"eu-ES","potentialAction":[{"@type":"ReadAction","target":["https:\/\/gaspachitos.com\/eu\/producto\/bebeconfort-kanji-trona-para-bebe-plegable\/"]}]},{"@type":"ImageObject","inLanguage":"eu-ES","@id":"https:\/\/gaspachitos.com\/eu\/producto\/bebeconfort-kanji-trona-para-bebe-plegable\/#primaryimage","url":"https:\/\/gaspachitos.com\/wp-content\/uploads\/2022\/11\/11217-thickbox_default-Bebeconfort-Kanji-trona-para-bebe-plegable.jpg","contentUrl":"https:\/\/gaspachitos.com\/wp-content\/uploads\/2022\/11\/11217-thickbox_default-Bebeconfort-Kanji-trona-para-bebe-plegable.jpg","width":800,"height":800},{"@type":"BreadcrumbList","@id":"https:\/\/gaspachitos.com\/eu\/producto\/bebeconfort-kanji-trona-para-bebe-plegable\/#breadcrumb","itemListElement":[{"@type":"ListItem","position":1,"name":"Portada","item":"https:\/\/gaspachitos.com\/"},{"@type":"ListItem","position":2,"name":"Produtos","item":"https:\/\/gaspachitos.com\/gl\/shop\/"},{"@type":"ListItem","position":3,"name":"Bebeconfort Kanji trona para beb\u00e9 plegable"}]},{"@type":"WebSite","@id":"https:\/\/gaspachitos.com\/#website","url":"https:\/\/gaspachitos.com\/","name":"Gaspachitos","description":"La tienda para tu beb\u00e9: cochecitos, sillas de paseo, cunas...","potentialAction":[{"@type":"SearchAction","target":{"@type":"EntryPoint","urlTemplate":"https:\/\/gaspachitos.com\/?s={search_term_string}"},"query-input":{"@type":"PropertyValueSpecification","valueRequired":true,"valueName":"search_term_string"}}],"inLanguage":"eu-ES"}]}},"brands":[],"_links":{"self":[{"href":"https:\/\/gaspachitos.com\/eu\/wp-json\/wp\/v2\/product\/264574","targetHints":{"allow":["GET"]}}],"collection":[{"href":"https:\/\/gaspachitos.com\/eu\/wp-json\/wp\/v2\/product"}],"about":[{"href":"https:\/\/gaspachitos.com\/eu\/wp-json\/wp\/v2\/types\/product"}],"replies":[{"embeddable":true,"href":"https:\/\/gaspachitos.com\/eu\/wp-json\/wp\/v2\/comments?post=264574"}],"wp:featuredmedia":[{"embeddable":true,"href":"https:\/\/gaspachitos.com\/eu\/wp-json\/wp\/v2\/media\/245766"}],"wp:attachment":[{"href":"https:\/\/gaspachitos.com\/eu\/wp-json\/wp\/v2\/media?parent=264574"}],"wp:term":[{"taxonomy":"pwb-brand","embeddable":true,"href":"https:\/\/gaspachitos.com\/eu\/wp-json\/wp\/v2\/pwb-brand?post=264574"},{"taxonomy":"product_brand","embeddable":true,"href":"https:\/\/gaspachitos.com\/eu\/wp-json\/wp\/v2\/product_brand?post=264574"},{"taxonomy":"product_cat","embeddable":true,"href":"https:\/\/gaspachitos.com\/eu\/wp-json\/wp\/v2\/product_cat?post=264574"},{"taxonomy":"product_tag","embeddable":true,"href":"https:\/\/gaspachitos.com\/eu\/wp-json\/wp\/v2\/product_tag?post=264574"}],"curies":[{"name":"wp","href":"https:\/\/api.w.org\/{rel}","templated":true}]}}