{"id":264529,"date":"2022-11-29T13:50:12","date_gmt":"2022-11-29T11:50:12","guid":{"rendered":"https:\/\/nueva.gaspachitos.com\/producto\/hamaca-evolutiva-cumpleanos-celeste\/"},"modified":"2022-11-29T13:50:12","modified_gmt":"2022-11-29T11:50:12","slug":"hamaca-evolutiva-cumpleanos-celeste","status":"publish","type":"product","link":"https:\/\/gaspachitos.com\/eu\/producto\/hamaca-evolutiva-cumpleanos-celeste\/","title":{"rendered":"HAMACA EVOLUTIVA CUMPLEA\u00d1OS CELESTE"},"content":{"rendered":"<p>Perfecta incluso para los reci\u00e9n nacidos. Los m\u00e1s peque\u00f1os pueden jugar, comer o descansar.<\/p>\n<p>Con dos simples movimientos pasar\u00e1s de tener una hamaca para los m\u00e1s chiquitines a una silla para los m\u00e1s mayorcitos. Sus tres posiciones de respaldo te resultar\u00e1n sin duda de gran ayuda seg\u00fan el nivel de descanso que necesite el ni\u00f1o en cada momento. El juguetero est\u00e1 pensado para activar la motricidad de los m\u00e1s peque\u00f1os y divertirlos. Para relajarse nada mejor que activar algunas de sus diferentes vibraciones o las agradables melod\u00edas, que sin duda calmar\u00e1n al beb\u00e9.\u00a0<\/p>\n","protected":false},"excerpt":{"rendered":"<h3>LA HAMACA QUE EVOLUCIONA CON TU BEB\u00c9 ADAPT\u00c1NDOSE A CADA ETAPA DE SU CRECIMIENTO.<\/h3>\n","protected":false},"featured_media":245496,"comment_status":"open","ping_status":"closed","template":"","meta":{"_et_pb_use_builder":"","_et_pb_old_content":"","_et_gb_content_width":""},"pwb-brand":[],"product_brand":[],"product_cat":[5779,6139],"product_tag":[],"class_list":{"0":"post-264529","1":"product","2":"type-product","3":"status-publish","4":"has-post-thumbnail","6":"product_cat-casa-eu","7":"product_cat-hamacas-gandulitas-eu","9":"first","10":"instock","11":"taxable","12":"shipping-taxable","13":"purchasable","14":"product-type-simple"},"yoast_head":"<!-- This site is optimized with the Yoast SEO plugin v27.4 - https:\/\/yoast.com\/product\/yoast-seo-wordpress\/ -->\n<title>HAMACA EVOLUTIVA CUMPLEA\u00d1OS CELESTE - Gaspachitos<\/title>\n<meta name=\"robots\" content=\"index, follow, max-snippet:-1, max-image-preview:large, max-video-preview:-1\" \/>\n<link rel=\"canonical\" href=\"https:\/\/gaspachitos.com\/eu\/producto\/hamaca-evolutiva-cumpleanos-celeste\/\" \/>\n<meta property=\"og:locale\" content=\"eu_ES\" \/>\n<meta property=\"og:type\" content=\"article\" \/>\n<meta property=\"og:title\" content=\"HAMACA EVOLUTIVA CUMPLEA\u00d1OS CELESTE - Gaspachitos\" \/>\n<meta property=\"og:description\" content=\"LA HAMACA QUE EVOLUCIONA CON TU BEB\u00c9 ADAPT\u00c1NDOSE A CADA ETAPA DE SU CRECIMIENTO.\" \/>\n<meta property=\"og:url\" content=\"https:\/\/gaspachitos.com\/eu\/producto\/hamaca-evolutiva-cumpleanos-celeste\/\" \/>\n<meta property=\"og:site_name\" content=\"Gaspachitos\" \/>\n<meta property=\"og:image\" content=\"https:\/\/gaspachitos.com\/wp-content\/uploads\/2022\/11\/11194-thickbox_default-HAMACA-EVOLUTIVA-CUMPLEANOS-CELESTE.jpg\" \/>\n\t<meta property=\"og:image:width\" content=\"800\" \/>\n\t<meta property=\"og:image:height\" content=\"800\" \/>\n\t<meta property=\"og:image:type\" content=\"image\/jpeg\" \/>\n<meta name=\"twitter:card\" content=\"summary_large_image\" \/>\n<meta name=\"twitter:label1\" content=\"Est. reading time\" \/>\n\t<meta name=\"twitter:data1\" content=\"1 minute\" \/>\n<script type=\"application\/ld+json\" class=\"yoast-schema-graph\">{\"@context\":\"https:\\\/\\\/schema.org\",\"@graph\":[{\"@type\":\"WebPage\",\"@id\":\"https:\\\/\\\/gaspachitos.com\\\/eu\\\/producto\\\/hamaca-evolutiva-cumpleanos-celeste\\\/\",\"url\":\"https:\\\/\\\/gaspachitos.com\\\/eu\\\/producto\\\/hamaca-evolutiva-cumpleanos-celeste\\\/\",\"name\":\"HAMACA EVOLUTIVA CUMPLEA\u00d1OS CELESTE - Gaspachitos\",\"isPartOf\":{\"@id\":\"https:\\\/\\\/gaspachitos.com\\\/#website\"},\"primaryImageOfPage\":{\"@id\":\"https:\\\/\\\/gaspachitos.com\\\/eu\\\/producto\\\/hamaca-evolutiva-cumpleanos-celeste\\\/#primaryimage\"},\"image\":{\"@id\":\"https:\\\/\\\/gaspachitos.com\\\/eu\\\/producto\\\/hamaca-evolutiva-cumpleanos-celeste\\\/#primaryimage\"},\"thumbnailUrl\":\"https:\\\/\\\/gaspachitos.com\\\/wp-content\\\/uploads\\\/2022\\\/11\\\/11194-thickbox_default-HAMACA-EVOLUTIVA-CUMPLEANOS-CELESTE.jpg\",\"datePublished\":\"2022-11-29T11:50:12+00:00\",\"breadcrumb\":{\"@id\":\"https:\\\/\\\/gaspachitos.com\\\/eu\\\/producto\\\/hamaca-evolutiva-cumpleanos-celeste\\\/#breadcrumb\"},\"inLanguage\":\"eu-ES\",\"potentialAction\":[{\"@type\":\"ReadAction\",\"target\":[\"https:\\\/\\\/gaspachitos.com\\\/eu\\\/producto\\\/hamaca-evolutiva-cumpleanos-celeste\\\/\"]}]},{\"@type\":\"ImageObject\",\"inLanguage\":\"eu-ES\",\"@id\":\"https:\\\/\\\/gaspachitos.com\\\/eu\\\/producto\\\/hamaca-evolutiva-cumpleanos-celeste\\\/#primaryimage\",\"url\":\"https:\\\/\\\/gaspachitos.com\\\/wp-content\\\/uploads\\\/2022\\\/11\\\/11194-thickbox_default-HAMACA-EVOLUTIVA-CUMPLEANOS-CELESTE.jpg\",\"contentUrl\":\"https:\\\/\\\/gaspachitos.com\\\/wp-content\\\/uploads\\\/2022\\\/11\\\/11194-thickbox_default-HAMACA-EVOLUTIVA-CUMPLEANOS-CELESTE.jpg\",\"width\":800,\"height\":800},{\"@type\":\"BreadcrumbList\",\"@id\":\"https:\\\/\\\/gaspachitos.com\\\/eu\\\/producto\\\/hamaca-evolutiva-cumpleanos-celeste\\\/#breadcrumb\",\"itemListElement\":[{\"@type\":\"ListItem\",\"position\":1,\"name\":\"Portada\",\"item\":\"https:\\\/\\\/gaspachitos.com\\\/\"},{\"@type\":\"ListItem\",\"position\":2,\"name\":\"Produtos\",\"item\":\"https:\\\/\\\/gaspachitos.com\\\/gl\\\/shop\\\/\"},{\"@type\":\"ListItem\",\"position\":3,\"name\":\"HAMACA EVOLUTIVA CUMPLEA\u00d1OS CELESTE\"}]},{\"@type\":\"WebSite\",\"@id\":\"https:\\\/\\\/gaspachitos.com\\\/#website\",\"url\":\"https:\\\/\\\/gaspachitos.com\\\/\",\"name\":\"Gaspachitos\",\"description\":\"La tienda para tu beb\u00e9: cochecitos, sillas de paseo, cunas...\",\"potentialAction\":[{\"@type\":\"SearchAction\",\"target\":{\"@type\":\"EntryPoint\",\"urlTemplate\":\"https:\\\/\\\/gaspachitos.com\\\/?s={search_term_string}\"},\"query-input\":{\"@type\":\"PropertyValueSpecification\",\"valueRequired\":true,\"valueName\":\"search_term_string\"}}],\"inLanguage\":\"eu-ES\"}]}<\/script>\n<!-- \/ Yoast SEO plugin. -->","yoast_head_json":{"title":"HAMACA EVOLUTIVA CUMPLEA\u00d1OS CELESTE - Gaspachitos","robots":{"index":"index","follow":"follow","max-snippet":"max-snippet:-1","max-image-preview":"max-image-preview:large","max-video-preview":"max-video-preview:-1"},"canonical":"https:\/\/gaspachitos.com\/eu\/producto\/hamaca-evolutiva-cumpleanos-celeste\/","og_locale":"eu_ES","og_type":"article","og_title":"HAMACA EVOLUTIVA CUMPLEA\u00d1OS CELESTE - Gaspachitos","og_description":"LA HAMACA QUE EVOLUCIONA CON TU BEB\u00c9 ADAPT\u00c1NDOSE A CADA ETAPA DE SU CRECIMIENTO.","og_url":"https:\/\/gaspachitos.com\/eu\/producto\/hamaca-evolutiva-cumpleanos-celeste\/","og_site_name":"Gaspachitos","og_image":[{"width":800,"height":800,"url":"https:\/\/gaspachitos.com\/wp-content\/uploads\/2022\/11\/11194-thickbox_default-HAMACA-EVOLUTIVA-CUMPLEANOS-CELESTE.jpg","type":"image\/jpeg"}],"twitter_card":"summary_large_image","twitter_misc":{"Est. reading time":"1 minute"},"schema":{"@context":"https:\/\/schema.org","@graph":[{"@type":"WebPage","@id":"https:\/\/gaspachitos.com\/eu\/producto\/hamaca-evolutiva-cumpleanos-celeste\/","url":"https:\/\/gaspachitos.com\/eu\/producto\/hamaca-evolutiva-cumpleanos-celeste\/","name":"HAMACA EVOLUTIVA CUMPLEA\u00d1OS CELESTE - Gaspachitos","isPartOf":{"@id":"https:\/\/gaspachitos.com\/#website"},"primaryImageOfPage":{"@id":"https:\/\/gaspachitos.com\/eu\/producto\/hamaca-evolutiva-cumpleanos-celeste\/#primaryimage"},"image":{"@id":"https:\/\/gaspachitos.com\/eu\/producto\/hamaca-evolutiva-cumpleanos-celeste\/#primaryimage"},"thumbnailUrl":"https:\/\/gaspachitos.com\/wp-content\/uploads\/2022\/11\/11194-thickbox_default-HAMACA-EVOLUTIVA-CUMPLEANOS-CELESTE.jpg","datePublished":"2022-11-29T11:50:12+00:00","breadcrumb":{"@id":"https:\/\/gaspachitos.com\/eu\/producto\/hamaca-evolutiva-cumpleanos-celeste\/#breadcrumb"},"inLanguage":"eu-ES","potentialAction":[{"@type":"ReadAction","target":["https:\/\/gaspachitos.com\/eu\/producto\/hamaca-evolutiva-cumpleanos-celeste\/"]}]},{"@type":"ImageObject","inLanguage":"eu-ES","@id":"https:\/\/gaspachitos.com\/eu\/producto\/hamaca-evolutiva-cumpleanos-celeste\/#primaryimage","url":"https:\/\/gaspachitos.com\/wp-content\/uploads\/2022\/11\/11194-thickbox_default-HAMACA-EVOLUTIVA-CUMPLEANOS-CELESTE.jpg","contentUrl":"https:\/\/gaspachitos.com\/wp-content\/uploads\/2022\/11\/11194-thickbox_default-HAMACA-EVOLUTIVA-CUMPLEANOS-CELESTE.jpg","width":800,"height":800},{"@type":"BreadcrumbList","@id":"https:\/\/gaspachitos.com\/eu\/producto\/hamaca-evolutiva-cumpleanos-celeste\/#breadcrumb","itemListElement":[{"@type":"ListItem","position":1,"name":"Portada","item":"https:\/\/gaspachitos.com\/"},{"@type":"ListItem","position":2,"name":"Produtos","item":"https:\/\/gaspachitos.com\/gl\/shop\/"},{"@type":"ListItem","position":3,"name":"HAMACA EVOLUTIVA CUMPLEA\u00d1OS CELESTE"}]},{"@type":"WebSite","@id":"https:\/\/gaspachitos.com\/#website","url":"https:\/\/gaspachitos.com\/","name":"Gaspachitos","description":"La tienda para tu beb\u00e9: cochecitos, sillas de paseo, cunas...","potentialAction":[{"@type":"SearchAction","target":{"@type":"EntryPoint","urlTemplate":"https:\/\/gaspachitos.com\/?s={search_term_string}"},"query-input":{"@type":"PropertyValueSpecification","valueRequired":true,"valueName":"search_term_string"}}],"inLanguage":"eu-ES"}]}},"brands":[],"_links":{"self":[{"href":"https:\/\/gaspachitos.com\/eu\/wp-json\/wp\/v2\/product\/264529","targetHints":{"allow":["GET"]}}],"collection":[{"href":"https:\/\/gaspachitos.com\/eu\/wp-json\/wp\/v2\/product"}],"about":[{"href":"https:\/\/gaspachitos.com\/eu\/wp-json\/wp\/v2\/types\/product"}],"replies":[{"embeddable":true,"href":"https:\/\/gaspachitos.com\/eu\/wp-json\/wp\/v2\/comments?post=264529"}],"wp:featuredmedia":[{"embeddable":true,"href":"https:\/\/gaspachitos.com\/eu\/wp-json\/wp\/v2\/media\/245496"}],"wp:attachment":[{"href":"https:\/\/gaspachitos.com\/eu\/wp-json\/wp\/v2\/media?parent=264529"}],"wp:term":[{"taxonomy":"pwb-brand","embeddable":true,"href":"https:\/\/gaspachitos.com\/eu\/wp-json\/wp\/v2\/pwb-brand?post=264529"},{"taxonomy":"product_brand","embeddable":true,"href":"https:\/\/gaspachitos.com\/eu\/wp-json\/wp\/v2\/product_brand?post=264529"},{"taxonomy":"product_cat","embeddable":true,"href":"https:\/\/gaspachitos.com\/eu\/wp-json\/wp\/v2\/product_cat?post=264529"},{"taxonomy":"product_tag","embeddable":true,"href":"https:\/\/gaspachitos.com\/eu\/wp-json\/wp\/v2\/product_tag?post=264529"}],"curies":[{"name":"wp","href":"https:\/\/api.w.org\/{rel}","templated":true}]}}