{"id":264475,"date":"2022-11-29T11:23:16","date_gmt":"2022-11-29T09:23:16","guid":{"rendered":"https:\/\/nueva.gaspachitos.com\/producto\/olmitos-patinete-y-asiento-universal\/"},"modified":"2022-11-29T11:23:16","modified_gmt":"2022-11-29T09:23:16","slug":"olmitos-patinete-y-asiento-universal","status":"publish","type":"product","link":"https:\/\/gaspachitos.com\/eu\/producto\/olmitos-patinete-y-asiento-universal\/","title":{"rendered":"Olmitos &#8211; Patinete y Asiento Universal"},"content":{"rendered":"<ul class=\"a-unordered-list a-vertical a-spacing-mini\">\n<li><span class=\"a-list-item\">El Patinete de Olmitos es sencillo de plegar en la propia silla, ocupando muy poco y evitando que puedan llegar a chocar con las rodillas en el momento en el que se usa.<\/span><\/li>\n<li><span class=\"a-list-item\">Patinete universal, pudiendo adaptarse a la gran mayor\u00eda de sillas que podemos encontrar a lo largo del mercado. Lo \u00fanico que nos har\u00e1 falta es disponer de un adaptador especial para ello.<\/span><\/li>\n<li><span class=\"a-list-item\">Este tipo de patinete permite que el hermano mayor se siente c\u00f3modamente a horcajadas sobre el propio patinete o que vaya de pie sobre \u00e9l.<\/span><\/li>\n<li><span class=\"a-list-item\">La gran ventaja que presenta este tipo de patines es que son muy c\u00f3modos, sobre todo si el ni\u00f1o todav\u00eda es peque\u00f1o para poder ir todo el rato de pie, o si bien todav\u00eda no dispone de la estabilidad suficiente como para poder conseguir la sujeci\u00f3n con sus manos.<\/span><\/li>\n<li><span class=\"a-list-item\">Este modelo es compacto, y se puede llegar a montar y desmontar de forma sencilla y, adem\u00e1s, tiene un tipo de plegado que se puede conseguir en cualquier momento, sin que tengamos que perder mucho tiempo.<\/span><\/li>\n<\/ul>\n","protected":false},"excerpt":{"rendered":"<h1 id=\"title\" class=\"a-size-large a-spacing-none\"><span id=\"productTitle\" class=\"a-size-large product-title-word-break\">Olmitos &#8211; Patinete y Asiento Universal para Carrito de Beb\u00e9 Negro &#8211; Plataforma Adaptable para Silla de Paseo &#8211; F\u00e1cil de montar &#8211; Incluye almohada acolchada y superficie antideslizante<\/span><\/h1>\n","protected":false},"featured_media":245244,"comment_status":"open","ping_status":"closed","template":"","meta":{"_et_pb_use_builder":"","_et_pb_old_content":"","_et_gb_content_width":""},"pwb-brand":[],"product_brand":[],"product_cat":[5797,6310],"product_tag":[],"class_list":{"0":"post-264475","1":"product","2":"type-product","3":"status-publish","4":"has-post-thumbnail","6":"product_cat-paseo-eu","7":"product_cat-patinetes-eu","9":"first","10":"instock","11":"taxable","12":"shipping-taxable","13":"purchasable","14":"product-type-simple"},"yoast_head":"<!-- This site is optimized with the Yoast SEO plugin v27.4 - https:\/\/yoast.com\/product\/yoast-seo-wordpress\/ -->\n<title>patinete<\/title>\n<meta name=\"description\" content=\"patinete\" \/>\n<meta name=\"robots\" content=\"index, follow, max-snippet:-1, max-image-preview:large, max-video-preview:-1\" \/>\n<link rel=\"canonical\" href=\"https:\/\/gaspachitos.com\/eu\/producto\/olmitos-patinete-y-asiento-universal\/\" \/>\n<meta property=\"og:locale\" content=\"eu_ES\" \/>\n<meta property=\"og:type\" content=\"article\" \/>\n<meta property=\"og:title\" content=\"patinete\" \/>\n<meta property=\"og:description\" content=\"patinete\" \/>\n<meta property=\"og:url\" content=\"https:\/\/gaspachitos.com\/eu\/producto\/olmitos-patinete-y-asiento-universal\/\" \/>\n<meta property=\"og:site_name\" content=\"Gaspachitos\" \/>\n<meta property=\"og:image\" content=\"https:\/\/gaspachitos.com\/wp-content\/uploads\/2022\/11\/11170-thickbox_default-Olmitos-Patinete-y-Asiento-Universal.jpg\" \/>\n\t<meta property=\"og:image:width\" content=\"800\" \/>\n\t<meta property=\"og:image:height\" content=\"800\" \/>\n\t<meta property=\"og:image:type\" content=\"image\/jpeg\" \/>\n<meta name=\"twitter:card\" content=\"summary_large_image\" \/>\n<meta name=\"twitter:label1\" content=\"Est. reading time\" \/>\n\t<meta name=\"twitter:data1\" content=\"1 minute\" \/>\n<script type=\"application\/ld+json\" class=\"yoast-schema-graph\">{\"@context\":\"https:\\\/\\\/schema.org\",\"@graph\":[{\"@type\":\"WebPage\",\"@id\":\"https:\\\/\\\/gaspachitos.com\\\/eu\\\/producto\\\/olmitos-patinete-y-asiento-universal\\\/\",\"url\":\"https:\\\/\\\/gaspachitos.com\\\/eu\\\/producto\\\/olmitos-patinete-y-asiento-universal\\\/\",\"name\":\"patinete\",\"isPartOf\":{\"@id\":\"https:\\\/\\\/gaspachitos.com\\\/#website\"},\"primaryImageOfPage\":{\"@id\":\"https:\\\/\\\/gaspachitos.com\\\/eu\\\/producto\\\/olmitos-patinete-y-asiento-universal\\\/#primaryimage\"},\"image\":{\"@id\":\"https:\\\/\\\/gaspachitos.com\\\/eu\\\/producto\\\/olmitos-patinete-y-asiento-universal\\\/#primaryimage\"},\"thumbnailUrl\":\"https:\\\/\\\/gaspachitos.com\\\/wp-content\\\/uploads\\\/2022\\\/11\\\/11170-thickbox_default-Olmitos-Patinete-y-Asiento-Universal.jpg\",\"datePublished\":\"2022-11-29T09:23:16+00:00\",\"description\":\"patinete\",\"breadcrumb\":{\"@id\":\"https:\\\/\\\/gaspachitos.com\\\/eu\\\/producto\\\/olmitos-patinete-y-asiento-universal\\\/#breadcrumb\"},\"inLanguage\":\"eu-ES\",\"potentialAction\":[{\"@type\":\"ReadAction\",\"target\":[\"https:\\\/\\\/gaspachitos.com\\\/eu\\\/producto\\\/olmitos-patinete-y-asiento-universal\\\/\"]}]},{\"@type\":\"ImageObject\",\"inLanguage\":\"eu-ES\",\"@id\":\"https:\\\/\\\/gaspachitos.com\\\/eu\\\/producto\\\/olmitos-patinete-y-asiento-universal\\\/#primaryimage\",\"url\":\"https:\\\/\\\/gaspachitos.com\\\/wp-content\\\/uploads\\\/2022\\\/11\\\/11170-thickbox_default-Olmitos-Patinete-y-Asiento-Universal.jpg\",\"contentUrl\":\"https:\\\/\\\/gaspachitos.com\\\/wp-content\\\/uploads\\\/2022\\\/11\\\/11170-thickbox_default-Olmitos-Patinete-y-Asiento-Universal.jpg\",\"width\":800,\"height\":800},{\"@type\":\"BreadcrumbList\",\"@id\":\"https:\\\/\\\/gaspachitos.com\\\/eu\\\/producto\\\/olmitos-patinete-y-asiento-universal\\\/#breadcrumb\",\"itemListElement\":[{\"@type\":\"ListItem\",\"position\":1,\"name\":\"Portada\",\"item\":\"https:\\\/\\\/gaspachitos.com\\\/\"},{\"@type\":\"ListItem\",\"position\":2,\"name\":\"Produtos\",\"item\":\"https:\\\/\\\/gaspachitos.com\\\/gl\\\/shop\\\/\"},{\"@type\":\"ListItem\",\"position\":3,\"name\":\"Olmitos &#8211; Patinete y Asiento Universal\"}]},{\"@type\":\"WebSite\",\"@id\":\"https:\\\/\\\/gaspachitos.com\\\/#website\",\"url\":\"https:\\\/\\\/gaspachitos.com\\\/\",\"name\":\"Gaspachitos\",\"description\":\"La tienda para tu beb\u00e9: cochecitos, sillas de paseo, cunas...\",\"potentialAction\":[{\"@type\":\"SearchAction\",\"target\":{\"@type\":\"EntryPoint\",\"urlTemplate\":\"https:\\\/\\\/gaspachitos.com\\\/?s={search_term_string}\"},\"query-input\":{\"@type\":\"PropertyValueSpecification\",\"valueRequired\":true,\"valueName\":\"search_term_string\"}}],\"inLanguage\":\"eu-ES\"}]}<\/script>\n<!-- \/ Yoast SEO plugin. -->","yoast_head_json":{"title":"patinete","description":"patinete","robots":{"index":"index","follow":"follow","max-snippet":"max-snippet:-1","max-image-preview":"max-image-preview:large","max-video-preview":"max-video-preview:-1"},"canonical":"https:\/\/gaspachitos.com\/eu\/producto\/olmitos-patinete-y-asiento-universal\/","og_locale":"eu_ES","og_type":"article","og_title":"patinete","og_description":"patinete","og_url":"https:\/\/gaspachitos.com\/eu\/producto\/olmitos-patinete-y-asiento-universal\/","og_site_name":"Gaspachitos","og_image":[{"width":800,"height":800,"url":"https:\/\/gaspachitos.com\/wp-content\/uploads\/2022\/11\/11170-thickbox_default-Olmitos-Patinete-y-Asiento-Universal.jpg","type":"image\/jpeg"}],"twitter_card":"summary_large_image","twitter_misc":{"Est. reading time":"1 minute"},"schema":{"@context":"https:\/\/schema.org","@graph":[{"@type":"WebPage","@id":"https:\/\/gaspachitos.com\/eu\/producto\/olmitos-patinete-y-asiento-universal\/","url":"https:\/\/gaspachitos.com\/eu\/producto\/olmitos-patinete-y-asiento-universal\/","name":"patinete","isPartOf":{"@id":"https:\/\/gaspachitos.com\/#website"},"primaryImageOfPage":{"@id":"https:\/\/gaspachitos.com\/eu\/producto\/olmitos-patinete-y-asiento-universal\/#primaryimage"},"image":{"@id":"https:\/\/gaspachitos.com\/eu\/producto\/olmitos-patinete-y-asiento-universal\/#primaryimage"},"thumbnailUrl":"https:\/\/gaspachitos.com\/wp-content\/uploads\/2022\/11\/11170-thickbox_default-Olmitos-Patinete-y-Asiento-Universal.jpg","datePublished":"2022-11-29T09:23:16+00:00","description":"patinete","breadcrumb":{"@id":"https:\/\/gaspachitos.com\/eu\/producto\/olmitos-patinete-y-asiento-universal\/#breadcrumb"},"inLanguage":"eu-ES","potentialAction":[{"@type":"ReadAction","target":["https:\/\/gaspachitos.com\/eu\/producto\/olmitos-patinete-y-asiento-universal\/"]}]},{"@type":"ImageObject","inLanguage":"eu-ES","@id":"https:\/\/gaspachitos.com\/eu\/producto\/olmitos-patinete-y-asiento-universal\/#primaryimage","url":"https:\/\/gaspachitos.com\/wp-content\/uploads\/2022\/11\/11170-thickbox_default-Olmitos-Patinete-y-Asiento-Universal.jpg","contentUrl":"https:\/\/gaspachitos.com\/wp-content\/uploads\/2022\/11\/11170-thickbox_default-Olmitos-Patinete-y-Asiento-Universal.jpg","width":800,"height":800},{"@type":"BreadcrumbList","@id":"https:\/\/gaspachitos.com\/eu\/producto\/olmitos-patinete-y-asiento-universal\/#breadcrumb","itemListElement":[{"@type":"ListItem","position":1,"name":"Portada","item":"https:\/\/gaspachitos.com\/"},{"@type":"ListItem","position":2,"name":"Produtos","item":"https:\/\/gaspachitos.com\/gl\/shop\/"},{"@type":"ListItem","position":3,"name":"Olmitos &#8211; Patinete y Asiento Universal"}]},{"@type":"WebSite","@id":"https:\/\/gaspachitos.com\/#website","url":"https:\/\/gaspachitos.com\/","name":"Gaspachitos","description":"La tienda para tu beb\u00e9: cochecitos, sillas de paseo, cunas...","potentialAction":[{"@type":"SearchAction","target":{"@type":"EntryPoint","urlTemplate":"https:\/\/gaspachitos.com\/?s={search_term_string}"},"query-input":{"@type":"PropertyValueSpecification","valueRequired":true,"valueName":"search_term_string"}}],"inLanguage":"eu-ES"}]}},"brands":[],"_links":{"self":[{"href":"https:\/\/gaspachitos.com\/eu\/wp-json\/wp\/v2\/product\/264475","targetHints":{"allow":["GET"]}}],"collection":[{"href":"https:\/\/gaspachitos.com\/eu\/wp-json\/wp\/v2\/product"}],"about":[{"href":"https:\/\/gaspachitos.com\/eu\/wp-json\/wp\/v2\/types\/product"}],"replies":[{"embeddable":true,"href":"https:\/\/gaspachitos.com\/eu\/wp-json\/wp\/v2\/comments?post=264475"}],"wp:featuredmedia":[{"embeddable":true,"href":"https:\/\/gaspachitos.com\/eu\/wp-json\/wp\/v2\/media\/245244"}],"wp:attachment":[{"href":"https:\/\/gaspachitos.com\/eu\/wp-json\/wp\/v2\/media?parent=264475"}],"wp:term":[{"taxonomy":"pwb-brand","embeddable":true,"href":"https:\/\/gaspachitos.com\/eu\/wp-json\/wp\/v2\/pwb-brand?post=264475"},{"taxonomy":"product_brand","embeddable":true,"href":"https:\/\/gaspachitos.com\/eu\/wp-json\/wp\/v2\/product_brand?post=264475"},{"taxonomy":"product_cat","embeddable":true,"href":"https:\/\/gaspachitos.com\/eu\/wp-json\/wp\/v2\/product_cat?post=264475"},{"taxonomy":"product_tag","embeddable":true,"href":"https:\/\/gaspachitos.com\/eu\/wp-json\/wp\/v2\/product_tag?post=264475"}],"curies":[{"name":"wp","href":"https:\/\/api.w.org\/{rel}","templated":true}]}}