{"id":264466,"date":"2022-11-28T13:31:10","date_gmt":"2022-11-28T11:31:10","guid":{"rendered":"https:\/\/nueva.gaspachitos.com\/producto\/juguete-multimedia-alilo-honey-bunny-azul\/"},"modified":"2022-11-28T13:31:10","modified_gmt":"2022-11-28T11:31:10","slug":"juguete-multimedia-alilo-honey-bunny-azul","status":"publish","type":"product","link":"https:\/\/gaspachitos.com\/eu\/producto\/juguete-multimedia-alilo-honey-bunny-azul\/","title":{"rendered":"Juguete multimedia ALILO Honey Bunny &#8211; Azul"},"content":{"rendered":"<p><span>\u00a1Conoce a Amiguito Orejito! Este popular compa\u00f1ero ha sido dise\u00f1ado\u00a0<\/span><span>para ni\u00f1os de cualquier edad<\/span><span>. Debido a su facilidad de uso, material resistente y versatilidad, fomenta enormemente la creatividad de los ni\u00f1os: es el regalo perfecto para nuestros queridos peques. \u00a1Es divertido y un gran compa\u00f1ero para ni\u00f1os de todas las edades!<\/span><\/p>\n<p><span>Diversi\u00f3n y aprendizaje<\/span>. Amiguito Orejito es el compa\u00f1ero perfecto para tu hijo. Cuando juegan, los ni\u00f1os tienden a involucrarlo de una manera natural. A trav\u00e9s de su dise\u00f1o amable, se convierte en mu\u00f1eco, narrador de cuentos, animador o simplemente amigo. El contenido cuidadosamente seleccionado inspira a bailar y cantar, una alegr\u00eda que permanecer\u00e1 con el ni\u00f1o durante toda su vida. Las canciones y los cuentos que se pueden sustituir a trav\u00e9s de un cable USB conectado al ordenador o la tarjeta micro SD que incorpora en su interior. La larga duraci\u00f3n de la bater\u00eda te permite llevarlo contigo, sin necesidad de pilas, por ejemplo, para viajes en coche o per\u00edodos de espera. Adem\u00e1s, Amiguito Orejito se puede integrar en actividades como cepillarse los dientes, transform\u00e1ndolos en tareas m\u00e1s interesantes y divertidas.<\/p>\n<p><span>Buen sue\u00f1o<\/span>. Incluye m\u00fasica relajante con sonidos blancos que ayudan a conciliar el sue\u00f1o. Durante la noche, las orejitas se iluminan de colores que cambian suavemente y ofrecen una sensaci\u00f3n de seguridad.<\/p>\n<p><span>Guarder\u00eda y escuela. Ayuda para profesores.\u00a0<\/span>Amiguito Orejito, colorido y brillante, es una atracci\u00f3n real que animar\u00e1 a los beb\u00e9s a jugar activamente y a aprender! Se puede utilizar como ayuda para el aprendizaje de idiomas extranjeros y durante otras clases que se realizan con CD u ordenador. Es \u00fatil y se adapta a cualquier bolso. El sonido limpio y fuerte te permitir\u00e1 jugar con un grupo m\u00e1s grande de ni\u00f1os y la bater\u00eda incorporada funcionar\u00e1 durante muchas horas.<\/p>\n<p><span>Caracter\u00edsticas principales<\/span>:<\/p>\n<ul>\n<li><span>M\u00daSICA<\/span>: divertidas canciones infantiles en ingl\u00e9s.<\/li>\n<li><span>CUENTOS<\/span>: historias tradicionales en ingl\u00e9s.<\/li>\n<li><span>NANAS<\/span>: m\u00fasica relajante con sonidos blancos de fondo.<\/li>\n<li><span>GRABACI\u00d3N DE VOZ<\/span>: la funci\u00f3n favorita de los peques.<\/li>\n<li><span>LUZ NOCTURNA<\/span>: las orejas se iluminan con luces de colores que cambian suavemente.<\/li>\n<li><span>BATER\u00cdA RECARGABLE<\/span>: la bater\u00eda incorporada de larga duraci\u00f3n, sin necesidad de pilas.<\/li>\n<\/ul>\n","protected":false},"excerpt":{"rendered":"<h1 class=\"product-name\">Juguete multimedia ALILO Honey Bunny &#8211; Azul<\/h1>\n","protected":false},"featured_media":277601,"comment_status":"open","ping_status":"closed","template":"","meta":{"_et_pb_use_builder":"","_et_pb_old_content":"","_et_gb_content_width":""},"pwb-brand":[],"product_brand":[],"product_cat":[5851,6292,6355,6688],"product_tag":[],"class_list":{"0":"post-264466","1":"product","2":"type-product","3":"status-publish","4":"has-post-thumbnail","6":"product_cat-juguetes-eu","7":"product_cat-juguetes-educativos-eu","8":"product_cat-juguetes-musicales-eu","9":"product_cat-proyectores-eu","11":"first","12":"instock","13":"taxable","14":"shipping-taxable","15":"purchasable","16":"product-type-simple"},"yoast_head":"<!-- This site is optimized with the Yoast SEO plugin v27.4 - https:\/\/yoast.com\/product\/yoast-seo-wordpress\/ -->\n<title>juguete musical<\/title>\n<meta name=\"description\" content=\"juguete musical\" \/>\n<meta name=\"robots\" content=\"index, follow, max-snippet:-1, max-image-preview:large, max-video-preview:-1\" \/>\n<link rel=\"canonical\" href=\"https:\/\/gaspachitos.com\/eu\/producto\/juguete-multimedia-alilo-honey-bunny-azul\/\" \/>\n<meta property=\"og:locale\" content=\"eu_ES\" \/>\n<meta property=\"og:type\" content=\"article\" \/>\n<meta property=\"og:title\" content=\"juguete musical\" \/>\n<meta property=\"og:description\" content=\"juguete musical\" \/>\n<meta property=\"og:url\" content=\"https:\/\/gaspachitos.com\/eu\/producto\/juguete-multimedia-alilo-honey-bunny-azul\/\" \/>\n<meta property=\"og:site_name\" content=\"Gaspachitos\" \/>\n<meta property=\"og:image\" content=\"https:\/\/gaspachitos.com\/wp-content\/uploads\/2022\/11\/juguete-multimedia-alilo-honey-bunny.jpg\" \/>\n\t<meta property=\"og:image:width\" content=\"312\" \/>\n\t<meta property=\"og:image:height\" content=\"332\" \/>\n\t<meta property=\"og:image:type\" content=\"image\/jpeg\" \/>\n<meta name=\"twitter:card\" content=\"summary_large_image\" \/>\n<meta name=\"twitter:label1\" content=\"Est. reading time\" \/>\n\t<meta name=\"twitter:data1\" content=\"2 minutes\" \/>\n<script type=\"application\/ld+json\" class=\"yoast-schema-graph\">{\"@context\":\"https:\\\/\\\/schema.org\",\"@graph\":[{\"@type\":\"WebPage\",\"@id\":\"https:\\\/\\\/gaspachitos.com\\\/eu\\\/producto\\\/juguete-multimedia-alilo-honey-bunny-azul\\\/\",\"url\":\"https:\\\/\\\/gaspachitos.com\\\/eu\\\/producto\\\/juguete-multimedia-alilo-honey-bunny-azul\\\/\",\"name\":\"juguete musical\",\"isPartOf\":{\"@id\":\"https:\\\/\\\/gaspachitos.com\\\/#website\"},\"primaryImageOfPage\":{\"@id\":\"https:\\\/\\\/gaspachitos.com\\\/eu\\\/producto\\\/juguete-multimedia-alilo-honey-bunny-azul\\\/#primaryimage\"},\"image\":{\"@id\":\"https:\\\/\\\/gaspachitos.com\\\/eu\\\/producto\\\/juguete-multimedia-alilo-honey-bunny-azul\\\/#primaryimage\"},\"thumbnailUrl\":\"https:\\\/\\\/gaspachitos.com\\\/wp-content\\\/uploads\\\/2022\\\/11\\\/juguete-multimedia-alilo-honey-bunny.jpg\",\"datePublished\":\"2022-11-28T11:31:10+00:00\",\"description\":\"juguete musical\",\"breadcrumb\":{\"@id\":\"https:\\\/\\\/gaspachitos.com\\\/eu\\\/producto\\\/juguete-multimedia-alilo-honey-bunny-azul\\\/#breadcrumb\"},\"inLanguage\":\"eu-ES\",\"potentialAction\":[{\"@type\":\"ReadAction\",\"target\":[\"https:\\\/\\\/gaspachitos.com\\\/eu\\\/producto\\\/juguete-multimedia-alilo-honey-bunny-azul\\\/\"]}]},{\"@type\":\"ImageObject\",\"inLanguage\":\"eu-ES\",\"@id\":\"https:\\\/\\\/gaspachitos.com\\\/eu\\\/producto\\\/juguete-multimedia-alilo-honey-bunny-azul\\\/#primaryimage\",\"url\":\"https:\\\/\\\/gaspachitos.com\\\/wp-content\\\/uploads\\\/2022\\\/11\\\/juguete-multimedia-alilo-honey-bunny.jpg\",\"contentUrl\":\"https:\\\/\\\/gaspachitos.com\\\/wp-content\\\/uploads\\\/2022\\\/11\\\/juguete-multimedia-alilo-honey-bunny.jpg\",\"width\":312,\"height\":332},{\"@type\":\"BreadcrumbList\",\"@id\":\"https:\\\/\\\/gaspachitos.com\\\/eu\\\/producto\\\/juguete-multimedia-alilo-honey-bunny-azul\\\/#breadcrumb\",\"itemListElement\":[{\"@type\":\"ListItem\",\"position\":1,\"name\":\"Portada\",\"item\":\"https:\\\/\\\/gaspachitos.com\\\/\"},{\"@type\":\"ListItem\",\"position\":2,\"name\":\"Produtos\",\"item\":\"https:\\\/\\\/gaspachitos.com\\\/gl\\\/shop\\\/\"},{\"@type\":\"ListItem\",\"position\":3,\"name\":\"Juguete multimedia ALILO Honey Bunny &#8211; Azul\"}]},{\"@type\":\"WebSite\",\"@id\":\"https:\\\/\\\/gaspachitos.com\\\/#website\",\"url\":\"https:\\\/\\\/gaspachitos.com\\\/\",\"name\":\"Gaspachitos\",\"description\":\"La tienda para tu beb\u00e9: cochecitos, sillas de paseo, cunas...\",\"potentialAction\":[{\"@type\":\"SearchAction\",\"target\":{\"@type\":\"EntryPoint\",\"urlTemplate\":\"https:\\\/\\\/gaspachitos.com\\\/?s={search_term_string}\"},\"query-input\":{\"@type\":\"PropertyValueSpecification\",\"valueRequired\":true,\"valueName\":\"search_term_string\"}}],\"inLanguage\":\"eu-ES\"}]}<\/script>\n<!-- \/ Yoast SEO plugin. -->","yoast_head_json":{"title":"juguete musical","description":"juguete musical","robots":{"index":"index","follow":"follow","max-snippet":"max-snippet:-1","max-image-preview":"max-image-preview:large","max-video-preview":"max-video-preview:-1"},"canonical":"https:\/\/gaspachitos.com\/eu\/producto\/juguete-multimedia-alilo-honey-bunny-azul\/","og_locale":"eu_ES","og_type":"article","og_title":"juguete musical","og_description":"juguete musical","og_url":"https:\/\/gaspachitos.com\/eu\/producto\/juguete-multimedia-alilo-honey-bunny-azul\/","og_site_name":"Gaspachitos","og_image":[{"width":312,"height":332,"url":"https:\/\/gaspachitos.com\/wp-content\/uploads\/2022\/11\/juguete-multimedia-alilo-honey-bunny.jpg","type":"image\/jpeg"}],"twitter_card":"summary_large_image","twitter_misc":{"Est. reading time":"2 minutes"},"schema":{"@context":"https:\/\/schema.org","@graph":[{"@type":"WebPage","@id":"https:\/\/gaspachitos.com\/eu\/producto\/juguete-multimedia-alilo-honey-bunny-azul\/","url":"https:\/\/gaspachitos.com\/eu\/producto\/juguete-multimedia-alilo-honey-bunny-azul\/","name":"juguete musical","isPartOf":{"@id":"https:\/\/gaspachitos.com\/#website"},"primaryImageOfPage":{"@id":"https:\/\/gaspachitos.com\/eu\/producto\/juguete-multimedia-alilo-honey-bunny-azul\/#primaryimage"},"image":{"@id":"https:\/\/gaspachitos.com\/eu\/producto\/juguete-multimedia-alilo-honey-bunny-azul\/#primaryimage"},"thumbnailUrl":"https:\/\/gaspachitos.com\/wp-content\/uploads\/2022\/11\/juguete-multimedia-alilo-honey-bunny.jpg","datePublished":"2022-11-28T11:31:10+00:00","description":"juguete musical","breadcrumb":{"@id":"https:\/\/gaspachitos.com\/eu\/producto\/juguete-multimedia-alilo-honey-bunny-azul\/#breadcrumb"},"inLanguage":"eu-ES","potentialAction":[{"@type":"ReadAction","target":["https:\/\/gaspachitos.com\/eu\/producto\/juguete-multimedia-alilo-honey-bunny-azul\/"]}]},{"@type":"ImageObject","inLanguage":"eu-ES","@id":"https:\/\/gaspachitos.com\/eu\/producto\/juguete-multimedia-alilo-honey-bunny-azul\/#primaryimage","url":"https:\/\/gaspachitos.com\/wp-content\/uploads\/2022\/11\/juguete-multimedia-alilo-honey-bunny.jpg","contentUrl":"https:\/\/gaspachitos.com\/wp-content\/uploads\/2022\/11\/juguete-multimedia-alilo-honey-bunny.jpg","width":312,"height":332},{"@type":"BreadcrumbList","@id":"https:\/\/gaspachitos.com\/eu\/producto\/juguete-multimedia-alilo-honey-bunny-azul\/#breadcrumb","itemListElement":[{"@type":"ListItem","position":1,"name":"Portada","item":"https:\/\/gaspachitos.com\/"},{"@type":"ListItem","position":2,"name":"Produtos","item":"https:\/\/gaspachitos.com\/gl\/shop\/"},{"@type":"ListItem","position":3,"name":"Juguete multimedia ALILO Honey Bunny &#8211; Azul"}]},{"@type":"WebSite","@id":"https:\/\/gaspachitos.com\/#website","url":"https:\/\/gaspachitos.com\/","name":"Gaspachitos","description":"La tienda para tu beb\u00e9: cochecitos, sillas de paseo, cunas...","potentialAction":[{"@type":"SearchAction","target":{"@type":"EntryPoint","urlTemplate":"https:\/\/gaspachitos.com\/?s={search_term_string}"},"query-input":{"@type":"PropertyValueSpecification","valueRequired":true,"valueName":"search_term_string"}}],"inLanguage":"eu-ES"}]}},"brands":[],"_links":{"self":[{"href":"https:\/\/gaspachitos.com\/eu\/wp-json\/wp\/v2\/product\/264466","targetHints":{"allow":["GET"]}}],"collection":[{"href":"https:\/\/gaspachitos.com\/eu\/wp-json\/wp\/v2\/product"}],"about":[{"href":"https:\/\/gaspachitos.com\/eu\/wp-json\/wp\/v2\/types\/product"}],"replies":[{"embeddable":true,"href":"https:\/\/gaspachitos.com\/eu\/wp-json\/wp\/v2\/comments?post=264466"}],"wp:featuredmedia":[{"embeddable":true,"href":"https:\/\/gaspachitos.com\/eu\/wp-json\/wp\/v2\/media\/277601"}],"wp:attachment":[{"href":"https:\/\/gaspachitos.com\/eu\/wp-json\/wp\/v2\/media?parent=264466"}],"wp:term":[{"taxonomy":"pwb-brand","embeddable":true,"href":"https:\/\/gaspachitos.com\/eu\/wp-json\/wp\/v2\/pwb-brand?post=264466"},{"taxonomy":"product_brand","embeddable":true,"href":"https:\/\/gaspachitos.com\/eu\/wp-json\/wp\/v2\/product_brand?post=264466"},{"taxonomy":"product_cat","embeddable":true,"href":"https:\/\/gaspachitos.com\/eu\/wp-json\/wp\/v2\/product_cat?post=264466"},{"taxonomy":"product_tag","embeddable":true,"href":"https:\/\/gaspachitos.com\/eu\/wp-json\/wp\/v2\/product_tag?post=264466"}],"curies":[{"name":"wp","href":"https:\/\/api.w.org\/{rel}","templated":true}]}}