{"id":264454,"date":"2022-11-28T13:24:14","date_gmt":"2022-11-28T11:24:14","guid":{"rendered":"https:\/\/nueva.gaspachitos.com\/producto\/munchkin-splash-placa-dividida-color-verde\/"},"modified":"2022-11-28T13:24:14","modified_gmt":"2022-11-28T11:24:14","slug":"munchkin-splash-placa-dividida-color-verde","status":"publish","type":"product","link":"https:\/\/gaspachitos.com\/eu\/producto\/munchkin-splash-placa-dividida-color-verde\/","title":{"rendered":"Munchkin Splash &#8211; Placa dividida, color verde"},"content":{"rendered":"<h3 class=\"a-spacing-mini\">Se mantiene en su sitio para disfrutar de m\u00e1s diversi\u00f3n a la hora de comer y menos desorden:<\/h3>\n<p>\u00bfListo para salpicar la pr\u00f3xima comida? \u00a1La hora de comer puede complicarse con un nuevo beb\u00e9 que se alimenta solo y con ni\u00f1os peque\u00f1os que est\u00e1n aprendiendo su fuerza! Con una variedad de colores, est\u00e1 que su peque\u00f1o se emocionar\u00e1 la pr\u00f3xima vez que se siente a comer. El dise\u00f1o moderno no chocar\u00e1 con su decoraci\u00f3n y la parte inferior antideslizante significa menos desorden. Las asas de f\u00e1cil agarre, aumentan su concentraci\u00f3n y motricidad fina, gruesa y coordinaci\u00f3n ojo-mano. La fuerte base de succi\u00f3n de esta placa se adherir\u00e1 a la mayor\u00eda de las superficies, y la leng\u00fceta de liberaci\u00f3n r\u00e1pida facilita la extracci\u00f3n para los adultos. Apto para lavavajillas en la rejilla superior, \u00a1la limpieza tambi\u00e9n es f\u00e1cil y r\u00e1pida! \u00a1Ahora, si tan solo pudieras mantener a tu ni\u00f1o peque\u00f1o en su lugar tan f\u00e1cilmente!<\/p>\n","protected":false},"excerpt":{"rendered":"<h1 id=\"title\" class=\"a-size-large a-spacing-none\"><span id=\"productTitle\" class=\"a-size-large product-title-word-break\">Munchkin Splash &#8211; Placa dividida, color verde<\/span><\/h1>\n","protected":false},"featured_media":286398,"comment_status":"open","ping_status":"closed","template":"","meta":{"_et_pb_use_builder":"","_et_pb_old_content":"","_et_gb_content_width":""},"pwb-brand":[10935],"product_brand":[],"product_cat":[5761,5941],"product_tag":[],"class_list":{"0":"post-264454","1":"product","2":"type-product","3":"status-publish","4":"has-post-thumbnail","6":"pwb-brand-munchkin","7":"product_cat-alimentacion-eu","8":"product_cat-vajillas-eu","9":"pa_color-azul-eu","10":"pa_color-rosa-eu","11":"pa_color-verde-eu","13":"first","14":"instock","15":"taxable","16":"shipping-taxable","17":"purchasable","18":"product-type-simple"},"yoast_head":"<!-- This site is optimized with the Yoast SEO plugin v27.5 - https:\/\/yoast.com\/product\/yoast-seo-wordpress\/ -->\n<title>plato<\/title>\n<meta name=\"description\" content=\"plato\" \/>\n<meta name=\"robots\" content=\"index, follow, max-snippet:-1, max-image-preview:large, max-video-preview:-1\" \/>\n<link rel=\"canonical\" href=\"https:\/\/gaspachitos.com\/eu\/producto\/munchkin-splash-placa-dividida-color-verde\/\" \/>\n<meta property=\"og:locale\" content=\"eu_ES\" \/>\n<meta property=\"og:type\" content=\"article\" \/>\n<meta property=\"og:title\" content=\"plato\" \/>\n<meta property=\"og:description\" content=\"plato\" \/>\n<meta property=\"og:url\" content=\"https:\/\/gaspachitos.com\/eu\/producto\/munchkin-splash-placa-dividida-color-verde\/\" \/>\n<meta property=\"og:site_name\" content=\"Gaspachitos\" \/>\n<meta property=\"og:image\" content=\"https:\/\/gaspachitos.com\/wp-content\/uploads\/2022\/11\/840922-1200-auto.webp\" \/>\n\t<meta property=\"og:image:width\" content=\"1200\" \/>\n\t<meta property=\"og:image:height\" content=\"1200\" \/>\n\t<meta property=\"og:image:type\" content=\"image\/webp\" \/>\n<meta name=\"twitter:card\" content=\"summary_large_image\" \/>\n<meta name=\"twitter:label1\" content=\"Est. reading time\" \/>\n\t<meta name=\"twitter:data1\" content=\"1 minute\" \/>\n<script type=\"application\/ld+json\" class=\"yoast-schema-graph\">{\"@context\":\"https:\\\/\\\/schema.org\",\"@graph\":[{\"@type\":\"WebPage\",\"@id\":\"https:\\\/\\\/gaspachitos.com\\\/eu\\\/producto\\\/munchkin-splash-placa-dividida-color-verde\\\/\",\"url\":\"https:\\\/\\\/gaspachitos.com\\\/eu\\\/producto\\\/munchkin-splash-placa-dividida-color-verde\\\/\",\"name\":\"plato\",\"isPartOf\":{\"@id\":\"https:\\\/\\\/gaspachitos.com\\\/#website\"},\"primaryImageOfPage\":{\"@id\":\"https:\\\/\\\/gaspachitos.com\\\/eu\\\/producto\\\/munchkin-splash-placa-dividida-color-verde\\\/#primaryimage\"},\"image\":{\"@id\":\"https:\\\/\\\/gaspachitos.com\\\/eu\\\/producto\\\/munchkin-splash-placa-dividida-color-verde\\\/#primaryimage\"},\"thumbnailUrl\":\"https:\\\/\\\/gaspachitos.com\\\/wp-content\\\/uploads\\\/2022\\\/11\\\/840922-1200-auto.webp\",\"datePublished\":\"2022-11-28T11:24:14+00:00\",\"description\":\"plato\",\"breadcrumb\":{\"@id\":\"https:\\\/\\\/gaspachitos.com\\\/eu\\\/producto\\\/munchkin-splash-placa-dividida-color-verde\\\/#breadcrumb\"},\"inLanguage\":\"eu-ES\",\"potentialAction\":[{\"@type\":\"ReadAction\",\"target\":[\"https:\\\/\\\/gaspachitos.com\\\/eu\\\/producto\\\/munchkin-splash-placa-dividida-color-verde\\\/\"]}]},{\"@type\":\"ImageObject\",\"inLanguage\":\"eu-ES\",\"@id\":\"https:\\\/\\\/gaspachitos.com\\\/eu\\\/producto\\\/munchkin-splash-placa-dividida-color-verde\\\/#primaryimage\",\"url\":\"https:\\\/\\\/gaspachitos.com\\\/wp-content\\\/uploads\\\/2022\\\/11\\\/840922-1200-auto.webp\",\"contentUrl\":\"https:\\\/\\\/gaspachitos.com\\\/wp-content\\\/uploads\\\/2022\\\/11\\\/840922-1200-auto.webp\",\"width\":1200,\"height\":1200},{\"@type\":\"BreadcrumbList\",\"@id\":\"https:\\\/\\\/gaspachitos.com\\\/eu\\\/producto\\\/munchkin-splash-placa-dividida-color-verde\\\/#breadcrumb\",\"itemListElement\":[{\"@type\":\"ListItem\",\"position\":1,\"name\":\"Portada\",\"item\":\"https:\\\/\\\/gaspachitos.com\\\/\"},{\"@type\":\"ListItem\",\"position\":2,\"name\":\"Produtos\",\"item\":\"https:\\\/\\\/gaspachitos.com\\\/gl\\\/shop\\\/\"},{\"@type\":\"ListItem\",\"position\":3,\"name\":\"Munchkin Splash &#8211; Placa dividida, color verde\"}]},{\"@type\":\"WebSite\",\"@id\":\"https:\\\/\\\/gaspachitos.com\\\/#website\",\"url\":\"https:\\\/\\\/gaspachitos.com\\\/\",\"name\":\"Gaspachitos\",\"description\":\"La tienda para tu beb\u00e9: cochecitos, sillas de paseo, cunas...\",\"potentialAction\":[{\"@type\":\"SearchAction\",\"target\":{\"@type\":\"EntryPoint\",\"urlTemplate\":\"https:\\\/\\\/gaspachitos.com\\\/?s={search_term_string}\"},\"query-input\":{\"@type\":\"PropertyValueSpecification\",\"valueRequired\":true,\"valueName\":\"search_term_string\"}}],\"inLanguage\":\"eu-ES\"}]}<\/script>\n<!-- \/ Yoast SEO plugin. -->","yoast_head_json":{"title":"plato","description":"plato","robots":{"index":"index","follow":"follow","max-snippet":"max-snippet:-1","max-image-preview":"max-image-preview:large","max-video-preview":"max-video-preview:-1"},"canonical":"https:\/\/gaspachitos.com\/eu\/producto\/munchkin-splash-placa-dividida-color-verde\/","og_locale":"eu_ES","og_type":"article","og_title":"plato","og_description":"plato","og_url":"https:\/\/gaspachitos.com\/eu\/producto\/munchkin-splash-placa-dividida-color-verde\/","og_site_name":"Gaspachitos","og_image":[{"width":1200,"height":1200,"url":"https:\/\/gaspachitos.com\/wp-content\/uploads\/2022\/11\/840922-1200-auto.webp","type":"image\/webp"}],"twitter_card":"summary_large_image","twitter_misc":{"Est. reading time":"1 minute"},"schema":{"@context":"https:\/\/schema.org","@graph":[{"@type":"WebPage","@id":"https:\/\/gaspachitos.com\/eu\/producto\/munchkin-splash-placa-dividida-color-verde\/","url":"https:\/\/gaspachitos.com\/eu\/producto\/munchkin-splash-placa-dividida-color-verde\/","name":"plato","isPartOf":{"@id":"https:\/\/gaspachitos.com\/#website"},"primaryImageOfPage":{"@id":"https:\/\/gaspachitos.com\/eu\/producto\/munchkin-splash-placa-dividida-color-verde\/#primaryimage"},"image":{"@id":"https:\/\/gaspachitos.com\/eu\/producto\/munchkin-splash-placa-dividida-color-verde\/#primaryimage"},"thumbnailUrl":"https:\/\/gaspachitos.com\/wp-content\/uploads\/2022\/11\/840922-1200-auto.webp","datePublished":"2022-11-28T11:24:14+00:00","description":"plato","breadcrumb":{"@id":"https:\/\/gaspachitos.com\/eu\/producto\/munchkin-splash-placa-dividida-color-verde\/#breadcrumb"},"inLanguage":"eu-ES","potentialAction":[{"@type":"ReadAction","target":["https:\/\/gaspachitos.com\/eu\/producto\/munchkin-splash-placa-dividida-color-verde\/"]}]},{"@type":"ImageObject","inLanguage":"eu-ES","@id":"https:\/\/gaspachitos.com\/eu\/producto\/munchkin-splash-placa-dividida-color-verde\/#primaryimage","url":"https:\/\/gaspachitos.com\/wp-content\/uploads\/2022\/11\/840922-1200-auto.webp","contentUrl":"https:\/\/gaspachitos.com\/wp-content\/uploads\/2022\/11\/840922-1200-auto.webp","width":1200,"height":1200},{"@type":"BreadcrumbList","@id":"https:\/\/gaspachitos.com\/eu\/producto\/munchkin-splash-placa-dividida-color-verde\/#breadcrumb","itemListElement":[{"@type":"ListItem","position":1,"name":"Portada","item":"https:\/\/gaspachitos.com\/"},{"@type":"ListItem","position":2,"name":"Produtos","item":"https:\/\/gaspachitos.com\/gl\/shop\/"},{"@type":"ListItem","position":3,"name":"Munchkin Splash &#8211; Placa dividida, color verde"}]},{"@type":"WebSite","@id":"https:\/\/gaspachitos.com\/#website","url":"https:\/\/gaspachitos.com\/","name":"Gaspachitos","description":"La tienda para tu beb\u00e9: cochecitos, sillas de paseo, cunas...","potentialAction":[{"@type":"SearchAction","target":{"@type":"EntryPoint","urlTemplate":"https:\/\/gaspachitos.com\/?s={search_term_string}"},"query-input":{"@type":"PropertyValueSpecification","valueRequired":true,"valueName":"search_term_string"}}],"inLanguage":"eu-ES"}]}},"brands":[{"id":10935,"name":"Munchkin","slug":"munchkin"}],"_links":{"self":[{"href":"https:\/\/gaspachitos.com\/eu\/wp-json\/wp\/v2\/product\/264454","targetHints":{"allow":["GET"]}}],"collection":[{"href":"https:\/\/gaspachitos.com\/eu\/wp-json\/wp\/v2\/product"}],"about":[{"href":"https:\/\/gaspachitos.com\/eu\/wp-json\/wp\/v2\/types\/product"}],"replies":[{"embeddable":true,"href":"https:\/\/gaspachitos.com\/eu\/wp-json\/wp\/v2\/comments?post=264454"}],"wp:featuredmedia":[{"embeddable":true,"href":"https:\/\/gaspachitos.com\/eu\/wp-json\/wp\/v2\/media\/286398"}],"wp:attachment":[{"href":"https:\/\/gaspachitos.com\/eu\/wp-json\/wp\/v2\/media?parent=264454"}],"wp:term":[{"taxonomy":"pwb-brand","embeddable":true,"href":"https:\/\/gaspachitos.com\/eu\/wp-json\/wp\/v2\/pwb-brand?post=264454"},{"taxonomy":"product_brand","embeddable":true,"href":"https:\/\/gaspachitos.com\/eu\/wp-json\/wp\/v2\/product_brand?post=264454"},{"taxonomy":"product_cat","embeddable":true,"href":"https:\/\/gaspachitos.com\/eu\/wp-json\/wp\/v2\/product_cat?post=264454"},{"taxonomy":"product_tag","embeddable":true,"href":"https:\/\/gaspachitos.com\/eu\/wp-json\/wp\/v2\/product_tag?post=264454"}],"curies":[{"name":"wp","href":"https:\/\/api.w.org\/{rel}","templated":true}]}}