{"id":264392,"date":"2022-11-28T12:39:42","date_gmt":"2022-11-28T10:39:42","guid":{"rendered":"https:\/\/nueva.gaspachitos.com\/producto\/besafe-haven-mochila-portabebe\/"},"modified":"2022-11-28T12:39:42","modified_gmt":"2022-11-28T10:39:42","slug":"besafe-haven-mochila-portabebe","status":"publish","type":"product","link":"https:\/\/gaspachitos.com\/eu\/producto\/besafe-haven-mochila-portabebe\/","title":{"rendered":"BeSafe Haven mochila portabebe"},"content":{"rendered":"<ul>\n<li>Mirando hacia dentro: a partir de aprox. 55 cm.<\/li>\n<li>Mirando hacia fuera: a partir de aprox. 5 meses\u00a0<\/li>\n<li>A la espalda: a partir de aprox. 9 meses\u00a0<\/li>\n<li>Flex-Shape Buckle\u2122 se ajusta autom\u00e1ticamente a la forma del cuerpo del progenitor<\/li>\n<li>El exclusivo coj\u00edn hinchable Airgonomics\u2122 sostiene al beb\u00e9 y distribuye su peso de manera uniforme cuando va sentado mirando hacia fuera<\/li>\n<li>Los materiales el\u00e1sticos especiales hacen que la forma se adapte perfectamente al cuerpo del beb\u00e9<\/li>\n<li>La hebilla de seguridad del cintur\u00f3n solo se puede abrir al hacer contacto en tres puntos<\/li>\n<li>Bolsillos de f\u00e1cil acceso para guardar r\u00e1pidamente la tarjeta de cr\u00e9dito, las llaves, etc.<\/li>\n<li>La bolsa de almacenamiento incluida facilita el transporte del portabeb\u00e9s<\/li>\n<\/ul>\n<p><span>BeSafe Haven\u2122:<\/span>\u00a0Durante el proceso de desarrollo de este portabeb\u00e9s ajustable con tres posiciones, contamos con el asesoramiento profesional de \u00abDie Trageschule\u00ae\u00bb de Dresde (Alemania), una instituci\u00f3n compuesta por respetados educadores y expertos en el transporte de beb\u00e9s. Por ello, cuenta con numerosas funciones inteligentes y f\u00e1ciles de usar que mantienen al beb\u00e9 protegido y que le ofrecen la experiencia de transporte m\u00e1s c\u00f3moda.<\/p>\n","protected":false},"excerpt":{"rendered":"<h1 class=\"product_title entry-title\">BeSafe Haven mochila portabebe<\/h1>\n","protected":false},"featured_media":279500,"comment_status":"open","ping_status":"closed","template":"","meta":{"_et_pb_use_builder":"","_et_pb_old_content":"","_et_gb_content_width":""},"pwb-brand":[5476],"product_brand":[],"product_cat":[6094,5824],"product_tag":[],"class_list":{"0":"post-264392","1":"product","2":"type-product","3":"status-publish","4":"has-post-thumbnail","6":"pwb-brand-besafe","7":"product_cat-mochilas-portabebe-eu","8":"product_cat-viaje-eu","9":"pa_color-black-eu","10":"pa_color-gris-eu","12":"first","13":"instock","14":"taxable","15":"shipping-taxable","16":"purchasable","17":"product-type-variable","18":"has-default-attributes"},"yoast_head":"<!-- This site is optimized with the Yoast SEO plugin v27.5 - https:\/\/yoast.com\/product\/yoast-seo-wordpress\/ -->\n<title>portabebe<\/title>\n<meta name=\"description\" content=\"portabebe\" \/>\n<meta name=\"robots\" content=\"index, follow, max-snippet:-1, max-image-preview:large, max-video-preview:-1\" \/>\n<link rel=\"canonical\" href=\"https:\/\/gaspachitos.com\/eu\/producto\/besafe-haven-mochila-portabebe\/\" \/>\n<meta property=\"og:locale\" content=\"eu_ES\" \/>\n<meta property=\"og:type\" content=\"article\" \/>\n<meta property=\"og:title\" content=\"portabebe\" \/>\n<meta property=\"og:description\" content=\"portabebe\" \/>\n<meta property=\"og:url\" content=\"https:\/\/gaspachitos.com\/eu\/producto\/besafe-haven-mochila-portabebe\/\" \/>\n<meta property=\"og:site_name\" content=\"Gaspachitos\" \/>\n<meta property=\"og:image\" content=\"https:\/\/gaspachitos.com\/wp-content\/uploads\/2022\/11\/11009565_besafe_haven_stone-b_front_x-straps_kh-01.webp\" \/>\n\t<meta property=\"og:image:width\" content=\"1024\" \/>\n\t<meta property=\"og:image:height\" content=\"1024\" \/>\n\t<meta property=\"og:image:type\" content=\"image\/webp\" \/>\n<meta name=\"twitter:card\" content=\"summary_large_image\" \/>\n<meta name=\"twitter:label1\" content=\"Est. reading time\" \/>\n\t<meta name=\"twitter:data1\" content=\"1 minute\" \/>\n<script type=\"application\/ld+json\" class=\"yoast-schema-graph\">{\"@context\":\"https:\\\/\\\/schema.org\",\"@graph\":[{\"@type\":\"WebPage\",\"@id\":\"https:\\\/\\\/gaspachitos.com\\\/eu\\\/producto\\\/besafe-haven-mochila-portabebe\\\/\",\"url\":\"https:\\\/\\\/gaspachitos.com\\\/eu\\\/producto\\\/besafe-haven-mochila-portabebe\\\/\",\"name\":\"portabebe\",\"isPartOf\":{\"@id\":\"https:\\\/\\\/gaspachitos.com\\\/#website\"},\"primaryImageOfPage\":{\"@id\":\"https:\\\/\\\/gaspachitos.com\\\/eu\\\/producto\\\/besafe-haven-mochila-portabebe\\\/#primaryimage\"},\"image\":{\"@id\":\"https:\\\/\\\/gaspachitos.com\\\/eu\\\/producto\\\/besafe-haven-mochila-portabebe\\\/#primaryimage\"},\"thumbnailUrl\":\"https:\\\/\\\/gaspachitos.com\\\/wp-content\\\/uploads\\\/2022\\\/11\\\/11009565_besafe_haven_stone-b_front_x-straps_kh-01.webp\",\"datePublished\":\"2022-11-28T10:39:42+00:00\",\"description\":\"portabebe\",\"breadcrumb\":{\"@id\":\"https:\\\/\\\/gaspachitos.com\\\/eu\\\/producto\\\/besafe-haven-mochila-portabebe\\\/#breadcrumb\"},\"inLanguage\":\"eu-ES\",\"potentialAction\":[{\"@type\":\"ReadAction\",\"target\":[\"https:\\\/\\\/gaspachitos.com\\\/eu\\\/producto\\\/besafe-haven-mochila-portabebe\\\/\"]}]},{\"@type\":\"ImageObject\",\"inLanguage\":\"eu-ES\",\"@id\":\"https:\\\/\\\/gaspachitos.com\\\/eu\\\/producto\\\/besafe-haven-mochila-portabebe\\\/#primaryimage\",\"url\":\"https:\\\/\\\/gaspachitos.com\\\/wp-content\\\/uploads\\\/2022\\\/11\\\/11009565_besafe_haven_stone-b_front_x-straps_kh-01.webp\",\"contentUrl\":\"https:\\\/\\\/gaspachitos.com\\\/wp-content\\\/uploads\\\/2022\\\/11\\\/11009565_besafe_haven_stone-b_front_x-straps_kh-01.webp\",\"width\":1024,\"height\":1024},{\"@type\":\"BreadcrumbList\",\"@id\":\"https:\\\/\\\/gaspachitos.com\\\/eu\\\/producto\\\/besafe-haven-mochila-portabebe\\\/#breadcrumb\",\"itemListElement\":[{\"@type\":\"ListItem\",\"position\":1,\"name\":\"Portada\",\"item\":\"https:\\\/\\\/gaspachitos.com\\\/\"},{\"@type\":\"ListItem\",\"position\":2,\"name\":\"Produtos\",\"item\":\"https:\\\/\\\/gaspachitos.com\\\/gl\\\/shop\\\/\"},{\"@type\":\"ListItem\",\"position\":3,\"name\":\"BeSafe Haven mochila portabebe\"}]},{\"@type\":\"WebSite\",\"@id\":\"https:\\\/\\\/gaspachitos.com\\\/#website\",\"url\":\"https:\\\/\\\/gaspachitos.com\\\/\",\"name\":\"Gaspachitos\",\"description\":\"La tienda para tu beb\u00e9: cochecitos, sillas de paseo, cunas...\",\"potentialAction\":[{\"@type\":\"SearchAction\",\"target\":{\"@type\":\"EntryPoint\",\"urlTemplate\":\"https:\\\/\\\/gaspachitos.com\\\/?s={search_term_string}\"},\"query-input\":{\"@type\":\"PropertyValueSpecification\",\"valueRequired\":true,\"valueName\":\"search_term_string\"}}],\"inLanguage\":\"eu-ES\"}]}<\/script>\n<!-- \/ Yoast SEO plugin. -->","yoast_head_json":{"title":"portabebe","description":"portabebe","robots":{"index":"index","follow":"follow","max-snippet":"max-snippet:-1","max-image-preview":"max-image-preview:large","max-video-preview":"max-video-preview:-1"},"canonical":"https:\/\/gaspachitos.com\/eu\/producto\/besafe-haven-mochila-portabebe\/","og_locale":"eu_ES","og_type":"article","og_title":"portabebe","og_description":"portabebe","og_url":"https:\/\/gaspachitos.com\/eu\/producto\/besafe-haven-mochila-portabebe\/","og_site_name":"Gaspachitos","og_image":[{"width":1024,"height":1024,"url":"https:\/\/gaspachitos.com\/wp-content\/uploads\/2022\/11\/11009565_besafe_haven_stone-b_front_x-straps_kh-01.webp","type":"image\/webp"}],"twitter_card":"summary_large_image","twitter_misc":{"Est. reading time":"1 minute"},"schema":{"@context":"https:\/\/schema.org","@graph":[{"@type":"WebPage","@id":"https:\/\/gaspachitos.com\/eu\/producto\/besafe-haven-mochila-portabebe\/","url":"https:\/\/gaspachitos.com\/eu\/producto\/besafe-haven-mochila-portabebe\/","name":"portabebe","isPartOf":{"@id":"https:\/\/gaspachitos.com\/#website"},"primaryImageOfPage":{"@id":"https:\/\/gaspachitos.com\/eu\/producto\/besafe-haven-mochila-portabebe\/#primaryimage"},"image":{"@id":"https:\/\/gaspachitos.com\/eu\/producto\/besafe-haven-mochila-portabebe\/#primaryimage"},"thumbnailUrl":"https:\/\/gaspachitos.com\/wp-content\/uploads\/2022\/11\/11009565_besafe_haven_stone-b_front_x-straps_kh-01.webp","datePublished":"2022-11-28T10:39:42+00:00","description":"portabebe","breadcrumb":{"@id":"https:\/\/gaspachitos.com\/eu\/producto\/besafe-haven-mochila-portabebe\/#breadcrumb"},"inLanguage":"eu-ES","potentialAction":[{"@type":"ReadAction","target":["https:\/\/gaspachitos.com\/eu\/producto\/besafe-haven-mochila-portabebe\/"]}]},{"@type":"ImageObject","inLanguage":"eu-ES","@id":"https:\/\/gaspachitos.com\/eu\/producto\/besafe-haven-mochila-portabebe\/#primaryimage","url":"https:\/\/gaspachitos.com\/wp-content\/uploads\/2022\/11\/11009565_besafe_haven_stone-b_front_x-straps_kh-01.webp","contentUrl":"https:\/\/gaspachitos.com\/wp-content\/uploads\/2022\/11\/11009565_besafe_haven_stone-b_front_x-straps_kh-01.webp","width":1024,"height":1024},{"@type":"BreadcrumbList","@id":"https:\/\/gaspachitos.com\/eu\/producto\/besafe-haven-mochila-portabebe\/#breadcrumb","itemListElement":[{"@type":"ListItem","position":1,"name":"Portada","item":"https:\/\/gaspachitos.com\/"},{"@type":"ListItem","position":2,"name":"Produtos","item":"https:\/\/gaspachitos.com\/gl\/shop\/"},{"@type":"ListItem","position":3,"name":"BeSafe Haven mochila portabebe"}]},{"@type":"WebSite","@id":"https:\/\/gaspachitos.com\/#website","url":"https:\/\/gaspachitos.com\/","name":"Gaspachitos","description":"La tienda para tu beb\u00e9: cochecitos, sillas de paseo, cunas...","potentialAction":[{"@type":"SearchAction","target":{"@type":"EntryPoint","urlTemplate":"https:\/\/gaspachitos.com\/?s={search_term_string}"},"query-input":{"@type":"PropertyValueSpecification","valueRequired":true,"valueName":"search_term_string"}}],"inLanguage":"eu-ES"}]}},"brands":[{"id":5476,"name":"BeSafe","slug":"besafe"}],"_links":{"self":[{"href":"https:\/\/gaspachitos.com\/eu\/wp-json\/wp\/v2\/product\/264392","targetHints":{"allow":["GET"]}}],"collection":[{"href":"https:\/\/gaspachitos.com\/eu\/wp-json\/wp\/v2\/product"}],"about":[{"href":"https:\/\/gaspachitos.com\/eu\/wp-json\/wp\/v2\/types\/product"}],"replies":[{"embeddable":true,"href":"https:\/\/gaspachitos.com\/eu\/wp-json\/wp\/v2\/comments?post=264392"}],"wp:featuredmedia":[{"embeddable":true,"href":"https:\/\/gaspachitos.com\/eu\/wp-json\/wp\/v2\/media\/279500"}],"wp:attachment":[{"href":"https:\/\/gaspachitos.com\/eu\/wp-json\/wp\/v2\/media?parent=264392"}],"wp:term":[{"taxonomy":"pwb-brand","embeddable":true,"href":"https:\/\/gaspachitos.com\/eu\/wp-json\/wp\/v2\/pwb-brand?post=264392"},{"taxonomy":"product_brand","embeddable":true,"href":"https:\/\/gaspachitos.com\/eu\/wp-json\/wp\/v2\/product_brand?post=264392"},{"taxonomy":"product_cat","embeddable":true,"href":"https:\/\/gaspachitos.com\/eu\/wp-json\/wp\/v2\/product_cat?post=264392"},{"taxonomy":"product_tag","embeddable":true,"href":"https:\/\/gaspachitos.com\/eu\/wp-json\/wp\/v2\/product_tag?post=264392"}],"curies":[{"name":"wp","href":"https:\/\/api.w.org\/{rel}","templated":true}]}}