{"id":264358,"date":"2022-11-28T12:14:23","date_gmt":"2022-11-28T10:14:23","guid":{"rendered":"https:\/\/nueva.gaspachitos.com\/producto\/mochila-portabebes-one-cotton-denim-greydark-grey\/"},"modified":"2022-11-28T12:14:23","modified_gmt":"2022-11-28T10:14:23","slug":"mochila-portabebes-one-cotton-denim-greydark-grey","status":"publish","type":"product","link":"https:\/\/gaspachitos.com\/eu\/producto\/mochila-portabebes-one-cotton-denim-greydark-grey\/","title":{"rendered":"Mochila portabeb\u00e9s one cotton denim grey\/dark grey"},"content":{"rendered":"<p>La Mochila Porta Beb\u00e9 One BABYBJ\u00d6RN es una mochila porta beb\u00e9 suave y ergon\u00f3mica que le transmite al ni\u00f1o la conexi\u00f3n y la cercan\u00eda necesarias desde el momento del nacimiento. La tela es flexible y podr\u00e1s ver y sentir al reci\u00e9n nacido en una posici\u00f3n natural y con su espalda en forma de c. Con la Mochila Porta Beb\u00e9 One BABYBJ\u00d6RN puedes cambiar f\u00e1cilmente de posici\u00f3n y optar por llevar a tu beb\u00e9 sobre el pecho o a la espalda. Con la regulaci\u00f3n continua del tama\u00f1o de la mochila, el asiento y el soporte para la cabeza puedes adaptar el modelo al crecimiento del ni\u00f1o, e incluso la pueden utilizar diferentes adultos.<\/p>\n<p>La mochila porta beb\u00e9 tiene un cintur\u00f3n abdominal seguro y tirantes acolchados que alivian el peso en la espalda. As\u00ed es m\u00e1s c\u00f3modo llevar al ni\u00f1o desde el nacimiento hasta los 3 a\u00f1os. El ni\u00f1o est\u00e1 seguro y c\u00f3modo al mismo tiempo que tus manos est\u00e1n libres.<\/p>\n","protected":false},"excerpt":{"rendered":"<h1 class=\"font-normal text-pnt-black text-2xl\">Mochila portabeb\u00e9s one cotton denim grey\/dark grey<\/h1>\n","protected":false},"featured_media":244839,"comment_status":"open","ping_status":"closed","template":"","meta":{"_et_pb_use_builder":"","_et_pb_old_content":"","_et_gb_content_width":""},"pwb-brand":[],"product_brand":[],"product_cat":[6094],"product_tag":[],"class_list":{"0":"post-264358","1":"product","2":"type-product","3":"status-publish","4":"has-post-thumbnail","6":"product_cat-mochilas-portabebe-eu","8":"first","9":"instock","10":"taxable","11":"shipping-taxable","12":"purchasable","13":"product-type-simple"},"yoast_head":"<!-- This site is optimized with the Yoast SEO plugin v27.5 - https:\/\/yoast.com\/product\/yoast-seo-wordpress\/ -->\n<title>portabebe<\/title>\n<meta name=\"description\" content=\"portabebe\" \/>\n<meta name=\"robots\" content=\"index, follow, max-snippet:-1, max-image-preview:large, max-video-preview:-1\" \/>\n<link rel=\"canonical\" href=\"https:\/\/gaspachitos.com\/eu\/producto\/mochila-portabebes-one-cotton-denim-greydark-grey\/\" \/>\n<meta property=\"og:locale\" content=\"eu_ES\" \/>\n<meta property=\"og:type\" content=\"article\" \/>\n<meta property=\"og:title\" content=\"portabebe\" \/>\n<meta property=\"og:description\" content=\"portabebe\" \/>\n<meta property=\"og:url\" content=\"https:\/\/gaspachitos.com\/eu\/producto\/mochila-portabebes-one-cotton-denim-greydark-grey\/\" \/>\n<meta property=\"og:site_name\" content=\"Gaspachitos\" \/>\n<meta property=\"og:image\" content=\"https:\/\/gaspachitos.com\/wp-content\/uploads\/2022\/11\/11138-thickbox_default-Mochila-portabebes-one-cotton-denim-greydark-grey.jpg\" \/>\n\t<meta property=\"og:image:width\" content=\"800\" \/>\n\t<meta property=\"og:image:height\" content=\"800\" \/>\n\t<meta property=\"og:image:type\" content=\"image\/jpeg\" \/>\n<meta name=\"twitter:card\" content=\"summary_large_image\" \/>\n<meta name=\"twitter:label1\" content=\"Est. reading time\" \/>\n\t<meta name=\"twitter:data1\" content=\"1 minute\" \/>\n<script type=\"application\/ld+json\" class=\"yoast-schema-graph\">{\"@context\":\"https:\\\/\\\/schema.org\",\"@graph\":[{\"@type\":\"WebPage\",\"@id\":\"https:\\\/\\\/gaspachitos.com\\\/eu\\\/producto\\\/mochila-portabebes-one-cotton-denim-greydark-grey\\\/\",\"url\":\"https:\\\/\\\/gaspachitos.com\\\/eu\\\/producto\\\/mochila-portabebes-one-cotton-denim-greydark-grey\\\/\",\"name\":\"portabebe\",\"isPartOf\":{\"@id\":\"https:\\\/\\\/gaspachitos.com\\\/#website\"},\"primaryImageOfPage\":{\"@id\":\"https:\\\/\\\/gaspachitos.com\\\/eu\\\/producto\\\/mochila-portabebes-one-cotton-denim-greydark-grey\\\/#primaryimage\"},\"image\":{\"@id\":\"https:\\\/\\\/gaspachitos.com\\\/eu\\\/producto\\\/mochila-portabebes-one-cotton-denim-greydark-grey\\\/#primaryimage\"},\"thumbnailUrl\":\"https:\\\/\\\/gaspachitos.com\\\/wp-content\\\/uploads\\\/2022\\\/11\\\/11138-thickbox_default-Mochila-portabebes-one-cotton-denim-greydark-grey.jpg\",\"datePublished\":\"2022-11-28T10:14:23+00:00\",\"description\":\"portabebe\",\"breadcrumb\":{\"@id\":\"https:\\\/\\\/gaspachitos.com\\\/eu\\\/producto\\\/mochila-portabebes-one-cotton-denim-greydark-grey\\\/#breadcrumb\"},\"inLanguage\":\"eu-ES\",\"potentialAction\":[{\"@type\":\"ReadAction\",\"target\":[\"https:\\\/\\\/gaspachitos.com\\\/eu\\\/producto\\\/mochila-portabebes-one-cotton-denim-greydark-grey\\\/\"]}]},{\"@type\":\"ImageObject\",\"inLanguage\":\"eu-ES\",\"@id\":\"https:\\\/\\\/gaspachitos.com\\\/eu\\\/producto\\\/mochila-portabebes-one-cotton-denim-greydark-grey\\\/#primaryimage\",\"url\":\"https:\\\/\\\/gaspachitos.com\\\/wp-content\\\/uploads\\\/2022\\\/11\\\/11138-thickbox_default-Mochila-portabebes-one-cotton-denim-greydark-grey.jpg\",\"contentUrl\":\"https:\\\/\\\/gaspachitos.com\\\/wp-content\\\/uploads\\\/2022\\\/11\\\/11138-thickbox_default-Mochila-portabebes-one-cotton-denim-greydark-grey.jpg\",\"width\":800,\"height\":800},{\"@type\":\"BreadcrumbList\",\"@id\":\"https:\\\/\\\/gaspachitos.com\\\/eu\\\/producto\\\/mochila-portabebes-one-cotton-denim-greydark-grey\\\/#breadcrumb\",\"itemListElement\":[{\"@type\":\"ListItem\",\"position\":1,\"name\":\"Portada\",\"item\":\"https:\\\/\\\/gaspachitos.com\\\/\"},{\"@type\":\"ListItem\",\"position\":2,\"name\":\"Produtos\",\"item\":\"https:\\\/\\\/gaspachitos.com\\\/gl\\\/shop\\\/\"},{\"@type\":\"ListItem\",\"position\":3,\"name\":\"Mochila portabeb\u00e9s one cotton denim grey\\\/dark grey\"}]},{\"@type\":\"WebSite\",\"@id\":\"https:\\\/\\\/gaspachitos.com\\\/#website\",\"url\":\"https:\\\/\\\/gaspachitos.com\\\/\",\"name\":\"Gaspachitos\",\"description\":\"La tienda para tu beb\u00e9: cochecitos, sillas de paseo, cunas...\",\"potentialAction\":[{\"@type\":\"SearchAction\",\"target\":{\"@type\":\"EntryPoint\",\"urlTemplate\":\"https:\\\/\\\/gaspachitos.com\\\/?s={search_term_string}\"},\"query-input\":{\"@type\":\"PropertyValueSpecification\",\"valueRequired\":true,\"valueName\":\"search_term_string\"}}],\"inLanguage\":\"eu-ES\"}]}<\/script>\n<!-- \/ Yoast SEO plugin. -->","yoast_head_json":{"title":"portabebe","description":"portabebe","robots":{"index":"index","follow":"follow","max-snippet":"max-snippet:-1","max-image-preview":"max-image-preview:large","max-video-preview":"max-video-preview:-1"},"canonical":"https:\/\/gaspachitos.com\/eu\/producto\/mochila-portabebes-one-cotton-denim-greydark-grey\/","og_locale":"eu_ES","og_type":"article","og_title":"portabebe","og_description":"portabebe","og_url":"https:\/\/gaspachitos.com\/eu\/producto\/mochila-portabebes-one-cotton-denim-greydark-grey\/","og_site_name":"Gaspachitos","og_image":[{"width":800,"height":800,"url":"https:\/\/gaspachitos.com\/wp-content\/uploads\/2022\/11\/11138-thickbox_default-Mochila-portabebes-one-cotton-denim-greydark-grey.jpg","type":"image\/jpeg"}],"twitter_card":"summary_large_image","twitter_misc":{"Est. reading time":"1 minute"},"schema":{"@context":"https:\/\/schema.org","@graph":[{"@type":"WebPage","@id":"https:\/\/gaspachitos.com\/eu\/producto\/mochila-portabebes-one-cotton-denim-greydark-grey\/","url":"https:\/\/gaspachitos.com\/eu\/producto\/mochila-portabebes-one-cotton-denim-greydark-grey\/","name":"portabebe","isPartOf":{"@id":"https:\/\/gaspachitos.com\/#website"},"primaryImageOfPage":{"@id":"https:\/\/gaspachitos.com\/eu\/producto\/mochila-portabebes-one-cotton-denim-greydark-grey\/#primaryimage"},"image":{"@id":"https:\/\/gaspachitos.com\/eu\/producto\/mochila-portabebes-one-cotton-denim-greydark-grey\/#primaryimage"},"thumbnailUrl":"https:\/\/gaspachitos.com\/wp-content\/uploads\/2022\/11\/11138-thickbox_default-Mochila-portabebes-one-cotton-denim-greydark-grey.jpg","datePublished":"2022-11-28T10:14:23+00:00","description":"portabebe","breadcrumb":{"@id":"https:\/\/gaspachitos.com\/eu\/producto\/mochila-portabebes-one-cotton-denim-greydark-grey\/#breadcrumb"},"inLanguage":"eu-ES","potentialAction":[{"@type":"ReadAction","target":["https:\/\/gaspachitos.com\/eu\/producto\/mochila-portabebes-one-cotton-denim-greydark-grey\/"]}]},{"@type":"ImageObject","inLanguage":"eu-ES","@id":"https:\/\/gaspachitos.com\/eu\/producto\/mochila-portabebes-one-cotton-denim-greydark-grey\/#primaryimage","url":"https:\/\/gaspachitos.com\/wp-content\/uploads\/2022\/11\/11138-thickbox_default-Mochila-portabebes-one-cotton-denim-greydark-grey.jpg","contentUrl":"https:\/\/gaspachitos.com\/wp-content\/uploads\/2022\/11\/11138-thickbox_default-Mochila-portabebes-one-cotton-denim-greydark-grey.jpg","width":800,"height":800},{"@type":"BreadcrumbList","@id":"https:\/\/gaspachitos.com\/eu\/producto\/mochila-portabebes-one-cotton-denim-greydark-grey\/#breadcrumb","itemListElement":[{"@type":"ListItem","position":1,"name":"Portada","item":"https:\/\/gaspachitos.com\/"},{"@type":"ListItem","position":2,"name":"Produtos","item":"https:\/\/gaspachitos.com\/gl\/shop\/"},{"@type":"ListItem","position":3,"name":"Mochila portabeb\u00e9s one cotton denim grey\/dark grey"}]},{"@type":"WebSite","@id":"https:\/\/gaspachitos.com\/#website","url":"https:\/\/gaspachitos.com\/","name":"Gaspachitos","description":"La tienda para tu beb\u00e9: cochecitos, sillas de paseo, cunas...","potentialAction":[{"@type":"SearchAction","target":{"@type":"EntryPoint","urlTemplate":"https:\/\/gaspachitos.com\/?s={search_term_string}"},"query-input":{"@type":"PropertyValueSpecification","valueRequired":true,"valueName":"search_term_string"}}],"inLanguage":"eu-ES"}]}},"brands":[],"_links":{"self":[{"href":"https:\/\/gaspachitos.com\/eu\/wp-json\/wp\/v2\/product\/264358","targetHints":{"allow":["GET"]}}],"collection":[{"href":"https:\/\/gaspachitos.com\/eu\/wp-json\/wp\/v2\/product"}],"about":[{"href":"https:\/\/gaspachitos.com\/eu\/wp-json\/wp\/v2\/types\/product"}],"replies":[{"embeddable":true,"href":"https:\/\/gaspachitos.com\/eu\/wp-json\/wp\/v2\/comments?post=264358"}],"wp:featuredmedia":[{"embeddable":true,"href":"https:\/\/gaspachitos.com\/eu\/wp-json\/wp\/v2\/media\/244839"}],"wp:attachment":[{"href":"https:\/\/gaspachitos.com\/eu\/wp-json\/wp\/v2\/media?parent=264358"}],"wp:term":[{"taxonomy":"pwb-brand","embeddable":true,"href":"https:\/\/gaspachitos.com\/eu\/wp-json\/wp\/v2\/pwb-brand?post=264358"},{"taxonomy":"product_brand","embeddable":true,"href":"https:\/\/gaspachitos.com\/eu\/wp-json\/wp\/v2\/product_brand?post=264358"},{"taxonomy":"product_cat","embeddable":true,"href":"https:\/\/gaspachitos.com\/eu\/wp-json\/wp\/v2\/product_cat?post=264358"},{"taxonomy":"product_tag","embeddable":true,"href":"https:\/\/gaspachitos.com\/eu\/wp-json\/wp\/v2\/product_tag?post=264358"}],"curies":[{"name":"wp","href":"https:\/\/api.w.org\/{rel}","templated":true}]}}