{"id":264322,"date":"2022-11-28T11:31:36","date_gmt":"2022-11-28T09:31:36","guid":{"rendered":"https:\/\/nueva.gaspachitos.com\/producto\/lampara-de-noche-evolutiva-infantino-projecto-lampe-beige-claro-liso\/"},"modified":"2022-11-28T11:31:36","modified_gmt":"2022-11-28T09:31:36","slug":"lampara-de-noche-evolutiva-infantino-projecto-lampe-beige-claro-liso","status":"publish","type":"product","link":"https:\/\/gaspachitos.com\/eu\/producto\/lampara-de-noche-evolutiva-infantino-projecto-lampe-beige-claro-liso\/","title":{"rendered":"L\u00e1mpara de noche evolutiva INFANTINO Projecto Lampe &#8211; beige claro liso"},"content":{"rendered":"<p>Para acompa\u00f1ar al beb\u00e9 durante sus noches, la\u00a0<span>l\u00e1mpara de noche musical Proyecto Lampe\u00a0<\/span>se activar\u00e1 autom\u00e1ticamente mediante la voz o el llanto dando inicio a suaves melod\u00edas, difundiendo una luz tamizada y sonidos de la naturaleza tranquilizadores, creando alrededor de la cuna una atm\u00f3sfera suave y relajante. Desde los 6 meses, captar\u00e1 tambi\u00e9n la mirada del ni\u00f1o proyectando para su diversi\u00f3n y entretenimiento peque\u00f1as estrellas sobre el techo que, al son de sus apariciones, le ir\u00e1n tranquilizando para ayudarle a adormecer. Podr\u00e1s elegir entre diversos modos de empleo (solamente luz, solamente sonido o luz y sonido) y, para un plus pr\u00e1ctico, se apagar\u00e1 sola autom\u00e1ticamente al cabo de 10 minutos: \u00a1no necesitar\u00e1s volver a levantarte! Aut\u00f3noma y ligera, la\u00a0<span>l\u00e1mpara de noche Infantino Proyecto Lampe<\/span>\u00a0es f\u00e1cil de llevar en el equipaje del beb\u00e9.<\/p>\n<\/p>\n<p>VENTAJAS DE LA L\u00c1MPARA DE NOCHE INFANTINO PROJECTO LAMPE:<\/p>\n<ul>\n<li><span>3 fases de uso:<br \/>&#8211; Desde el nacimiento y hasta 1 a\u00f1o:\u00a0<\/span><span>l\u00e1mpara de noche luminosa y sonora.<br \/><\/span><span>&#8211; Desde 6 a 18 meses:<\/span><span>\u00a0proyector luminoso.<br \/><\/span><span>&#8211; A partir de 12 meses:<\/span><span>\u00a0l\u00e1mpara de mesita de noche con proyecci\u00f3n.<\/span><\/li>\n<li>Se fija sobre el montante de la cama de barrotes mediante las sujeciones que incluye.<\/li>\n<li>Activaci\u00f3n autom\u00e1tica mediante detecci\u00f3n del llanto o emisi\u00f3n de ruidos alrededor de la cuna.<\/li>\n<li>Selecci\u00f3n de\u00a0<span>3 sonidos de la naturaleza<\/span>\u00a0o de\u00a0<span>6 melod\u00edas relajantes.<\/span><\/li>\n<li>Volumen sonoro ajustable: silencioso, bajo o alto.<\/li>\n<li>Proyecci\u00f3n de una luz a color sobre el techo de la habitaci\u00f3n.<\/li>\n<li>Interruptor encendido\/apagado.<\/li>\n<li>Apagado autom\u00e1tico al cabo de 10 minutos.<\/li>\n<li>Aut\u00f3noma y ligera, es f\u00e1cil de llevar en el equipaje del beb\u00e9.<\/li>\n<\/ul>\n<p>INFORMACI\u00d3N ADICIONAL:<\/p>\n<ul>\n<li><span>Desde el nacimiento<\/span>.<\/li>\n<li>Garant\u00eda de ausencia de BPA.<\/li>\n<li>Dimensiones: di\u00e1metro 15 x grosor 7 cm, peso: 480 g.<\/li>\n<li>Funciona con 3 pilas LR6-AA 1,5 V no incluidas.<\/li>\n<\/ul>\n","protected":false},"excerpt":{"rendered":"<h1 class=\"memo_fps_produit_title\">L\u00e1mpara de noche evolutiva INFANTINO Projecto Lampe\u00a0<span class=\"current-coloris\">&#8211; beige claro liso<\/span><\/h1>\n","protected":false},"featured_media":244560,"comment_status":"open","ping_status":"closed","template":"","meta":{"_et_pb_use_builder":"","_et_pb_old_content":"","_et_gb_content_width":""},"pwb-brand":[],"product_brand":[],"product_cat":[6688],"product_tag":[],"class_list":{"0":"post-264322","1":"product","2":"type-product","3":"status-publish","4":"has-post-thumbnail","6":"product_cat-proyectores-eu","8":"first","9":"onbackorder","10":"taxable","11":"shipping-taxable","12":"purchasable","13":"product-type-simple"},"yoast_head":"<!-- This site is optimized with the Yoast SEO plugin v27.5 - https:\/\/yoast.com\/product\/yoast-seo-wordpress\/ -->\n<title>proyector<\/title>\n<meta name=\"description\" content=\"proyector\" \/>\n<meta name=\"robots\" content=\"index, follow, max-snippet:-1, max-image-preview:large, max-video-preview:-1\" \/>\n<link rel=\"canonical\" href=\"https:\/\/gaspachitos.com\/eu\/producto\/lampara-de-noche-evolutiva-infantino-projecto-lampe-beige-claro-liso\/\" \/>\n<meta property=\"og:locale\" content=\"eu_ES\" \/>\n<meta property=\"og:type\" content=\"article\" \/>\n<meta property=\"og:title\" content=\"proyector\" \/>\n<meta property=\"og:description\" content=\"proyector\" \/>\n<meta property=\"og:url\" content=\"https:\/\/gaspachitos.com\/eu\/producto\/lampara-de-noche-evolutiva-infantino-projecto-lampe-beige-claro-liso\/\" \/>\n<meta property=\"og:site_name\" content=\"Gaspachitos\" \/>\n<meta property=\"og:image\" content=\"https:\/\/gaspachitos.com\/wp-content\/uploads\/2022\/11\/11111-thickbox_default-Lampara-de-noche-evolutiva-INFANTINO-Projecto-Lampe-beige-claro-liso.jpg\" \/>\n\t<meta property=\"og:image:width\" content=\"800\" \/>\n\t<meta property=\"og:image:height\" content=\"800\" \/>\n\t<meta property=\"og:image:type\" content=\"image\/jpeg\" \/>\n<meta name=\"twitter:card\" content=\"summary_large_image\" \/>\n<meta name=\"twitter:label1\" content=\"Est. reading time\" \/>\n\t<meta name=\"twitter:data1\" content=\"2 minutes\" \/>\n<script type=\"application\/ld+json\" class=\"yoast-schema-graph\">{\"@context\":\"https:\\\/\\\/schema.org\",\"@graph\":[{\"@type\":\"WebPage\",\"@id\":\"https:\\\/\\\/gaspachitos.com\\\/eu\\\/producto\\\/lampara-de-noche-evolutiva-infantino-projecto-lampe-beige-claro-liso\\\/\",\"url\":\"https:\\\/\\\/gaspachitos.com\\\/eu\\\/producto\\\/lampara-de-noche-evolutiva-infantino-projecto-lampe-beige-claro-liso\\\/\",\"name\":\"proyector\",\"isPartOf\":{\"@id\":\"https:\\\/\\\/gaspachitos.com\\\/#website\"},\"primaryImageOfPage\":{\"@id\":\"https:\\\/\\\/gaspachitos.com\\\/eu\\\/producto\\\/lampara-de-noche-evolutiva-infantino-projecto-lampe-beige-claro-liso\\\/#primaryimage\"},\"image\":{\"@id\":\"https:\\\/\\\/gaspachitos.com\\\/eu\\\/producto\\\/lampara-de-noche-evolutiva-infantino-projecto-lampe-beige-claro-liso\\\/#primaryimage\"},\"thumbnailUrl\":\"https:\\\/\\\/gaspachitos.com\\\/wp-content\\\/uploads\\\/2022\\\/11\\\/11111-thickbox_default-Lampara-de-noche-evolutiva-INFANTINO-Projecto-Lampe-beige-claro-liso.jpg\",\"datePublished\":\"2022-11-28T09:31:36+00:00\",\"description\":\"proyector\",\"breadcrumb\":{\"@id\":\"https:\\\/\\\/gaspachitos.com\\\/eu\\\/producto\\\/lampara-de-noche-evolutiva-infantino-projecto-lampe-beige-claro-liso\\\/#breadcrumb\"},\"inLanguage\":\"eu-ES\",\"potentialAction\":[{\"@type\":\"ReadAction\",\"target\":[\"https:\\\/\\\/gaspachitos.com\\\/eu\\\/producto\\\/lampara-de-noche-evolutiva-infantino-projecto-lampe-beige-claro-liso\\\/\"]}]},{\"@type\":\"ImageObject\",\"inLanguage\":\"eu-ES\",\"@id\":\"https:\\\/\\\/gaspachitos.com\\\/eu\\\/producto\\\/lampara-de-noche-evolutiva-infantino-projecto-lampe-beige-claro-liso\\\/#primaryimage\",\"url\":\"https:\\\/\\\/gaspachitos.com\\\/wp-content\\\/uploads\\\/2022\\\/11\\\/11111-thickbox_default-Lampara-de-noche-evolutiva-INFANTINO-Projecto-Lampe-beige-claro-liso.jpg\",\"contentUrl\":\"https:\\\/\\\/gaspachitos.com\\\/wp-content\\\/uploads\\\/2022\\\/11\\\/11111-thickbox_default-Lampara-de-noche-evolutiva-INFANTINO-Projecto-Lampe-beige-claro-liso.jpg\",\"width\":800,\"height\":800},{\"@type\":\"BreadcrumbList\",\"@id\":\"https:\\\/\\\/gaspachitos.com\\\/eu\\\/producto\\\/lampara-de-noche-evolutiva-infantino-projecto-lampe-beige-claro-liso\\\/#breadcrumb\",\"itemListElement\":[{\"@type\":\"ListItem\",\"position\":1,\"name\":\"Portada\",\"item\":\"https:\\\/\\\/gaspachitos.com\\\/\"},{\"@type\":\"ListItem\",\"position\":2,\"name\":\"Produtos\",\"item\":\"https:\\\/\\\/gaspachitos.com\\\/gl\\\/shop\\\/\"},{\"@type\":\"ListItem\",\"position\":3,\"name\":\"L\u00e1mpara de noche evolutiva INFANTINO Projecto Lampe &#8211; beige claro liso\"}]},{\"@type\":\"WebSite\",\"@id\":\"https:\\\/\\\/gaspachitos.com\\\/#website\",\"url\":\"https:\\\/\\\/gaspachitos.com\\\/\",\"name\":\"Gaspachitos\",\"description\":\"La tienda para tu beb\u00e9: cochecitos, sillas de paseo, cunas...\",\"potentialAction\":[{\"@type\":\"SearchAction\",\"target\":{\"@type\":\"EntryPoint\",\"urlTemplate\":\"https:\\\/\\\/gaspachitos.com\\\/?s={search_term_string}\"},\"query-input\":{\"@type\":\"PropertyValueSpecification\",\"valueRequired\":true,\"valueName\":\"search_term_string\"}}],\"inLanguage\":\"eu-ES\"}]}<\/script>\n<!-- \/ Yoast SEO plugin. -->","yoast_head_json":{"title":"proyector","description":"proyector","robots":{"index":"index","follow":"follow","max-snippet":"max-snippet:-1","max-image-preview":"max-image-preview:large","max-video-preview":"max-video-preview:-1"},"canonical":"https:\/\/gaspachitos.com\/eu\/producto\/lampara-de-noche-evolutiva-infantino-projecto-lampe-beige-claro-liso\/","og_locale":"eu_ES","og_type":"article","og_title":"proyector","og_description":"proyector","og_url":"https:\/\/gaspachitos.com\/eu\/producto\/lampara-de-noche-evolutiva-infantino-projecto-lampe-beige-claro-liso\/","og_site_name":"Gaspachitos","og_image":[{"width":800,"height":800,"url":"https:\/\/gaspachitos.com\/wp-content\/uploads\/2022\/11\/11111-thickbox_default-Lampara-de-noche-evolutiva-INFANTINO-Projecto-Lampe-beige-claro-liso.jpg","type":"image\/jpeg"}],"twitter_card":"summary_large_image","twitter_misc":{"Est. reading time":"2 minutes"},"schema":{"@context":"https:\/\/schema.org","@graph":[{"@type":"WebPage","@id":"https:\/\/gaspachitos.com\/eu\/producto\/lampara-de-noche-evolutiva-infantino-projecto-lampe-beige-claro-liso\/","url":"https:\/\/gaspachitos.com\/eu\/producto\/lampara-de-noche-evolutiva-infantino-projecto-lampe-beige-claro-liso\/","name":"proyector","isPartOf":{"@id":"https:\/\/gaspachitos.com\/#website"},"primaryImageOfPage":{"@id":"https:\/\/gaspachitos.com\/eu\/producto\/lampara-de-noche-evolutiva-infantino-projecto-lampe-beige-claro-liso\/#primaryimage"},"image":{"@id":"https:\/\/gaspachitos.com\/eu\/producto\/lampara-de-noche-evolutiva-infantino-projecto-lampe-beige-claro-liso\/#primaryimage"},"thumbnailUrl":"https:\/\/gaspachitos.com\/wp-content\/uploads\/2022\/11\/11111-thickbox_default-Lampara-de-noche-evolutiva-INFANTINO-Projecto-Lampe-beige-claro-liso.jpg","datePublished":"2022-11-28T09:31:36+00:00","description":"proyector","breadcrumb":{"@id":"https:\/\/gaspachitos.com\/eu\/producto\/lampara-de-noche-evolutiva-infantino-projecto-lampe-beige-claro-liso\/#breadcrumb"},"inLanguage":"eu-ES","potentialAction":[{"@type":"ReadAction","target":["https:\/\/gaspachitos.com\/eu\/producto\/lampara-de-noche-evolutiva-infantino-projecto-lampe-beige-claro-liso\/"]}]},{"@type":"ImageObject","inLanguage":"eu-ES","@id":"https:\/\/gaspachitos.com\/eu\/producto\/lampara-de-noche-evolutiva-infantino-projecto-lampe-beige-claro-liso\/#primaryimage","url":"https:\/\/gaspachitos.com\/wp-content\/uploads\/2022\/11\/11111-thickbox_default-Lampara-de-noche-evolutiva-INFANTINO-Projecto-Lampe-beige-claro-liso.jpg","contentUrl":"https:\/\/gaspachitos.com\/wp-content\/uploads\/2022\/11\/11111-thickbox_default-Lampara-de-noche-evolutiva-INFANTINO-Projecto-Lampe-beige-claro-liso.jpg","width":800,"height":800},{"@type":"BreadcrumbList","@id":"https:\/\/gaspachitos.com\/eu\/producto\/lampara-de-noche-evolutiva-infantino-projecto-lampe-beige-claro-liso\/#breadcrumb","itemListElement":[{"@type":"ListItem","position":1,"name":"Portada","item":"https:\/\/gaspachitos.com\/"},{"@type":"ListItem","position":2,"name":"Produtos","item":"https:\/\/gaspachitos.com\/gl\/shop\/"},{"@type":"ListItem","position":3,"name":"L\u00e1mpara de noche evolutiva INFANTINO Projecto Lampe &#8211; beige claro liso"}]},{"@type":"WebSite","@id":"https:\/\/gaspachitos.com\/#website","url":"https:\/\/gaspachitos.com\/","name":"Gaspachitos","description":"La tienda para tu beb\u00e9: cochecitos, sillas de paseo, cunas...","potentialAction":[{"@type":"SearchAction","target":{"@type":"EntryPoint","urlTemplate":"https:\/\/gaspachitos.com\/?s={search_term_string}"},"query-input":{"@type":"PropertyValueSpecification","valueRequired":true,"valueName":"search_term_string"}}],"inLanguage":"eu-ES"}]}},"brands":[],"_links":{"self":[{"href":"https:\/\/gaspachitos.com\/eu\/wp-json\/wp\/v2\/product\/264322","targetHints":{"allow":["GET"]}}],"collection":[{"href":"https:\/\/gaspachitos.com\/eu\/wp-json\/wp\/v2\/product"}],"about":[{"href":"https:\/\/gaspachitos.com\/eu\/wp-json\/wp\/v2\/types\/product"}],"replies":[{"embeddable":true,"href":"https:\/\/gaspachitos.com\/eu\/wp-json\/wp\/v2\/comments?post=264322"}],"wp:featuredmedia":[{"embeddable":true,"href":"https:\/\/gaspachitos.com\/eu\/wp-json\/wp\/v2\/media\/244560"}],"wp:attachment":[{"href":"https:\/\/gaspachitos.com\/eu\/wp-json\/wp\/v2\/media?parent=264322"}],"wp:term":[{"taxonomy":"pwb-brand","embeddable":true,"href":"https:\/\/gaspachitos.com\/eu\/wp-json\/wp\/v2\/pwb-brand?post=264322"},{"taxonomy":"product_brand","embeddable":true,"href":"https:\/\/gaspachitos.com\/eu\/wp-json\/wp\/v2\/product_brand?post=264322"},{"taxonomy":"product_cat","embeddable":true,"href":"https:\/\/gaspachitos.com\/eu\/wp-json\/wp\/v2\/product_cat?post=264322"},{"taxonomy":"product_tag","embeddable":true,"href":"https:\/\/gaspachitos.com\/eu\/wp-json\/wp\/v2\/product_tag?post=264322"}],"curies":[{"name":"wp","href":"https:\/\/api.w.org\/{rel}","templated":true}]}}