{"id":264311,"date":"2022-11-28T11:22:48","date_gmt":"2022-11-28T09:22:48","guid":{"rendered":"https:\/\/nueva.gaspachitos.com\/producto\/my-baby-touch-double-2\/"},"modified":"2022-11-28T11:22:48","modified_gmt":"2022-11-28T09:22:48","slug":"my-baby-touch-double-2","status":"publish","type":"product","link":"https:\/\/gaspachitos.com\/eu\/producto\/my-baby-touch-double-2\/","title":{"rendered":"My Baby Touch Double"},"content":{"rendered":"<p>Crea en tan solo unos segundos un recuerdo perdurable del nacimiento del beb\u00e9. El lote para huellas Baby Art My Baby Touch Double contiene una sustancia para realizar las huellas de los pies y las manos, adem\u00e1s de un elegante marco de madera. Despu\u00e9s podr\u00e1s colgar el cuadro conmemorativo que contiene las huellas y la foto en la habitaci\u00f3n que prefieras.\u00a0<\/p>\n<p><span>Caracter\u00edsticas:<\/span><\/p>\n<ul>\n<li>permite conservar un recuerdo del nacimiento del beb\u00e9 de forma creativa<\/li>\n<li>contiene un marco para las huellas de los pies y las manos, as\u00ed como para la fotograf\u00eda del beb\u00e9<\/li>\n<li>contiene una sustancia f\u00e1cil de utilizar que se endurece al secarse y resulta inofensiva para la salud<\/li>\n<li>es un bonito adorno para el cuarto del beb\u00e9 y tambi\u00e9n para la sala de estar<\/li>\n<li>ideal como regalo al nacer el beb\u00e9 o en su bautizo\u00a0<\/li>\n<li>resulta adecuado desde que nace el beb\u00e9 hasta los 3 a\u00f1os<\/li>\n<\/ul>\n<p><span>Composici\u00f3n de la sustancia:\u00a0<\/span><\/p>\n<ul>\n<li>dermatol\u00f3gicamente probado<\/li>\n<\/ul>\n<p><span>Tama\u00f1o de la fotograf\u00eda:<\/span><\/p>\n<ul>\n<li>13 \u00d7 13 cm<\/li>\n<\/ul>\n","protected":false},"excerpt":{"rendered":"<p><span>My Baby Touch Double<\/span><\/p>\n","protected":false},"featured_media":244488,"comment_status":"open","ping_status":"closed","template":"","meta":{"_et_pb_use_builder":"","_et_pb_old_content":"","_et_gb_content_width":""},"pwb-brand":[],"product_brand":[],"product_cat":[5878,6535],"product_tag":[],"class_list":{"0":"post-264311","1":"product","2":"type-product","3":"status-publish","4":"has-post-thumbnail","6":"product_cat-ofertas-eu","7":"product_cat-portarretratos-eu","8":"pa_color-blanco-eu","9":"pa_color-marron-eu","11":"first","12":"instock","13":"taxable","14":"shipping-taxable","15":"purchasable","16":"product-type-variable","17":"has-default-attributes"},"yoast_head":"<!-- This site is optimized with the Yoast SEO plugin v27.4 - https:\/\/yoast.com\/product\/yoast-seo-wordpress\/ -->\n<title>portaretratos<\/title>\n<meta name=\"description\" content=\"portaretratos\" \/>\n<meta name=\"robots\" content=\"index, follow, max-snippet:-1, max-image-preview:large, max-video-preview:-1\" \/>\n<link rel=\"canonical\" href=\"https:\/\/gaspachitos.com\/eu\/producto\/my-baby-touch-double-2\/\" \/>\n<meta property=\"og:locale\" content=\"eu_ES\" \/>\n<meta property=\"og:type\" content=\"article\" \/>\n<meta property=\"og:title\" content=\"portaretratos\" \/>\n<meta property=\"og:description\" content=\"portaretratos\" \/>\n<meta property=\"og:url\" content=\"https:\/\/gaspachitos.com\/eu\/producto\/my-baby-touch-double-2\/\" \/>\n<meta property=\"og:site_name\" content=\"Gaspachitos\" \/>\n<meta property=\"og:image\" content=\"https:\/\/gaspachitos.com\/wp-content\/uploads\/2022\/11\/11106-thickbox_default-My-Baby-Touch-Double.jpg\" \/>\n\t<meta property=\"og:image:width\" content=\"800\" \/>\n\t<meta property=\"og:image:height\" content=\"800\" \/>\n\t<meta property=\"og:image:type\" content=\"image\/jpeg\" \/>\n<meta name=\"twitter:card\" content=\"summary_large_image\" \/>\n<meta name=\"twitter:label1\" content=\"Est. reading time\" \/>\n\t<meta name=\"twitter:data1\" content=\"1 minute\" \/>\n<script type=\"application\/ld+json\" class=\"yoast-schema-graph\">{\"@context\":\"https:\\\/\\\/schema.org\",\"@graph\":[{\"@type\":\"WebPage\",\"@id\":\"https:\\\/\\\/gaspachitos.com\\\/eu\\\/producto\\\/my-baby-touch-double-2\\\/\",\"url\":\"https:\\\/\\\/gaspachitos.com\\\/eu\\\/producto\\\/my-baby-touch-double-2\\\/\",\"name\":\"portaretratos\",\"isPartOf\":{\"@id\":\"https:\\\/\\\/gaspachitos.com\\\/#website\"},\"primaryImageOfPage\":{\"@id\":\"https:\\\/\\\/gaspachitos.com\\\/eu\\\/producto\\\/my-baby-touch-double-2\\\/#primaryimage\"},\"image\":{\"@id\":\"https:\\\/\\\/gaspachitos.com\\\/eu\\\/producto\\\/my-baby-touch-double-2\\\/#primaryimage\"},\"thumbnailUrl\":\"https:\\\/\\\/gaspachitos.com\\\/wp-content\\\/uploads\\\/2022\\\/11\\\/11106-thickbox_default-My-Baby-Touch-Double.jpg\",\"datePublished\":\"2022-11-28T09:22:48+00:00\",\"description\":\"portaretratos\",\"breadcrumb\":{\"@id\":\"https:\\\/\\\/gaspachitos.com\\\/eu\\\/producto\\\/my-baby-touch-double-2\\\/#breadcrumb\"},\"inLanguage\":\"eu-ES\",\"potentialAction\":[{\"@type\":\"ReadAction\",\"target\":[\"https:\\\/\\\/gaspachitos.com\\\/eu\\\/producto\\\/my-baby-touch-double-2\\\/\"]}]},{\"@type\":\"ImageObject\",\"inLanguage\":\"eu-ES\",\"@id\":\"https:\\\/\\\/gaspachitos.com\\\/eu\\\/producto\\\/my-baby-touch-double-2\\\/#primaryimage\",\"url\":\"https:\\\/\\\/gaspachitos.com\\\/wp-content\\\/uploads\\\/2022\\\/11\\\/11106-thickbox_default-My-Baby-Touch-Double.jpg\",\"contentUrl\":\"https:\\\/\\\/gaspachitos.com\\\/wp-content\\\/uploads\\\/2022\\\/11\\\/11106-thickbox_default-My-Baby-Touch-Double.jpg\",\"width\":800,\"height\":800},{\"@type\":\"BreadcrumbList\",\"@id\":\"https:\\\/\\\/gaspachitos.com\\\/eu\\\/producto\\\/my-baby-touch-double-2\\\/#breadcrumb\",\"itemListElement\":[{\"@type\":\"ListItem\",\"position\":1,\"name\":\"Portada\",\"item\":\"https:\\\/\\\/gaspachitos.com\\\/\"},{\"@type\":\"ListItem\",\"position\":2,\"name\":\"Produtos\",\"item\":\"https:\\\/\\\/gaspachitos.com\\\/gl\\\/shop\\\/\"},{\"@type\":\"ListItem\",\"position\":3,\"name\":\"My Baby Touch Double\"}]},{\"@type\":\"WebSite\",\"@id\":\"https:\\\/\\\/gaspachitos.com\\\/#website\",\"url\":\"https:\\\/\\\/gaspachitos.com\\\/\",\"name\":\"Gaspachitos\",\"description\":\"La tienda para tu beb\u00e9: cochecitos, sillas de paseo, cunas...\",\"potentialAction\":[{\"@type\":\"SearchAction\",\"target\":{\"@type\":\"EntryPoint\",\"urlTemplate\":\"https:\\\/\\\/gaspachitos.com\\\/?s={search_term_string}\"},\"query-input\":{\"@type\":\"PropertyValueSpecification\",\"valueRequired\":true,\"valueName\":\"search_term_string\"}}],\"inLanguage\":\"eu-ES\"}]}<\/script>\n<!-- \/ Yoast SEO plugin. -->","yoast_head_json":{"title":"portaretratos","description":"portaretratos","robots":{"index":"index","follow":"follow","max-snippet":"max-snippet:-1","max-image-preview":"max-image-preview:large","max-video-preview":"max-video-preview:-1"},"canonical":"https:\/\/gaspachitos.com\/eu\/producto\/my-baby-touch-double-2\/","og_locale":"eu_ES","og_type":"article","og_title":"portaretratos","og_description":"portaretratos","og_url":"https:\/\/gaspachitos.com\/eu\/producto\/my-baby-touch-double-2\/","og_site_name":"Gaspachitos","og_image":[{"width":800,"height":800,"url":"https:\/\/gaspachitos.com\/wp-content\/uploads\/2022\/11\/11106-thickbox_default-My-Baby-Touch-Double.jpg","type":"image\/jpeg"}],"twitter_card":"summary_large_image","twitter_misc":{"Est. reading time":"1 minute"},"schema":{"@context":"https:\/\/schema.org","@graph":[{"@type":"WebPage","@id":"https:\/\/gaspachitos.com\/eu\/producto\/my-baby-touch-double-2\/","url":"https:\/\/gaspachitos.com\/eu\/producto\/my-baby-touch-double-2\/","name":"portaretratos","isPartOf":{"@id":"https:\/\/gaspachitos.com\/#website"},"primaryImageOfPage":{"@id":"https:\/\/gaspachitos.com\/eu\/producto\/my-baby-touch-double-2\/#primaryimage"},"image":{"@id":"https:\/\/gaspachitos.com\/eu\/producto\/my-baby-touch-double-2\/#primaryimage"},"thumbnailUrl":"https:\/\/gaspachitos.com\/wp-content\/uploads\/2022\/11\/11106-thickbox_default-My-Baby-Touch-Double.jpg","datePublished":"2022-11-28T09:22:48+00:00","description":"portaretratos","breadcrumb":{"@id":"https:\/\/gaspachitos.com\/eu\/producto\/my-baby-touch-double-2\/#breadcrumb"},"inLanguage":"eu-ES","potentialAction":[{"@type":"ReadAction","target":["https:\/\/gaspachitos.com\/eu\/producto\/my-baby-touch-double-2\/"]}]},{"@type":"ImageObject","inLanguage":"eu-ES","@id":"https:\/\/gaspachitos.com\/eu\/producto\/my-baby-touch-double-2\/#primaryimage","url":"https:\/\/gaspachitos.com\/wp-content\/uploads\/2022\/11\/11106-thickbox_default-My-Baby-Touch-Double.jpg","contentUrl":"https:\/\/gaspachitos.com\/wp-content\/uploads\/2022\/11\/11106-thickbox_default-My-Baby-Touch-Double.jpg","width":800,"height":800},{"@type":"BreadcrumbList","@id":"https:\/\/gaspachitos.com\/eu\/producto\/my-baby-touch-double-2\/#breadcrumb","itemListElement":[{"@type":"ListItem","position":1,"name":"Portada","item":"https:\/\/gaspachitos.com\/"},{"@type":"ListItem","position":2,"name":"Produtos","item":"https:\/\/gaspachitos.com\/gl\/shop\/"},{"@type":"ListItem","position":3,"name":"My Baby Touch Double"}]},{"@type":"WebSite","@id":"https:\/\/gaspachitos.com\/#website","url":"https:\/\/gaspachitos.com\/","name":"Gaspachitos","description":"La tienda para tu beb\u00e9: cochecitos, sillas de paseo, cunas...","potentialAction":[{"@type":"SearchAction","target":{"@type":"EntryPoint","urlTemplate":"https:\/\/gaspachitos.com\/?s={search_term_string}"},"query-input":{"@type":"PropertyValueSpecification","valueRequired":true,"valueName":"search_term_string"}}],"inLanguage":"eu-ES"}]}},"brands":[],"_links":{"self":[{"href":"https:\/\/gaspachitos.com\/eu\/wp-json\/wp\/v2\/product\/264311","targetHints":{"allow":["GET"]}}],"collection":[{"href":"https:\/\/gaspachitos.com\/eu\/wp-json\/wp\/v2\/product"}],"about":[{"href":"https:\/\/gaspachitos.com\/eu\/wp-json\/wp\/v2\/types\/product"}],"replies":[{"embeddable":true,"href":"https:\/\/gaspachitos.com\/eu\/wp-json\/wp\/v2\/comments?post=264311"}],"wp:featuredmedia":[{"embeddable":true,"href":"https:\/\/gaspachitos.com\/eu\/wp-json\/wp\/v2\/media\/244488"}],"wp:attachment":[{"href":"https:\/\/gaspachitos.com\/eu\/wp-json\/wp\/v2\/media?parent=264311"}],"wp:term":[{"taxonomy":"pwb-brand","embeddable":true,"href":"https:\/\/gaspachitos.com\/eu\/wp-json\/wp\/v2\/pwb-brand?post=264311"},{"taxonomy":"product_brand","embeddable":true,"href":"https:\/\/gaspachitos.com\/eu\/wp-json\/wp\/v2\/product_brand?post=264311"},{"taxonomy":"product_cat","embeddable":true,"href":"https:\/\/gaspachitos.com\/eu\/wp-json\/wp\/v2\/product_cat?post=264311"},{"taxonomy":"product_tag","embeddable":true,"href":"https:\/\/gaspachitos.com\/eu\/wp-json\/wp\/v2\/product_tag?post=264311"}],"curies":[{"name":"wp","href":"https:\/\/api.w.org\/{rel}","templated":true}]}}