{"id":264223,"date":"2022-11-25T10:38:20","date_gmt":"2022-11-25T08:38:20","guid":{"rendered":"https:\/\/nueva.gaspachitos.com\/producto\/safety-1st-easy-close-metal-barrera-de-seguridad-ninos\/"},"modified":"2022-11-25T10:38:20","modified_gmt":"2022-11-25T08:38:20","slug":"safety-1st-easy-close-metal-barrera-de-seguridad-ninos","status":"publish","type":"product","link":"https:\/\/gaspachitos.com\/eu\/producto\/safety-1st-easy-close-metal-barrera-de-seguridad-ninos\/","title":{"rendered":"Safety 1st Easy Close Metal Barrera de seguridad ni\u00f1os"},"content":{"rendered":"<p><span>\u00bfNecesitas una puerta de seguridad que encaje en una abertura de entre 73 cm y 80 cm, o hasta 136 cm? Safety 1st Easy Close Metal es una puerta de escalera infantil con un sistema de cierre f\u00e1cil, que se cierra cuando la puerta de seguridad infantil se cierra de golpe o se empuja para cerrarla. F\u00e1cil de usar e incre\u00edblemente segura. La amplia puerta de escalera Safety 1st Easy Close Metal tiene una secci\u00f3n de paso de amplitud extra y se abre con una sola mano. Solo hay que apretar los botones del tirador para abrir la puerta y cerrar de golpe o empujarla puerta para cerrarla. El indicador visual confirmar\u00e1 si la puerta de escalera est\u00e1 cerrada de forma segura. Adem\u00e1s de su tirador ergon\u00f3mico, Safety 1st Easy Close metal tiene una amplitud extra para que sea c\u00f3modo pasar por ella. Abre la puerta de seguridad en una o ambas direcciones, en funci\u00f3n del lugar en el que se coloque la puerta infantil . No es necesario taladrar para instalarla; cuenta con un ajuste de presi\u00f3n simple para un encaje firme. Ampl\u00eda la puerta Safety 1st Easy Close Metal con las extensiones para puerta Safety 1st especialmente dise\u00f1adas, para usarla en aberturas mayores (se venden por separado). Safety 1st ofrece una gama de extensiones de puerta de 7 cm, 14 cm o 28 cm, para ampliar Safety 1st Easy Close Metal hasta los 136 cm. Adem\u00e1s de eso, Safety 1st tambi\u00e9n ofrece un accesorio adicional, el tornillo en Y de Safety 1st, para poder adaptar la puerta Safety 1st Easy Close Metal a balaustres de escaleras (se vende por separado). ADVERTENCIA: El espacio entre el marco y el tirador, cuando la puerta se retira del embalaje, es parte del dise\u00f1o. Este espacio se cierra cuando la puerta de seguridad infantil est\u00e1 correctamente instalada en el marco de tu puerta (ver v\u00eddeo de instrucciones).<\/span><\/p>\n","protected":false},"excerpt":{"rendered":"<h1 id=\"title\" class=\"a-size-large a-spacing-none\"><span id=\"productTitle\" class=\"a-size-large product-title-word-break\">Safety 1st Easy Close Metal Barrera de seguridad ni\u00f1os, met\u00e1lica para puertas y escaleras con apertura de 73-80 cm, extensible hasta 136 cm con extensiones que se venden por separado, color blanco<\/span><\/h1>\n","protected":false},"featured_media":244101,"comment_status":"open","ping_status":"closed","template":"","meta":{"_et_pb_use_builder":"","_et_pb_old_content":"","_et_gb_content_width":""},"pwb-brand":[],"product_brand":[],"product_cat":[5950,5779],"product_tag":[],"class_list":{"0":"post-264223","1":"product","2":"type-product","3":"status-publish","4":"has-post-thumbnail","6":"product_cat-barrera-para-puertas-eu","7":"product_cat-casa-eu","9":"first","10":"onbackorder","11":"taxable","12":"shipping-taxable","13":"purchasable","14":"product-type-simple"},"yoast_head":"<!-- This site is optimized with the Yoast SEO plugin v27.5 - https:\/\/yoast.com\/product\/yoast-seo-wordpress\/ -->\n<title>barrera de puerta<\/title>\n<meta name=\"description\" content=\"barrera de puerta\" \/>\n<meta name=\"robots\" content=\"index, follow, max-snippet:-1, max-image-preview:large, max-video-preview:-1\" \/>\n<link rel=\"canonical\" href=\"https:\/\/gaspachitos.com\/producto\/safety-1st-easy-close-metal-barrera-de-seguridad-ninos\/\" \/>\n<meta property=\"og:locale\" content=\"eu_ES\" \/>\n<meta property=\"og:type\" content=\"article\" \/>\n<meta property=\"og:title\" content=\"barrera de puerta\" \/>\n<meta property=\"og:description\" content=\"barrera de puerta\" \/>\n<meta property=\"og:url\" content=\"https:\/\/gaspachitos.com\/producto\/safety-1st-easy-close-metal-barrera-de-seguridad-ninos\/\" \/>\n<meta property=\"og:site_name\" content=\"Gaspachitos\" \/>\n<meta property=\"og:image\" content=\"https:\/\/gaspachitos.com\/wp-content\/uploads\/2022\/11\/11071-thickbox_default-Safety-1st-Easy-Close-Metal-Barrera-de-seguridad-ninos.jpg\" \/>\n\t<meta property=\"og:image:width\" content=\"800\" \/>\n\t<meta property=\"og:image:height\" content=\"800\" \/>\n\t<meta property=\"og:image:type\" content=\"image\/jpeg\" \/>\n<meta name=\"twitter:card\" content=\"summary_large_image\" \/>\n<meta name=\"twitter:label1\" content=\"Est. reading time\" \/>\n\t<meta name=\"twitter:data1\" content=\"2 minutes\" \/>\n<script type=\"application\/ld+json\" class=\"yoast-schema-graph\">{\"@context\":\"https:\\\/\\\/schema.org\",\"@graph\":[{\"@type\":\"WebPage\",\"@id\":\"https:\\\/\\\/gaspachitos.com\\\/producto\\\/safety-1st-easy-close-metal-barrera-de-seguridad-ninos\\\/\",\"url\":\"https:\\\/\\\/gaspachitos.com\\\/producto\\\/safety-1st-easy-close-metal-barrera-de-seguridad-ninos\\\/\",\"name\":\"barrera de puerta\",\"isPartOf\":{\"@id\":\"https:\\\/\\\/gaspachitos.com\\\/#website\"},\"primaryImageOfPage\":{\"@id\":\"https:\\\/\\\/gaspachitos.com\\\/producto\\\/safety-1st-easy-close-metal-barrera-de-seguridad-ninos\\\/#primaryimage\"},\"image\":{\"@id\":\"https:\\\/\\\/gaspachitos.com\\\/producto\\\/safety-1st-easy-close-metal-barrera-de-seguridad-ninos\\\/#primaryimage\"},\"thumbnailUrl\":\"https:\\\/\\\/gaspachitos.com\\\/wp-content\\\/uploads\\\/2022\\\/11\\\/11071-thickbox_default-Safety-1st-Easy-Close-Metal-Barrera-de-seguridad-ninos.jpg\",\"datePublished\":\"2022-11-25T08:38:20+00:00\",\"description\":\"barrera de puerta\",\"breadcrumb\":{\"@id\":\"https:\\\/\\\/gaspachitos.com\\\/producto\\\/safety-1st-easy-close-metal-barrera-de-seguridad-ninos\\\/#breadcrumb\"},\"inLanguage\":\"eu-ES\",\"potentialAction\":[{\"@type\":\"ReadAction\",\"target\":[\"https:\\\/\\\/gaspachitos.com\\\/producto\\\/safety-1st-easy-close-metal-barrera-de-seguridad-ninos\\\/\"]}]},{\"@type\":\"ImageObject\",\"inLanguage\":\"eu-ES\",\"@id\":\"https:\\\/\\\/gaspachitos.com\\\/producto\\\/safety-1st-easy-close-metal-barrera-de-seguridad-ninos\\\/#primaryimage\",\"url\":\"https:\\\/\\\/gaspachitos.com\\\/wp-content\\\/uploads\\\/2022\\\/11\\\/11071-thickbox_default-Safety-1st-Easy-Close-Metal-Barrera-de-seguridad-ninos.jpg\",\"contentUrl\":\"https:\\\/\\\/gaspachitos.com\\\/wp-content\\\/uploads\\\/2022\\\/11\\\/11071-thickbox_default-Safety-1st-Easy-Close-Metal-Barrera-de-seguridad-ninos.jpg\",\"width\":800,\"height\":800},{\"@type\":\"BreadcrumbList\",\"@id\":\"https:\\\/\\\/gaspachitos.com\\\/producto\\\/safety-1st-easy-close-metal-barrera-de-seguridad-ninos\\\/#breadcrumb\",\"itemListElement\":[{\"@type\":\"ListItem\",\"position\":1,\"name\":\"Portada\",\"item\":\"https:\\\/\\\/gaspachitos.com\\\/\"},{\"@type\":\"ListItem\",\"position\":2,\"name\":\"Produtos\",\"item\":\"https:\\\/\\\/gaspachitos.com\\\/gl\\\/shop\\\/\"},{\"@type\":\"ListItem\",\"position\":3,\"name\":\"Safety 1st Easy Close Metal Barrera de seguridad ni\u00f1os\"}]},{\"@type\":\"WebSite\",\"@id\":\"https:\\\/\\\/gaspachitos.com\\\/#website\",\"url\":\"https:\\\/\\\/gaspachitos.com\\\/\",\"name\":\"Gaspachitos\",\"description\":\"La tienda para tu beb\u00e9: cochecitos, sillas de paseo, cunas...\",\"potentialAction\":[{\"@type\":\"SearchAction\",\"target\":{\"@type\":\"EntryPoint\",\"urlTemplate\":\"https:\\\/\\\/gaspachitos.com\\\/?s={search_term_string}\"},\"query-input\":{\"@type\":\"PropertyValueSpecification\",\"valueRequired\":true,\"valueName\":\"search_term_string\"}}],\"inLanguage\":\"eu-ES\"}]}<\/script>\n<!-- \/ Yoast SEO plugin. -->","yoast_head_json":{"title":"barrera de puerta","description":"barrera de puerta","robots":{"index":"index","follow":"follow","max-snippet":"max-snippet:-1","max-image-preview":"max-image-preview:large","max-video-preview":"max-video-preview:-1"},"canonical":"https:\/\/gaspachitos.com\/producto\/safety-1st-easy-close-metal-barrera-de-seguridad-ninos\/","og_locale":"eu_ES","og_type":"article","og_title":"barrera de puerta","og_description":"barrera de puerta","og_url":"https:\/\/gaspachitos.com\/producto\/safety-1st-easy-close-metal-barrera-de-seguridad-ninos\/","og_site_name":"Gaspachitos","og_image":[{"width":800,"height":800,"url":"https:\/\/gaspachitos.com\/wp-content\/uploads\/2022\/11\/11071-thickbox_default-Safety-1st-Easy-Close-Metal-Barrera-de-seguridad-ninos.jpg","type":"image\/jpeg"}],"twitter_card":"summary_large_image","twitter_misc":{"Est. reading time":"2 minutes"},"schema":{"@context":"https:\/\/schema.org","@graph":[{"@type":"WebPage","@id":"https:\/\/gaspachitos.com\/producto\/safety-1st-easy-close-metal-barrera-de-seguridad-ninos\/","url":"https:\/\/gaspachitos.com\/producto\/safety-1st-easy-close-metal-barrera-de-seguridad-ninos\/","name":"barrera de puerta","isPartOf":{"@id":"https:\/\/gaspachitos.com\/#website"},"primaryImageOfPage":{"@id":"https:\/\/gaspachitos.com\/producto\/safety-1st-easy-close-metal-barrera-de-seguridad-ninos\/#primaryimage"},"image":{"@id":"https:\/\/gaspachitos.com\/producto\/safety-1st-easy-close-metal-barrera-de-seguridad-ninos\/#primaryimage"},"thumbnailUrl":"https:\/\/gaspachitos.com\/wp-content\/uploads\/2022\/11\/11071-thickbox_default-Safety-1st-Easy-Close-Metal-Barrera-de-seguridad-ninos.jpg","datePublished":"2022-11-25T08:38:20+00:00","description":"barrera de puerta","breadcrumb":{"@id":"https:\/\/gaspachitos.com\/producto\/safety-1st-easy-close-metal-barrera-de-seguridad-ninos\/#breadcrumb"},"inLanguage":"eu-ES","potentialAction":[{"@type":"ReadAction","target":["https:\/\/gaspachitos.com\/producto\/safety-1st-easy-close-metal-barrera-de-seguridad-ninos\/"]}]},{"@type":"ImageObject","inLanguage":"eu-ES","@id":"https:\/\/gaspachitos.com\/producto\/safety-1st-easy-close-metal-barrera-de-seguridad-ninos\/#primaryimage","url":"https:\/\/gaspachitos.com\/wp-content\/uploads\/2022\/11\/11071-thickbox_default-Safety-1st-Easy-Close-Metal-Barrera-de-seguridad-ninos.jpg","contentUrl":"https:\/\/gaspachitos.com\/wp-content\/uploads\/2022\/11\/11071-thickbox_default-Safety-1st-Easy-Close-Metal-Barrera-de-seguridad-ninos.jpg","width":800,"height":800},{"@type":"BreadcrumbList","@id":"https:\/\/gaspachitos.com\/producto\/safety-1st-easy-close-metal-barrera-de-seguridad-ninos\/#breadcrumb","itemListElement":[{"@type":"ListItem","position":1,"name":"Portada","item":"https:\/\/gaspachitos.com\/"},{"@type":"ListItem","position":2,"name":"Produtos","item":"https:\/\/gaspachitos.com\/gl\/shop\/"},{"@type":"ListItem","position":3,"name":"Safety 1st Easy Close Metal Barrera de seguridad ni\u00f1os"}]},{"@type":"WebSite","@id":"https:\/\/gaspachitos.com\/#website","url":"https:\/\/gaspachitos.com\/","name":"Gaspachitos","description":"La tienda para tu beb\u00e9: cochecitos, sillas de paseo, cunas...","potentialAction":[{"@type":"SearchAction","target":{"@type":"EntryPoint","urlTemplate":"https:\/\/gaspachitos.com\/?s={search_term_string}"},"query-input":{"@type":"PropertyValueSpecification","valueRequired":true,"valueName":"search_term_string"}}],"inLanguage":"eu-ES"}]}},"brands":[],"_links":{"self":[{"href":"https:\/\/gaspachitos.com\/eu\/wp-json\/wp\/v2\/product\/264223","targetHints":{"allow":["GET"]}}],"collection":[{"href":"https:\/\/gaspachitos.com\/eu\/wp-json\/wp\/v2\/product"}],"about":[{"href":"https:\/\/gaspachitos.com\/eu\/wp-json\/wp\/v2\/types\/product"}],"replies":[{"embeddable":true,"href":"https:\/\/gaspachitos.com\/eu\/wp-json\/wp\/v2\/comments?post=264223"}],"wp:featuredmedia":[{"embeddable":true,"href":"https:\/\/gaspachitos.com\/eu\/wp-json\/wp\/v2\/media\/244101"}],"wp:attachment":[{"href":"https:\/\/gaspachitos.com\/eu\/wp-json\/wp\/v2\/media?parent=264223"}],"wp:term":[{"taxonomy":"pwb-brand","embeddable":true,"href":"https:\/\/gaspachitos.com\/eu\/wp-json\/wp\/v2\/pwb-brand?post=264223"},{"taxonomy":"product_brand","embeddable":true,"href":"https:\/\/gaspachitos.com\/eu\/wp-json\/wp\/v2\/product_brand?post=264223"},{"taxonomy":"product_cat","embeddable":true,"href":"https:\/\/gaspachitos.com\/eu\/wp-json\/wp\/v2\/product_cat?post=264223"},{"taxonomy":"product_tag","embeddable":true,"href":"https:\/\/gaspachitos.com\/eu\/wp-json\/wp\/v2\/product_tag?post=264223"}],"curies":[{"name":"wp","href":"https:\/\/api.w.org\/{rel}","templated":true}]}}