{"id":263503,"date":"2022-11-17T12:22:14","date_gmt":"2022-11-17T10:22:14","guid":{"rendered":"https:\/\/nueva.gaspachitos.com\/producto\/nuvita-1823-ariasana-2-humidificador-ultrasonico-de-vapor-frio\/"},"modified":"2022-11-17T12:22:14","modified_gmt":"2022-11-17T10:22:14","slug":"nuvita-1823-ariasana-2-humidificador-ultrasonico-de-vapor-frio","status":"publish","type":"product","link":"https:\/\/gaspachitos.com\/eu\/producto\/nuvita-1823-ariasana-2-humidificador-ultrasonico-de-vapor-frio\/","title":{"rendered":"Nuvita 1823 ARIASANA 2 | Humidificador Ultras\u00f3nico de Vapor Fr\u00edo"},"content":{"rendered":"<p><span>Ariasana 2 de Nuvita est\u00e1 equipado con la \u00faltima tecnolog\u00eda de iones de plata para purificar el aire junto con un filtro de cer\u00e1mica para limpiar el agua. El humidificador mantiene una correcta higrometr\u00eda (humedad) en el dormitorio del beb\u00e9. Este no es un punto menor porque la aridez no solo secar\u00e1 la piel del beb\u00e9 sino tambi\u00e9n sus v\u00edas respiratorias. En invierno, con un ambiente muy seco (agravado por el sistema de calefacci\u00f3n), el beb\u00e9 podr\u00eda resfriarse y tener dificultades para respirar. Adem\u00e1s, el aire seco deshidrata las secreciones nasales y la nariz no puede evacuarlas. Esto podr\u00eda hacer que la flema invada los bronquios y se desarrolle una bronquitis o bronquiolitis. Este dispositivo no solo ayudar\u00e1 a su beb\u00e9 a respirar, sino que tambi\u00e9n lo ayudar\u00e1 a dormir mejor con una temperatura ambiente alrededor de 19\u00b0C<\/span><\/p>\n","protected":false},"excerpt":{"rendered":"<h1 id=\"title\" class=\"a-size-large a-spacing-none\"><span id=\"productTitle\" class=\"a-size-large product-title-word-break\">Nuvita 1823 ARIASANA 2 | Humidificador Ultras\u00f3nico de Vapor Fr\u00edo | Tecnolog\u00eda de Iones de Plata | Accesorio Seguro y Silencioso para Beb\u00e9s | Apagado Autom\u00e1tico | Marca Europea | Dise\u00f1o italiano<\/span><\/h1>\n","protected":false},"featured_media":241563,"comment_status":"open","ping_status":"closed","template":"","meta":{"_et_pb_use_builder":"","_et_pb_old_content":"","_et_gb_content_width":""},"pwb-brand":[],"product_brand":[],"product_cat":[5779,6193],"product_tag":[],"class_list":{"0":"post-263503","1":"product","2":"type-product","3":"status-publish","4":"has-post-thumbnail","6":"product_cat-casa-eu","7":"product_cat-humidificadores-eu","9":"first","10":"instock","11":"taxable","12":"shipping-taxable","13":"purchasable","14":"product-type-simple"},"yoast_head":"<!-- This site is optimized with the Yoast SEO plugin v27.4 - https:\/\/yoast.com\/product\/yoast-seo-wordpress\/ -->\n<title>nuvita<\/title>\n<meta name=\"description\" content=\"nuvita humidificador\" \/>\n<meta name=\"robots\" content=\"index, follow, max-snippet:-1, max-image-preview:large, max-video-preview:-1\" \/>\n<link rel=\"canonical\" href=\"https:\/\/gaspachitos.com\/producto\/nuvita-1823-ariasana-2-humidificador-ultrasonico-de-vapor-frio\/\" \/>\n<meta property=\"og:locale\" content=\"eu_ES\" \/>\n<meta property=\"og:type\" content=\"article\" \/>\n<meta property=\"og:title\" content=\"nuvita\" \/>\n<meta property=\"og:description\" content=\"nuvita humidificador\" \/>\n<meta property=\"og:url\" content=\"https:\/\/gaspachitos.com\/producto\/nuvita-1823-ariasana-2-humidificador-ultrasonico-de-vapor-frio\/\" \/>\n<meta property=\"og:site_name\" content=\"Gaspachitos\" \/>\n<meta property=\"og:image\" content=\"https:\/\/gaspachitos.com\/wp-content\/uploads\/2022\/11\/10867-thickbox_default-Nuvita-1823-ARIASANA-2-Humidificador-Ultrasonico-de-Vapor-Frio.jpg\" \/>\n\t<meta property=\"og:image:width\" content=\"800\" \/>\n\t<meta property=\"og:image:height\" content=\"800\" \/>\n\t<meta property=\"og:image:type\" content=\"image\/jpeg\" \/>\n<meta name=\"twitter:card\" content=\"summary_large_image\" \/>\n<meta name=\"twitter:label1\" content=\"Est. reading time\" \/>\n\t<meta name=\"twitter:data1\" content=\"1 minute\" \/>\n<script type=\"application\/ld+json\" class=\"yoast-schema-graph\">{\"@context\":\"https:\\\/\\\/schema.org\",\"@graph\":[{\"@type\":\"WebPage\",\"@id\":\"https:\\\/\\\/gaspachitos.com\\\/producto\\\/nuvita-1823-ariasana-2-humidificador-ultrasonico-de-vapor-frio\\\/\",\"url\":\"https:\\\/\\\/gaspachitos.com\\\/producto\\\/nuvita-1823-ariasana-2-humidificador-ultrasonico-de-vapor-frio\\\/\",\"name\":\"nuvita\",\"isPartOf\":{\"@id\":\"https:\\\/\\\/gaspachitos.com\\\/#website\"},\"primaryImageOfPage\":{\"@id\":\"https:\\\/\\\/gaspachitos.com\\\/producto\\\/nuvita-1823-ariasana-2-humidificador-ultrasonico-de-vapor-frio\\\/#primaryimage\"},\"image\":{\"@id\":\"https:\\\/\\\/gaspachitos.com\\\/producto\\\/nuvita-1823-ariasana-2-humidificador-ultrasonico-de-vapor-frio\\\/#primaryimage\"},\"thumbnailUrl\":\"https:\\\/\\\/gaspachitos.com\\\/wp-content\\\/uploads\\\/2022\\\/11\\\/10867-thickbox_default-Nuvita-1823-ARIASANA-2-Humidificador-Ultrasonico-de-Vapor-Frio.jpg\",\"datePublished\":\"2022-11-17T10:22:14+00:00\",\"description\":\"nuvita humidificador\",\"breadcrumb\":{\"@id\":\"https:\\\/\\\/gaspachitos.com\\\/producto\\\/nuvita-1823-ariasana-2-humidificador-ultrasonico-de-vapor-frio\\\/#breadcrumb\"},\"inLanguage\":\"eu-ES\",\"potentialAction\":[{\"@type\":\"ReadAction\",\"target\":[\"https:\\\/\\\/gaspachitos.com\\\/producto\\\/nuvita-1823-ariasana-2-humidificador-ultrasonico-de-vapor-frio\\\/\"]}]},{\"@type\":\"ImageObject\",\"inLanguage\":\"eu-ES\",\"@id\":\"https:\\\/\\\/gaspachitos.com\\\/producto\\\/nuvita-1823-ariasana-2-humidificador-ultrasonico-de-vapor-frio\\\/#primaryimage\",\"url\":\"https:\\\/\\\/gaspachitos.com\\\/wp-content\\\/uploads\\\/2022\\\/11\\\/10867-thickbox_default-Nuvita-1823-ARIASANA-2-Humidificador-Ultrasonico-de-Vapor-Frio.jpg\",\"contentUrl\":\"https:\\\/\\\/gaspachitos.com\\\/wp-content\\\/uploads\\\/2022\\\/11\\\/10867-thickbox_default-Nuvita-1823-ARIASANA-2-Humidificador-Ultrasonico-de-Vapor-Frio.jpg\",\"width\":800,\"height\":800},{\"@type\":\"BreadcrumbList\",\"@id\":\"https:\\\/\\\/gaspachitos.com\\\/producto\\\/nuvita-1823-ariasana-2-humidificador-ultrasonico-de-vapor-frio\\\/#breadcrumb\",\"itemListElement\":[{\"@type\":\"ListItem\",\"position\":1,\"name\":\"Portada\",\"item\":\"https:\\\/\\\/gaspachitos.com\\\/\"},{\"@type\":\"ListItem\",\"position\":2,\"name\":\"Produtos\",\"item\":\"https:\\\/\\\/gaspachitos.com\\\/gl\\\/shop\\\/\"},{\"@type\":\"ListItem\",\"position\":3,\"name\":\"Nuvita 1823 ARIASANA 2 | Humidificador Ultras\u00f3nico de Vapor Fr\u00edo\"}]},{\"@type\":\"WebSite\",\"@id\":\"https:\\\/\\\/gaspachitos.com\\\/#website\",\"url\":\"https:\\\/\\\/gaspachitos.com\\\/\",\"name\":\"Gaspachitos\",\"description\":\"La tienda para tu beb\u00e9: cochecitos, sillas de paseo, cunas...\",\"potentialAction\":[{\"@type\":\"SearchAction\",\"target\":{\"@type\":\"EntryPoint\",\"urlTemplate\":\"https:\\\/\\\/gaspachitos.com\\\/?s={search_term_string}\"},\"query-input\":{\"@type\":\"PropertyValueSpecification\",\"valueRequired\":true,\"valueName\":\"search_term_string\"}}],\"inLanguage\":\"eu-ES\"}]}<\/script>\n<!-- \/ Yoast SEO plugin. -->","yoast_head_json":{"title":"nuvita","description":"nuvita humidificador","robots":{"index":"index","follow":"follow","max-snippet":"max-snippet:-1","max-image-preview":"max-image-preview:large","max-video-preview":"max-video-preview:-1"},"canonical":"https:\/\/gaspachitos.com\/producto\/nuvita-1823-ariasana-2-humidificador-ultrasonico-de-vapor-frio\/","og_locale":"eu_ES","og_type":"article","og_title":"nuvita","og_description":"nuvita humidificador","og_url":"https:\/\/gaspachitos.com\/producto\/nuvita-1823-ariasana-2-humidificador-ultrasonico-de-vapor-frio\/","og_site_name":"Gaspachitos","og_image":[{"width":800,"height":800,"url":"https:\/\/gaspachitos.com\/wp-content\/uploads\/2022\/11\/10867-thickbox_default-Nuvita-1823-ARIASANA-2-Humidificador-Ultrasonico-de-Vapor-Frio.jpg","type":"image\/jpeg"}],"twitter_card":"summary_large_image","twitter_misc":{"Est. reading time":"1 minute"},"schema":{"@context":"https:\/\/schema.org","@graph":[{"@type":"WebPage","@id":"https:\/\/gaspachitos.com\/producto\/nuvita-1823-ariasana-2-humidificador-ultrasonico-de-vapor-frio\/","url":"https:\/\/gaspachitos.com\/producto\/nuvita-1823-ariasana-2-humidificador-ultrasonico-de-vapor-frio\/","name":"nuvita","isPartOf":{"@id":"https:\/\/gaspachitos.com\/#website"},"primaryImageOfPage":{"@id":"https:\/\/gaspachitos.com\/producto\/nuvita-1823-ariasana-2-humidificador-ultrasonico-de-vapor-frio\/#primaryimage"},"image":{"@id":"https:\/\/gaspachitos.com\/producto\/nuvita-1823-ariasana-2-humidificador-ultrasonico-de-vapor-frio\/#primaryimage"},"thumbnailUrl":"https:\/\/gaspachitos.com\/wp-content\/uploads\/2022\/11\/10867-thickbox_default-Nuvita-1823-ARIASANA-2-Humidificador-Ultrasonico-de-Vapor-Frio.jpg","datePublished":"2022-11-17T10:22:14+00:00","description":"nuvita humidificador","breadcrumb":{"@id":"https:\/\/gaspachitos.com\/producto\/nuvita-1823-ariasana-2-humidificador-ultrasonico-de-vapor-frio\/#breadcrumb"},"inLanguage":"eu-ES","potentialAction":[{"@type":"ReadAction","target":["https:\/\/gaspachitos.com\/producto\/nuvita-1823-ariasana-2-humidificador-ultrasonico-de-vapor-frio\/"]}]},{"@type":"ImageObject","inLanguage":"eu-ES","@id":"https:\/\/gaspachitos.com\/producto\/nuvita-1823-ariasana-2-humidificador-ultrasonico-de-vapor-frio\/#primaryimage","url":"https:\/\/gaspachitos.com\/wp-content\/uploads\/2022\/11\/10867-thickbox_default-Nuvita-1823-ARIASANA-2-Humidificador-Ultrasonico-de-Vapor-Frio.jpg","contentUrl":"https:\/\/gaspachitos.com\/wp-content\/uploads\/2022\/11\/10867-thickbox_default-Nuvita-1823-ARIASANA-2-Humidificador-Ultrasonico-de-Vapor-Frio.jpg","width":800,"height":800},{"@type":"BreadcrumbList","@id":"https:\/\/gaspachitos.com\/producto\/nuvita-1823-ariasana-2-humidificador-ultrasonico-de-vapor-frio\/#breadcrumb","itemListElement":[{"@type":"ListItem","position":1,"name":"Portada","item":"https:\/\/gaspachitos.com\/"},{"@type":"ListItem","position":2,"name":"Produtos","item":"https:\/\/gaspachitos.com\/gl\/shop\/"},{"@type":"ListItem","position":3,"name":"Nuvita 1823 ARIASANA 2 | Humidificador Ultras\u00f3nico de Vapor Fr\u00edo"}]},{"@type":"WebSite","@id":"https:\/\/gaspachitos.com\/#website","url":"https:\/\/gaspachitos.com\/","name":"Gaspachitos","description":"La tienda para tu beb\u00e9: cochecitos, sillas de paseo, cunas...","potentialAction":[{"@type":"SearchAction","target":{"@type":"EntryPoint","urlTemplate":"https:\/\/gaspachitos.com\/?s={search_term_string}"},"query-input":{"@type":"PropertyValueSpecification","valueRequired":true,"valueName":"search_term_string"}}],"inLanguage":"eu-ES"}]}},"brands":[],"_links":{"self":[{"href":"https:\/\/gaspachitos.com\/eu\/wp-json\/wp\/v2\/product\/263503","targetHints":{"allow":["GET"]}}],"collection":[{"href":"https:\/\/gaspachitos.com\/eu\/wp-json\/wp\/v2\/product"}],"about":[{"href":"https:\/\/gaspachitos.com\/eu\/wp-json\/wp\/v2\/types\/product"}],"replies":[{"embeddable":true,"href":"https:\/\/gaspachitos.com\/eu\/wp-json\/wp\/v2\/comments?post=263503"}],"wp:featuredmedia":[{"embeddable":true,"href":"https:\/\/gaspachitos.com\/eu\/wp-json\/wp\/v2\/media\/241563"}],"wp:attachment":[{"href":"https:\/\/gaspachitos.com\/eu\/wp-json\/wp\/v2\/media?parent=263503"}],"wp:term":[{"taxonomy":"pwb-brand","embeddable":true,"href":"https:\/\/gaspachitos.com\/eu\/wp-json\/wp\/v2\/pwb-brand?post=263503"},{"taxonomy":"product_brand","embeddable":true,"href":"https:\/\/gaspachitos.com\/eu\/wp-json\/wp\/v2\/product_brand?post=263503"},{"taxonomy":"product_cat","embeddable":true,"href":"https:\/\/gaspachitos.com\/eu\/wp-json\/wp\/v2\/product_cat?post=263503"},{"taxonomy":"product_tag","embeddable":true,"href":"https:\/\/gaspachitos.com\/eu\/wp-json\/wp\/v2\/product_tag?post=263503"}],"curies":[{"name":"wp","href":"https:\/\/api.w.org\/{rel}","templated":true}]}}