{"id":263476,"date":"2022-11-16T13:53:21","date_gmt":"2022-11-16T11:53:21","guid":{"rendered":"https:\/\/nueva.gaspachitos.com\/producto\/tommee-tippee-sacaleches-manual\/"},"modified":"2022-11-16T13:53:21","modified_gmt":"2022-11-16T11:53:21","slug":"tommee-tippee-sacaleches-manual","status":"publish","type":"product","link":"https:\/\/gaspachitos.com\/eu\/producto\/tommee-tippee-sacaleches-manual\/","title":{"rendered":"Tommee Tippee sacaleches manual"},"content":{"rendered":"<p><span>Este pr\u00e1ctico sacaleches de silicona de la gama de productos para la lactancia materna &#8220;Made for me&#8221; de Tommee Tippee ha sido especialmente dise\u00f1ado para facilitar la vida de los padres lactantes.<\/span><br \/><span>Tommee Tippee quiere ayudarte a dar el pecho y permitirte alimentar a tu beb\u00e9 exactamente cuando y donde quieras.<\/span><\/p>\n<p><span>A diferencia de otros sacaleches manuales, este sacaleches de silicona es muy f\u00e1cil de usar y no cansa la mano al extraer la leche materna. Adem\u00e1s, la facilidad de extracci\u00f3n de leche tambi\u00e9n facilita la lactancia y la alimentaci\u00f3n del beb\u00e9. Esta bomba est\u00e1 especialmente dise\u00f1ada para las manos de las mujeres y, por tanto, requiere menos fuerza. La suave capucha de silicona se ajusta c\u00f3modamente al pecho y es compacta para que pueda llevarla f\u00e1cilmente en su bolso o bolsa de pa\u00f1ales.<\/span><\/p>\n<p><span>Detalles del producto:<\/span><\/p>\n<ul>\n<li>Forma ideal para las manos de las mujeres<\/li>\n<li>Comodidad para las madres<\/li>\n<li>Compacto, discreto y silencioso<\/li>\n<li>R\u00e1pido de usar<\/li>\n<li>F\u00e1cil de usar<\/li>\n<li>F\u00e1cil de limpiar<\/li>\n<li>Sin BPA\/BPS: completamente seguro para el beb\u00e9<\/li>\n<\/ul>\n<p><span>Alcance de la entrega:<\/span><\/p>\n<ul>\n<li>1 x Tommee Tippee Bomba de mano &#8220;Made for Me&#8221;<\/li>\n<li>1 x Closer to Na<\/li>\n<\/ul>\n","protected":false},"excerpt":{"rendered":"<h1 class=\"product-buybox__product-title\">Tommee Tippee sacaleches manual<\/h1>\n","protected":false},"featured_media":241437,"comment_status":"open","ping_status":"closed","template":"","meta":{"_et_pb_use_builder":"","_et_pb_old_content":"","_et_gb_content_width":""},"pwb-brand":[],"product_brand":[],"product_cat":[6643,5842],"product_tag":[],"class_list":{"0":"post-263476","1":"product","2":"type-product","3":"status-publish","4":"has-post-thumbnail","6":"product_cat-extractores-de-leche-eu","7":"product_cat-lactancia-eu","9":"first","10":"instock","11":"taxable","12":"shipping-taxable","13":"purchasable","14":"product-type-simple"},"yoast_head":"<!-- This site is optimized with the Yoast SEO plugin v27.5 - https:\/\/yoast.com\/product\/yoast-seo-wordpress\/ -->\n<title>Tommee Tippee sacaleches manual - Gaspachitos<\/title>\n<meta name=\"robots\" content=\"index, follow, max-snippet:-1, max-image-preview:large, max-video-preview:-1\" \/>\n<link rel=\"canonical\" href=\"https:\/\/gaspachitos.com\/producto\/tommee-tippee-sacaleches-manual\/\" \/>\n<meta property=\"og:locale\" content=\"eu_ES\" \/>\n<meta property=\"og:type\" content=\"article\" \/>\n<meta property=\"og:title\" content=\"Tommee Tippee sacaleches manual - Gaspachitos\" \/>\n<meta property=\"og:description\" content=\"Tommee Tippee sacaleches manual\" \/>\n<meta property=\"og:url\" content=\"https:\/\/gaspachitos.com\/producto\/tommee-tippee-sacaleches-manual\/\" \/>\n<meta property=\"og:site_name\" content=\"Gaspachitos\" \/>\n<meta property=\"og:image\" content=\"https:\/\/gaspachitos.com\/wp-content\/uploads\/2022\/11\/10857-thickbox_default-Tommee-Tippee-sacaleches-manual.jpg\" \/>\n\t<meta property=\"og:image:width\" content=\"800\" \/>\n\t<meta property=\"og:image:height\" content=\"800\" \/>\n\t<meta property=\"og:image:type\" content=\"image\/jpeg\" \/>\n<meta name=\"twitter:card\" content=\"summary_large_image\" \/>\n<meta name=\"twitter:label1\" content=\"Est. reading time\" \/>\n\t<meta name=\"twitter:data1\" content=\"1 minute\" \/>\n<script type=\"application\/ld+json\" class=\"yoast-schema-graph\">{\"@context\":\"https:\\\/\\\/schema.org\",\"@graph\":[{\"@type\":\"WebPage\",\"@id\":\"https:\\\/\\\/gaspachitos.com\\\/producto\\\/tommee-tippee-sacaleches-manual\\\/\",\"url\":\"https:\\\/\\\/gaspachitos.com\\\/producto\\\/tommee-tippee-sacaleches-manual\\\/\",\"name\":\"Tommee Tippee sacaleches manual - Gaspachitos\",\"isPartOf\":{\"@id\":\"https:\\\/\\\/gaspachitos.com\\\/#website\"},\"primaryImageOfPage\":{\"@id\":\"https:\\\/\\\/gaspachitos.com\\\/producto\\\/tommee-tippee-sacaleches-manual\\\/#primaryimage\"},\"image\":{\"@id\":\"https:\\\/\\\/gaspachitos.com\\\/producto\\\/tommee-tippee-sacaleches-manual\\\/#primaryimage\"},\"thumbnailUrl\":\"https:\\\/\\\/gaspachitos.com\\\/wp-content\\\/uploads\\\/2022\\\/11\\\/10857-thickbox_default-Tommee-Tippee-sacaleches-manual.jpg\",\"datePublished\":\"2022-11-16T11:53:21+00:00\",\"breadcrumb\":{\"@id\":\"https:\\\/\\\/gaspachitos.com\\\/producto\\\/tommee-tippee-sacaleches-manual\\\/#breadcrumb\"},\"inLanguage\":\"eu-ES\",\"potentialAction\":[{\"@type\":\"ReadAction\",\"target\":[\"https:\\\/\\\/gaspachitos.com\\\/producto\\\/tommee-tippee-sacaleches-manual\\\/\"]}]},{\"@type\":\"ImageObject\",\"inLanguage\":\"eu-ES\",\"@id\":\"https:\\\/\\\/gaspachitos.com\\\/producto\\\/tommee-tippee-sacaleches-manual\\\/#primaryimage\",\"url\":\"https:\\\/\\\/gaspachitos.com\\\/wp-content\\\/uploads\\\/2022\\\/11\\\/10857-thickbox_default-Tommee-Tippee-sacaleches-manual.jpg\",\"contentUrl\":\"https:\\\/\\\/gaspachitos.com\\\/wp-content\\\/uploads\\\/2022\\\/11\\\/10857-thickbox_default-Tommee-Tippee-sacaleches-manual.jpg\",\"width\":800,\"height\":800},{\"@type\":\"BreadcrumbList\",\"@id\":\"https:\\\/\\\/gaspachitos.com\\\/producto\\\/tommee-tippee-sacaleches-manual\\\/#breadcrumb\",\"itemListElement\":[{\"@type\":\"ListItem\",\"position\":1,\"name\":\"Portada\",\"item\":\"https:\\\/\\\/gaspachitos.com\\\/\"},{\"@type\":\"ListItem\",\"position\":2,\"name\":\"Produtos\",\"item\":\"https:\\\/\\\/gaspachitos.com\\\/gl\\\/shop\\\/\"},{\"@type\":\"ListItem\",\"position\":3,\"name\":\"Tommee Tippee sacaleches manual\"}]},{\"@type\":\"WebSite\",\"@id\":\"https:\\\/\\\/gaspachitos.com\\\/#website\",\"url\":\"https:\\\/\\\/gaspachitos.com\\\/\",\"name\":\"Gaspachitos\",\"description\":\"La tienda para tu beb\u00e9: cochecitos, sillas de paseo, cunas...\",\"potentialAction\":[{\"@type\":\"SearchAction\",\"target\":{\"@type\":\"EntryPoint\",\"urlTemplate\":\"https:\\\/\\\/gaspachitos.com\\\/?s={search_term_string}\"},\"query-input\":{\"@type\":\"PropertyValueSpecification\",\"valueRequired\":true,\"valueName\":\"search_term_string\"}}],\"inLanguage\":\"eu-ES\"}]}<\/script>\n<!-- \/ Yoast SEO plugin. -->","yoast_head_json":{"title":"Tommee Tippee sacaleches manual - Gaspachitos","robots":{"index":"index","follow":"follow","max-snippet":"max-snippet:-1","max-image-preview":"max-image-preview:large","max-video-preview":"max-video-preview:-1"},"canonical":"https:\/\/gaspachitos.com\/producto\/tommee-tippee-sacaleches-manual\/","og_locale":"eu_ES","og_type":"article","og_title":"Tommee Tippee sacaleches manual - Gaspachitos","og_description":"Tommee Tippee sacaleches manual","og_url":"https:\/\/gaspachitos.com\/producto\/tommee-tippee-sacaleches-manual\/","og_site_name":"Gaspachitos","og_image":[{"width":800,"height":800,"url":"https:\/\/gaspachitos.com\/wp-content\/uploads\/2022\/11\/10857-thickbox_default-Tommee-Tippee-sacaleches-manual.jpg","type":"image\/jpeg"}],"twitter_card":"summary_large_image","twitter_misc":{"Est. reading time":"1 minute"},"schema":{"@context":"https:\/\/schema.org","@graph":[{"@type":"WebPage","@id":"https:\/\/gaspachitos.com\/producto\/tommee-tippee-sacaleches-manual\/","url":"https:\/\/gaspachitos.com\/producto\/tommee-tippee-sacaleches-manual\/","name":"Tommee Tippee sacaleches manual - Gaspachitos","isPartOf":{"@id":"https:\/\/gaspachitos.com\/#website"},"primaryImageOfPage":{"@id":"https:\/\/gaspachitos.com\/producto\/tommee-tippee-sacaleches-manual\/#primaryimage"},"image":{"@id":"https:\/\/gaspachitos.com\/producto\/tommee-tippee-sacaleches-manual\/#primaryimage"},"thumbnailUrl":"https:\/\/gaspachitos.com\/wp-content\/uploads\/2022\/11\/10857-thickbox_default-Tommee-Tippee-sacaleches-manual.jpg","datePublished":"2022-11-16T11:53:21+00:00","breadcrumb":{"@id":"https:\/\/gaspachitos.com\/producto\/tommee-tippee-sacaleches-manual\/#breadcrumb"},"inLanguage":"eu-ES","potentialAction":[{"@type":"ReadAction","target":["https:\/\/gaspachitos.com\/producto\/tommee-tippee-sacaleches-manual\/"]}]},{"@type":"ImageObject","inLanguage":"eu-ES","@id":"https:\/\/gaspachitos.com\/producto\/tommee-tippee-sacaleches-manual\/#primaryimage","url":"https:\/\/gaspachitos.com\/wp-content\/uploads\/2022\/11\/10857-thickbox_default-Tommee-Tippee-sacaleches-manual.jpg","contentUrl":"https:\/\/gaspachitos.com\/wp-content\/uploads\/2022\/11\/10857-thickbox_default-Tommee-Tippee-sacaleches-manual.jpg","width":800,"height":800},{"@type":"BreadcrumbList","@id":"https:\/\/gaspachitos.com\/producto\/tommee-tippee-sacaleches-manual\/#breadcrumb","itemListElement":[{"@type":"ListItem","position":1,"name":"Portada","item":"https:\/\/gaspachitos.com\/"},{"@type":"ListItem","position":2,"name":"Produtos","item":"https:\/\/gaspachitos.com\/gl\/shop\/"},{"@type":"ListItem","position":3,"name":"Tommee Tippee sacaleches manual"}]},{"@type":"WebSite","@id":"https:\/\/gaspachitos.com\/#website","url":"https:\/\/gaspachitos.com\/","name":"Gaspachitos","description":"La tienda para tu beb\u00e9: cochecitos, sillas de paseo, cunas...","potentialAction":[{"@type":"SearchAction","target":{"@type":"EntryPoint","urlTemplate":"https:\/\/gaspachitos.com\/?s={search_term_string}"},"query-input":{"@type":"PropertyValueSpecification","valueRequired":true,"valueName":"search_term_string"}}],"inLanguage":"eu-ES"}]}},"brands":[],"_links":{"self":[{"href":"https:\/\/gaspachitos.com\/eu\/wp-json\/wp\/v2\/product\/263476","targetHints":{"allow":["GET"]}}],"collection":[{"href":"https:\/\/gaspachitos.com\/eu\/wp-json\/wp\/v2\/product"}],"about":[{"href":"https:\/\/gaspachitos.com\/eu\/wp-json\/wp\/v2\/types\/product"}],"replies":[{"embeddable":true,"href":"https:\/\/gaspachitos.com\/eu\/wp-json\/wp\/v2\/comments?post=263476"}],"wp:featuredmedia":[{"embeddable":true,"href":"https:\/\/gaspachitos.com\/eu\/wp-json\/wp\/v2\/media\/241437"}],"wp:attachment":[{"href":"https:\/\/gaspachitos.com\/eu\/wp-json\/wp\/v2\/media?parent=263476"}],"wp:term":[{"taxonomy":"pwb-brand","embeddable":true,"href":"https:\/\/gaspachitos.com\/eu\/wp-json\/wp\/v2\/pwb-brand?post=263476"},{"taxonomy":"product_brand","embeddable":true,"href":"https:\/\/gaspachitos.com\/eu\/wp-json\/wp\/v2\/product_brand?post=263476"},{"taxonomy":"product_cat","embeddable":true,"href":"https:\/\/gaspachitos.com\/eu\/wp-json\/wp\/v2\/product_cat?post=263476"},{"taxonomy":"product_tag","embeddable":true,"href":"https:\/\/gaspachitos.com\/eu\/wp-json\/wp\/v2\/product_tag?post=263476"}],"curies":[{"name":"wp","href":"https:\/\/api.w.org\/{rel}","templated":true}]}}