{"id":263413,"date":"2022-11-16T12:31:26","date_gmt":"2022-11-16T10:31:26","guid":{"rendered":"https:\/\/nueva.gaspachitos.com\/producto\/motorola-nursery-vm483-videomonitores-para-bebe\/"},"modified":"2022-11-16T12:31:26","modified_gmt":"2022-11-16T10:31:26","slug":"motorola-nursery-vm483-videomonitores-para-bebe","status":"publish","type":"product","link":"https:\/\/gaspachitos.com\/eu\/producto\/motorola-nursery-vm483-videomonitores-para-bebe\/","title":{"rendered":"Motorola Nursery VM483 Videomonitores para beb\u00e9"},"content":{"rendered":"<p><span>Monitor de beb\u00e9 con c\u00e1mara &#8211; El monitor de beb\u00e9 Motorola Nursery VM483 tiene una c\u00e1mara. Esto le permite no s\u00f3lo o\u00edr al beb\u00e9, sino tambi\u00e9n verlo.<\/span><br \/><span>Unidad de padres &#8211; Una vez instalada la c\u00e1mara Motorola Nursery VM483, podr\u00e1 recibir im\u00e1genes en directo de la habitaci\u00f3n del beb\u00e9 en la pantalla en color de 2,8&#8243; de la unidad de padres. La unidad madre tiene un alcance de hasta 300 metros en interiores.<\/span><br \/><span>Visi\u00f3n nocturna y zoom digital &#8211; El vigilabeb\u00e9s de v\u00eddeo Motorola Nursery cuenta con zoom digital y visi\u00f3n nocturna por infrarrojos. El zoom digital le permite acercarse a su beb\u00e9 si es necesario. La visi\u00f3n nocturna por infrarrojos permite seguir viendo las im\u00e1genes incluso cuando las luces est\u00e1n apagadas.<\/span><br \/><span>Comunicaci\u00f3n de dos maneras &#8211; Adem\u00e1s de vigilar a tu beb\u00e9, quieres poder calmarlo a distancia. El Motorola Nursery tiene una funci\u00f3n de comunicaci\u00f3n bidireccional que permite escuchar todos los sonidos procedentes de la habitaci\u00f3n del beb\u00e9. Tambi\u00e9n puedes hablar con tu beb\u00e9 a trav\u00e9s de la unidad de padres.<\/span><br \/><span>Control de la temperatura de la habitaci\u00f3n &#8211; Para la comodidad de su beb\u00e9, la Guarder\u00eda Motorola VM483 tambi\u00e9n le permite controlar la temperatura de la habitaci\u00f3n de su beb\u00e9.<\/span><\/p>\n","protected":false},"excerpt":{"rendered":"<h1 id=\"title\" class=\"a-size-large a-spacing-none\"><span id=\"productTitle\" class=\"a-size-large product-title-word-break\">Motorola Nursery VM483 Videomonitores para beb\u00e9s, Unidad para padres de 2,8 pulgadas, Infrarrojos, Zoom digital, Funci\u00f3n Talk-Back, Blanco<\/span><\/h1>\n","protected":false},"featured_media":287468,"comment_status":"open","ping_status":"closed","template":"","meta":{"_et_pb_use_builder":"","_et_pb_old_content":"","_et_gb_content_width":""},"pwb-brand":[5548],"product_brand":[],"product_cat":[5779,6256],"product_tag":[],"class_list":{"0":"post-263413","1":"product","2":"type-product","3":"status-publish","4":"has-post-thumbnail","6":"pwb-brand-motorola","7":"product_cat-casa-eu","8":"product_cat-inter-comunicadores-eu","10":"first","11":"instock","12":"taxable","13":"shipping-taxable","14":"purchasable","15":"product-type-simple"},"yoast_head":"<!-- This site is optimized with the Yoast SEO plugin v27.4 - https:\/\/yoast.com\/product\/yoast-seo-wordpress\/ -->\n<title>MOTOROLA, INTERCOMUNICADOR<\/title>\n<meta name=\"description\" content=\"Motorola Nursery VM483 Videomonitores para beb\u00e9s, Unidad para padres de 2,8 pulgadas, Infrarrojos, Zoom digital, Funci\u00f3n Talk-Back\" \/>\n<meta name=\"robots\" content=\"index, follow, max-snippet:-1, max-image-preview:large, max-video-preview:-1\" \/>\n<link rel=\"canonical\" href=\"https:\/\/gaspachitos.com\/eu\/producto\/motorola-nursery-vm483-videomonitores-para-bebe\/\" \/>\n<meta property=\"og:locale\" content=\"eu_ES\" \/>\n<meta property=\"og:type\" content=\"article\" \/>\n<meta property=\"og:title\" content=\"MOTOROLA, INTERCOMUNICADOR\" \/>\n<meta property=\"og:description\" content=\"Motorola Nursery VM483 Videomonitores para beb\u00e9s, Unidad para padres de 2,8 pulgadas, Infrarrojos, Zoom digital, Funci\u00f3n Talk-Back\" \/>\n<meta property=\"og:url\" content=\"https:\/\/gaspachitos.com\/eu\/producto\/motorola-nursery-vm483-videomonitores-para-bebe\/\" \/>\n<meta property=\"og:site_name\" content=\"Gaspachitos\" \/>\n<meta property=\"og:image\" content=\"https:\/\/gaspachitos.com\/wp-content\/uploads\/2022\/11\/10824-thickbox_default-Motorola-Nursery-VM483-Videomonitores-para-bebe.jpg\" \/>\n\t<meta property=\"og:image:width\" content=\"800\" \/>\n\t<meta property=\"og:image:height\" content=\"800\" \/>\n\t<meta property=\"og:image:type\" content=\"image\/jpeg\" \/>\n<meta name=\"twitter:card\" content=\"summary_large_image\" \/>\n<meta name=\"twitter:label1\" content=\"Est. reading time\" \/>\n\t<meta name=\"twitter:data1\" content=\"1 minute\" \/>\n<script type=\"application\/ld+json\" class=\"yoast-schema-graph\">{\"@context\":\"https:\\\/\\\/schema.org\",\"@graph\":[{\"@type\":\"WebPage\",\"@id\":\"https:\\\/\\\/gaspachitos.com\\\/eu\\\/producto\\\/motorola-nursery-vm483-videomonitores-para-bebe\\\/\",\"url\":\"https:\\\/\\\/gaspachitos.com\\\/eu\\\/producto\\\/motorola-nursery-vm483-videomonitores-para-bebe\\\/\",\"name\":\"MOTOROLA, INTERCOMUNICADOR\",\"isPartOf\":{\"@id\":\"https:\\\/\\\/gaspachitos.com\\\/#website\"},\"primaryImageOfPage\":{\"@id\":\"https:\\\/\\\/gaspachitos.com\\\/eu\\\/producto\\\/motorola-nursery-vm483-videomonitores-para-bebe\\\/#primaryimage\"},\"image\":{\"@id\":\"https:\\\/\\\/gaspachitos.com\\\/eu\\\/producto\\\/motorola-nursery-vm483-videomonitores-para-bebe\\\/#primaryimage\"},\"thumbnailUrl\":\"https:\\\/\\\/gaspachitos.com\\\/wp-content\\\/uploads\\\/2022\\\/11\\\/motorola-vigila-bebes-con-pantalla-28-vm483-blanco-e1734717588838.jpg\",\"datePublished\":\"2022-11-16T10:31:26+00:00\",\"description\":\"Motorola Nursery VM483 Videomonitores para beb\u00e9s, Unidad para padres de 2,8 pulgadas, Infrarrojos, Zoom digital, Funci\u00f3n Talk-Back\",\"breadcrumb\":{\"@id\":\"https:\\\/\\\/gaspachitos.com\\\/eu\\\/producto\\\/motorola-nursery-vm483-videomonitores-para-bebe\\\/#breadcrumb\"},\"inLanguage\":\"eu-ES\",\"potentialAction\":[{\"@type\":\"ReadAction\",\"target\":[\"https:\\\/\\\/gaspachitos.com\\\/eu\\\/producto\\\/motorola-nursery-vm483-videomonitores-para-bebe\\\/\"]}]},{\"@type\":\"ImageObject\",\"inLanguage\":\"eu-ES\",\"@id\":\"https:\\\/\\\/gaspachitos.com\\\/eu\\\/producto\\\/motorola-nursery-vm483-videomonitores-para-bebe\\\/#primaryimage\",\"url\":\"https:\\\/\\\/gaspachitos.com\\\/wp-content\\\/uploads\\\/2022\\\/11\\\/motorola-vigila-bebes-con-pantalla-28-vm483-blanco-e1734717588838.jpg\",\"contentUrl\":\"https:\\\/\\\/gaspachitos.com\\\/wp-content\\\/uploads\\\/2022\\\/11\\\/motorola-vigila-bebes-con-pantalla-28-vm483-blanco-e1734717588838.jpg\",\"width\":800,\"height\":800},{\"@type\":\"BreadcrumbList\",\"@id\":\"https:\\\/\\\/gaspachitos.com\\\/eu\\\/producto\\\/motorola-nursery-vm483-videomonitores-para-bebe\\\/#breadcrumb\",\"itemListElement\":[{\"@type\":\"ListItem\",\"position\":1,\"name\":\"Portada\",\"item\":\"https:\\\/\\\/gaspachitos.com\\\/\"},{\"@type\":\"ListItem\",\"position\":2,\"name\":\"Produtos\",\"item\":\"https:\\\/\\\/gaspachitos.com\\\/gl\\\/shop\\\/\"},{\"@type\":\"ListItem\",\"position\":3,\"name\":\"Motorola Nursery VM483 Videomonitores para beb\u00e9\"}]},{\"@type\":\"WebSite\",\"@id\":\"https:\\\/\\\/gaspachitos.com\\\/#website\",\"url\":\"https:\\\/\\\/gaspachitos.com\\\/\",\"name\":\"Gaspachitos\",\"description\":\"La tienda para tu beb\u00e9: cochecitos, sillas de paseo, cunas...\",\"potentialAction\":[{\"@type\":\"SearchAction\",\"target\":{\"@type\":\"EntryPoint\",\"urlTemplate\":\"https:\\\/\\\/gaspachitos.com\\\/?s={search_term_string}\"},\"query-input\":{\"@type\":\"PropertyValueSpecification\",\"valueRequired\":true,\"valueName\":\"search_term_string\"}}],\"inLanguage\":\"eu-ES\"}]}<\/script>\n<!-- \/ Yoast SEO plugin. -->","yoast_head_json":{"title":"MOTOROLA, INTERCOMUNICADOR","description":"Motorola Nursery VM483 Videomonitores para beb\u00e9s, Unidad para padres de 2,8 pulgadas, Infrarrojos, Zoom digital, Funci\u00f3n Talk-Back","robots":{"index":"index","follow":"follow","max-snippet":"max-snippet:-1","max-image-preview":"max-image-preview:large","max-video-preview":"max-video-preview:-1"},"canonical":"https:\/\/gaspachitos.com\/eu\/producto\/motorola-nursery-vm483-videomonitores-para-bebe\/","og_locale":"eu_ES","og_type":"article","og_title":"MOTOROLA, INTERCOMUNICADOR","og_description":"Motorola Nursery VM483 Videomonitores para beb\u00e9s, Unidad para padres de 2,8 pulgadas, Infrarrojos, Zoom digital, Funci\u00f3n Talk-Back","og_url":"https:\/\/gaspachitos.com\/eu\/producto\/motorola-nursery-vm483-videomonitores-para-bebe\/","og_site_name":"Gaspachitos","og_image":[{"width":800,"height":800,"url":"https:\/\/gaspachitos.com\/wp-content\/uploads\/2022\/11\/10824-thickbox_default-Motorola-Nursery-VM483-Videomonitores-para-bebe.jpg","type":"image\/jpeg"}],"twitter_card":"summary_large_image","twitter_misc":{"Est. reading time":"1 minute"},"schema":{"@context":"https:\/\/schema.org","@graph":[{"@type":"WebPage","@id":"https:\/\/gaspachitos.com\/eu\/producto\/motorola-nursery-vm483-videomonitores-para-bebe\/","url":"https:\/\/gaspachitos.com\/eu\/producto\/motorola-nursery-vm483-videomonitores-para-bebe\/","name":"MOTOROLA, INTERCOMUNICADOR","isPartOf":{"@id":"https:\/\/gaspachitos.com\/#website"},"primaryImageOfPage":{"@id":"https:\/\/gaspachitos.com\/eu\/producto\/motorola-nursery-vm483-videomonitores-para-bebe\/#primaryimage"},"image":{"@id":"https:\/\/gaspachitos.com\/eu\/producto\/motorola-nursery-vm483-videomonitores-para-bebe\/#primaryimage"},"thumbnailUrl":"https:\/\/gaspachitos.com\/wp-content\/uploads\/2022\/11\/motorola-vigila-bebes-con-pantalla-28-vm483-blanco-e1734717588838.jpg","datePublished":"2022-11-16T10:31:26+00:00","description":"Motorola Nursery VM483 Videomonitores para beb\u00e9s, Unidad para padres de 2,8 pulgadas, Infrarrojos, Zoom digital, Funci\u00f3n Talk-Back","breadcrumb":{"@id":"https:\/\/gaspachitos.com\/eu\/producto\/motorola-nursery-vm483-videomonitores-para-bebe\/#breadcrumb"},"inLanguage":"eu-ES","potentialAction":[{"@type":"ReadAction","target":["https:\/\/gaspachitos.com\/eu\/producto\/motorola-nursery-vm483-videomonitores-para-bebe\/"]}]},{"@type":"ImageObject","inLanguage":"eu-ES","@id":"https:\/\/gaspachitos.com\/eu\/producto\/motorola-nursery-vm483-videomonitores-para-bebe\/#primaryimage","url":"https:\/\/gaspachitos.com\/wp-content\/uploads\/2022\/11\/motorola-vigila-bebes-con-pantalla-28-vm483-blanco-e1734717588838.jpg","contentUrl":"https:\/\/gaspachitos.com\/wp-content\/uploads\/2022\/11\/motorola-vigila-bebes-con-pantalla-28-vm483-blanco-e1734717588838.jpg","width":800,"height":800},{"@type":"BreadcrumbList","@id":"https:\/\/gaspachitos.com\/eu\/producto\/motorola-nursery-vm483-videomonitores-para-bebe\/#breadcrumb","itemListElement":[{"@type":"ListItem","position":1,"name":"Portada","item":"https:\/\/gaspachitos.com\/"},{"@type":"ListItem","position":2,"name":"Produtos","item":"https:\/\/gaspachitos.com\/gl\/shop\/"},{"@type":"ListItem","position":3,"name":"Motorola Nursery VM483 Videomonitores para beb\u00e9"}]},{"@type":"WebSite","@id":"https:\/\/gaspachitos.com\/#website","url":"https:\/\/gaspachitos.com\/","name":"Gaspachitos","description":"La tienda para tu beb\u00e9: cochecitos, sillas de paseo, cunas...","potentialAction":[{"@type":"SearchAction","target":{"@type":"EntryPoint","urlTemplate":"https:\/\/gaspachitos.com\/?s={search_term_string}"},"query-input":{"@type":"PropertyValueSpecification","valueRequired":true,"valueName":"search_term_string"}}],"inLanguage":"eu-ES"}]}},"brands":[{"id":5548,"name":"MOTOROLA","slug":"motorola"}],"_links":{"self":[{"href":"https:\/\/gaspachitos.com\/eu\/wp-json\/wp\/v2\/product\/263413","targetHints":{"allow":["GET"]}}],"collection":[{"href":"https:\/\/gaspachitos.com\/eu\/wp-json\/wp\/v2\/product"}],"about":[{"href":"https:\/\/gaspachitos.com\/eu\/wp-json\/wp\/v2\/types\/product"}],"replies":[{"embeddable":true,"href":"https:\/\/gaspachitos.com\/eu\/wp-json\/wp\/v2\/comments?post=263413"}],"wp:featuredmedia":[{"embeddable":true,"href":"https:\/\/gaspachitos.com\/eu\/wp-json\/wp\/v2\/media\/287468"}],"wp:attachment":[{"href":"https:\/\/gaspachitos.com\/eu\/wp-json\/wp\/v2\/media?parent=263413"}],"wp:term":[{"taxonomy":"pwb-brand","embeddable":true,"href":"https:\/\/gaspachitos.com\/eu\/wp-json\/wp\/v2\/pwb-brand?post=263413"},{"taxonomy":"product_brand","embeddable":true,"href":"https:\/\/gaspachitos.com\/eu\/wp-json\/wp\/v2\/product_brand?post=263413"},{"taxonomy":"product_cat","embeddable":true,"href":"https:\/\/gaspachitos.com\/eu\/wp-json\/wp\/v2\/product_cat?post=263413"},{"taxonomy":"product_tag","embeddable":true,"href":"https:\/\/gaspachitos.com\/eu\/wp-json\/wp\/v2\/product_tag?post=263413"}],"curies":[{"name":"wp","href":"https:\/\/api.w.org\/{rel}","templated":true}]}}