{"id":263382,"date":"2022-11-16T11:53:05","date_gmt":"2022-11-16T09:53:05","guid":{"rendered":"https:\/\/nueva.gaspachitos.com\/producto\/ti-tin-bata-impermeable-ti-tin-estampada-azul\/"},"modified":"2022-11-16T11:53:05","modified_gmt":"2022-11-16T09:53:05","slug":"ti-tin-bata-impermeable-ti-tin-estampada-azul","status":"publish","type":"product","link":"https:\/\/gaspachitos.com\/eu\/producto\/ti-tin-bata-impermeable-ti-tin-estampada-azul\/","title":{"rendered":"Ti Tin Bata impermeable Ti T\u00edn estampada Azul"},"content":{"rendered":"<p class=\"pdd_p\">Bata impermeable estampada Azul.<\/p>\n<p class=\"pdd_p\">Ideal para comer, pintar, manualidades. Especial guarder\u00eda.<\/p>\n<p class=\"pdd_p\"><strong>Certificaci\u00f3n Oeko-tex Standard 100<\/strong><br \/><span>Este producto cuenta con la certificaci\u00f3n Oeko-Tex Standard 100 que garantiza que ha sido analizado para detectar cualquier sustancia nociva para la salud. Por lo tanto, este certificado asegura que este producto est\u00e1 libre de agentes t\u00f3xicos y cumple unos est\u00e1ndares respecto a los qu\u00edmicos usados en su proceso de fabricaci\u00f3n.<\/span><\/p>\n","protected":false},"excerpt":{"rendered":"<div>\n<div>\n<div class=\"product_detail-h2\"><a class=\"product_detail-brand\" href=\"https:\/\/www.hipercor.es\/ti-tin\/bebes\/\">Ti Tin<\/a><\/div>\n<\/p><\/div>\n<div>\n<h1 class=\"product_detail-title\" id=\"js-product-detail-title\">Bata impermeable Ti T\u00edn estampada Azul<\/h1>\n<\/p><\/div>\n<\/p><\/div>\n","protected":false},"featured_media":240951,"comment_status":"open","ping_status":"closed","template":"","meta":{"_et_pb_use_builder":"","_et_pb_old_content":"","_et_gb_content_width":""},"pwb-brand":[],"product_brand":[],"product_cat":[10878],"product_tag":[],"class_list":{"0":"post-263382","1":"product","2":"type-product","3":"status-publish","4":"has-post-thumbnail","6":"product_cat-sin-categorizar","7":"pa_talla-talla1-eu","8":"pa_talla-talla2equivaleam-eu","9":"pa_talla-talla3equivaleal-eu","10":"pa_talla-talla4equivaleaxl-eu","12":"first","13":"instock","14":"taxable","15":"shipping-taxable","16":"purchasable","17":"product-type-variable","18":"has-default-attributes"},"yoast_head":"<!-- This site is optimized with the Yoast SEO plugin v27.5 - https:\/\/yoast.com\/product\/yoast-seo-wordpress\/ -->\n<title>Ti Tin Bata impermeable Ti T\u00edn estampada Azul - Gaspachitos<\/title>\n<meta name=\"robots\" content=\"index, follow, max-snippet:-1, max-image-preview:large, max-video-preview:-1\" \/>\n<link rel=\"canonical\" href=\"https:\/\/gaspachitos.com\/producto\/ti-tin-bata-impermeable-ti-tin-estampada-azul\/\" \/>\n<meta property=\"og:locale\" content=\"eu_ES\" \/>\n<meta property=\"og:type\" content=\"article\" \/>\n<meta property=\"og:title\" content=\"Ti Tin Bata impermeable Ti T\u00edn estampada Azul - Gaspachitos\" \/>\n<meta property=\"og:description\" content=\"Ti Tin  Bata impermeable Ti T\u00edn estampada Azul\" \/>\n<meta property=\"og:url\" content=\"https:\/\/gaspachitos.com\/producto\/ti-tin-bata-impermeable-ti-tin-estampada-azul\/\" \/>\n<meta property=\"og:site_name\" content=\"Gaspachitos\" \/>\n<meta property=\"og:image\" content=\"https:\/\/gaspachitos.com\/wp-content\/uploads\/2022\/11\/10810-thickbox_default-Ti-Tin-Bata-impermeable-Ti-Tin-estampada-Azul.jpg\" \/>\n\t<meta property=\"og:image:width\" content=\"800\" \/>\n\t<meta property=\"og:image:height\" content=\"800\" \/>\n\t<meta property=\"og:image:type\" content=\"image\/jpeg\" \/>\n<meta name=\"twitter:card\" content=\"summary_large_image\" \/>\n<script type=\"application\/ld+json\" class=\"yoast-schema-graph\">{\"@context\":\"https:\\\/\\\/schema.org\",\"@graph\":[{\"@type\":\"WebPage\",\"@id\":\"https:\\\/\\\/gaspachitos.com\\\/producto\\\/ti-tin-bata-impermeable-ti-tin-estampada-azul\\\/\",\"url\":\"https:\\\/\\\/gaspachitos.com\\\/producto\\\/ti-tin-bata-impermeable-ti-tin-estampada-azul\\\/\",\"name\":\"Ti Tin Bata impermeable Ti T\u00edn estampada Azul - Gaspachitos\",\"isPartOf\":{\"@id\":\"https:\\\/\\\/gaspachitos.com\\\/#website\"},\"primaryImageOfPage\":{\"@id\":\"https:\\\/\\\/gaspachitos.com\\\/producto\\\/ti-tin-bata-impermeable-ti-tin-estampada-azul\\\/#primaryimage\"},\"image\":{\"@id\":\"https:\\\/\\\/gaspachitos.com\\\/producto\\\/ti-tin-bata-impermeable-ti-tin-estampada-azul\\\/#primaryimage\"},\"thumbnailUrl\":\"https:\\\/\\\/gaspachitos.com\\\/wp-content\\\/uploads\\\/2022\\\/11\\\/10810-thickbox_default-Ti-Tin-Bata-impermeable-Ti-Tin-estampada-Azul.jpg\",\"datePublished\":\"2022-11-16T09:53:05+00:00\",\"breadcrumb\":{\"@id\":\"https:\\\/\\\/gaspachitos.com\\\/producto\\\/ti-tin-bata-impermeable-ti-tin-estampada-azul\\\/#breadcrumb\"},\"inLanguage\":\"eu-ES\",\"potentialAction\":[{\"@type\":\"ReadAction\",\"target\":[\"https:\\\/\\\/gaspachitos.com\\\/producto\\\/ti-tin-bata-impermeable-ti-tin-estampada-azul\\\/\"]}]},{\"@type\":\"ImageObject\",\"inLanguage\":\"eu-ES\",\"@id\":\"https:\\\/\\\/gaspachitos.com\\\/producto\\\/ti-tin-bata-impermeable-ti-tin-estampada-azul\\\/#primaryimage\",\"url\":\"https:\\\/\\\/gaspachitos.com\\\/wp-content\\\/uploads\\\/2022\\\/11\\\/10810-thickbox_default-Ti-Tin-Bata-impermeable-Ti-Tin-estampada-Azul.jpg\",\"contentUrl\":\"https:\\\/\\\/gaspachitos.com\\\/wp-content\\\/uploads\\\/2022\\\/11\\\/10810-thickbox_default-Ti-Tin-Bata-impermeable-Ti-Tin-estampada-Azul.jpg\",\"width\":800,\"height\":800},{\"@type\":\"BreadcrumbList\",\"@id\":\"https:\\\/\\\/gaspachitos.com\\\/producto\\\/ti-tin-bata-impermeable-ti-tin-estampada-azul\\\/#breadcrumb\",\"itemListElement\":[{\"@type\":\"ListItem\",\"position\":1,\"name\":\"Portada\",\"item\":\"https:\\\/\\\/gaspachitos.com\\\/\"},{\"@type\":\"ListItem\",\"position\":2,\"name\":\"Produtos\",\"item\":\"https:\\\/\\\/gaspachitos.com\\\/gl\\\/shop\\\/\"},{\"@type\":\"ListItem\",\"position\":3,\"name\":\"Ti Tin Bata impermeable Ti T\u00edn estampada Azul\"}]},{\"@type\":\"WebSite\",\"@id\":\"https:\\\/\\\/gaspachitos.com\\\/#website\",\"url\":\"https:\\\/\\\/gaspachitos.com\\\/\",\"name\":\"Gaspachitos\",\"description\":\"La tienda para tu beb\u00e9: cochecitos, sillas de paseo, cunas...\",\"potentialAction\":[{\"@type\":\"SearchAction\",\"target\":{\"@type\":\"EntryPoint\",\"urlTemplate\":\"https:\\\/\\\/gaspachitos.com\\\/?s={search_term_string}\"},\"query-input\":{\"@type\":\"PropertyValueSpecification\",\"valueRequired\":true,\"valueName\":\"search_term_string\"}}],\"inLanguage\":\"eu-ES\"}]}<\/script>\n<!-- \/ Yoast SEO plugin. -->","yoast_head_json":{"title":"Ti Tin Bata impermeable Ti T\u00edn estampada Azul - Gaspachitos","robots":{"index":"index","follow":"follow","max-snippet":"max-snippet:-1","max-image-preview":"max-image-preview:large","max-video-preview":"max-video-preview:-1"},"canonical":"https:\/\/gaspachitos.com\/producto\/ti-tin-bata-impermeable-ti-tin-estampada-azul\/","og_locale":"eu_ES","og_type":"article","og_title":"Ti Tin Bata impermeable Ti T\u00edn estampada Azul - Gaspachitos","og_description":"Ti Tin  Bata impermeable Ti T\u00edn estampada Azul","og_url":"https:\/\/gaspachitos.com\/producto\/ti-tin-bata-impermeable-ti-tin-estampada-azul\/","og_site_name":"Gaspachitos","og_image":[{"width":800,"height":800,"url":"https:\/\/gaspachitos.com\/wp-content\/uploads\/2022\/11\/10810-thickbox_default-Ti-Tin-Bata-impermeable-Ti-Tin-estampada-Azul.jpg","type":"image\/jpeg"}],"twitter_card":"summary_large_image","schema":{"@context":"https:\/\/schema.org","@graph":[{"@type":"WebPage","@id":"https:\/\/gaspachitos.com\/producto\/ti-tin-bata-impermeable-ti-tin-estampada-azul\/","url":"https:\/\/gaspachitos.com\/producto\/ti-tin-bata-impermeable-ti-tin-estampada-azul\/","name":"Ti Tin Bata impermeable Ti T\u00edn estampada Azul - Gaspachitos","isPartOf":{"@id":"https:\/\/gaspachitos.com\/#website"},"primaryImageOfPage":{"@id":"https:\/\/gaspachitos.com\/producto\/ti-tin-bata-impermeable-ti-tin-estampada-azul\/#primaryimage"},"image":{"@id":"https:\/\/gaspachitos.com\/producto\/ti-tin-bata-impermeable-ti-tin-estampada-azul\/#primaryimage"},"thumbnailUrl":"https:\/\/gaspachitos.com\/wp-content\/uploads\/2022\/11\/10810-thickbox_default-Ti-Tin-Bata-impermeable-Ti-Tin-estampada-Azul.jpg","datePublished":"2022-11-16T09:53:05+00:00","breadcrumb":{"@id":"https:\/\/gaspachitos.com\/producto\/ti-tin-bata-impermeable-ti-tin-estampada-azul\/#breadcrumb"},"inLanguage":"eu-ES","potentialAction":[{"@type":"ReadAction","target":["https:\/\/gaspachitos.com\/producto\/ti-tin-bata-impermeable-ti-tin-estampada-azul\/"]}]},{"@type":"ImageObject","inLanguage":"eu-ES","@id":"https:\/\/gaspachitos.com\/producto\/ti-tin-bata-impermeable-ti-tin-estampada-azul\/#primaryimage","url":"https:\/\/gaspachitos.com\/wp-content\/uploads\/2022\/11\/10810-thickbox_default-Ti-Tin-Bata-impermeable-Ti-Tin-estampada-Azul.jpg","contentUrl":"https:\/\/gaspachitos.com\/wp-content\/uploads\/2022\/11\/10810-thickbox_default-Ti-Tin-Bata-impermeable-Ti-Tin-estampada-Azul.jpg","width":800,"height":800},{"@type":"BreadcrumbList","@id":"https:\/\/gaspachitos.com\/producto\/ti-tin-bata-impermeable-ti-tin-estampada-azul\/#breadcrumb","itemListElement":[{"@type":"ListItem","position":1,"name":"Portada","item":"https:\/\/gaspachitos.com\/"},{"@type":"ListItem","position":2,"name":"Produtos","item":"https:\/\/gaspachitos.com\/gl\/shop\/"},{"@type":"ListItem","position":3,"name":"Ti Tin Bata impermeable Ti T\u00edn estampada Azul"}]},{"@type":"WebSite","@id":"https:\/\/gaspachitos.com\/#website","url":"https:\/\/gaspachitos.com\/","name":"Gaspachitos","description":"La tienda para tu beb\u00e9: cochecitos, sillas de paseo, cunas...","potentialAction":[{"@type":"SearchAction","target":{"@type":"EntryPoint","urlTemplate":"https:\/\/gaspachitos.com\/?s={search_term_string}"},"query-input":{"@type":"PropertyValueSpecification","valueRequired":true,"valueName":"search_term_string"}}],"inLanguage":"eu-ES"}]}},"brands":[],"_links":{"self":[{"href":"https:\/\/gaspachitos.com\/eu\/wp-json\/wp\/v2\/product\/263382","targetHints":{"allow":["GET"]}}],"collection":[{"href":"https:\/\/gaspachitos.com\/eu\/wp-json\/wp\/v2\/product"}],"about":[{"href":"https:\/\/gaspachitos.com\/eu\/wp-json\/wp\/v2\/types\/product"}],"replies":[{"embeddable":true,"href":"https:\/\/gaspachitos.com\/eu\/wp-json\/wp\/v2\/comments?post=263382"}],"wp:featuredmedia":[{"embeddable":true,"href":"https:\/\/gaspachitos.com\/eu\/wp-json\/wp\/v2\/media\/240951"}],"wp:attachment":[{"href":"https:\/\/gaspachitos.com\/eu\/wp-json\/wp\/v2\/media?parent=263382"}],"wp:term":[{"taxonomy":"pwb-brand","embeddable":true,"href":"https:\/\/gaspachitos.com\/eu\/wp-json\/wp\/v2\/pwb-brand?post=263382"},{"taxonomy":"product_brand","embeddable":true,"href":"https:\/\/gaspachitos.com\/eu\/wp-json\/wp\/v2\/product_brand?post=263382"},{"taxonomy":"product_cat","embeddable":true,"href":"https:\/\/gaspachitos.com\/eu\/wp-json\/wp\/v2\/product_cat?post=263382"},{"taxonomy":"product_tag","embeddable":true,"href":"https:\/\/gaspachitos.com\/eu\/wp-json\/wp\/v2\/product_tag?post=263382"}],"curies":[{"name":"wp","href":"https:\/\/api.w.org\/{rel}","templated":true}]}}