{"id":263240,"date":"2022-11-15T13:20:56","date_gmt":"2022-11-15T11:20:56","guid":{"rendered":"https:\/\/nueva.gaspachitos.com\/producto\/baby-livia-babero-de-manga-gallo\/"},"modified":"2022-11-15T13:20:56","modified_gmt":"2022-11-15T11:20:56","slug":"baby-livia-babero-de-manga-gallo","status":"publish","type":"product","link":"https:\/\/gaspachitos.com\/eu\/producto\/baby-livia-babero-de-manga-gallo\/","title":{"rendered":"Baby Livia Babero de manga gallo"},"content":{"rendered":"<p><span>Baby Livia\u00a0<\/span><span>Babero de manga larga, Gris Arena\/Gallo\u00a0<\/span><\/p>\n<p><span>\u00a0<\/span>Baberos de Manga Larga\u00a0<\/p>\n<p><span>\u00a0<\/span>El babero de Manga Larga est\u00e1 dise\u00f1ado en un suave y c\u00f3modo poli\u00e9ster recubierto de Cuero PU y una\u00a0<\/p>\n<p><span>l\u00ednea de cuello de tejido de doble punto de fibra de poliester. El poli\u00e9ster PU es repelente al agua y hace\u00a0<\/span><\/p>\n<p><span>que limpiarlo despu\u00e9s de su uso sea mucho m\u00e1s f\u00e1cil. Ya sea usando un pa\u00f1o o directamente bajo el grifo.\u00a0<\/span><\/p>\n<p><span>Gracias a sus mangas con pu\u00f1o el\u00e1stico el peque\u00f1o estar\u00e1 protegido de todas las manchas.\u00a0<\/span><\/p>\n<p><span>Talla \u00fanica\u00a0<\/span><\/p>\n<p><span>Poli\u00e9ster revestido de PU\u00a0<\/span><\/p>\n<p><span>Algod\u00f3n Certificado\u00a0<\/span><\/p>\n<p><span>OEKO TEX 100 probado y certificad<\/span><\/p>\n","protected":false},"excerpt":{"rendered":"<h1 class=\"h1 page-title\"><span>Baby Livia Babero de manga gallo<\/span><\/h1>\n","protected":false},"featured_media":240582,"comment_status":"open","ping_status":"closed","template":"","meta":{"_et_pb_use_builder":"","_et_pb_old_content":"","_et_gb_content_width":""},"pwb-brand":[],"product_brand":[],"product_cat":[10878],"product_tag":[],"class_list":{"0":"post-263240","1":"product","2":"type-product","3":"status-publish","4":"has-post-thumbnail","6":"product_cat-sin-categorizar","7":"pa_color-grisblanco-eu","8":"pa_color-verde-eu","10":"first","11":"instock","12":"taxable","13":"shipping-taxable","14":"purchasable","15":"product-type-variable","16":"has-default-attributes"},"yoast_head":"<!-- This site is optimized with the Yoast SEO plugin v27.5 - https:\/\/yoast.com\/product\/yoast-seo-wordpress\/ -->\n<title>baby livia babero blanco amarillo verde<\/title>\n<meta name=\"description\" content=\"babero blanco bby livia\" \/>\n<meta name=\"robots\" content=\"index, follow, max-snippet:-1, max-image-preview:large, max-video-preview:-1\" \/>\n<link rel=\"canonical\" href=\"https:\/\/gaspachitos.com\/producto\/baby-livia-babero-de-manga-gallo\/\" \/>\n<meta property=\"og:locale\" content=\"eu_ES\" \/>\n<meta property=\"og:type\" content=\"article\" \/>\n<meta property=\"og:title\" content=\"baby livia babero blanco amarillo verde\" \/>\n<meta property=\"og:description\" content=\"babero blanco bby livia\" \/>\n<meta property=\"og:url\" content=\"https:\/\/gaspachitos.com\/producto\/baby-livia-babero-de-manga-gallo\/\" \/>\n<meta property=\"og:site_name\" content=\"Gaspachitos\" \/>\n<meta property=\"og:image\" content=\"https:\/\/gaspachitos.com\/wp-content\/uploads\/2022\/11\/10785-thickbox_default-Baby-Livia-Babero-de-manga-gallo.jpg\" \/>\n\t<meta property=\"og:image:width\" content=\"800\" \/>\n\t<meta property=\"og:image:height\" content=\"800\" \/>\n\t<meta property=\"og:image:type\" content=\"image\/jpeg\" \/>\n<meta name=\"twitter:card\" content=\"summary_large_image\" \/>\n<meta name=\"twitter:label1\" content=\"Est. reading time\" \/>\n\t<meta name=\"twitter:data1\" content=\"1 minute\" \/>\n<script type=\"application\/ld+json\" class=\"yoast-schema-graph\">{\"@context\":\"https:\\\/\\\/schema.org\",\"@graph\":[{\"@type\":\"WebPage\",\"@id\":\"https:\\\/\\\/gaspachitos.com\\\/producto\\\/baby-livia-babero-de-manga-gallo\\\/\",\"url\":\"https:\\\/\\\/gaspachitos.com\\\/producto\\\/baby-livia-babero-de-manga-gallo\\\/\",\"name\":\"baby livia babero blanco amarillo verde\",\"isPartOf\":{\"@id\":\"https:\\\/\\\/gaspachitos.com\\\/#website\"},\"primaryImageOfPage\":{\"@id\":\"https:\\\/\\\/gaspachitos.com\\\/producto\\\/baby-livia-babero-de-manga-gallo\\\/#primaryimage\"},\"image\":{\"@id\":\"https:\\\/\\\/gaspachitos.com\\\/producto\\\/baby-livia-babero-de-manga-gallo\\\/#primaryimage\"},\"thumbnailUrl\":\"https:\\\/\\\/gaspachitos.com\\\/wp-content\\\/uploads\\\/2022\\\/11\\\/10785-thickbox_default-Baby-Livia-Babero-de-manga-gallo.jpg\",\"datePublished\":\"2022-11-15T11:20:56+00:00\",\"description\":\"babero blanco bby livia\",\"breadcrumb\":{\"@id\":\"https:\\\/\\\/gaspachitos.com\\\/producto\\\/baby-livia-babero-de-manga-gallo\\\/#breadcrumb\"},\"inLanguage\":\"eu-ES\",\"potentialAction\":[{\"@type\":\"ReadAction\",\"target\":[\"https:\\\/\\\/gaspachitos.com\\\/producto\\\/baby-livia-babero-de-manga-gallo\\\/\"]}]},{\"@type\":\"ImageObject\",\"inLanguage\":\"eu-ES\",\"@id\":\"https:\\\/\\\/gaspachitos.com\\\/producto\\\/baby-livia-babero-de-manga-gallo\\\/#primaryimage\",\"url\":\"https:\\\/\\\/gaspachitos.com\\\/wp-content\\\/uploads\\\/2022\\\/11\\\/10785-thickbox_default-Baby-Livia-Babero-de-manga-gallo.jpg\",\"contentUrl\":\"https:\\\/\\\/gaspachitos.com\\\/wp-content\\\/uploads\\\/2022\\\/11\\\/10785-thickbox_default-Baby-Livia-Babero-de-manga-gallo.jpg\",\"width\":800,\"height\":800},{\"@type\":\"BreadcrumbList\",\"@id\":\"https:\\\/\\\/gaspachitos.com\\\/producto\\\/baby-livia-babero-de-manga-gallo\\\/#breadcrumb\",\"itemListElement\":[{\"@type\":\"ListItem\",\"position\":1,\"name\":\"Portada\",\"item\":\"https:\\\/\\\/gaspachitos.com\\\/\"},{\"@type\":\"ListItem\",\"position\":2,\"name\":\"Produtos\",\"item\":\"https:\\\/\\\/gaspachitos.com\\\/gl\\\/shop\\\/\"},{\"@type\":\"ListItem\",\"position\":3,\"name\":\"Baby Livia Babero de manga gallo\"}]},{\"@type\":\"WebSite\",\"@id\":\"https:\\\/\\\/gaspachitos.com\\\/#website\",\"url\":\"https:\\\/\\\/gaspachitos.com\\\/\",\"name\":\"Gaspachitos\",\"description\":\"La tienda para tu beb\u00e9: cochecitos, sillas de paseo, cunas...\",\"potentialAction\":[{\"@type\":\"SearchAction\",\"target\":{\"@type\":\"EntryPoint\",\"urlTemplate\":\"https:\\\/\\\/gaspachitos.com\\\/?s={search_term_string}\"},\"query-input\":{\"@type\":\"PropertyValueSpecification\",\"valueRequired\":true,\"valueName\":\"search_term_string\"}}],\"inLanguage\":\"eu-ES\"}]}<\/script>\n<!-- \/ Yoast SEO plugin. -->","yoast_head_json":{"title":"baby livia babero blanco amarillo verde","description":"babero blanco bby livia","robots":{"index":"index","follow":"follow","max-snippet":"max-snippet:-1","max-image-preview":"max-image-preview:large","max-video-preview":"max-video-preview:-1"},"canonical":"https:\/\/gaspachitos.com\/producto\/baby-livia-babero-de-manga-gallo\/","og_locale":"eu_ES","og_type":"article","og_title":"baby livia babero blanco amarillo verde","og_description":"babero blanco bby livia","og_url":"https:\/\/gaspachitos.com\/producto\/baby-livia-babero-de-manga-gallo\/","og_site_name":"Gaspachitos","og_image":[{"width":800,"height":800,"url":"https:\/\/gaspachitos.com\/wp-content\/uploads\/2022\/11\/10785-thickbox_default-Baby-Livia-Babero-de-manga-gallo.jpg","type":"image\/jpeg"}],"twitter_card":"summary_large_image","twitter_misc":{"Est. reading time":"1 minute"},"schema":{"@context":"https:\/\/schema.org","@graph":[{"@type":"WebPage","@id":"https:\/\/gaspachitos.com\/producto\/baby-livia-babero-de-manga-gallo\/","url":"https:\/\/gaspachitos.com\/producto\/baby-livia-babero-de-manga-gallo\/","name":"baby livia babero blanco amarillo verde","isPartOf":{"@id":"https:\/\/gaspachitos.com\/#website"},"primaryImageOfPage":{"@id":"https:\/\/gaspachitos.com\/producto\/baby-livia-babero-de-manga-gallo\/#primaryimage"},"image":{"@id":"https:\/\/gaspachitos.com\/producto\/baby-livia-babero-de-manga-gallo\/#primaryimage"},"thumbnailUrl":"https:\/\/gaspachitos.com\/wp-content\/uploads\/2022\/11\/10785-thickbox_default-Baby-Livia-Babero-de-manga-gallo.jpg","datePublished":"2022-11-15T11:20:56+00:00","description":"babero blanco bby livia","breadcrumb":{"@id":"https:\/\/gaspachitos.com\/producto\/baby-livia-babero-de-manga-gallo\/#breadcrumb"},"inLanguage":"eu-ES","potentialAction":[{"@type":"ReadAction","target":["https:\/\/gaspachitos.com\/producto\/baby-livia-babero-de-manga-gallo\/"]}]},{"@type":"ImageObject","inLanguage":"eu-ES","@id":"https:\/\/gaspachitos.com\/producto\/baby-livia-babero-de-manga-gallo\/#primaryimage","url":"https:\/\/gaspachitos.com\/wp-content\/uploads\/2022\/11\/10785-thickbox_default-Baby-Livia-Babero-de-manga-gallo.jpg","contentUrl":"https:\/\/gaspachitos.com\/wp-content\/uploads\/2022\/11\/10785-thickbox_default-Baby-Livia-Babero-de-manga-gallo.jpg","width":800,"height":800},{"@type":"BreadcrumbList","@id":"https:\/\/gaspachitos.com\/producto\/baby-livia-babero-de-manga-gallo\/#breadcrumb","itemListElement":[{"@type":"ListItem","position":1,"name":"Portada","item":"https:\/\/gaspachitos.com\/"},{"@type":"ListItem","position":2,"name":"Produtos","item":"https:\/\/gaspachitos.com\/gl\/shop\/"},{"@type":"ListItem","position":3,"name":"Baby Livia Babero de manga gallo"}]},{"@type":"WebSite","@id":"https:\/\/gaspachitos.com\/#website","url":"https:\/\/gaspachitos.com\/","name":"Gaspachitos","description":"La tienda para tu beb\u00e9: cochecitos, sillas de paseo, cunas...","potentialAction":[{"@type":"SearchAction","target":{"@type":"EntryPoint","urlTemplate":"https:\/\/gaspachitos.com\/?s={search_term_string}"},"query-input":{"@type":"PropertyValueSpecification","valueRequired":true,"valueName":"search_term_string"}}],"inLanguage":"eu-ES"}]}},"brands":[],"_links":{"self":[{"href":"https:\/\/gaspachitos.com\/eu\/wp-json\/wp\/v2\/product\/263240","targetHints":{"allow":["GET"]}}],"collection":[{"href":"https:\/\/gaspachitos.com\/eu\/wp-json\/wp\/v2\/product"}],"about":[{"href":"https:\/\/gaspachitos.com\/eu\/wp-json\/wp\/v2\/types\/product"}],"replies":[{"embeddable":true,"href":"https:\/\/gaspachitos.com\/eu\/wp-json\/wp\/v2\/comments?post=263240"}],"wp:featuredmedia":[{"embeddable":true,"href":"https:\/\/gaspachitos.com\/eu\/wp-json\/wp\/v2\/media\/240582"}],"wp:attachment":[{"href":"https:\/\/gaspachitos.com\/eu\/wp-json\/wp\/v2\/media?parent=263240"}],"wp:term":[{"taxonomy":"pwb-brand","embeddable":true,"href":"https:\/\/gaspachitos.com\/eu\/wp-json\/wp\/v2\/pwb-brand?post=263240"},{"taxonomy":"product_brand","embeddable":true,"href":"https:\/\/gaspachitos.com\/eu\/wp-json\/wp\/v2\/product_brand?post=263240"},{"taxonomy":"product_cat","embeddable":true,"href":"https:\/\/gaspachitos.com\/eu\/wp-json\/wp\/v2\/product_cat?post=263240"},{"taxonomy":"product_tag","embeddable":true,"href":"https:\/\/gaspachitos.com\/eu\/wp-json\/wp\/v2\/product_tag?post=263240"}],"curies":[{"name":"wp","href":"https:\/\/api.w.org\/{rel}","templated":true}]}}