{"id":262621,"date":"2022-11-10T12:51:29","date_gmt":"2022-11-10T10:51:29","guid":{"rendered":"https:\/\/nueva.gaspachitos.com\/producto\/tommee-tippee-primer-juego-de-cubiertos-para-ninos-de-acero-inoxidable\/"},"modified":"2022-11-10T12:51:29","modified_gmt":"2022-11-10T10:51:29","slug":"tommee-tippee-primer-juego-de-cubiertos-para-ninos-de-acero-inoxidable","status":"publish","type":"product","link":"https:\/\/gaspachitos.com\/eu\/producto\/tommee-tippee-primer-juego-de-cubiertos-para-ninos-de-acero-inoxidable\/","title":{"rendered":"Tommee Tippee Primer Juego de Cubiertos para Ni\u00f1os de Acero Inoxidable."},"content":{"rendered":"<p><span>Cuando llega el momento de que tu peque pase de las cucharas para beb\u00e9s a los cubiertos de verdad, el primer juego de cubiertos para ni\u00f1os de Tommee Tippee es perfecto. Estos cubiertos son ideales para estimular la alimentaci\u00f3n independiente. El tenedor de acero inoxidable tiene puntas redondeadas para proteger bocas y enc\u00edas, a la vez que es lo bastante fuerte para pinchar la comida del bol o plato. El dise\u00f1o ancho de la cuchara ayuda a recoger la comida, y la gran profundidad impide que se caiga. As\u00ed, llegar\u00e1 m\u00e1s comida a la boca \u00a1y menos al suelo! Los mangos gorditos permiten que tu peque agarre los cubiertos m\u00e1s f\u00e1cilmente, lo que estimula la destreza manual y el desarrollo de los m\u00fasculos de la mano. Nuestros productos nunca contienen BPA, BPS, PVC, ftalatos ni nitrosaminas. Esta cuberter\u00eda de acero inoxidable se puede lavar en el lavavajillas y meter en el esterilizador. Aunque si tu peque es lo bastante mayor para comer sin ayuda, \u00a1igual tambi\u00e9n puede fregar los cubiertos! Producto apto para mayores de 12 meses.<\/span><\/p>\n","protected":false},"excerpt":{"rendered":"<h1 id=\"title\" class=\"a-size-large a-spacing-none\"><span id=\"productTitle\" class=\"a-size-large product-title-word-break\">Tommee Tippee Primer Juego de Cubiertos para Ni\u00f1os de Acero Inoxidable, Puntas Redondeadas, Mangos Gruesos, 12 Meses, 3 Unidad (Paquete de 1)<\/span><\/h1>\n","protected":false},"featured_media":238908,"comment_status":"open","ping_status":"closed","template":"","meta":{"_et_pb_use_builder":"","_et_pb_old_content":"","_et_gb_content_width":""},"pwb-brand":[],"product_brand":[],"product_cat":[5761,5941],"product_tag":[],"class_list":{"0":"post-262621","1":"product","2":"type-product","3":"status-publish","4":"has-post-thumbnail","6":"product_cat-alimentacion-eu","7":"product_cat-vajillas-eu","9":"first","10":"instock","11":"taxable","12":"shipping-taxable","13":"purchasable","14":"product-type-simple"},"yoast_head":"<!-- This site is optimized with the Yoast SEO plugin v27.5 - https:\/\/yoast.com\/product\/yoast-seo-wordpress\/ -->\n<title>Tommee Tippee Primer Juego de Cubiertos para Ni\u00f1os de Acero Inoxidable. - Gaspachitos<\/title>\n<meta name=\"robots\" content=\"index, follow, max-snippet:-1, max-image-preview:large, max-video-preview:-1\" \/>\n<link rel=\"canonical\" href=\"https:\/\/gaspachitos.com\/eu\/producto\/tommee-tippee-primer-juego-de-cubiertos-para-ninos-de-acero-inoxidable\/\" \/>\n<meta property=\"og:locale\" content=\"eu_ES\" \/>\n<meta property=\"og:type\" content=\"article\" \/>\n<meta property=\"og:title\" content=\"Tommee Tippee Primer Juego de Cubiertos para Ni\u00f1os de Acero Inoxidable. - Gaspachitos\" \/>\n<meta property=\"og:description\" content=\"Tommee Tippee Primer Juego de Cubiertos para Ni\u00f1os de Acero Inoxidable, Puntas Redondeadas, Mangos Gruesos, 12 Meses, 3 Unidad (Paquete de 1)\" \/>\n<meta property=\"og:url\" content=\"https:\/\/gaspachitos.com\/eu\/producto\/tommee-tippee-primer-juego-de-cubiertos-para-ninos-de-acero-inoxidable\/\" \/>\n<meta property=\"og:site_name\" content=\"Gaspachitos\" \/>\n<meta property=\"og:image\" content=\"https:\/\/gaspachitos.com\/wp-content\/uploads\/2022\/11\/10653-thickbox_default-Tommee-Tippee-Primer-Juego-de-Cubiertos-para-Ninos-de-Acero-Inoxidable.jpg\" \/>\n\t<meta property=\"og:image:width\" content=\"800\" \/>\n\t<meta property=\"og:image:height\" content=\"800\" \/>\n\t<meta property=\"og:image:type\" content=\"image\/jpeg\" \/>\n<meta name=\"twitter:card\" content=\"summary_large_image\" \/>\n<meta name=\"twitter:label1\" content=\"Est. reading time\" \/>\n\t<meta name=\"twitter:data1\" content=\"1 minute\" \/>\n<script type=\"application\/ld+json\" class=\"yoast-schema-graph\">{\"@context\":\"https:\\\/\\\/schema.org\",\"@graph\":[{\"@type\":\"WebPage\",\"@id\":\"https:\\\/\\\/gaspachitos.com\\\/eu\\\/producto\\\/tommee-tippee-primer-juego-de-cubiertos-para-ninos-de-acero-inoxidable\\\/\",\"url\":\"https:\\\/\\\/gaspachitos.com\\\/eu\\\/producto\\\/tommee-tippee-primer-juego-de-cubiertos-para-ninos-de-acero-inoxidable\\\/\",\"name\":\"Tommee Tippee Primer Juego de Cubiertos para Ni\u00f1os de Acero Inoxidable. - Gaspachitos\",\"isPartOf\":{\"@id\":\"https:\\\/\\\/gaspachitos.com\\\/#website\"},\"primaryImageOfPage\":{\"@id\":\"https:\\\/\\\/gaspachitos.com\\\/eu\\\/producto\\\/tommee-tippee-primer-juego-de-cubiertos-para-ninos-de-acero-inoxidable\\\/#primaryimage\"},\"image\":{\"@id\":\"https:\\\/\\\/gaspachitos.com\\\/eu\\\/producto\\\/tommee-tippee-primer-juego-de-cubiertos-para-ninos-de-acero-inoxidable\\\/#primaryimage\"},\"thumbnailUrl\":\"https:\\\/\\\/gaspachitos.com\\\/wp-content\\\/uploads\\\/2022\\\/11\\\/10653-thickbox_default-Tommee-Tippee-Primer-Juego-de-Cubiertos-para-Ninos-de-Acero-Inoxidable.jpg\",\"datePublished\":\"2022-11-10T10:51:29+00:00\",\"breadcrumb\":{\"@id\":\"https:\\\/\\\/gaspachitos.com\\\/eu\\\/producto\\\/tommee-tippee-primer-juego-de-cubiertos-para-ninos-de-acero-inoxidable\\\/#breadcrumb\"},\"inLanguage\":\"eu-ES\",\"potentialAction\":[{\"@type\":\"ReadAction\",\"target\":[\"https:\\\/\\\/gaspachitos.com\\\/eu\\\/producto\\\/tommee-tippee-primer-juego-de-cubiertos-para-ninos-de-acero-inoxidable\\\/\"]}]},{\"@type\":\"ImageObject\",\"inLanguage\":\"eu-ES\",\"@id\":\"https:\\\/\\\/gaspachitos.com\\\/eu\\\/producto\\\/tommee-tippee-primer-juego-de-cubiertos-para-ninos-de-acero-inoxidable\\\/#primaryimage\",\"url\":\"https:\\\/\\\/gaspachitos.com\\\/wp-content\\\/uploads\\\/2022\\\/11\\\/10653-thickbox_default-Tommee-Tippee-Primer-Juego-de-Cubiertos-para-Ninos-de-Acero-Inoxidable.jpg\",\"contentUrl\":\"https:\\\/\\\/gaspachitos.com\\\/wp-content\\\/uploads\\\/2022\\\/11\\\/10653-thickbox_default-Tommee-Tippee-Primer-Juego-de-Cubiertos-para-Ninos-de-Acero-Inoxidable.jpg\",\"width\":800,\"height\":800},{\"@type\":\"BreadcrumbList\",\"@id\":\"https:\\\/\\\/gaspachitos.com\\\/eu\\\/producto\\\/tommee-tippee-primer-juego-de-cubiertos-para-ninos-de-acero-inoxidable\\\/#breadcrumb\",\"itemListElement\":[{\"@type\":\"ListItem\",\"position\":1,\"name\":\"Portada\",\"item\":\"https:\\\/\\\/gaspachitos.com\\\/\"},{\"@type\":\"ListItem\",\"position\":2,\"name\":\"Produtos\",\"item\":\"https:\\\/\\\/gaspachitos.com\\\/gl\\\/shop\\\/\"},{\"@type\":\"ListItem\",\"position\":3,\"name\":\"Tommee Tippee Primer Juego de Cubiertos para Ni\u00f1os de Acero Inoxidable.\"}]},{\"@type\":\"WebSite\",\"@id\":\"https:\\\/\\\/gaspachitos.com\\\/#website\",\"url\":\"https:\\\/\\\/gaspachitos.com\\\/\",\"name\":\"Gaspachitos\",\"description\":\"La tienda para tu beb\u00e9: cochecitos, sillas de paseo, cunas...\",\"potentialAction\":[{\"@type\":\"SearchAction\",\"target\":{\"@type\":\"EntryPoint\",\"urlTemplate\":\"https:\\\/\\\/gaspachitos.com\\\/?s={search_term_string}\"},\"query-input\":{\"@type\":\"PropertyValueSpecification\",\"valueRequired\":true,\"valueName\":\"search_term_string\"}}],\"inLanguage\":\"eu-ES\"}]}<\/script>\n<!-- \/ Yoast SEO plugin. -->","yoast_head_json":{"title":"Tommee Tippee Primer Juego de Cubiertos para Ni\u00f1os de Acero Inoxidable. - Gaspachitos","robots":{"index":"index","follow":"follow","max-snippet":"max-snippet:-1","max-image-preview":"max-image-preview:large","max-video-preview":"max-video-preview:-1"},"canonical":"https:\/\/gaspachitos.com\/eu\/producto\/tommee-tippee-primer-juego-de-cubiertos-para-ninos-de-acero-inoxidable\/","og_locale":"eu_ES","og_type":"article","og_title":"Tommee Tippee Primer Juego de Cubiertos para Ni\u00f1os de Acero Inoxidable. - Gaspachitos","og_description":"Tommee Tippee Primer Juego de Cubiertos para Ni\u00f1os de Acero Inoxidable, Puntas Redondeadas, Mangos Gruesos, 12 Meses, 3 Unidad (Paquete de 1)","og_url":"https:\/\/gaspachitos.com\/eu\/producto\/tommee-tippee-primer-juego-de-cubiertos-para-ninos-de-acero-inoxidable\/","og_site_name":"Gaspachitos","og_image":[{"width":800,"height":800,"url":"https:\/\/gaspachitos.com\/wp-content\/uploads\/2022\/11\/10653-thickbox_default-Tommee-Tippee-Primer-Juego-de-Cubiertos-para-Ninos-de-Acero-Inoxidable.jpg","type":"image\/jpeg"}],"twitter_card":"summary_large_image","twitter_misc":{"Est. reading time":"1 minute"},"schema":{"@context":"https:\/\/schema.org","@graph":[{"@type":"WebPage","@id":"https:\/\/gaspachitos.com\/eu\/producto\/tommee-tippee-primer-juego-de-cubiertos-para-ninos-de-acero-inoxidable\/","url":"https:\/\/gaspachitos.com\/eu\/producto\/tommee-tippee-primer-juego-de-cubiertos-para-ninos-de-acero-inoxidable\/","name":"Tommee Tippee Primer Juego de Cubiertos para Ni\u00f1os de Acero Inoxidable. - Gaspachitos","isPartOf":{"@id":"https:\/\/gaspachitos.com\/#website"},"primaryImageOfPage":{"@id":"https:\/\/gaspachitos.com\/eu\/producto\/tommee-tippee-primer-juego-de-cubiertos-para-ninos-de-acero-inoxidable\/#primaryimage"},"image":{"@id":"https:\/\/gaspachitos.com\/eu\/producto\/tommee-tippee-primer-juego-de-cubiertos-para-ninos-de-acero-inoxidable\/#primaryimage"},"thumbnailUrl":"https:\/\/gaspachitos.com\/wp-content\/uploads\/2022\/11\/10653-thickbox_default-Tommee-Tippee-Primer-Juego-de-Cubiertos-para-Ninos-de-Acero-Inoxidable.jpg","datePublished":"2022-11-10T10:51:29+00:00","breadcrumb":{"@id":"https:\/\/gaspachitos.com\/eu\/producto\/tommee-tippee-primer-juego-de-cubiertos-para-ninos-de-acero-inoxidable\/#breadcrumb"},"inLanguage":"eu-ES","potentialAction":[{"@type":"ReadAction","target":["https:\/\/gaspachitos.com\/eu\/producto\/tommee-tippee-primer-juego-de-cubiertos-para-ninos-de-acero-inoxidable\/"]}]},{"@type":"ImageObject","inLanguage":"eu-ES","@id":"https:\/\/gaspachitos.com\/eu\/producto\/tommee-tippee-primer-juego-de-cubiertos-para-ninos-de-acero-inoxidable\/#primaryimage","url":"https:\/\/gaspachitos.com\/wp-content\/uploads\/2022\/11\/10653-thickbox_default-Tommee-Tippee-Primer-Juego-de-Cubiertos-para-Ninos-de-Acero-Inoxidable.jpg","contentUrl":"https:\/\/gaspachitos.com\/wp-content\/uploads\/2022\/11\/10653-thickbox_default-Tommee-Tippee-Primer-Juego-de-Cubiertos-para-Ninos-de-Acero-Inoxidable.jpg","width":800,"height":800},{"@type":"BreadcrumbList","@id":"https:\/\/gaspachitos.com\/eu\/producto\/tommee-tippee-primer-juego-de-cubiertos-para-ninos-de-acero-inoxidable\/#breadcrumb","itemListElement":[{"@type":"ListItem","position":1,"name":"Portada","item":"https:\/\/gaspachitos.com\/"},{"@type":"ListItem","position":2,"name":"Produtos","item":"https:\/\/gaspachitos.com\/gl\/shop\/"},{"@type":"ListItem","position":3,"name":"Tommee Tippee Primer Juego de Cubiertos para Ni\u00f1os de Acero Inoxidable."}]},{"@type":"WebSite","@id":"https:\/\/gaspachitos.com\/#website","url":"https:\/\/gaspachitos.com\/","name":"Gaspachitos","description":"La tienda para tu beb\u00e9: cochecitos, sillas de paseo, cunas...","potentialAction":[{"@type":"SearchAction","target":{"@type":"EntryPoint","urlTemplate":"https:\/\/gaspachitos.com\/?s={search_term_string}"},"query-input":{"@type":"PropertyValueSpecification","valueRequired":true,"valueName":"search_term_string"}}],"inLanguage":"eu-ES"}]}},"brands":[],"_links":{"self":[{"href":"https:\/\/gaspachitos.com\/eu\/wp-json\/wp\/v2\/product\/262621","targetHints":{"allow":["GET"]}}],"collection":[{"href":"https:\/\/gaspachitos.com\/eu\/wp-json\/wp\/v2\/product"}],"about":[{"href":"https:\/\/gaspachitos.com\/eu\/wp-json\/wp\/v2\/types\/product"}],"replies":[{"embeddable":true,"href":"https:\/\/gaspachitos.com\/eu\/wp-json\/wp\/v2\/comments?post=262621"}],"wp:featuredmedia":[{"embeddable":true,"href":"https:\/\/gaspachitos.com\/eu\/wp-json\/wp\/v2\/media\/238908"}],"wp:attachment":[{"href":"https:\/\/gaspachitos.com\/eu\/wp-json\/wp\/v2\/media?parent=262621"}],"wp:term":[{"taxonomy":"pwb-brand","embeddable":true,"href":"https:\/\/gaspachitos.com\/eu\/wp-json\/wp\/v2\/pwb-brand?post=262621"},{"taxonomy":"product_brand","embeddable":true,"href":"https:\/\/gaspachitos.com\/eu\/wp-json\/wp\/v2\/product_brand?post=262621"},{"taxonomy":"product_cat","embeddable":true,"href":"https:\/\/gaspachitos.com\/eu\/wp-json\/wp\/v2\/product_cat?post=262621"},{"taxonomy":"product_tag","embeddable":true,"href":"https:\/\/gaspachitos.com\/eu\/wp-json\/wp\/v2\/product_tag?post=262621"}],"curies":[{"name":"wp","href":"https:\/\/api.w.org\/{rel}","templated":true}]}}