{"id":262612,"date":"2022-11-10T12:47:48","date_gmt":"2022-11-10T10:47:48","guid":{"rendered":"https:\/\/nueva.gaspachitos.com\/producto\/tommee-tippee-easigrip-cucharas-de-destete-autoalimentadas\/"},"modified":"2022-11-10T12:47:48","modified_gmt":"2022-11-10T10:47:48","slug":"tommee-tippee-easigrip-cucharas-de-destete-autoalimentadas","status":"publish","type":"product","link":"https:\/\/gaspachitos.com\/eu\/producto\/tommee-tippee-easigrip-cucharas-de-destete-autoalimentadas\/","title":{"rendered":"Tommee Tippee Easigrip\u2122 Cucharas de destete autoalimentadas"},"content":{"rendered":"<p><span>Cuando el beb\u00e9 est\u00e1 listo para alimentarse solo, no lo detiene. As\u00ed que hemos dise\u00f1ado nuestras cucharas de alimentaci\u00f3n autom\u00e1tica para que sea f\u00e1cil para ellos agarrar, recoger y alimentarse por s\u00ed mismos, para que puedas estar seguro de que sacan tanto del cuenco como sea posible. Beb\u00e9 completo, beb\u00e9 feliz, mam\u00e1 feliz. Con higiene a la vanguardia de las mentes de todos, nuestras cucharas a\u00f1aden una capa extra de tranquilidad, Bacshield\u2122 en todas nuestras cucharas, evita el crecimiento de bacterias para que puedas estar seguro de que estamos haciendo nuestra parte para mantener a tu beb\u00e9 a salvo de g\u00e9rmenes. Adem\u00e1s, todos nuestros productos son libres de BPA, BPS, PVC, ftalatos y nitrosamina. Adecuado para beb\u00e9s de 6 meses en adelante. Todos nuestros productos son libres de BPA, BPS, PVC, ftalatos y nitrosamina.<\/span><\/p>\n","protected":false},"excerpt":{"rendered":"<h1 id=\"title\" class=\"a-size-large a-spacing-none\"><span id=\"productTitle\" class=\"a-size-large product-title-word-break\">Tommee Tippee Easigrip\u2122 Cucharas de destete autoalimentadas, asas gruesas con base de cuchara profunda y ancha, 6 m+, paquete de 5<\/span><\/h1>\n","protected":false},"featured_media":238872,"comment_status":"open","ping_status":"closed","template":"","meta":{"_et_pb_use_builder":"","_et_pb_old_content":"","_et_gb_content_width":""},"pwb-brand":[],"product_brand":[],"product_cat":[5761,5941],"product_tag":[],"class_list":{"0":"post-262612","1":"product","2":"type-product","3":"status-publish","4":"has-post-thumbnail","6":"product_cat-alimentacion-eu","7":"product_cat-vajillas-eu","9":"first","10":"instock","11":"taxable","12":"shipping-taxable","13":"purchasable","14":"product-type-simple"},"yoast_head":"<!-- This site is optimized with the Yoast SEO plugin v27.4 - https:\/\/yoast.com\/product\/yoast-seo-wordpress\/ -->\n<title>Tommee Tippee Easigrip\u2122 Cucharas de destete autoalimentadas - Gaspachitos<\/title>\n<meta name=\"robots\" content=\"index, follow, max-snippet:-1, max-image-preview:large, max-video-preview:-1\" \/>\n<link rel=\"canonical\" href=\"https:\/\/gaspachitos.com\/producto\/tommee-tippee-easigrip-cucharas-de-destete-autoalimentadas\/\" \/>\n<meta property=\"og:locale\" content=\"eu_ES\" \/>\n<meta property=\"og:type\" content=\"article\" \/>\n<meta property=\"og:title\" content=\"Tommee Tippee Easigrip\u2122 Cucharas de destete autoalimentadas - Gaspachitos\" \/>\n<meta property=\"og:description\" content=\"Tommee Tippee Easigrip\u2122 Cucharas de destete autoalimentadas, asas gruesas con base de cuchara profunda y ancha, 6 m+, paquete de 5\" \/>\n<meta property=\"og:url\" content=\"https:\/\/gaspachitos.com\/producto\/tommee-tippee-easigrip-cucharas-de-destete-autoalimentadas\/\" \/>\n<meta property=\"og:site_name\" content=\"Gaspachitos\" \/>\n<meta property=\"og:image\" content=\"https:\/\/gaspachitos.com\/wp-content\/uploads\/2022\/11\/10650-thickbox_default-Tommee-Tippee-Easigrip\u2122-Cucharas-de-destete-autoalimentadas.jpg\" \/>\n\t<meta property=\"og:image:width\" content=\"800\" \/>\n\t<meta property=\"og:image:height\" content=\"800\" \/>\n\t<meta property=\"og:image:type\" content=\"image\/jpeg\" \/>\n<meta name=\"twitter:card\" content=\"summary_large_image\" \/>\n<meta name=\"twitter:label1\" content=\"Est. reading time\" \/>\n\t<meta name=\"twitter:data1\" content=\"1 minute\" \/>\n<script type=\"application\/ld+json\" class=\"yoast-schema-graph\">{\"@context\":\"https:\\\/\\\/schema.org\",\"@graph\":[{\"@type\":\"WebPage\",\"@id\":\"https:\\\/\\\/gaspachitos.com\\\/producto\\\/tommee-tippee-easigrip-cucharas-de-destete-autoalimentadas\\\/\",\"url\":\"https:\\\/\\\/gaspachitos.com\\\/producto\\\/tommee-tippee-easigrip-cucharas-de-destete-autoalimentadas\\\/\",\"name\":\"Tommee Tippee Easigrip\u2122 Cucharas de destete autoalimentadas - Gaspachitos\",\"isPartOf\":{\"@id\":\"https:\\\/\\\/gaspachitos.com\\\/#website\"},\"primaryImageOfPage\":{\"@id\":\"https:\\\/\\\/gaspachitos.com\\\/producto\\\/tommee-tippee-easigrip-cucharas-de-destete-autoalimentadas\\\/#primaryimage\"},\"image\":{\"@id\":\"https:\\\/\\\/gaspachitos.com\\\/producto\\\/tommee-tippee-easigrip-cucharas-de-destete-autoalimentadas\\\/#primaryimage\"},\"thumbnailUrl\":\"https:\\\/\\\/gaspachitos.com\\\/wp-content\\\/uploads\\\/2022\\\/11\\\/10650-thickbox_default-Tommee-Tippee-Easigrip\u2122-Cucharas-de-destete-autoalimentadas.jpg\",\"datePublished\":\"2022-11-10T10:47:48+00:00\",\"breadcrumb\":{\"@id\":\"https:\\\/\\\/gaspachitos.com\\\/producto\\\/tommee-tippee-easigrip-cucharas-de-destete-autoalimentadas\\\/#breadcrumb\"},\"inLanguage\":\"eu-ES\",\"potentialAction\":[{\"@type\":\"ReadAction\",\"target\":[\"https:\\\/\\\/gaspachitos.com\\\/producto\\\/tommee-tippee-easigrip-cucharas-de-destete-autoalimentadas\\\/\"]}]},{\"@type\":\"ImageObject\",\"inLanguage\":\"eu-ES\",\"@id\":\"https:\\\/\\\/gaspachitos.com\\\/producto\\\/tommee-tippee-easigrip-cucharas-de-destete-autoalimentadas\\\/#primaryimage\",\"url\":\"https:\\\/\\\/gaspachitos.com\\\/wp-content\\\/uploads\\\/2022\\\/11\\\/10650-thickbox_default-Tommee-Tippee-Easigrip\u2122-Cucharas-de-destete-autoalimentadas.jpg\",\"contentUrl\":\"https:\\\/\\\/gaspachitos.com\\\/wp-content\\\/uploads\\\/2022\\\/11\\\/10650-thickbox_default-Tommee-Tippee-Easigrip\u2122-Cucharas-de-destete-autoalimentadas.jpg\",\"width\":800,\"height\":800},{\"@type\":\"BreadcrumbList\",\"@id\":\"https:\\\/\\\/gaspachitos.com\\\/producto\\\/tommee-tippee-easigrip-cucharas-de-destete-autoalimentadas\\\/#breadcrumb\",\"itemListElement\":[{\"@type\":\"ListItem\",\"position\":1,\"name\":\"Portada\",\"item\":\"https:\\\/\\\/gaspachitos.com\\\/\"},{\"@type\":\"ListItem\",\"position\":2,\"name\":\"Produtos\",\"item\":\"https:\\\/\\\/gaspachitos.com\\\/gl\\\/shop\\\/\"},{\"@type\":\"ListItem\",\"position\":3,\"name\":\"Tommee Tippee Easigrip\u2122 Cucharas de destete autoalimentadas\"}]},{\"@type\":\"WebSite\",\"@id\":\"https:\\\/\\\/gaspachitos.com\\\/#website\",\"url\":\"https:\\\/\\\/gaspachitos.com\\\/\",\"name\":\"Gaspachitos\",\"description\":\"La tienda para tu beb\u00e9: cochecitos, sillas de paseo, cunas...\",\"potentialAction\":[{\"@type\":\"SearchAction\",\"target\":{\"@type\":\"EntryPoint\",\"urlTemplate\":\"https:\\\/\\\/gaspachitos.com\\\/?s={search_term_string}\"},\"query-input\":{\"@type\":\"PropertyValueSpecification\",\"valueRequired\":true,\"valueName\":\"search_term_string\"}}],\"inLanguage\":\"eu-ES\"}]}<\/script>\n<!-- \/ Yoast SEO plugin. -->","yoast_head_json":{"title":"Tommee Tippee Easigrip\u2122 Cucharas de destete autoalimentadas - Gaspachitos","robots":{"index":"index","follow":"follow","max-snippet":"max-snippet:-1","max-image-preview":"max-image-preview:large","max-video-preview":"max-video-preview:-1"},"canonical":"https:\/\/gaspachitos.com\/producto\/tommee-tippee-easigrip-cucharas-de-destete-autoalimentadas\/","og_locale":"eu_ES","og_type":"article","og_title":"Tommee Tippee Easigrip\u2122 Cucharas de destete autoalimentadas - Gaspachitos","og_description":"Tommee Tippee Easigrip\u2122 Cucharas de destete autoalimentadas, asas gruesas con base de cuchara profunda y ancha, 6 m+, paquete de 5","og_url":"https:\/\/gaspachitos.com\/producto\/tommee-tippee-easigrip-cucharas-de-destete-autoalimentadas\/","og_site_name":"Gaspachitos","og_image":[{"width":800,"height":800,"url":"https:\/\/gaspachitos.com\/wp-content\/uploads\/2022\/11\/10650-thickbox_default-Tommee-Tippee-Easigrip\u2122-Cucharas-de-destete-autoalimentadas.jpg","type":"image\/jpeg"}],"twitter_card":"summary_large_image","twitter_misc":{"Est. reading time":"1 minute"},"schema":{"@context":"https:\/\/schema.org","@graph":[{"@type":"WebPage","@id":"https:\/\/gaspachitos.com\/producto\/tommee-tippee-easigrip-cucharas-de-destete-autoalimentadas\/","url":"https:\/\/gaspachitos.com\/producto\/tommee-tippee-easigrip-cucharas-de-destete-autoalimentadas\/","name":"Tommee Tippee Easigrip\u2122 Cucharas de destete autoalimentadas - Gaspachitos","isPartOf":{"@id":"https:\/\/gaspachitos.com\/#website"},"primaryImageOfPage":{"@id":"https:\/\/gaspachitos.com\/producto\/tommee-tippee-easigrip-cucharas-de-destete-autoalimentadas\/#primaryimage"},"image":{"@id":"https:\/\/gaspachitos.com\/producto\/tommee-tippee-easigrip-cucharas-de-destete-autoalimentadas\/#primaryimage"},"thumbnailUrl":"https:\/\/gaspachitos.com\/wp-content\/uploads\/2022\/11\/10650-thickbox_default-Tommee-Tippee-Easigrip\u2122-Cucharas-de-destete-autoalimentadas.jpg","datePublished":"2022-11-10T10:47:48+00:00","breadcrumb":{"@id":"https:\/\/gaspachitos.com\/producto\/tommee-tippee-easigrip-cucharas-de-destete-autoalimentadas\/#breadcrumb"},"inLanguage":"eu-ES","potentialAction":[{"@type":"ReadAction","target":["https:\/\/gaspachitos.com\/producto\/tommee-tippee-easigrip-cucharas-de-destete-autoalimentadas\/"]}]},{"@type":"ImageObject","inLanguage":"eu-ES","@id":"https:\/\/gaspachitos.com\/producto\/tommee-tippee-easigrip-cucharas-de-destete-autoalimentadas\/#primaryimage","url":"https:\/\/gaspachitos.com\/wp-content\/uploads\/2022\/11\/10650-thickbox_default-Tommee-Tippee-Easigrip\u2122-Cucharas-de-destete-autoalimentadas.jpg","contentUrl":"https:\/\/gaspachitos.com\/wp-content\/uploads\/2022\/11\/10650-thickbox_default-Tommee-Tippee-Easigrip\u2122-Cucharas-de-destete-autoalimentadas.jpg","width":800,"height":800},{"@type":"BreadcrumbList","@id":"https:\/\/gaspachitos.com\/producto\/tommee-tippee-easigrip-cucharas-de-destete-autoalimentadas\/#breadcrumb","itemListElement":[{"@type":"ListItem","position":1,"name":"Portada","item":"https:\/\/gaspachitos.com\/"},{"@type":"ListItem","position":2,"name":"Produtos","item":"https:\/\/gaspachitos.com\/gl\/shop\/"},{"@type":"ListItem","position":3,"name":"Tommee Tippee Easigrip\u2122 Cucharas de destete autoalimentadas"}]},{"@type":"WebSite","@id":"https:\/\/gaspachitos.com\/#website","url":"https:\/\/gaspachitos.com\/","name":"Gaspachitos","description":"La tienda para tu beb\u00e9: cochecitos, sillas de paseo, cunas...","potentialAction":[{"@type":"SearchAction","target":{"@type":"EntryPoint","urlTemplate":"https:\/\/gaspachitos.com\/?s={search_term_string}"},"query-input":{"@type":"PropertyValueSpecification","valueRequired":true,"valueName":"search_term_string"}}],"inLanguage":"eu-ES"}]}},"brands":[],"_links":{"self":[{"href":"https:\/\/gaspachitos.com\/eu\/wp-json\/wp\/v2\/product\/262612","targetHints":{"allow":["GET"]}}],"collection":[{"href":"https:\/\/gaspachitos.com\/eu\/wp-json\/wp\/v2\/product"}],"about":[{"href":"https:\/\/gaspachitos.com\/eu\/wp-json\/wp\/v2\/types\/product"}],"replies":[{"embeddable":true,"href":"https:\/\/gaspachitos.com\/eu\/wp-json\/wp\/v2\/comments?post=262612"}],"wp:featuredmedia":[{"embeddable":true,"href":"https:\/\/gaspachitos.com\/eu\/wp-json\/wp\/v2\/media\/238872"}],"wp:attachment":[{"href":"https:\/\/gaspachitos.com\/eu\/wp-json\/wp\/v2\/media?parent=262612"}],"wp:term":[{"taxonomy":"pwb-brand","embeddable":true,"href":"https:\/\/gaspachitos.com\/eu\/wp-json\/wp\/v2\/pwb-brand?post=262612"},{"taxonomy":"product_brand","embeddable":true,"href":"https:\/\/gaspachitos.com\/eu\/wp-json\/wp\/v2\/product_brand?post=262612"},{"taxonomy":"product_cat","embeddable":true,"href":"https:\/\/gaspachitos.com\/eu\/wp-json\/wp\/v2\/product_cat?post=262612"},{"taxonomy":"product_tag","embeddable":true,"href":"https:\/\/gaspachitos.com\/eu\/wp-json\/wp\/v2\/product_tag?post=262612"}],"curies":[{"name":"wp","href":"https:\/\/api.w.org\/{rel}","templated":true}]}}