{"id":262576,"date":"2022-11-10T12:16:33","date_gmt":"2022-11-10T10:16:33","guid":{"rendered":"https:\/\/nueva.gaspachitos.com\/producto\/2-precucharas-rosa-para-bebe\/"},"modified":"2022-11-10T12:16:33","modified_gmt":"2022-11-10T10:16:33","slug":"2-precucharas-rosa-para-bebe","status":"publish","type":"product","link":"https:\/\/gaspachitos.com\/eu\/producto\/2-precucharas-rosa-para-bebe\/","title":{"rendered":"2 PRECUCHARAS ROSA PARA BEB\u00c9"},"content":{"rendered":"<p><span>Con esta\u00a0<\/span><b>cuchara de entrenamiento<\/b><span>, tu beb\u00e9 tendr\u00e1 la suficiente autonom\u00eda para comer solo.<\/span><br \/><span>Est\u00e1 dise\u00f1ada especialmente para los peques que empiezan a llevarse la cuchara a la boca pero aun no dominan el equilibrio necesario. Para ellos es una cuchara m\u00e1s f\u00e1cil y c\u00f3moda, y sobretodo adaptada a sus movimientos y gestos, ya que con ella no se derraman los pur\u00e9s y los trocitos no deben ser pinchados, lo cual requerir\u00eda de mayor motricidad fina.<\/span><br \/><span>Es completamente adaptable a sus manitas y la puede coger a su manera sin tener que rotar la mu\u00f1eca como con una cuchara convencional. Esta cuchara tan curiosa est\u00e1 agujereada en su centro y\u00a0<\/span><b>captura y retiene los alimentos l\u00edquidos ligeramente espesos\u00a0<\/b><span>como pur\u00e9s o potitos o\u00a0<\/span><b>s\u00f3lidos machacados\u00a0<\/b><span>como las verduritas de la imagen. Al atrapar los alimentos, el beb\u00e9 puede mover la cuchara sin preocuparse por la fuerza de la gravedad ni perder la comida en el camino hacia la boca.<\/span><\/p>\n<p><span>Adem\u00e1s, su punta en TPE (m\u00e1s blandito) ayuda a tu beb\u00e9 en la etapa de dentici\u00f3n ya que la puede utilizar tambi\u00e9n como mordedor aliviando las molestias t\u00edpicas en las enc\u00edas.<\/span><br \/><span>As\u00ed que si quieres que tu peque avance en su independencia prueba nuestra precuchara, es un invento fant\u00e1stico e innovador.<\/span><br \/><span>Est\u00e1 recomendado para ni\u00f1os de +6 meses.<\/span><br \/><b><br \/><\/b><span>&#8211; Antes de usarlo por primera vez lave el art\u00edculo con agua tibia y jab\u00f3n suave.<\/span><br \/><span>&#8211; Apto para lavavajillas (solo en la bandeja superior) no apto para esterilizadores.<\/span><br \/><span>&#8211; No hervir. No calentar en el microondas.<\/span><br \/><span>&#8211; No utilizar productos abrasivos o disolventes.<\/span><br \/><span>&#8211; No exponer directamente a la luz solar.<\/span><br \/><span>&#8211; Material: Polipropileno y TPE.<\/span><\/p>\n","protected":false},"excerpt":{"rendered":"<h1 class=\"product_main_name\">2 PRECUCHARAS ROSA PARA BEB\u00c9<\/h1>\n","protected":false},"featured_media":238746,"comment_status":"open","ping_status":"closed","template":"","meta":{"_et_pb_use_builder":"","_et_pb_old_content":"","_et_gb_content_width":""},"pwb-brand":[],"product_brand":[],"product_cat":[10878],"product_tag":[],"class_list":{"0":"post-262576","1":"product","2":"type-product","3":"status-publish","4":"has-post-thumbnail","6":"product_cat-sin-categorizar","8":"first","9":"instock","10":"taxable","11":"shipping-taxable","12":"purchasable","13":"product-type-simple"},"yoast_head":"<!-- This site is optimized with the Yoast SEO plugin v27.4 - https:\/\/yoast.com\/product\/yoast-seo-wordpress\/ -->\n<title>cucharitas de silicona<\/title>\n<meta name=\"description\" content=\"cucharita silicona flexible\" \/>\n<meta name=\"robots\" content=\"index, follow, max-snippet:-1, max-image-preview:large, max-video-preview:-1\" \/>\n<link rel=\"canonical\" href=\"https:\/\/gaspachitos.com\/producto\/2-precucharas-rosa-para-bebe\/\" \/>\n<meta property=\"og:locale\" content=\"eu_ES\" \/>\n<meta property=\"og:type\" content=\"article\" \/>\n<meta property=\"og:title\" content=\"cucharitas de silicona\" \/>\n<meta property=\"og:description\" content=\"cucharita silicona flexible\" \/>\n<meta property=\"og:url\" content=\"https:\/\/gaspachitos.com\/producto\/2-precucharas-rosa-para-bebe\/\" \/>\n<meta property=\"og:site_name\" content=\"Gaspachitos\" \/>\n<meta property=\"og:image\" content=\"https:\/\/gaspachitos.com\/wp-content\/uploads\/2022\/11\/10640-thickbox_default-2-PRECUCHARAS-ROSA-PARA-BEBE.jpg\" \/>\n\t<meta property=\"og:image:width\" content=\"800\" \/>\n\t<meta property=\"og:image:height\" content=\"800\" \/>\n\t<meta property=\"og:image:type\" content=\"image\/jpeg\" \/>\n<meta name=\"twitter:card\" content=\"summary_large_image\" \/>\n<meta name=\"twitter:label1\" content=\"Est. reading time\" \/>\n\t<meta name=\"twitter:data1\" content=\"1 minute\" \/>\n<script type=\"application\/ld+json\" class=\"yoast-schema-graph\">{\"@context\":\"https:\\\/\\\/schema.org\",\"@graph\":[{\"@type\":\"WebPage\",\"@id\":\"https:\\\/\\\/gaspachitos.com\\\/producto\\\/2-precucharas-rosa-para-bebe\\\/\",\"url\":\"https:\\\/\\\/gaspachitos.com\\\/producto\\\/2-precucharas-rosa-para-bebe\\\/\",\"name\":\"cucharitas de silicona\",\"isPartOf\":{\"@id\":\"https:\\\/\\\/gaspachitos.com\\\/#website\"},\"primaryImageOfPage\":{\"@id\":\"https:\\\/\\\/gaspachitos.com\\\/producto\\\/2-precucharas-rosa-para-bebe\\\/#primaryimage\"},\"image\":{\"@id\":\"https:\\\/\\\/gaspachitos.com\\\/producto\\\/2-precucharas-rosa-para-bebe\\\/#primaryimage\"},\"thumbnailUrl\":\"https:\\\/\\\/gaspachitos.com\\\/wp-content\\\/uploads\\\/2022\\\/11\\\/10640-thickbox_default-2-PRECUCHARAS-ROSA-PARA-BEBE.jpg\",\"datePublished\":\"2022-11-10T10:16:33+00:00\",\"description\":\"cucharita silicona flexible\",\"breadcrumb\":{\"@id\":\"https:\\\/\\\/gaspachitos.com\\\/producto\\\/2-precucharas-rosa-para-bebe\\\/#breadcrumb\"},\"inLanguage\":\"eu-ES\",\"potentialAction\":[{\"@type\":\"ReadAction\",\"target\":[\"https:\\\/\\\/gaspachitos.com\\\/producto\\\/2-precucharas-rosa-para-bebe\\\/\"]}]},{\"@type\":\"ImageObject\",\"inLanguage\":\"eu-ES\",\"@id\":\"https:\\\/\\\/gaspachitos.com\\\/producto\\\/2-precucharas-rosa-para-bebe\\\/#primaryimage\",\"url\":\"https:\\\/\\\/gaspachitos.com\\\/wp-content\\\/uploads\\\/2022\\\/11\\\/10640-thickbox_default-2-PRECUCHARAS-ROSA-PARA-BEBE.jpg\",\"contentUrl\":\"https:\\\/\\\/gaspachitos.com\\\/wp-content\\\/uploads\\\/2022\\\/11\\\/10640-thickbox_default-2-PRECUCHARAS-ROSA-PARA-BEBE.jpg\",\"width\":800,\"height\":800},{\"@type\":\"BreadcrumbList\",\"@id\":\"https:\\\/\\\/gaspachitos.com\\\/producto\\\/2-precucharas-rosa-para-bebe\\\/#breadcrumb\",\"itemListElement\":[{\"@type\":\"ListItem\",\"position\":1,\"name\":\"Portada\",\"item\":\"https:\\\/\\\/gaspachitos.com\\\/\"},{\"@type\":\"ListItem\",\"position\":2,\"name\":\"Produtos\",\"item\":\"https:\\\/\\\/gaspachitos.com\\\/gl\\\/shop\\\/\"},{\"@type\":\"ListItem\",\"position\":3,\"name\":\"2 PRECUCHARAS ROSA PARA BEB\u00c9\"}]},{\"@type\":\"WebSite\",\"@id\":\"https:\\\/\\\/gaspachitos.com\\\/#website\",\"url\":\"https:\\\/\\\/gaspachitos.com\\\/\",\"name\":\"Gaspachitos\",\"description\":\"La tienda para tu beb\u00e9: cochecitos, sillas de paseo, cunas...\",\"potentialAction\":[{\"@type\":\"SearchAction\",\"target\":{\"@type\":\"EntryPoint\",\"urlTemplate\":\"https:\\\/\\\/gaspachitos.com\\\/?s={search_term_string}\"},\"query-input\":{\"@type\":\"PropertyValueSpecification\",\"valueRequired\":true,\"valueName\":\"search_term_string\"}}],\"inLanguage\":\"eu-ES\"}]}<\/script>\n<!-- \/ Yoast SEO plugin. -->","yoast_head_json":{"title":"cucharitas de silicona","description":"cucharita silicona flexible","robots":{"index":"index","follow":"follow","max-snippet":"max-snippet:-1","max-image-preview":"max-image-preview:large","max-video-preview":"max-video-preview:-1"},"canonical":"https:\/\/gaspachitos.com\/producto\/2-precucharas-rosa-para-bebe\/","og_locale":"eu_ES","og_type":"article","og_title":"cucharitas de silicona","og_description":"cucharita silicona flexible","og_url":"https:\/\/gaspachitos.com\/producto\/2-precucharas-rosa-para-bebe\/","og_site_name":"Gaspachitos","og_image":[{"width":800,"height":800,"url":"https:\/\/gaspachitos.com\/wp-content\/uploads\/2022\/11\/10640-thickbox_default-2-PRECUCHARAS-ROSA-PARA-BEBE.jpg","type":"image\/jpeg"}],"twitter_card":"summary_large_image","twitter_misc":{"Est. reading time":"1 minute"},"schema":{"@context":"https:\/\/schema.org","@graph":[{"@type":"WebPage","@id":"https:\/\/gaspachitos.com\/producto\/2-precucharas-rosa-para-bebe\/","url":"https:\/\/gaspachitos.com\/producto\/2-precucharas-rosa-para-bebe\/","name":"cucharitas de silicona","isPartOf":{"@id":"https:\/\/gaspachitos.com\/#website"},"primaryImageOfPage":{"@id":"https:\/\/gaspachitos.com\/producto\/2-precucharas-rosa-para-bebe\/#primaryimage"},"image":{"@id":"https:\/\/gaspachitos.com\/producto\/2-precucharas-rosa-para-bebe\/#primaryimage"},"thumbnailUrl":"https:\/\/gaspachitos.com\/wp-content\/uploads\/2022\/11\/10640-thickbox_default-2-PRECUCHARAS-ROSA-PARA-BEBE.jpg","datePublished":"2022-11-10T10:16:33+00:00","description":"cucharita silicona flexible","breadcrumb":{"@id":"https:\/\/gaspachitos.com\/producto\/2-precucharas-rosa-para-bebe\/#breadcrumb"},"inLanguage":"eu-ES","potentialAction":[{"@type":"ReadAction","target":["https:\/\/gaspachitos.com\/producto\/2-precucharas-rosa-para-bebe\/"]}]},{"@type":"ImageObject","inLanguage":"eu-ES","@id":"https:\/\/gaspachitos.com\/producto\/2-precucharas-rosa-para-bebe\/#primaryimage","url":"https:\/\/gaspachitos.com\/wp-content\/uploads\/2022\/11\/10640-thickbox_default-2-PRECUCHARAS-ROSA-PARA-BEBE.jpg","contentUrl":"https:\/\/gaspachitos.com\/wp-content\/uploads\/2022\/11\/10640-thickbox_default-2-PRECUCHARAS-ROSA-PARA-BEBE.jpg","width":800,"height":800},{"@type":"BreadcrumbList","@id":"https:\/\/gaspachitos.com\/producto\/2-precucharas-rosa-para-bebe\/#breadcrumb","itemListElement":[{"@type":"ListItem","position":1,"name":"Portada","item":"https:\/\/gaspachitos.com\/"},{"@type":"ListItem","position":2,"name":"Produtos","item":"https:\/\/gaspachitos.com\/gl\/shop\/"},{"@type":"ListItem","position":3,"name":"2 PRECUCHARAS ROSA PARA BEB\u00c9"}]},{"@type":"WebSite","@id":"https:\/\/gaspachitos.com\/#website","url":"https:\/\/gaspachitos.com\/","name":"Gaspachitos","description":"La tienda para tu beb\u00e9: cochecitos, sillas de paseo, cunas...","potentialAction":[{"@type":"SearchAction","target":{"@type":"EntryPoint","urlTemplate":"https:\/\/gaspachitos.com\/?s={search_term_string}"},"query-input":{"@type":"PropertyValueSpecification","valueRequired":true,"valueName":"search_term_string"}}],"inLanguage":"eu-ES"}]}},"brands":[],"_links":{"self":[{"href":"https:\/\/gaspachitos.com\/eu\/wp-json\/wp\/v2\/product\/262576","targetHints":{"allow":["GET"]}}],"collection":[{"href":"https:\/\/gaspachitos.com\/eu\/wp-json\/wp\/v2\/product"}],"about":[{"href":"https:\/\/gaspachitos.com\/eu\/wp-json\/wp\/v2\/types\/product"}],"replies":[{"embeddable":true,"href":"https:\/\/gaspachitos.com\/eu\/wp-json\/wp\/v2\/comments?post=262576"}],"wp:featuredmedia":[{"embeddable":true,"href":"https:\/\/gaspachitos.com\/eu\/wp-json\/wp\/v2\/media\/238746"}],"wp:attachment":[{"href":"https:\/\/gaspachitos.com\/eu\/wp-json\/wp\/v2\/media?parent=262576"}],"wp:term":[{"taxonomy":"pwb-brand","embeddable":true,"href":"https:\/\/gaspachitos.com\/eu\/wp-json\/wp\/v2\/pwb-brand?post=262576"},{"taxonomy":"product_brand","embeddable":true,"href":"https:\/\/gaspachitos.com\/eu\/wp-json\/wp\/v2\/product_brand?post=262576"},{"taxonomy":"product_cat","embeddable":true,"href":"https:\/\/gaspachitos.com\/eu\/wp-json\/wp\/v2\/product_cat?post=262576"},{"taxonomy":"product_tag","embeddable":true,"href":"https:\/\/gaspachitos.com\/eu\/wp-json\/wp\/v2\/product_tag?post=262576"}],"curies":[{"name":"wp","href":"https:\/\/api.w.org\/{rel}","templated":true}]}}