{"id":262414,"date":"2022-11-09T10:52:56","date_gmt":"2022-11-09T08:52:56","guid":{"rendered":"https:\/\/nueva.gaspachitos.com\/producto\/philips-avent-con-tapa-antigoteo\/"},"modified":"2022-11-09T10:52:56","modified_gmt":"2022-11-09T08:52:56","slug":"philips-avent-con-tapa-antigoteo","status":"publish","type":"product","link":"https:\/\/gaspachitos.com\/eu\/producto\/philips-avent-con-tapa-antigoteo\/","title":{"rendered":"Philips Avent con tapa antigoteo"},"content":{"rendered":"<p>Ideal para almacenar comidas cuando est\u00e9 en casa o fuera de ella. Con tapa antiderrames.<\/p>\n<p>Guarde la saludable papilla para su beb\u00e9 y alim\u00e9ntelo con nuestro nuevo vaso de almacenamiento de comida. Podr\u00e1 esterilizarlo y reutilizarlo junto con la gama Philips Avent tanto en casa como fuera de ella.<br \/>Aptos para el frigor\u00edfico\/congelador<\/p>\n<p>Tapas con cierre a rosca para evitar que goteen. Para almacenar y transportar herm\u00e9ticamente.<br \/>F\u00e1cil de organizar. Vasos f\u00e1ciles de etiquetar, para ayudarle a identificar la fecha y el contenido.<\/p>\n<p>Los vasos est\u00e1n pre esterilizados para un uso inmediato. 2 Tama\u00f1os de vasos: primeras comidas y apertivos. Usar el adaptardor VIA para acoplar las tetinas AVENT y alimentar al beb\u00e9 directamente del vaso. Apilables: para frigor\u00edfico y congelador.<\/p>\n<p>Para todos los extractores de Leche Philips Avent y Tetinas Avent. Usar el adaptador VIA para extraer, almacenar y alimentar en un mismo vaso. Se ajusta al calienta biber\u00f3n y comida de Philips Avent.<\/p>\n","protected":false},"excerpt":{"rendered":"<h2 class=\"product_title entry-title\">Avent V\u00eda Vasos 240ml 5ud referencia 616\/10 (con tapa)<\/h2>\n","protected":false},"featured_media":286074,"comment_status":"open","ping_status":"closed","template":"","meta":{"_et_pb_use_builder":"","_et_pb_old_content":"","_et_gb_content_width":""},"pwb-brand":[5593],"product_brand":[],"product_cat":[5761,6058],"product_tag":[],"class_list":{"0":"post-262414","1":"product","2":"type-product","3":"status-publish","4":"has-post-thumbnail","6":"pwb-brand-philips","7":"product_cat-alimentacion-eu","8":"product_cat-contenedores-tuppers-eu","10":"first","11":"instock","12":"taxable","13":"shipping-taxable","14":"purchasable","15":"product-type-simple"},"yoast_head":"<!-- This site is optimized with the Yoast SEO plugin v27.4 - https:\/\/yoast.com\/product\/yoast-seo-wordpress\/ -->\n<title>Alimentaci\u00f3n, Infantil, Salud Infantil, Biberones, Lactancia, Vajilla<\/title>\n<meta name=\"description\" content=\"Alimentaci\u00f3n, Infantil, Salud Infantil, Biberones, Lactancia, Vajilla\" \/>\n<meta name=\"robots\" content=\"index, follow, max-snippet:-1, max-image-preview:large, max-video-preview:-1\" \/>\n<link rel=\"canonical\" href=\"https:\/\/gaspachitos.com\/eu\/producto\/philips-avent-con-tapa-antigoteo\/\" \/>\n<meta property=\"og:locale\" content=\"eu_ES\" \/>\n<meta property=\"og:type\" content=\"article\" \/>\n<meta property=\"og:title\" content=\"Alimentaci\u00f3n, Infantil, Salud Infantil, Biberones, Lactancia, Vajilla\" \/>\n<meta property=\"og:description\" content=\"Alimentaci\u00f3n, Infantil, Salud Infantil, Biberones, Lactancia, Vajilla\" \/>\n<meta property=\"og:url\" content=\"https:\/\/gaspachitos.com\/eu\/producto\/philips-avent-con-tapa-antigoteo\/\" \/>\n<meta property=\"og:site_name\" content=\"Gaspachitos\" \/>\n<meta property=\"og:image\" content=\"https:\/\/gaspachitos.com\/wp-content\/uploads\/2022\/11\/Captura-de-pantalla-2024-12-18-182432.png\" \/>\n\t<meta property=\"og:image:width\" content=\"540\" \/>\n\t<meta property=\"og:image:height\" content=\"542\" \/>\n\t<meta property=\"og:image:type\" content=\"image\/png\" \/>\n<meta name=\"twitter:card\" content=\"summary_large_image\" \/>\n<meta name=\"twitter:label1\" content=\"Est. reading time\" \/>\n\t<meta name=\"twitter:data1\" content=\"1 minute\" \/>\n<script type=\"application\/ld+json\" class=\"yoast-schema-graph\">{\"@context\":\"https:\\\/\\\/schema.org\",\"@graph\":[{\"@type\":\"WebPage\",\"@id\":\"https:\\\/\\\/gaspachitos.com\\\/eu\\\/producto\\\/philips-avent-con-tapa-antigoteo\\\/\",\"url\":\"https:\\\/\\\/gaspachitos.com\\\/eu\\\/producto\\\/philips-avent-con-tapa-antigoteo\\\/\",\"name\":\"Alimentaci\u00f3n, Infantil, Salud Infantil, Biberones, Lactancia, Vajilla\",\"isPartOf\":{\"@id\":\"https:\\\/\\\/gaspachitos.com\\\/#website\"},\"primaryImageOfPage\":{\"@id\":\"https:\\\/\\\/gaspachitos.com\\\/eu\\\/producto\\\/philips-avent-con-tapa-antigoteo\\\/#primaryimage\"},\"image\":{\"@id\":\"https:\\\/\\\/gaspachitos.com\\\/eu\\\/producto\\\/philips-avent-con-tapa-antigoteo\\\/#primaryimage\"},\"thumbnailUrl\":\"https:\\\/\\\/gaspachitos.com\\\/wp-content\\\/uploads\\\/2022\\\/11\\\/Captura-de-pantalla-2024-12-18-182432.png\",\"datePublished\":\"2022-11-09T08:52:56+00:00\",\"description\":\"Alimentaci\u00f3n, Infantil, Salud Infantil, Biberones, Lactancia, Vajilla\",\"breadcrumb\":{\"@id\":\"https:\\\/\\\/gaspachitos.com\\\/eu\\\/producto\\\/philips-avent-con-tapa-antigoteo\\\/#breadcrumb\"},\"inLanguage\":\"eu-ES\",\"potentialAction\":[{\"@type\":\"ReadAction\",\"target\":[\"https:\\\/\\\/gaspachitos.com\\\/eu\\\/producto\\\/philips-avent-con-tapa-antigoteo\\\/\"]}]},{\"@type\":\"ImageObject\",\"inLanguage\":\"eu-ES\",\"@id\":\"https:\\\/\\\/gaspachitos.com\\\/eu\\\/producto\\\/philips-avent-con-tapa-antigoteo\\\/#primaryimage\",\"url\":\"https:\\\/\\\/gaspachitos.com\\\/wp-content\\\/uploads\\\/2022\\\/11\\\/Captura-de-pantalla-2024-12-18-182432.png\",\"contentUrl\":\"https:\\\/\\\/gaspachitos.com\\\/wp-content\\\/uploads\\\/2022\\\/11\\\/Captura-de-pantalla-2024-12-18-182432.png\",\"width\":540,\"height\":542},{\"@type\":\"BreadcrumbList\",\"@id\":\"https:\\\/\\\/gaspachitos.com\\\/eu\\\/producto\\\/philips-avent-con-tapa-antigoteo\\\/#breadcrumb\",\"itemListElement\":[{\"@type\":\"ListItem\",\"position\":1,\"name\":\"Portada\",\"item\":\"https:\\\/\\\/gaspachitos.com\\\/\"},{\"@type\":\"ListItem\",\"position\":2,\"name\":\"Produtos\",\"item\":\"https:\\\/\\\/gaspachitos.com\\\/gl\\\/shop\\\/\"},{\"@type\":\"ListItem\",\"position\":3,\"name\":\"Philips Avent con tapa antigoteo\"}]},{\"@type\":\"WebSite\",\"@id\":\"https:\\\/\\\/gaspachitos.com\\\/#website\",\"url\":\"https:\\\/\\\/gaspachitos.com\\\/\",\"name\":\"Gaspachitos\",\"description\":\"La tienda para tu beb\u00e9: cochecitos, sillas de paseo, cunas...\",\"potentialAction\":[{\"@type\":\"SearchAction\",\"target\":{\"@type\":\"EntryPoint\",\"urlTemplate\":\"https:\\\/\\\/gaspachitos.com\\\/?s={search_term_string}\"},\"query-input\":{\"@type\":\"PropertyValueSpecification\",\"valueRequired\":true,\"valueName\":\"search_term_string\"}}],\"inLanguage\":\"eu-ES\"}]}<\/script>\n<!-- \/ Yoast SEO plugin. -->","yoast_head_json":{"title":"Alimentaci\u00f3n, Infantil, Salud Infantil, Biberones, Lactancia, Vajilla","description":"Alimentaci\u00f3n, Infantil, Salud Infantil, Biberones, Lactancia, Vajilla","robots":{"index":"index","follow":"follow","max-snippet":"max-snippet:-1","max-image-preview":"max-image-preview:large","max-video-preview":"max-video-preview:-1"},"canonical":"https:\/\/gaspachitos.com\/eu\/producto\/philips-avent-con-tapa-antigoteo\/","og_locale":"eu_ES","og_type":"article","og_title":"Alimentaci\u00f3n, Infantil, Salud Infantil, Biberones, Lactancia, Vajilla","og_description":"Alimentaci\u00f3n, Infantil, Salud Infantil, Biberones, Lactancia, Vajilla","og_url":"https:\/\/gaspachitos.com\/eu\/producto\/philips-avent-con-tapa-antigoteo\/","og_site_name":"Gaspachitos","og_image":[{"width":540,"height":542,"url":"https:\/\/gaspachitos.com\/wp-content\/uploads\/2022\/11\/Captura-de-pantalla-2024-12-18-182432.png","type":"image\/png"}],"twitter_card":"summary_large_image","twitter_misc":{"Est. reading time":"1 minute"},"schema":{"@context":"https:\/\/schema.org","@graph":[{"@type":"WebPage","@id":"https:\/\/gaspachitos.com\/eu\/producto\/philips-avent-con-tapa-antigoteo\/","url":"https:\/\/gaspachitos.com\/eu\/producto\/philips-avent-con-tapa-antigoteo\/","name":"Alimentaci\u00f3n, Infantil, Salud Infantil, Biberones, Lactancia, Vajilla","isPartOf":{"@id":"https:\/\/gaspachitos.com\/#website"},"primaryImageOfPage":{"@id":"https:\/\/gaspachitos.com\/eu\/producto\/philips-avent-con-tapa-antigoteo\/#primaryimage"},"image":{"@id":"https:\/\/gaspachitos.com\/eu\/producto\/philips-avent-con-tapa-antigoteo\/#primaryimage"},"thumbnailUrl":"https:\/\/gaspachitos.com\/wp-content\/uploads\/2022\/11\/Captura-de-pantalla-2024-12-18-182432.png","datePublished":"2022-11-09T08:52:56+00:00","description":"Alimentaci\u00f3n, Infantil, Salud Infantil, Biberones, Lactancia, Vajilla","breadcrumb":{"@id":"https:\/\/gaspachitos.com\/eu\/producto\/philips-avent-con-tapa-antigoteo\/#breadcrumb"},"inLanguage":"eu-ES","potentialAction":[{"@type":"ReadAction","target":["https:\/\/gaspachitos.com\/eu\/producto\/philips-avent-con-tapa-antigoteo\/"]}]},{"@type":"ImageObject","inLanguage":"eu-ES","@id":"https:\/\/gaspachitos.com\/eu\/producto\/philips-avent-con-tapa-antigoteo\/#primaryimage","url":"https:\/\/gaspachitos.com\/wp-content\/uploads\/2022\/11\/Captura-de-pantalla-2024-12-18-182432.png","contentUrl":"https:\/\/gaspachitos.com\/wp-content\/uploads\/2022\/11\/Captura-de-pantalla-2024-12-18-182432.png","width":540,"height":542},{"@type":"BreadcrumbList","@id":"https:\/\/gaspachitos.com\/eu\/producto\/philips-avent-con-tapa-antigoteo\/#breadcrumb","itemListElement":[{"@type":"ListItem","position":1,"name":"Portada","item":"https:\/\/gaspachitos.com\/"},{"@type":"ListItem","position":2,"name":"Produtos","item":"https:\/\/gaspachitos.com\/gl\/shop\/"},{"@type":"ListItem","position":3,"name":"Philips Avent con tapa antigoteo"}]},{"@type":"WebSite","@id":"https:\/\/gaspachitos.com\/#website","url":"https:\/\/gaspachitos.com\/","name":"Gaspachitos","description":"La tienda para tu beb\u00e9: cochecitos, sillas de paseo, cunas...","potentialAction":[{"@type":"SearchAction","target":{"@type":"EntryPoint","urlTemplate":"https:\/\/gaspachitos.com\/?s={search_term_string}"},"query-input":{"@type":"PropertyValueSpecification","valueRequired":true,"valueName":"search_term_string"}}],"inLanguage":"eu-ES"}]}},"brands":[{"id":5593,"name":"Philips","slug":"philips"}],"_links":{"self":[{"href":"https:\/\/gaspachitos.com\/eu\/wp-json\/wp\/v2\/product\/262414","targetHints":{"allow":["GET"]}}],"collection":[{"href":"https:\/\/gaspachitos.com\/eu\/wp-json\/wp\/v2\/product"}],"about":[{"href":"https:\/\/gaspachitos.com\/eu\/wp-json\/wp\/v2\/types\/product"}],"replies":[{"embeddable":true,"href":"https:\/\/gaspachitos.com\/eu\/wp-json\/wp\/v2\/comments?post=262414"}],"wp:featuredmedia":[{"embeddable":true,"href":"https:\/\/gaspachitos.com\/eu\/wp-json\/wp\/v2\/media\/286074"}],"wp:attachment":[{"href":"https:\/\/gaspachitos.com\/eu\/wp-json\/wp\/v2\/media?parent=262414"}],"wp:term":[{"taxonomy":"pwb-brand","embeddable":true,"href":"https:\/\/gaspachitos.com\/eu\/wp-json\/wp\/v2\/pwb-brand?post=262414"},{"taxonomy":"product_brand","embeddable":true,"href":"https:\/\/gaspachitos.com\/eu\/wp-json\/wp\/v2\/product_brand?post=262414"},{"taxonomy":"product_cat","embeddable":true,"href":"https:\/\/gaspachitos.com\/eu\/wp-json\/wp\/v2\/product_cat?post=262414"},{"taxonomy":"product_tag","embeddable":true,"href":"https:\/\/gaspachitos.com\/eu\/wp-json\/wp\/v2\/product_tag?post=262414"}],"curies":[{"name":"wp","href":"https:\/\/api.w.org\/{rel}","templated":true}]}}