{"id":262377,"date":"2021-05-06T18:01:50","date_gmt":"2021-05-06T16:01:50","guid":{"rendered":"https:\/\/nueva.gaspachitos.com\/producto\/silla-de-coche-tilt-2-3-15-36-kg-negro\/"},"modified":"2021-05-06T18:01:50","modified_gmt":"2021-05-06T16:01:50","slug":"silla-de-coche-tilt-2-3-15-36-kg-negro","status":"publish","type":"product","link":"https:\/\/gaspachitos.com\/eu\/producto\/silla-de-coche-tilt-2-3-15-36-kg-negro\/","title":{"rendered":"Silla de coche Tilt 2-3 (15-36 kg) Negro"},"content":{"rendered":"<h3 class=\"page-product-heading\">Descripci\u00f3n<\/h3>\n<div class=\"rte\">\n<p>\u2022 Grupo 2\/3 (15-36 kg); \u2022 Orientado cara a la marcha adecuado desde 15 kg hasta 36 kg. \u2022\u00a0asiento reclinable en 4 posiciones ; \u2022 Asiento grande y c\u00f3modo; \u2022 SPS extra\u00edble: sistema de protecci\u00f3n lateral que proporciona seguridad adicional; \u2022 Sistema ISOFIX para mayor seguridad y m\u00e1s f\u00e1cil instalaci\u00f3n de la silla de auto; \u2022 Correa de sujeci\u00f3n superior para mayor seguridad; \u2022 Reposacabezas ajustable en 9 posiciones; \u2022 Las telas de terciopelo de calidad mantienen a los peque\u00f1os c\u00f3modos; \u2022 \u00a0Asiento relleno de espuma 3D; \u2022 Gu\u00edas de m\u00faltiples cinturones para instalar el asiento con el cintur\u00f3n de seguridad de 3 puntos del veh\u00edculo; \u2022 Posavasos.<\/p>\n<\/p><\/div>\n","protected":false},"excerpt":{"rendered":"<h1 class=\"product-name\">Silla de coche Tilt 2-3 (15-36 kg) Negro<\/h1>\n","protected":false},"featured_media":237927,"comment_status":"open","ping_status":"closed","template":"","meta":{"_et_pb_use_builder":"","_et_pb_old_content":"","_et_gb_content_width":""},"pwb-brand":[],"product_brand":[],"product_cat":[6220],"product_tag":[],"class_list":{"0":"post-262377","1":"product","2":"type-product","3":"status-publish","4":"has-post-thumbnail","6":"product_cat-sillas-de-auto-eu","7":"pa_color-negro-eu","9":"first","10":"instock","11":"taxable","12":"shipping-taxable","13":"purchasable","14":"product-type-variable","15":"has-default-attributes"},"yoast_head":"<!-- This site is optimized with the Yoast SEO plugin v27.5 - https:\/\/yoast.com\/product\/yoast-seo-wordpress\/ -->\n<title>Silla de coche Tilt 2-3 (15-36 kg) Negro - Gaspachitos<\/title>\n<meta name=\"robots\" content=\"index, follow, max-snippet:-1, max-image-preview:large, max-video-preview:-1\" \/>\n<link rel=\"canonical\" href=\"https:\/\/gaspachitos.com\/producto\/silla-de-coche-tilt-2-3-15-36-kg-negro\/\" \/>\n<meta property=\"og:locale\" content=\"eu_ES\" \/>\n<meta property=\"og:type\" content=\"article\" \/>\n<meta property=\"og:title\" content=\"Silla de coche Tilt 2-3 (15-36 kg) Negro - Gaspachitos\" \/>\n<meta property=\"og:description\" content=\"Silla de coche Tilt 2-3 (15-36 kg) Negro\" \/>\n<meta property=\"og:url\" content=\"https:\/\/gaspachitos.com\/producto\/silla-de-coche-tilt-2-3-15-36-kg-negro\/\" \/>\n<meta property=\"og:site_name\" content=\"Gaspachitos\" \/>\n<meta property=\"og:image\" content=\"https:\/\/gaspachitos.com\/wp-content\/uploads\/2021\/05\/10562-thickbox_default-Silla-de-coche-Tilt-2-3-15-36-kg-Negro.jpg\" \/>\n\t<meta property=\"og:image:width\" content=\"800\" \/>\n\t<meta property=\"og:image:height\" content=\"800\" \/>\n\t<meta property=\"og:image:type\" content=\"image\/jpeg\" \/>\n<meta name=\"twitter:card\" content=\"summary_large_image\" \/>\n<meta name=\"twitter:label1\" content=\"Est. reading time\" \/>\n\t<meta name=\"twitter:data1\" content=\"1 minute\" \/>\n<script type=\"application\/ld+json\" class=\"yoast-schema-graph\">{\"@context\":\"https:\\\/\\\/schema.org\",\"@graph\":[{\"@type\":\"WebPage\",\"@id\":\"https:\\\/\\\/gaspachitos.com\\\/producto\\\/silla-de-coche-tilt-2-3-15-36-kg-negro\\\/\",\"url\":\"https:\\\/\\\/gaspachitos.com\\\/producto\\\/silla-de-coche-tilt-2-3-15-36-kg-negro\\\/\",\"name\":\"Silla de coche Tilt 2-3 (15-36 kg) Negro - Gaspachitos\",\"isPartOf\":{\"@id\":\"https:\\\/\\\/gaspachitos.com\\\/#website\"},\"primaryImageOfPage\":{\"@id\":\"https:\\\/\\\/gaspachitos.com\\\/producto\\\/silla-de-coche-tilt-2-3-15-36-kg-negro\\\/#primaryimage\"},\"image\":{\"@id\":\"https:\\\/\\\/gaspachitos.com\\\/producto\\\/silla-de-coche-tilt-2-3-15-36-kg-negro\\\/#primaryimage\"},\"thumbnailUrl\":\"https:\\\/\\\/gaspachitos.com\\\/wp-content\\\/uploads\\\/2021\\\/05\\\/10562-thickbox_default-Silla-de-coche-Tilt-2-3-15-36-kg-Negro.jpg\",\"datePublished\":\"2021-05-06T16:01:50+00:00\",\"breadcrumb\":{\"@id\":\"https:\\\/\\\/gaspachitos.com\\\/producto\\\/silla-de-coche-tilt-2-3-15-36-kg-negro\\\/#breadcrumb\"},\"inLanguage\":\"eu-ES\",\"potentialAction\":[{\"@type\":\"ReadAction\",\"target\":[\"https:\\\/\\\/gaspachitos.com\\\/producto\\\/silla-de-coche-tilt-2-3-15-36-kg-negro\\\/\"]}]},{\"@type\":\"ImageObject\",\"inLanguage\":\"eu-ES\",\"@id\":\"https:\\\/\\\/gaspachitos.com\\\/producto\\\/silla-de-coche-tilt-2-3-15-36-kg-negro\\\/#primaryimage\",\"url\":\"https:\\\/\\\/gaspachitos.com\\\/wp-content\\\/uploads\\\/2021\\\/05\\\/10562-thickbox_default-Silla-de-coche-Tilt-2-3-15-36-kg-Negro.jpg\",\"contentUrl\":\"https:\\\/\\\/gaspachitos.com\\\/wp-content\\\/uploads\\\/2021\\\/05\\\/10562-thickbox_default-Silla-de-coche-Tilt-2-3-15-36-kg-Negro.jpg\",\"width\":800,\"height\":800},{\"@type\":\"BreadcrumbList\",\"@id\":\"https:\\\/\\\/gaspachitos.com\\\/producto\\\/silla-de-coche-tilt-2-3-15-36-kg-negro\\\/#breadcrumb\",\"itemListElement\":[{\"@type\":\"ListItem\",\"position\":1,\"name\":\"Portada\",\"item\":\"https:\\\/\\\/gaspachitos.com\\\/\"},{\"@type\":\"ListItem\",\"position\":2,\"name\":\"Produtos\",\"item\":\"https:\\\/\\\/gaspachitos.com\\\/gl\\\/shop\\\/\"},{\"@type\":\"ListItem\",\"position\":3,\"name\":\"Silla de coche Tilt 2-3 (15-36 kg) Negro\"}]},{\"@type\":\"WebSite\",\"@id\":\"https:\\\/\\\/gaspachitos.com\\\/#website\",\"url\":\"https:\\\/\\\/gaspachitos.com\\\/\",\"name\":\"Gaspachitos\",\"description\":\"La tienda para tu beb\u00e9: cochecitos, sillas de paseo, cunas...\",\"potentialAction\":[{\"@type\":\"SearchAction\",\"target\":{\"@type\":\"EntryPoint\",\"urlTemplate\":\"https:\\\/\\\/gaspachitos.com\\\/?s={search_term_string}\"},\"query-input\":{\"@type\":\"PropertyValueSpecification\",\"valueRequired\":true,\"valueName\":\"search_term_string\"}}],\"inLanguage\":\"eu-ES\"}]}<\/script>\n<!-- \/ Yoast SEO plugin. -->","yoast_head_json":{"title":"Silla de coche Tilt 2-3 (15-36 kg) Negro - Gaspachitos","robots":{"index":"index","follow":"follow","max-snippet":"max-snippet:-1","max-image-preview":"max-image-preview:large","max-video-preview":"max-video-preview:-1"},"canonical":"https:\/\/gaspachitos.com\/producto\/silla-de-coche-tilt-2-3-15-36-kg-negro\/","og_locale":"eu_ES","og_type":"article","og_title":"Silla de coche Tilt 2-3 (15-36 kg) Negro - Gaspachitos","og_description":"Silla de coche Tilt 2-3 (15-36 kg) Negro","og_url":"https:\/\/gaspachitos.com\/producto\/silla-de-coche-tilt-2-3-15-36-kg-negro\/","og_site_name":"Gaspachitos","og_image":[{"width":800,"height":800,"url":"https:\/\/gaspachitos.com\/wp-content\/uploads\/2021\/05\/10562-thickbox_default-Silla-de-coche-Tilt-2-3-15-36-kg-Negro.jpg","type":"image\/jpeg"}],"twitter_card":"summary_large_image","twitter_misc":{"Est. reading time":"1 minute"},"schema":{"@context":"https:\/\/schema.org","@graph":[{"@type":"WebPage","@id":"https:\/\/gaspachitos.com\/producto\/silla-de-coche-tilt-2-3-15-36-kg-negro\/","url":"https:\/\/gaspachitos.com\/producto\/silla-de-coche-tilt-2-3-15-36-kg-negro\/","name":"Silla de coche Tilt 2-3 (15-36 kg) Negro - Gaspachitos","isPartOf":{"@id":"https:\/\/gaspachitos.com\/#website"},"primaryImageOfPage":{"@id":"https:\/\/gaspachitos.com\/producto\/silla-de-coche-tilt-2-3-15-36-kg-negro\/#primaryimage"},"image":{"@id":"https:\/\/gaspachitos.com\/producto\/silla-de-coche-tilt-2-3-15-36-kg-negro\/#primaryimage"},"thumbnailUrl":"https:\/\/gaspachitos.com\/wp-content\/uploads\/2021\/05\/10562-thickbox_default-Silla-de-coche-Tilt-2-3-15-36-kg-Negro.jpg","datePublished":"2021-05-06T16:01:50+00:00","breadcrumb":{"@id":"https:\/\/gaspachitos.com\/producto\/silla-de-coche-tilt-2-3-15-36-kg-negro\/#breadcrumb"},"inLanguage":"eu-ES","potentialAction":[{"@type":"ReadAction","target":["https:\/\/gaspachitos.com\/producto\/silla-de-coche-tilt-2-3-15-36-kg-negro\/"]}]},{"@type":"ImageObject","inLanguage":"eu-ES","@id":"https:\/\/gaspachitos.com\/producto\/silla-de-coche-tilt-2-3-15-36-kg-negro\/#primaryimage","url":"https:\/\/gaspachitos.com\/wp-content\/uploads\/2021\/05\/10562-thickbox_default-Silla-de-coche-Tilt-2-3-15-36-kg-Negro.jpg","contentUrl":"https:\/\/gaspachitos.com\/wp-content\/uploads\/2021\/05\/10562-thickbox_default-Silla-de-coche-Tilt-2-3-15-36-kg-Negro.jpg","width":800,"height":800},{"@type":"BreadcrumbList","@id":"https:\/\/gaspachitos.com\/producto\/silla-de-coche-tilt-2-3-15-36-kg-negro\/#breadcrumb","itemListElement":[{"@type":"ListItem","position":1,"name":"Portada","item":"https:\/\/gaspachitos.com\/"},{"@type":"ListItem","position":2,"name":"Produtos","item":"https:\/\/gaspachitos.com\/gl\/shop\/"},{"@type":"ListItem","position":3,"name":"Silla de coche Tilt 2-3 (15-36 kg) Negro"}]},{"@type":"WebSite","@id":"https:\/\/gaspachitos.com\/#website","url":"https:\/\/gaspachitos.com\/","name":"Gaspachitos","description":"La tienda para tu beb\u00e9: cochecitos, sillas de paseo, cunas...","potentialAction":[{"@type":"SearchAction","target":{"@type":"EntryPoint","urlTemplate":"https:\/\/gaspachitos.com\/?s={search_term_string}"},"query-input":{"@type":"PropertyValueSpecification","valueRequired":true,"valueName":"search_term_string"}}],"inLanguage":"eu-ES"}]}},"brands":[],"_links":{"self":[{"href":"https:\/\/gaspachitos.com\/eu\/wp-json\/wp\/v2\/product\/262377","targetHints":{"allow":["GET"]}}],"collection":[{"href":"https:\/\/gaspachitos.com\/eu\/wp-json\/wp\/v2\/product"}],"about":[{"href":"https:\/\/gaspachitos.com\/eu\/wp-json\/wp\/v2\/types\/product"}],"replies":[{"embeddable":true,"href":"https:\/\/gaspachitos.com\/eu\/wp-json\/wp\/v2\/comments?post=262377"}],"wp:featuredmedia":[{"embeddable":true,"href":"https:\/\/gaspachitos.com\/eu\/wp-json\/wp\/v2\/media\/237927"}],"wp:attachment":[{"href":"https:\/\/gaspachitos.com\/eu\/wp-json\/wp\/v2\/media?parent=262377"}],"wp:term":[{"taxonomy":"pwb-brand","embeddable":true,"href":"https:\/\/gaspachitos.com\/eu\/wp-json\/wp\/v2\/pwb-brand?post=262377"},{"taxonomy":"product_brand","embeddable":true,"href":"https:\/\/gaspachitos.com\/eu\/wp-json\/wp\/v2\/product_brand?post=262377"},{"taxonomy":"product_cat","embeddable":true,"href":"https:\/\/gaspachitos.com\/eu\/wp-json\/wp\/v2\/product_cat?post=262377"},{"taxonomy":"product_tag","embeddable":true,"href":"https:\/\/gaspachitos.com\/eu\/wp-json\/wp\/v2\/product_tag?post=262377"}],"curies":[{"name":"wp","href":"https:\/\/api.w.org\/{rel}","templated":true}]}}