{"id":261789,"date":"2020-04-25T19:55:43","date_gmt":"2020-04-25T17:55:43","guid":{"rendered":"https:\/\/nueva.gaspachitos.com\/producto\/silla-auto-dualfix-2-r-britax-romer\/"},"modified":"2020-04-25T19:55:43","modified_gmt":"2020-04-25T17:55:43","slug":"silla-auto-dualfix-2-r-britax-romer","status":"publish","type":"product","link":"https:\/\/gaspachitos.com\/eu\/producto\/silla-auto-dualfix-2-r-britax-romer\/","title":{"rendered":"Silla auto DUALFIX 2 R BRITAX R\u00d6MER"},"content":{"rendered":"<\/p>\n<div id=\"pillContent\" class=\"paginated\">\n<div class=\"wrapper\">\n<div class=\"pill-content-wrapper\">\n<div class=\"product-description-text-fullWidth\">\n<h1>DUALFIX 2 R, con giro de 360\u00b0<\/h1>\n<p> <b>UN R44\/04 &#8211; Grupo 0+\/1 (0-18 kg) &#8211; Nacimiento &#8211; 4 a\u00f1os, aprox.<\/b><\/p>\n<p>La DUALFIX 2 R es una silla de coche homologada para su uso\u00a0<b>a contramarcha desde el nacimiento hasta los 18 kg<\/b>\u00a0(unos 4 a\u00f1os de edad), la manera m\u00e1s segura de viajar. Al\u00a0<b>girar 360\u00b0<\/b>, opcionalmente permite ir de cara a la marcha desde los 9 kg hasta los 18 kg, adem\u00e1s de\u00a0<b>rotar 90\u00b0<\/b>\u00a0hacia ambos laterales para que colocar y abrochar al ni\u00f1o sea m\u00e1s sencillo.<\/p>\n<h2>Giro de 360\u00ba<\/h2>\n<p> Gira 360\u00ba para orientarse de espaldas o de cara a la marcha, sin necesidad de tener que volverla a instalar. Adem\u00e1s, rota 90\u00ba hacia ambos lados para colocar y abrochar al ni\u00f1o desde la puerta abierta del coche.<br \/>A diferencia de su antecesora, la DUALFIX, se puede\u00a0<b>girar en cualquier posici\u00f3n de reclinado<\/b>.<\/p>\n<p><img decoding=\"async\" src=\"https:\/\/www.matiasmasso.es\/img\/41\/194d7ecb-e90d-46ad-bbcc-43998f0c0f3d\" alt=\"DUALFIX2 R - Giro lateral\" width=\"100%\" \/><\/p>\n<h2>Gran comodidad para el ni\u00f1o<\/h2>\n<p> Reclina en\u00a0<b>cuatro posiciones<\/b>\u00a0tanto de espaldas como de cara a la marcha.<br \/>La barra antivuelco es m\u00e1s corta que en su predecesora para ofrecer un\u00a0<b>mayor espacio para las piernas<\/b>.<\/p>\n<p><img decoding=\"async\" src=\"https:\/\/www.matiasmasso.es\/img\/41\/02573fca-cb51-4b1d-9d62-9b1f82d2affd\" alt=\"DUALFIX2 R - Comodidad\" width=\"100%\" \/><\/p>\n<h2>Apta desde el nacimiento<\/h2>\n<p> La DUALFIX 2 R ha optimizado la longitud del arn\u00e9s para que pueda utilizarse desde el nacimiento\u00a0<b>sin reductor<\/b>\u00a0para reci\u00e9n nacidos.<br \/>No obstante, para una mayor comodidad y confort, se recomienda su uso con el\u00a0<a href=\"https:\/\/www.matiasmasso.es\/britax-roemer\/accesorios_silla_coche\/reductor_dualfix_2\">reductor para reci\u00e9n nacidos<\/a>, que puede adquirirse por separado como accesorio.<\/p>\n<h2>Reposacabezas en forma de V<\/h2>\n<p> El nuevo reposacabezas en forma de V se ha dise\u00f1ado para\u00a0<b>controlar el movimiento de la cabeza<\/b>\u00a0en caso de colisi\u00f3n lateral, adem\u00e1s de aportar comodidad. Puede ajustarse f\u00e1cilmente y con una sola mano, junto con el arn\u00e9s de cinco puntos, para adaptarse al crecimiento de ni\u00f1o.<\/p>\n<p>Los\u00a0<b>laterales<\/b>\u00a0de la silla, suaves y acolchados, act\u00faan como una carcasa protectora que ayuda a absorber la fuerza de un impacto lateral, reduciendo el riesgo de da\u00f1os para el ni\u00f1o.<\/p>\n<p><img decoding=\"async\" src=\"https:\/\/www.matiasmasso.es\/img\/41\/4b6d0764-04c3-4117-b021-2921cff9892a\" alt=\"DUALFIX2 R - Reposacabezas\" width=\"100%\" \/><\/p>\n<h2>Arn\u00e9s de 5 puntos con almohadillas de neopreno<\/h2>\n<p> La DUALFIX 2 R incorpora las nuevas almohadillas para el pecho fabricadas en suave neopreno de alta calidad, que\u00a0<b>reducen el movimiento<\/b>\u00a0del ni\u00f1o hacia delante en caso de impacto y proporcionan\u00a0<b>m\u00e1s comodidad<\/b>\u00a0al arn\u00e9s de cinco puntos.<\/p>\n<p>Antes de abrochar y tensar el arn\u00e9s hay que comprobar que las correas superiores se encuentren en la posici\u00f3n correcta, es decir,\u00a0<b>a la altura de los hombros<\/b>.<\/p>\n<p>En caso de colisi\u00f3n, el arn\u00e9s\u00a0<b>reparte la fuerza del impacto<\/b>\u00a0entre los cinco puntos de anclaje: dos en los hombros, dos en las caderas y uno en la hebilla de cierre situada entre ambas piernas.<\/p>\n<p><img decoding=\"async\" src=\"https:\/\/www.matiasmasso.es\/img\/41\/fbeaf9c8-f686-4396-910e-18f3cbf8e2ec\" alt=\"DUALFIX2 R - Arn\u00e9s y almohadillas\" width=\"100%\" \/><\/p>\n<h2><\/h2>\n<h2>Isofix con Pivot Link<\/h2>\n<p> Los conectores ISOFIX cuentan con el sistema Pivot Link, patentado por Britax R\u00f6mer, que en un primer momento dirige la fuerza del impacto hacia abajo, empujando la silla contra el asiento del veh\u00edculo y absorbiendo la energ\u00eda, para a continuaci\u00f3n ir hacia delante m\u00e1s suavemente. As\u00ed se\u00a0<b>reduce el riesgo de lesiones<\/b>\u00a0en la cabeza y el cuello.<br \/>La\u00a0<b>pata de apoyo<\/b>, ajustable en altura, evita la rotaci\u00f3n de la silla en caso de impacto.<\/p>\n<p><img decoding=\"async\" src=\"https:\/\/www.matiasmasso.es\/img\/41\/958ceeb6-78e9-4fce-befb-f8bc486a343e\" alt=\"Dualfix-pivot-link\" width=\"100%\" \/><\/p>\n<h2>T<\/h2>\n<h2>Especificaciones de producto<\/h2>\n<p> <b>A contramarcha<\/b>: 0-18 kg<br \/><b>De cara a la marcha<\/b>: 9-18 kg<br \/><b>Peso:<\/b>\u00a014 kg<br \/><b>Dimensiones:<\/b>\u00a053 x 45 x 70 (altura x anchura x profundidad)<br \/><b>Homologaci\u00f3n:<\/b>\u00a0UN R44\/04<\/p>\n<p><img decoding=\"async\" src=\"https:\/\/matiasmasso-api.azurewebsites.net\/api\/GalleryItem\/Image\/e779a992-8393-49b8-838e-4f3d52cee50f\" alt=\"DUALFIX\u00b2 R - Dimensiones\" width=\"100%\" \/><\/div>\n<\/p><\/div>\n<div class=\"BloggerPostsWrapper\">\n<hr \/>\n<\/div><\/div>\n<\/p><\/div>\n","protected":false},"excerpt":{"rendered":"<h1>DUALFIX 2 R, con giro de 360\u00b0<\/h1>\n<p><b>UN R44\/04 &#8211; Grupo 0+\/1 (0-18 kg) &#8211; Nacimiento &#8211; 4 a\u00f1os, aprox.<\/b><\/p>\n","protected":false},"featured_media":261718,"comment_status":"open","ping_status":"closed","template":"","meta":{"_et_pb_use_builder":"","_et_pb_old_content":"","_et_gb_content_width":""},"pwb-brand":[5359],"product_brand":[],"product_cat":[6220],"product_tag":[],"class_list":{"0":"post-261789","1":"product","2":"type-product","3":"status-publish","4":"has-post-thumbnail","6":"pwb-brand-romer","7":"product_cat-sillas-de-auto-eu","8":"pa_color-azul-eu","9":"pa_color-gris-eu","10":"pa_color-negro-eu","11":"pa_color-rojo-eu","13":"first","14":"instock","15":"taxable","16":"shipping-taxable","17":"purchasable","18":"product-type-variable","19":"has-default-attributes"},"yoast_head":"<!-- This site is optimized with the Yoast SEO plugin v27.5 - https:\/\/yoast.com\/product\/yoast-seo-wordpress\/ -->\n<title>Silla auto DUALFIX 2 R BRITAX R\u00d6MER - Gaspachitos<\/title>\n<meta name=\"robots\" content=\"index, follow, max-snippet:-1, max-image-preview:large, max-video-preview:-1\" \/>\n<link rel=\"canonical\" href=\"https:\/\/gaspachitos.com\/producto\/silla-auto-dualfix-2-r-britax-romer\/\" \/>\n<meta property=\"og:locale\" content=\"eu_ES\" \/>\n<meta property=\"og:type\" content=\"article\" \/>\n<meta property=\"og:title\" content=\"Silla auto DUALFIX 2 R BRITAX R\u00d6MER - Gaspachitos\" \/>\n<meta property=\"og:description\" content=\"DUALFIX 2 R, con giro de 360\u00b0 UN R44\/04 - Grupo 0+\/1 (0-18 kg) - Nacimiento - 4 a\u00f1os, aprox.\" \/>\n<meta property=\"og:url\" content=\"https:\/\/gaspachitos.com\/producto\/silla-auto-dualfix-2-r-britax-romer\/\" \/>\n<meta property=\"og:site_name\" content=\"Gaspachitos\" \/>\n<meta property=\"og:image\" content=\"https:\/\/gaspachitos.com\/wp-content\/uploads\/2020\/04\/10474-thickbox_default-Silla-auto-DUALFIX-2-R-BRITAX-ROMER.jpg\" \/>\n\t<meta property=\"og:image:width\" content=\"800\" \/>\n\t<meta property=\"og:image:height\" content=\"800\" \/>\n\t<meta property=\"og:image:type\" content=\"image\/jpeg\" \/>\n<meta name=\"twitter:card\" content=\"summary_large_image\" \/>\n<meta name=\"twitter:label1\" content=\"Est. reading time\" \/>\n\t<meta name=\"twitter:data1\" content=\"3 minutes\" \/>\n<script type=\"application\/ld+json\" class=\"yoast-schema-graph\">{\"@context\":\"https:\\\/\\\/schema.org\",\"@graph\":[{\"@type\":\"WebPage\",\"@id\":\"https:\\\/\\\/gaspachitos.com\\\/producto\\\/silla-auto-dualfix-2-r-britax-romer\\\/\",\"url\":\"https:\\\/\\\/gaspachitos.com\\\/producto\\\/silla-auto-dualfix-2-r-britax-romer\\\/\",\"name\":\"Silla auto DUALFIX 2 R BRITAX R\u00d6MER - Gaspachitos\",\"isPartOf\":{\"@id\":\"https:\\\/\\\/gaspachitos.com\\\/#website\"},\"primaryImageOfPage\":{\"@id\":\"https:\\\/\\\/gaspachitos.com\\\/producto\\\/silla-auto-dualfix-2-r-britax-romer\\\/#primaryimage\"},\"image\":{\"@id\":\"https:\\\/\\\/gaspachitos.com\\\/producto\\\/silla-auto-dualfix-2-r-britax-romer\\\/#primaryimage\"},\"thumbnailUrl\":\"https:\\\/\\\/gaspachitos.com\\\/wp-content\\\/uploads\\\/2020\\\/04\\\/10474-thickbox_default-Silla-auto-DUALFIX-2-R-BRITAX-ROMER.jpg\",\"datePublished\":\"2020-04-25T17:55:43+00:00\",\"breadcrumb\":{\"@id\":\"https:\\\/\\\/gaspachitos.com\\\/producto\\\/silla-auto-dualfix-2-r-britax-romer\\\/#breadcrumb\"},\"inLanguage\":\"eu-ES\",\"potentialAction\":[{\"@type\":\"ReadAction\",\"target\":[\"https:\\\/\\\/gaspachitos.com\\\/producto\\\/silla-auto-dualfix-2-r-britax-romer\\\/\"]}]},{\"@type\":\"ImageObject\",\"inLanguage\":\"eu-ES\",\"@id\":\"https:\\\/\\\/gaspachitos.com\\\/producto\\\/silla-auto-dualfix-2-r-britax-romer\\\/#primaryimage\",\"url\":\"https:\\\/\\\/gaspachitos.com\\\/wp-content\\\/uploads\\\/2020\\\/04\\\/10474-thickbox_default-Silla-auto-DUALFIX-2-R-BRITAX-ROMER.jpg\",\"contentUrl\":\"https:\\\/\\\/gaspachitos.com\\\/wp-content\\\/uploads\\\/2020\\\/04\\\/10474-thickbox_default-Silla-auto-DUALFIX-2-R-BRITAX-ROMER.jpg\",\"width\":800,\"height\":800,\"caption\":\"Silla auto DUALFIX 2 R BRITAX-ROMER\"},{\"@type\":\"BreadcrumbList\",\"@id\":\"https:\\\/\\\/gaspachitos.com\\\/producto\\\/silla-auto-dualfix-2-r-britax-romer\\\/#breadcrumb\",\"itemListElement\":[{\"@type\":\"ListItem\",\"position\":1,\"name\":\"Portada\",\"item\":\"https:\\\/\\\/gaspachitos.com\\\/\"},{\"@type\":\"ListItem\",\"position\":2,\"name\":\"Produtos\",\"item\":\"https:\\\/\\\/gaspachitos.com\\\/gl\\\/shop\\\/\"},{\"@type\":\"ListItem\",\"position\":3,\"name\":\"Silla auto DUALFIX 2 R BRITAX R\u00d6MER\"}]},{\"@type\":\"WebSite\",\"@id\":\"https:\\\/\\\/gaspachitos.com\\\/#website\",\"url\":\"https:\\\/\\\/gaspachitos.com\\\/\",\"name\":\"Gaspachitos\",\"description\":\"La tienda para tu beb\u00e9: cochecitos, sillas de paseo, cunas...\",\"potentialAction\":[{\"@type\":\"SearchAction\",\"target\":{\"@type\":\"EntryPoint\",\"urlTemplate\":\"https:\\\/\\\/gaspachitos.com\\\/?s={search_term_string}\"},\"query-input\":{\"@type\":\"PropertyValueSpecification\",\"valueRequired\":true,\"valueName\":\"search_term_string\"}}],\"inLanguage\":\"eu-ES\"}]}<\/script>\n<!-- \/ Yoast SEO plugin. -->","yoast_head_json":{"title":"Silla auto DUALFIX 2 R BRITAX R\u00d6MER - Gaspachitos","robots":{"index":"index","follow":"follow","max-snippet":"max-snippet:-1","max-image-preview":"max-image-preview:large","max-video-preview":"max-video-preview:-1"},"canonical":"https:\/\/gaspachitos.com\/producto\/silla-auto-dualfix-2-r-britax-romer\/","og_locale":"eu_ES","og_type":"article","og_title":"Silla auto DUALFIX 2 R BRITAX R\u00d6MER - Gaspachitos","og_description":"DUALFIX 2 R, con giro de 360\u00b0 UN R44\/04 - Grupo 0+\/1 (0-18 kg) - Nacimiento - 4 a\u00f1os, aprox.","og_url":"https:\/\/gaspachitos.com\/producto\/silla-auto-dualfix-2-r-britax-romer\/","og_site_name":"Gaspachitos","og_image":[{"width":800,"height":800,"url":"https:\/\/gaspachitos.com\/wp-content\/uploads\/2020\/04\/10474-thickbox_default-Silla-auto-DUALFIX-2-R-BRITAX-ROMER.jpg","type":"image\/jpeg"}],"twitter_card":"summary_large_image","twitter_misc":{"Est. reading time":"3 minutes"},"schema":{"@context":"https:\/\/schema.org","@graph":[{"@type":"WebPage","@id":"https:\/\/gaspachitos.com\/producto\/silla-auto-dualfix-2-r-britax-romer\/","url":"https:\/\/gaspachitos.com\/producto\/silla-auto-dualfix-2-r-britax-romer\/","name":"Silla auto DUALFIX 2 R BRITAX R\u00d6MER - Gaspachitos","isPartOf":{"@id":"https:\/\/gaspachitos.com\/#website"},"primaryImageOfPage":{"@id":"https:\/\/gaspachitos.com\/producto\/silla-auto-dualfix-2-r-britax-romer\/#primaryimage"},"image":{"@id":"https:\/\/gaspachitos.com\/producto\/silla-auto-dualfix-2-r-britax-romer\/#primaryimage"},"thumbnailUrl":"https:\/\/gaspachitos.com\/wp-content\/uploads\/2020\/04\/10474-thickbox_default-Silla-auto-DUALFIX-2-R-BRITAX-ROMER.jpg","datePublished":"2020-04-25T17:55:43+00:00","breadcrumb":{"@id":"https:\/\/gaspachitos.com\/producto\/silla-auto-dualfix-2-r-britax-romer\/#breadcrumb"},"inLanguage":"eu-ES","potentialAction":[{"@type":"ReadAction","target":["https:\/\/gaspachitos.com\/producto\/silla-auto-dualfix-2-r-britax-romer\/"]}]},{"@type":"ImageObject","inLanguage":"eu-ES","@id":"https:\/\/gaspachitos.com\/producto\/silla-auto-dualfix-2-r-britax-romer\/#primaryimage","url":"https:\/\/gaspachitos.com\/wp-content\/uploads\/2020\/04\/10474-thickbox_default-Silla-auto-DUALFIX-2-R-BRITAX-ROMER.jpg","contentUrl":"https:\/\/gaspachitos.com\/wp-content\/uploads\/2020\/04\/10474-thickbox_default-Silla-auto-DUALFIX-2-R-BRITAX-ROMER.jpg","width":800,"height":800,"caption":"Silla auto DUALFIX 2 R BRITAX-ROMER"},{"@type":"BreadcrumbList","@id":"https:\/\/gaspachitos.com\/producto\/silla-auto-dualfix-2-r-britax-romer\/#breadcrumb","itemListElement":[{"@type":"ListItem","position":1,"name":"Portada","item":"https:\/\/gaspachitos.com\/"},{"@type":"ListItem","position":2,"name":"Produtos","item":"https:\/\/gaspachitos.com\/gl\/shop\/"},{"@type":"ListItem","position":3,"name":"Silla auto DUALFIX 2 R BRITAX R\u00d6MER"}]},{"@type":"WebSite","@id":"https:\/\/gaspachitos.com\/#website","url":"https:\/\/gaspachitos.com\/","name":"Gaspachitos","description":"La tienda para tu beb\u00e9: cochecitos, sillas de paseo, cunas...","potentialAction":[{"@type":"SearchAction","target":{"@type":"EntryPoint","urlTemplate":"https:\/\/gaspachitos.com\/?s={search_term_string}"},"query-input":{"@type":"PropertyValueSpecification","valueRequired":true,"valueName":"search_term_string"}}],"inLanguage":"eu-ES"}]}},"brands":[{"id":5359,"name":"Romer","slug":"romer"}],"_links":{"self":[{"href":"https:\/\/gaspachitos.com\/eu\/wp-json\/wp\/v2\/product\/261789","targetHints":{"allow":["GET"]}}],"collection":[{"href":"https:\/\/gaspachitos.com\/eu\/wp-json\/wp\/v2\/product"}],"about":[{"href":"https:\/\/gaspachitos.com\/eu\/wp-json\/wp\/v2\/types\/product"}],"replies":[{"embeddable":true,"href":"https:\/\/gaspachitos.com\/eu\/wp-json\/wp\/v2\/comments?post=261789"}],"wp:featuredmedia":[{"embeddable":true,"href":"https:\/\/gaspachitos.com\/eu\/wp-json\/wp\/v2\/media\/261718"}],"wp:attachment":[{"href":"https:\/\/gaspachitos.com\/eu\/wp-json\/wp\/v2\/media?parent=261789"}],"wp:term":[{"taxonomy":"pwb-brand","embeddable":true,"href":"https:\/\/gaspachitos.com\/eu\/wp-json\/wp\/v2\/pwb-brand?post=261789"},{"taxonomy":"product_brand","embeddable":true,"href":"https:\/\/gaspachitos.com\/eu\/wp-json\/wp\/v2\/product_brand?post=261789"},{"taxonomy":"product_cat","embeddable":true,"href":"https:\/\/gaspachitos.com\/eu\/wp-json\/wp\/v2\/product_cat?post=261789"},{"taxonomy":"product_tag","embeddable":true,"href":"https:\/\/gaspachitos.com\/eu\/wp-json\/wp\/v2\/product_tag?post=261789"}],"curies":[{"name":"wp","href":"https:\/\/api.w.org\/{rel}","templated":true}]}}