{"id":261708,"date":"2020-04-25T19:34:17","date_gmt":"2020-04-25T17:34:17","guid":{"rendered":"https:\/\/nueva.gaspachitos.com\/producto\/silla-auto-kidfix-2-s\/"},"modified":"2020-04-25T19:34:17","modified_gmt":"2020-04-25T17:34:17","slug":"silla-auto-kidfix-2-s","status":"publish","type":"product","link":"https:\/\/gaspachitos.com\/eu\/producto\/silla-auto-kidfix-2-s\/","title":{"rendered":"SILLA AUTO KIDFIX 2 S BRITAX R\u00d6MER"},"content":{"rendered":"<div class=\"pill-content-wrapper\">\n<div class=\"product-description-text-fullWidth\">\n<h1>Elevador 2 en 1 KIDFIX 2 S<\/h1>\n<p> <b>R44\/04 -\u00ad Grupo 2\/3 (15-36 kg)<\/b><\/p>\n<p>La galardonada familia KIDFIX acaba de incorporar a un nuevo miembro: la silla de coche 2 en 1 KIDFIX\u00b2 S (15-36 kg). Gracias al respaldo en forma de V con sistema SICT ajustable, la silla no solo proporciona m\u00e1s espacio para el ni\u00f1o mientras crece, sino tambi\u00e9n una excelente protecci\u00f3n ante impactos laterales. Recomendamos el uso del elevador con respaldo el m\u00e1ximo tiempo posible. Sin embargo, para mayor flexibilidad, con la KIDFIX 2 S puedes quitar el respaldo cuando el ni\u00f1o supere los 135 cm de estatura. El sistema SecureGuard y la pinza del cintur\u00f3n garantizan la colocaci\u00f3n \u00f3ptima del cintur\u00f3n de seguridad cuando se utilice como asiento elevador.<\/p>\n<h2>Respaldo en forma de V<\/h2>\n<p> El elevador con respaldo es la opci\u00f3n m\u00e1s segura para un ni\u00f1o y se recomienda que viaje en \u00e9l el mayor tiempo posible (hasta los 150 cm). Sus\u00a0<b>laterales con acolchado grueso<\/b>\u00a0y suave ofrecen protecci\u00f3n ante impactos laterales desde la cabeza hasta la cadera.<br \/>Gracias a su\u00a0<b>forma de V<\/b>, el respaldo se adapta al crecimiento del ni\u00f1o, proporcionando una posici\u00f3n c\u00f3moda y m\u00e1s espacio en la zona de los hombros a medida que van creciendo.<br \/>Al ser basculante, el respaldo se ajusta de forma autom\u00e1tica al \u00e1ngulo del asiento.<\/p>\n<p><img decoding=\"async\" src=\"https:\/\/www.matiasmasso.es\/img\/41\/70f51aff-e897-4993-bca7-f4509ac73d5d\" alt=\"KIDFIX2 S - Respaldo\" width=\"100%\" \/><\/p>\n<h2>Reposacabezas ergon\u00f3mico<\/h2>\n<p> El reposacabezas tiene un dise\u00f1o ergon\u00f3mico para que el ni\u00f1o duerma en la posici\u00f3n correcta. Se puede ajustar f\u00e1cilmente y con una sola mano en la posici\u00f3n correcta, justo por encima de los hombros del ni\u00f1o, incluso si ya est\u00e1 sentado.<\/p>\n<p><img decoding=\"async\" src=\"https:\/\/www.matiasmasso.es\/img\/41\/fd9d0984-ea77-4235-a1bb-9554dd7e6758\" alt=\"KIDFIX2 R - Reposacabezas\" width=\"100%\" \/><\/p>\n<h2>SecureGuard<\/h2>\n<p> SecureGuard ayuda a proteger la delicada zona abdominal de tu hijo al a\u00f1adir un\u00a0<b>cuarto punto de anclaje<\/b>\u00a0extra al cintur\u00f3n de seguridad de 3 puntos. Al mantener el tramo ventral en una posici\u00f3n \u00f3ptima sobre los huesos p\u00e9lvicos del ni\u00f1o, ayuda a reducir las fuerzas sobre el abdomen en caso de sufrir una colisi\u00f3n frontal en hasta el 35% y, al mismo tiempo, permite a tu hijo libertad de movimientos durante el trayecto.<br \/>Las\u00a0<b>gu\u00edas superiores e inferiores<\/b>, por su parte, garantizan que el cintur\u00f3n de seguridad se posicione de forma correcta sobre los hombros y la cadera del ni\u00f1o, limitando el mal uso.<\/p>\n<p><img decoding=\"async\" src=\"https:\/\/www.matiasmasso.es\/img\/41\/4880ba96-b0e2-481e-90e1-585aab9651ec\" alt=\"KIDFIX2 S - SecureGuard\" width=\"100%\" \/><\/p>\n<h2>SICT para mayor protecci\u00f3n lateral<\/h2>\n<p> El sistema SICT proporciona una protecci\u00f3n superior al ni\u00f1o en caso de colisi\u00f3n lateral. Reduce la fuerza de impacto minimizando la distancia entre el veh\u00edculo y la silla, y se deforma para absorber la energ\u00eda antes de que esta alcance al peque\u00f1o. Para activar la protecci\u00f3n, solo hay que ajustar el SICT en el lateral de la silla m\u00e1s cercano a la puerta.<\/p>\n<p><img decoding=\"async\" src=\"https:\/\/www.matiasmasso.es\/img\/41\/6f2b1822-b343-44be-9db8-e67ae2be51dd\" alt=\"KIDFIX2 S - SICT\" width=\"100%\" \/><\/p>\n<h2>Respaldo extra\u00edble<\/h2>\n<p> <b>El elevador con respaldo es la opci\u00f3n m\u00e1s segura<\/b>\u00a0para tu hijo. Por ello, recomendamos que el ni\u00f1o viaje en un elevador con respaldo alto el m\u00e1ximo tiempo posible.<\/p>\n<p>No obstante, sabemos que no siempre es posible utilizar un elevador con respaldo, como en los siguientes casos: <\/p>\n<ul>\n<li>\n<ul>\n<li>En algunas ocasiones, tienes que llevar en el coche a varios ni\u00f1os, pero que\u00a0<strong>no dispones de espacio suficiente<\/strong>\u00a0para varias sillas con respaldo.<\/li>\n<\/ul>\n<\/li>\n<\/ul>\n<p> <\/p>\n<ul>\n<li>\n<ul>\n<li>Puede ocurrir que quieras seguir usando una silla m\u00e1s all\u00e1 de los 135 cm de estatura, pero que el\u00a0<strong>interior del veh\u00edculo<\/strong>\u00a0no permita ajustar el reposacabezas a su m\u00e1xima altura. En estos casos, instalar el elevador con respaldo sin Isofix, es decir, directamente con el cintur\u00f3n de 3 puntos, tambi\u00e9n puede ayudar.<\/li>\n<\/ul>\n<\/li>\n<\/ul>\n<p> <\/p>\n<ul>\n<li>\n<ul>\n<li>Aunque no es habitual debido a la amplitud del respaldo y a su dise\u00f1o en forma de V, puede llegar a suceder que\u00a0<strong>el ni\u00f1o no quepa<\/strong>\u00a0en el respaldo.<\/li>\n<\/ul>\n<\/li>\n<\/ul>\n<p> <\/p>\n<ul>\n<li>O incluso puede ser \u00fatil\u00a0para\u00a0<strong>viajes escolares o en taxi<\/strong>, en los que necesites llevar tu propia silla.<\/li>\n<\/ul>\n<p>Para estos casos,\u00a0la KIDFIX 2 S proporcionan una soluci\u00f3n flexible al permitir retirar el respaldo cuando el ni\u00f1o\u00a0<strong>supera los 135 cm de estatura<\/strong>. Y es que aunque lo ideal es utilizar siempre el respaldo, es preferible que el ni\u00f1o vaya en el coj\u00edn elevador, con la\u00a0<strong>pinza<\/strong>\u00a0para el tramo diagonal del cintur\u00f3n y el\u00a0<strong>SecureGuard<\/strong>, a que viaje directamente sin ning\u00fan tipo de sistema de retenci\u00f3n infantil.<\/p>\n<p><a href=\"https:\/\/youtu.be\/5owzTOn1KHc\" target=\"_blank\" rel=\"noopener\">Ver v\u00eddeo de c\u00f3mo retirar el respaldo e instalar el coj\u00edn elevador<\/a><\/p>\n<p><img decoding=\"async\" src=\"https:\/\/www.matiasmasso.es\/img\/41\/b893a296-b5b6-4818-87bd-22779b7d0f13\" alt=\"KIDFIX2 S - Coj\u00edn\" width=\"100%\" \/><\/p>\n<h2>Instalaci\u00f3n con ISOFIX o cintur\u00f3n<\/h2>\n<p> La KIDFIX 2 S ofrece dos opciones de instalaci\u00f3n:<br \/>&#8211; ISOFIX y cintur\u00f3n de 3 puntos (consultar la\u00a0<a href=\"https:\/\/matiasmasso-api.azurewebsites.net\/api\/ProductDownloads\/LastCompatibilityReport\/62beb27f-61e5-4564-875d-5adec03d2528\">lista de veh\u00edculos homologados<\/a>)<br \/>&#8211; Cintur\u00f3n de 3 puntos del veh\u00edculos (homologaci\u00f3n universal)<br \/><a href=\"https:\/\/youtu.be\/BHba_oOe05I\" target=\"_blank\" rel=\"noopener\">Ver v\u00eddeo de instalaci\u00f3n<\/a>\u00a0(como elevador con respaldo)<\/p>\n<p><img decoding=\"async\" src=\"https:\/\/www.matiasmasso.es\/img\/41\/7b4754ef-5c9a-471e-a6bb-51f566bbd869\" alt=\"KIDFIX2 S - Instalaci\u00f3n\" width=\"100%\" \/><\/p>\n<h2>Desenfundable<\/h2>\n<p> Es f\u00e1cil que el coche se ensucie: puede que se derrame alguna bebida o que el ni\u00f1o se maree. Para ello, hemos dise\u00f1ado un tapizado que puede extraerse con facilidad y lavarse en la lavadora.<br \/><a href=\"https:\/\/youtu.be\/la5JD_GQ534\" target=\"_blank\" rel=\"noopener\">Ver v\u00eddeo de c\u00f3mo retirar el tapizado<\/a><\/p>\n<h2>Fabricada en Alemania<\/h2>\n<p> Todas las sillas de coche KIDFIX est\u00e1n completamente dise\u00f1adas, desarrolladas y fabricadas en Alemania. Esto permite a Britax R\u00f6mer llevar a cabo un gran n\u00famero de pruebas en sus instalaciones de pruebas de impactos y garantizar la m\u00e1xima calidad posible. Pero las sillas KIDFIX no solo se prueban a nivel interno, sino que las sillas de la gama KIDFIX tambi\u00e9n se encuentran entre las sillas infantiles sometidas a mayor n\u00famero de tests en\u00a0<b>EuroNCAP<\/b>. Esto significa que se prueban peri\u00f3dicamente en los coches m\u00e1s nuevos, con las tecnolog\u00edas de seguridad m\u00e1s actualizadas, tanto con respaldo como sin \u00e9l, con unos resultados excelentes. En Britax R\u00f6mer siguen detenidamente los avances actuales en el sector de la automoci\u00f3n para poder adaptar los productos en consecuencia y dotarlos de mayor seguridad si cabe. <\/p>\n<h2>Especificaciones de producto<\/h2>\n<p> Elevador con respaldo de cara a la marcha (15-36 kg)<br \/><b>Dimensiones<\/b>: 67 &#8211; 85 cm (altura) x 54 cm (anchura) x 39 cm (profundidad)<br \/><b>Peso<\/b>: 7,2 kg<br \/><b>Homologaci\u00f3n<\/b>: UN R44\/04<\/p>\n<p><img decoding=\"async\" src=\"https:\/\/matiasmasso-api.azurewebsites.net\/api\/GalleryItem\/Image\/a0cdff39-7f1e-4364-8603-b2966fa7327c\" alt=\"KIDFIX\u00b2 S - Dimensiones\" width=\"100%\" \/><\/div>\n<\/p><\/div>\n","protected":false},"excerpt":{"rendered":"<h1>Elevador 2 en 1 KIDFIX 2 S<\/h1>\n<p><b>R44\/04 -\u00ad Grupo 2\/3 (15-36 kg)<\/b><\/p>\n<p><span>La galardonada familia KIDFIX acaba de incorporar a un nuevo miembro: la silla de coche 2 en 1 KIDFIX\u00b2 S (15-36 kg).<\/span><\/p>\n","protected":false},"featured_media":236937,"comment_status":"open","ping_status":"closed","template":"","meta":{"_et_pb_use_builder":"","_et_pb_old_content":"","_et_gb_content_width":""},"pwb-brand":[5359],"product_brand":[],"product_cat":[10878],"product_tag":[],"class_list":{"0":"post-261708","1":"product","2":"type-product","3":"status-publish","4":"has-post-thumbnail","6":"pwb-brand-romer","7":"product_cat-sin-categorizar","9":"first","10":"instock","11":"taxable","12":"shipping-taxable","13":"purchasable","14":"product-type-variable","15":"has-default-attributes"},"yoast_head":"<!-- This site is optimized with the Yoast SEO plugin v27.5 - https:\/\/yoast.com\/product\/yoast-seo-wordpress\/ -->\n<title>SILLA AUTO KIDFIX 2 S BRITAX R\u00d6MER - Gaspachitos<\/title>\n<meta name=\"robots\" content=\"index, follow, max-snippet:-1, max-image-preview:large, max-video-preview:-1\" \/>\n<link rel=\"canonical\" href=\"https:\/\/gaspachitos.com\/producto\/silla-auto-kidfix-2-s\/\" \/>\n<meta property=\"og:locale\" content=\"eu_ES\" \/>\n<meta property=\"og:type\" content=\"article\" \/>\n<meta property=\"og:title\" content=\"SILLA AUTO KIDFIX 2 S BRITAX R\u00d6MER - Gaspachitos\" \/>\n<meta property=\"og:description\" content=\"Elevador 2 en 1 KIDFIX 2 S R44\/04 -\u00ad Grupo 2\/3 (15-36 kg)La galardonada familia KIDFIX acaba de incorporar a un nuevo miembro: la silla de coche 2 en 1 KIDFIX\u00b2 S (15-36 kg).\" \/>\n<meta property=\"og:url\" content=\"https:\/\/gaspachitos.com\/producto\/silla-auto-kidfix-2-s\/\" \/>\n<meta property=\"og:site_name\" content=\"Gaspachitos\" \/>\n<meta property=\"og:image\" content=\"https:\/\/gaspachitos.com\/wp-content\/uploads\/2020\/04\/10473-thickbox_default-SILLA-AUTO-KIDFIX-2-S.jpg\" \/>\n\t<meta property=\"og:image:width\" content=\"800\" \/>\n\t<meta property=\"og:image:height\" content=\"800\" \/>\n\t<meta property=\"og:image:type\" content=\"image\/jpeg\" \/>\n<meta name=\"twitter:card\" content=\"summary_large_image\" \/>\n<meta name=\"twitter:label1\" content=\"Est. reading time\" \/>\n\t<meta name=\"twitter:data1\" content=\"5 minutes\" \/>\n<script type=\"application\/ld+json\" class=\"yoast-schema-graph\">{\"@context\":\"https:\\\/\\\/schema.org\",\"@graph\":[{\"@type\":\"WebPage\",\"@id\":\"https:\\\/\\\/gaspachitos.com\\\/producto\\\/silla-auto-kidfix-2-s\\\/\",\"url\":\"https:\\\/\\\/gaspachitos.com\\\/producto\\\/silla-auto-kidfix-2-s\\\/\",\"name\":\"SILLA AUTO KIDFIX 2 S BRITAX R\u00d6MER - Gaspachitos\",\"isPartOf\":{\"@id\":\"https:\\\/\\\/gaspachitos.com\\\/#website\"},\"primaryImageOfPage\":{\"@id\":\"https:\\\/\\\/gaspachitos.com\\\/producto\\\/silla-auto-kidfix-2-s\\\/#primaryimage\"},\"image\":{\"@id\":\"https:\\\/\\\/gaspachitos.com\\\/producto\\\/silla-auto-kidfix-2-s\\\/#primaryimage\"},\"thumbnailUrl\":\"https:\\\/\\\/gaspachitos.com\\\/wp-content\\\/uploads\\\/2020\\\/04\\\/10473-thickbox_default-SILLA-AUTO-KIDFIX-2-S-BRITAX-ROMER-cosmos-black.jpg\",\"datePublished\":\"2020-04-25T17:34:17+00:00\",\"breadcrumb\":{\"@id\":\"https:\\\/\\\/gaspachitos.com\\\/producto\\\/silla-auto-kidfix-2-s\\\/#breadcrumb\"},\"inLanguage\":\"eu-ES\",\"potentialAction\":[{\"@type\":\"ReadAction\",\"target\":[\"https:\\\/\\\/gaspachitos.com\\\/producto\\\/silla-auto-kidfix-2-s\\\/\"]}]},{\"@type\":\"ImageObject\",\"inLanguage\":\"eu-ES\",\"@id\":\"https:\\\/\\\/gaspachitos.com\\\/producto\\\/silla-auto-kidfix-2-s\\\/#primaryimage\",\"url\":\"https:\\\/\\\/gaspachitos.com\\\/wp-content\\\/uploads\\\/2020\\\/04\\\/10473-thickbox_default-SILLA-AUTO-KIDFIX-2-S-BRITAX-ROMER-cosmos-black.jpg\",\"contentUrl\":\"https:\\\/\\\/gaspachitos.com\\\/wp-content\\\/uploads\\\/2020\\\/04\\\/10473-thickbox_default-SILLA-AUTO-KIDFIX-2-S-BRITAX-ROMER-cosmos-black.jpg\",\"width\":800,\"height\":800},{\"@type\":\"BreadcrumbList\",\"@id\":\"https:\\\/\\\/gaspachitos.com\\\/producto\\\/silla-auto-kidfix-2-s\\\/#breadcrumb\",\"itemListElement\":[{\"@type\":\"ListItem\",\"position\":1,\"name\":\"Portada\",\"item\":\"https:\\\/\\\/gaspachitos.com\\\/\"},{\"@type\":\"ListItem\",\"position\":2,\"name\":\"Produtos\",\"item\":\"https:\\\/\\\/gaspachitos.com\\\/gl\\\/shop\\\/\"},{\"@type\":\"ListItem\",\"position\":3,\"name\":\"SILLA AUTO KIDFIX 2 S BRITAX R\u00d6MER\"}]},{\"@type\":\"WebSite\",\"@id\":\"https:\\\/\\\/gaspachitos.com\\\/#website\",\"url\":\"https:\\\/\\\/gaspachitos.com\\\/\",\"name\":\"Gaspachitos\",\"description\":\"La tienda para tu beb\u00e9: cochecitos, sillas de paseo, cunas...\",\"potentialAction\":[{\"@type\":\"SearchAction\",\"target\":{\"@type\":\"EntryPoint\",\"urlTemplate\":\"https:\\\/\\\/gaspachitos.com\\\/?s={search_term_string}\"},\"query-input\":{\"@type\":\"PropertyValueSpecification\",\"valueRequired\":true,\"valueName\":\"search_term_string\"}}],\"inLanguage\":\"eu-ES\"}]}<\/script>\n<!-- \/ Yoast SEO plugin. -->","yoast_head_json":{"title":"SILLA AUTO KIDFIX 2 S BRITAX R\u00d6MER - Gaspachitos","robots":{"index":"index","follow":"follow","max-snippet":"max-snippet:-1","max-image-preview":"max-image-preview:large","max-video-preview":"max-video-preview:-1"},"canonical":"https:\/\/gaspachitos.com\/producto\/silla-auto-kidfix-2-s\/","og_locale":"eu_ES","og_type":"article","og_title":"SILLA AUTO KIDFIX 2 S BRITAX R\u00d6MER - Gaspachitos","og_description":"Elevador 2 en 1 KIDFIX 2 S R44\/04 -\u00ad Grupo 2\/3 (15-36 kg)La galardonada familia KIDFIX acaba de incorporar a un nuevo miembro: la silla de coche 2 en 1 KIDFIX\u00b2 S (15-36 kg).","og_url":"https:\/\/gaspachitos.com\/producto\/silla-auto-kidfix-2-s\/","og_site_name":"Gaspachitos","og_image":[{"width":800,"height":800,"url":"https:\/\/gaspachitos.com\/wp-content\/uploads\/2020\/04\/10473-thickbox_default-SILLA-AUTO-KIDFIX-2-S.jpg","type":"image\/jpeg"}],"twitter_card":"summary_large_image","twitter_misc":{"Est. reading time":"5 minutes"},"schema":{"@context":"https:\/\/schema.org","@graph":[{"@type":"WebPage","@id":"https:\/\/gaspachitos.com\/producto\/silla-auto-kidfix-2-s\/","url":"https:\/\/gaspachitos.com\/producto\/silla-auto-kidfix-2-s\/","name":"SILLA AUTO KIDFIX 2 S BRITAX R\u00d6MER - Gaspachitos","isPartOf":{"@id":"https:\/\/gaspachitos.com\/#website"},"primaryImageOfPage":{"@id":"https:\/\/gaspachitos.com\/producto\/silla-auto-kidfix-2-s\/#primaryimage"},"image":{"@id":"https:\/\/gaspachitos.com\/producto\/silla-auto-kidfix-2-s\/#primaryimage"},"thumbnailUrl":"https:\/\/gaspachitos.com\/wp-content\/uploads\/2020\/04\/10473-thickbox_default-SILLA-AUTO-KIDFIX-2-S-BRITAX-ROMER-cosmos-black.jpg","datePublished":"2020-04-25T17:34:17+00:00","breadcrumb":{"@id":"https:\/\/gaspachitos.com\/producto\/silla-auto-kidfix-2-s\/#breadcrumb"},"inLanguage":"eu-ES","potentialAction":[{"@type":"ReadAction","target":["https:\/\/gaspachitos.com\/producto\/silla-auto-kidfix-2-s\/"]}]},{"@type":"ImageObject","inLanguage":"eu-ES","@id":"https:\/\/gaspachitos.com\/producto\/silla-auto-kidfix-2-s\/#primaryimage","url":"https:\/\/gaspachitos.com\/wp-content\/uploads\/2020\/04\/10473-thickbox_default-SILLA-AUTO-KIDFIX-2-S-BRITAX-ROMER-cosmos-black.jpg","contentUrl":"https:\/\/gaspachitos.com\/wp-content\/uploads\/2020\/04\/10473-thickbox_default-SILLA-AUTO-KIDFIX-2-S-BRITAX-ROMER-cosmos-black.jpg","width":800,"height":800},{"@type":"BreadcrumbList","@id":"https:\/\/gaspachitos.com\/producto\/silla-auto-kidfix-2-s\/#breadcrumb","itemListElement":[{"@type":"ListItem","position":1,"name":"Portada","item":"https:\/\/gaspachitos.com\/"},{"@type":"ListItem","position":2,"name":"Produtos","item":"https:\/\/gaspachitos.com\/gl\/shop\/"},{"@type":"ListItem","position":3,"name":"SILLA AUTO KIDFIX 2 S BRITAX R\u00d6MER"}]},{"@type":"WebSite","@id":"https:\/\/gaspachitos.com\/#website","url":"https:\/\/gaspachitos.com\/","name":"Gaspachitos","description":"La tienda para tu beb\u00e9: cochecitos, sillas de paseo, cunas...","potentialAction":[{"@type":"SearchAction","target":{"@type":"EntryPoint","urlTemplate":"https:\/\/gaspachitos.com\/?s={search_term_string}"},"query-input":{"@type":"PropertyValueSpecification","valueRequired":true,"valueName":"search_term_string"}}],"inLanguage":"eu-ES"}]}},"brands":[{"id":5359,"name":"Romer","slug":"romer"}],"_links":{"self":[{"href":"https:\/\/gaspachitos.com\/eu\/wp-json\/wp\/v2\/product\/261708","targetHints":{"allow":["GET"]}}],"collection":[{"href":"https:\/\/gaspachitos.com\/eu\/wp-json\/wp\/v2\/product"}],"about":[{"href":"https:\/\/gaspachitos.com\/eu\/wp-json\/wp\/v2\/types\/product"}],"replies":[{"embeddable":true,"href":"https:\/\/gaspachitos.com\/eu\/wp-json\/wp\/v2\/comments?post=261708"}],"wp:featuredmedia":[{"embeddable":true,"href":"https:\/\/gaspachitos.com\/eu\/wp-json\/wp\/v2\/media\/236937"}],"wp:attachment":[{"href":"https:\/\/gaspachitos.com\/eu\/wp-json\/wp\/v2\/media?parent=261708"}],"wp:term":[{"taxonomy":"pwb-brand","embeddable":true,"href":"https:\/\/gaspachitos.com\/eu\/wp-json\/wp\/v2\/pwb-brand?post=261708"},{"taxonomy":"product_brand","embeddable":true,"href":"https:\/\/gaspachitos.com\/eu\/wp-json\/wp\/v2\/product_brand?post=261708"},{"taxonomy":"product_cat","embeddable":true,"href":"https:\/\/gaspachitos.com\/eu\/wp-json\/wp\/v2\/product_cat?post=261708"},{"taxonomy":"product_tag","embeddable":true,"href":"https:\/\/gaspachitos.com\/eu\/wp-json\/wp\/v2\/product_tag?post=261708"}],"curies":[{"name":"wp","href":"https:\/\/api.w.org\/{rel}","templated":true}]}}