{"id":261599,"date":"2020-04-23T21:35:51","date_gmt":"2020-04-23T19:35:51","guid":{"rendered":"https:\/\/nueva.gaspachitos.com\/producto\/silla-de-paseo-b-agile-m-romer-britax\/"},"modified":"2020-04-23T21:35:51","modified_gmt":"2020-04-23T19:35:51","slug":"silla-de-paseo-b-agile-m-romer-britax","status":"publish","type":"product","link":"https:\/\/gaspachitos.com\/eu\/producto\/silla-de-paseo-b-agile-m-romer-britax\/","title":{"rendered":"Silla de paseo B-AGILE M  BRITAX R\u00d6MER"},"content":{"rendered":"<h1>B-AGILE M, perfecta para los desplazamientos diarios<\/h1>\n<p><b>Nacimiento &#8211; 22 kg (4 a\u00f1os, aprox.).<br \/>Tambi\u00e9n apta desde el nacimiento con capazo, capazo blando o portabeb\u00e9s (disponibles por separado)<\/b><\/p>\n<p><span>Con un dise\u00f1o compacto, una gran maniobrabilidad y sistema de plegado con una sola mano, la\u00a0<\/span><b>B-AGILE M<\/b><span>\u00a0es la silla de paseo perfecta para los desplazamientos diarios. Y gracias a su respaldo reclinable hasta la posici\u00f3n horizontal, al reposapi\u00e9s regulable y a la amplia capota, el confort del ni\u00f1o tambi\u00e9n est\u00e1 garantizado.<\/span><\/p>\n<p><b>Accesorios incluidos<\/b><span>: Barrera, burbuja de lluvia y portavasos.<\/span><\/p>\n<h2>F\u00e1cil de manejar y de plegar<\/h2>\n<p><span>Con solo\u00a0<\/span><b>55,5 cm de anchura<\/b><span>, la B-AGILE M es una silla de paseo muy estrecha y maniobrable, que la hace perfecta para los desplazamientos diarios.<\/span><\/p>\n<p><span>La B-AGILE M tambi\u00e9n es f\u00e1cil de plegar y de guardar, gracias a su pr\u00e1ctico sistema de\u00a0<\/span><b>plegado con una sola mano<\/b><span>. Se\u00a0<\/span><b>mantiene en pie<\/b><span>\u00a0una vez cerrada, sin que el tapizado toque el suelo, y el\u00a0<\/span><b>bloqueo autom\u00e1tico de plegado<\/b><span>\u00a0garantiza que la silla de paseo se mantenga as\u00ed hasta que desees volver a utilizarla.<\/span><\/p>\n<p><img decoding=\"async\" src=\"https:\/\/matiasmasso-api.azurewebsites.net\/api\/GalleryItem\/Image\/caef93eb-1343-436b-93ba-8e15b077f3aa\" alt=\"B-AGILE M - Estrecha y plegado\" width=\"100%\" \/><\/p>\n<h2>M\u00e1ximo confort<\/h2>\n<p><span>Para ofrecer la m\u00e1xima comodidad a los ni\u00f1os desde el nacimiento hasta los 22 kg, la B-AGILE M cuenta con un amplio asiento con\u00a0<\/span><b>respaldo reclinable hasta la posici\u00f3n horizontal<\/b><span>, f\u00e1cil de ajustar con una sola mano, y\u00a0<\/span><b>reposapi\u00e9s regulable<\/b><span>.<\/span><\/p>\n<p><span>Y para que el ni\u00f1o siga disfrutando del mayor confort mientras crece, cuando el reposapi\u00e9s est\u00e1 bajado puede utilizar el\u00a0<\/span><b>soporte para los pies<\/b><span>.<\/span><\/p>\n<p><span>El asiento est\u00e1 dotado de\u00a0<\/span><b>arn\u00e9s de cinco puntos<\/b><span>\u00a0que se ajusta a diferentes alturas y protectores para el pecho con acolchado suave.<\/span><\/p>\n<p><span>Para proteger al ni\u00f1o del sol, la B-AGILE M cuenta con una\u00a0<\/span><b>amplia capota extensible<\/b><span>\u00a0con protecci\u00f3n\u00a0<\/span><b>UPF 50+<\/b><span>\u00a0y visera parasol. Para los d\u00edas m\u00e1s calurosos, tambi\u00e9n dispone de\u00a0<\/span><b>ventanillas de ventilaci\u00f3n<\/b><span>.<\/span><\/p>\n<p><img decoding=\"async\" src=\"https:\/\/matiasmasso-api.azurewebsites.net\/api\/GalleryItem\/Image\/987ba720-c0d3-417d-b9bb-849d1b5c22b1\" alt=\"B-AGILE M - Confort\" width=\"100%\" \/><\/p>\n<h2>Doble suspensi\u00f3n<\/h2>\n<p><span>Las suspensiones delantera y trasera, totalmente independientes, se adaptan al peso del ni\u00f1o para mantener la silla de paseo equilibrada y garantizar un\u00a0<\/span><b>paseo suave<\/b><span>\u00a0incluso en superficies irregulares.<\/span><\/p>\n<p><span>Tanto las ruedas delanteras como las traseras son de\u00a0<\/span><b>EVA<\/b><span>, para asegurar un paseo libre de pinchazos.<\/span><\/p>\n<p><span>Las\u00a0<\/span><b>ruedas delanteras son pivotantes<\/b><span>\u00a0para ofrecer mayor capacidad de maniobra, aunque tambi\u00e9n pueden bloquearse cuando sea necesario.<\/span><\/p>\n<p><img decoding=\"async\" src=\"https:\/\/matiasmasso-api.azurewebsites.net\/api\/GalleryItem\/Image\/dbbdb9df-dc6a-4e2a-9cda-0b7f4de4e791\" alt=\"B-AGILE M - Suspensi\u00f3n\" width=\"100%\" \/><\/p>\n<h2>Compatible con capazo y portabeb\u00e9s<\/h2>\n<p><span>Aunque la B-AGILE M est\u00e1 homologada para su uso desde el nacimiento, tambi\u00e9n puede utilizarse como travel system gracias a los\u00a0<\/span><a href=\"https:\/\/www.matiasmasso.es\/britax-roemer\/accesorios_paseo\/adaptador_b-agile_m\" target=\"_blank\" rel=\"noopener\"><b>adaptadores CLICK &amp; GO\u00ae<\/b><\/a><span>\u00a0opcionales (espec\u00edficos para B-AGILE M), que son compatibles con los portabeb\u00e9s y el capazo de Britax R\u00f6mer (disponibles por separado). Los adaptadores CLIC &amp; GO\u00ae de otros modelos de Britax R\u00f6mer (por ejemplo, B-AGILE 4 PLUS) no son compatibles con la B-AGILE M.<\/span><\/p>\n<p><span>Tambi\u00e9n se puede colocar un\u00a0<\/span><b>capazo blando<\/b><span>\u00a0(disponible por separado), colocando el respaldo en la posici\u00f3n totalmente horizontal.<\/span><\/p>\n","protected":false},"excerpt":{"rendered":"<p><span>Con un dise\u00f1o compacto, una gran maniobrabilidad y sistema de plegado con una sola mano, la\u00a0<\/span><b>B-AGILE M<\/b><span>\u00a0es la silla de paseo perfecta para los desplazamientos diarios. Y gracias a su respaldo reclinable hasta la posici\u00f3n horizontal, al reposapi\u00e9s regulable y a la amplia capota, el confort del ni\u00f1o tambi\u00e9n est\u00e1 garantizado.<\/span><\/p>\n","protected":false},"featured_media":236793,"comment_status":"open","ping_status":"closed","template":"","meta":{"_et_pb_use_builder":"","_et_pb_old_content":"","_et_gb_content_width":""},"pwb-brand":[5359],"product_brand":[],"product_cat":[5797,6202],"product_tag":[],"class_list":{"0":"post-261599","1":"product","2":"type-product","3":"status-publish","4":"has-post-thumbnail","6":"pwb-brand-romer","7":"product_cat-paseo-eu","8":"product_cat-sillas-de-paseo-eu","9":"pa_color-azul-eu","10":"pa_color-beige-eu","11":"pa_color-gris-eu","12":"pa_color-morado-eu","13":"pa_color-negro-eu","15":"first","16":"instock","17":"taxable","18":"shipping-taxable","19":"purchasable","20":"product-type-variable","21":"has-default-attributes"},"yoast_head":"<!-- This site is optimized with the Yoast SEO plugin v27.5 - https:\/\/yoast.com\/product\/yoast-seo-wordpress\/ -->\n<title>Silla de paseo B-AGILE M BRITAX R\u00d6MER - Gaspachitos<\/title>\n<meta name=\"robots\" content=\"index, follow, max-snippet:-1, max-image-preview:large, max-video-preview:-1\" \/>\n<link rel=\"canonical\" href=\"https:\/\/gaspachitos.com\/producto\/silla-de-paseo-b-agile-m-romer-britax\/\" \/>\n<meta property=\"og:locale\" content=\"eu_ES\" \/>\n<meta property=\"og:type\" content=\"article\" \/>\n<meta property=\"og:title\" content=\"Silla de paseo B-AGILE M BRITAX R\u00d6MER - Gaspachitos\" \/>\n<meta property=\"og:description\" content=\"Con un dise\u00f1o compacto, una gran maniobrabilidad y sistema de plegado con una sola mano, la\u00a0B-AGILE M\u00a0es la silla de paseo perfecta para los desplazamientos diarios. Y gracias a su respaldo reclinable hasta la posici\u00f3n horizontal, al reposapi\u00e9s regulable y a la amplia capota, el confort del ni\u00f1o tambi\u00e9n est\u00e1 garantizado.\" \/>\n<meta property=\"og:url\" content=\"https:\/\/gaspachitos.com\/producto\/silla-de-paseo-b-agile-m-romer-britax\/\" \/>\n<meta property=\"og:site_name\" content=\"Gaspachitos\" \/>\n<meta property=\"og:image\" content=\"https:\/\/gaspachitos.com\/wp-content\/uploads\/2020\/04\/10457-thickbox_default-Silla-de-paseo-B-AGILE-M-ROMER-BRITAX.jpg\" \/>\n\t<meta property=\"og:image:width\" content=\"800\" \/>\n\t<meta property=\"og:image:height\" content=\"800\" \/>\n\t<meta property=\"og:image:type\" content=\"image\/jpeg\" \/>\n<meta name=\"twitter:card\" content=\"summary_large_image\" \/>\n<meta name=\"twitter:label1\" content=\"Est. reading time\" \/>\n\t<meta name=\"twitter:data1\" content=\"2 minutes\" \/>\n<script type=\"application\/ld+json\" class=\"yoast-schema-graph\">{\"@context\":\"https:\\\/\\\/schema.org\",\"@graph\":[{\"@type\":\"WebPage\",\"@id\":\"https:\\\/\\\/gaspachitos.com\\\/producto\\\/silla-de-paseo-b-agile-m-romer-britax\\\/\",\"url\":\"https:\\\/\\\/gaspachitos.com\\\/producto\\\/silla-de-paseo-b-agile-m-romer-britax\\\/\",\"name\":\"Silla de paseo B-AGILE M BRITAX R\u00d6MER - Gaspachitos\",\"isPartOf\":{\"@id\":\"https:\\\/\\\/gaspachitos.com\\\/#website\"},\"primaryImageOfPage\":{\"@id\":\"https:\\\/\\\/gaspachitos.com\\\/producto\\\/silla-de-paseo-b-agile-m-romer-britax\\\/#primaryimage\"},\"image\":{\"@id\":\"https:\\\/\\\/gaspachitos.com\\\/producto\\\/silla-de-paseo-b-agile-m-romer-britax\\\/#primaryimage\"},\"thumbnailUrl\":\"https:\\\/\\\/gaspachitos.com\\\/wp-content\\\/uploads\\\/2020\\\/04\\\/10457-thickbox_default-Silla-de-paseo-B-AGILE-M-ROMER-BRITAX.jpg\",\"datePublished\":\"2020-04-23T19:35:51+00:00\",\"breadcrumb\":{\"@id\":\"https:\\\/\\\/gaspachitos.com\\\/producto\\\/silla-de-paseo-b-agile-m-romer-britax\\\/#breadcrumb\"},\"inLanguage\":\"eu-ES\",\"potentialAction\":[{\"@type\":\"ReadAction\",\"target\":[\"https:\\\/\\\/gaspachitos.com\\\/producto\\\/silla-de-paseo-b-agile-m-romer-britax\\\/\"]}]},{\"@type\":\"ImageObject\",\"inLanguage\":\"eu-ES\",\"@id\":\"https:\\\/\\\/gaspachitos.com\\\/producto\\\/silla-de-paseo-b-agile-m-romer-britax\\\/#primaryimage\",\"url\":\"https:\\\/\\\/gaspachitos.com\\\/wp-content\\\/uploads\\\/2020\\\/04\\\/10457-thickbox_default-Silla-de-paseo-B-AGILE-M-ROMER-BRITAX.jpg\",\"contentUrl\":\"https:\\\/\\\/gaspachitos.com\\\/wp-content\\\/uploads\\\/2020\\\/04\\\/10457-thickbox_default-Silla-de-paseo-B-AGILE-M-ROMER-BRITAX.jpg\",\"width\":800,\"height\":800},{\"@type\":\"BreadcrumbList\",\"@id\":\"https:\\\/\\\/gaspachitos.com\\\/producto\\\/silla-de-paseo-b-agile-m-romer-britax\\\/#breadcrumb\",\"itemListElement\":[{\"@type\":\"ListItem\",\"position\":1,\"name\":\"Portada\",\"item\":\"https:\\\/\\\/gaspachitos.com\\\/\"},{\"@type\":\"ListItem\",\"position\":2,\"name\":\"Produtos\",\"item\":\"https:\\\/\\\/gaspachitos.com\\\/gl\\\/shop\\\/\"},{\"@type\":\"ListItem\",\"position\":3,\"name\":\"Silla de paseo B-AGILE M BRITAX R\u00d6MER\"}]},{\"@type\":\"WebSite\",\"@id\":\"https:\\\/\\\/gaspachitos.com\\\/#website\",\"url\":\"https:\\\/\\\/gaspachitos.com\\\/\",\"name\":\"Gaspachitos\",\"description\":\"La tienda para tu beb\u00e9: cochecitos, sillas de paseo, cunas...\",\"potentialAction\":[{\"@type\":\"SearchAction\",\"target\":{\"@type\":\"EntryPoint\",\"urlTemplate\":\"https:\\\/\\\/gaspachitos.com\\\/?s={search_term_string}\"},\"query-input\":{\"@type\":\"PropertyValueSpecification\",\"valueRequired\":true,\"valueName\":\"search_term_string\"}}],\"inLanguage\":\"eu-ES\"}]}<\/script>\n<!-- \/ Yoast SEO plugin. -->","yoast_head_json":{"title":"Silla de paseo B-AGILE M BRITAX R\u00d6MER - Gaspachitos","robots":{"index":"index","follow":"follow","max-snippet":"max-snippet:-1","max-image-preview":"max-image-preview:large","max-video-preview":"max-video-preview:-1"},"canonical":"https:\/\/gaspachitos.com\/producto\/silla-de-paseo-b-agile-m-romer-britax\/","og_locale":"eu_ES","og_type":"article","og_title":"Silla de paseo B-AGILE M BRITAX R\u00d6MER - Gaspachitos","og_description":"Con un dise\u00f1o compacto, una gran maniobrabilidad y sistema de plegado con una sola mano, la\u00a0B-AGILE M\u00a0es la silla de paseo perfecta para los desplazamientos diarios. Y gracias a su respaldo reclinable hasta la posici\u00f3n horizontal, al reposapi\u00e9s regulable y a la amplia capota, el confort del ni\u00f1o tambi\u00e9n est\u00e1 garantizado.","og_url":"https:\/\/gaspachitos.com\/producto\/silla-de-paseo-b-agile-m-romer-britax\/","og_site_name":"Gaspachitos","og_image":[{"width":800,"height":800,"url":"https:\/\/gaspachitos.com\/wp-content\/uploads\/2020\/04\/10457-thickbox_default-Silla-de-paseo-B-AGILE-M-ROMER-BRITAX.jpg","type":"image\/jpeg"}],"twitter_card":"summary_large_image","twitter_misc":{"Est. reading time":"2 minutes"},"schema":{"@context":"https:\/\/schema.org","@graph":[{"@type":"WebPage","@id":"https:\/\/gaspachitos.com\/producto\/silla-de-paseo-b-agile-m-romer-britax\/","url":"https:\/\/gaspachitos.com\/producto\/silla-de-paseo-b-agile-m-romer-britax\/","name":"Silla de paseo B-AGILE M BRITAX R\u00d6MER - Gaspachitos","isPartOf":{"@id":"https:\/\/gaspachitos.com\/#website"},"primaryImageOfPage":{"@id":"https:\/\/gaspachitos.com\/producto\/silla-de-paseo-b-agile-m-romer-britax\/#primaryimage"},"image":{"@id":"https:\/\/gaspachitos.com\/producto\/silla-de-paseo-b-agile-m-romer-britax\/#primaryimage"},"thumbnailUrl":"https:\/\/gaspachitos.com\/wp-content\/uploads\/2020\/04\/10457-thickbox_default-Silla-de-paseo-B-AGILE-M-ROMER-BRITAX.jpg","datePublished":"2020-04-23T19:35:51+00:00","breadcrumb":{"@id":"https:\/\/gaspachitos.com\/producto\/silla-de-paseo-b-agile-m-romer-britax\/#breadcrumb"},"inLanguage":"eu-ES","potentialAction":[{"@type":"ReadAction","target":["https:\/\/gaspachitos.com\/producto\/silla-de-paseo-b-agile-m-romer-britax\/"]}]},{"@type":"ImageObject","inLanguage":"eu-ES","@id":"https:\/\/gaspachitos.com\/producto\/silla-de-paseo-b-agile-m-romer-britax\/#primaryimage","url":"https:\/\/gaspachitos.com\/wp-content\/uploads\/2020\/04\/10457-thickbox_default-Silla-de-paseo-B-AGILE-M-ROMER-BRITAX.jpg","contentUrl":"https:\/\/gaspachitos.com\/wp-content\/uploads\/2020\/04\/10457-thickbox_default-Silla-de-paseo-B-AGILE-M-ROMER-BRITAX.jpg","width":800,"height":800},{"@type":"BreadcrumbList","@id":"https:\/\/gaspachitos.com\/producto\/silla-de-paseo-b-agile-m-romer-britax\/#breadcrumb","itemListElement":[{"@type":"ListItem","position":1,"name":"Portada","item":"https:\/\/gaspachitos.com\/"},{"@type":"ListItem","position":2,"name":"Produtos","item":"https:\/\/gaspachitos.com\/gl\/shop\/"},{"@type":"ListItem","position":3,"name":"Silla de paseo B-AGILE M BRITAX R\u00d6MER"}]},{"@type":"WebSite","@id":"https:\/\/gaspachitos.com\/#website","url":"https:\/\/gaspachitos.com\/","name":"Gaspachitos","description":"La tienda para tu beb\u00e9: cochecitos, sillas de paseo, cunas...","potentialAction":[{"@type":"SearchAction","target":{"@type":"EntryPoint","urlTemplate":"https:\/\/gaspachitos.com\/?s={search_term_string}"},"query-input":{"@type":"PropertyValueSpecification","valueRequired":true,"valueName":"search_term_string"}}],"inLanguage":"eu-ES"}]}},"brands":[{"id":5359,"name":"Romer","slug":"romer"}],"_links":{"self":[{"href":"https:\/\/gaspachitos.com\/eu\/wp-json\/wp\/v2\/product\/261599","targetHints":{"allow":["GET"]}}],"collection":[{"href":"https:\/\/gaspachitos.com\/eu\/wp-json\/wp\/v2\/product"}],"about":[{"href":"https:\/\/gaspachitos.com\/eu\/wp-json\/wp\/v2\/types\/product"}],"replies":[{"embeddable":true,"href":"https:\/\/gaspachitos.com\/eu\/wp-json\/wp\/v2\/comments?post=261599"}],"wp:featuredmedia":[{"embeddable":true,"href":"https:\/\/gaspachitos.com\/eu\/wp-json\/wp\/v2\/media\/236793"}],"wp:attachment":[{"href":"https:\/\/gaspachitos.com\/eu\/wp-json\/wp\/v2\/media?parent=261599"}],"wp:term":[{"taxonomy":"pwb-brand","embeddable":true,"href":"https:\/\/gaspachitos.com\/eu\/wp-json\/wp\/v2\/pwb-brand?post=261599"},{"taxonomy":"product_brand","embeddable":true,"href":"https:\/\/gaspachitos.com\/eu\/wp-json\/wp\/v2\/product_brand?post=261599"},{"taxonomy":"product_cat","embeddable":true,"href":"https:\/\/gaspachitos.com\/eu\/wp-json\/wp\/v2\/product_cat?post=261599"},{"taxonomy":"product_tag","embeddable":true,"href":"https:\/\/gaspachitos.com\/eu\/wp-json\/wp\/v2\/product_tag?post=261599"}],"curies":[{"name":"wp","href":"https:\/\/api.w.org\/{rel}","templated":true}]}}