{"id":260856,"date":"2017-03-11T10:49:47","date_gmt":"2017-03-11T08:49:47","guid":{"rendered":"https:\/\/nueva.gaspachitos.com\/producto\/bascula-de-cocina-digital-babycook-de-beaba\/"},"modified":"2017-03-11T10:49:47","modified_gmt":"2017-03-11T08:49:47","slug":"bascula-de-cocina-digital-babycook-de-beaba","status":"publish","type":"product","link":"https:\/\/gaspachitos.com\/eu\/producto\/bascula-de-cocina-digital-babycook-de-beaba\/","title":{"rendered":"B\u00e1scula de Cocina Digital Babycook de BEABA"},"content":{"rendered":"<h2><strong><span style=\"font-family:verdana;\">B\u00e1scula de Cocina Digital Babycook<\/span><\/strong><\/h2>\n<p><span style=\"font-family:verdana;\">La\u00a0b\u00e1scula Babycook\u00a0de Beaba pesa de forma precisa las cantidades de los alimentos para preparar la papilla y ofrecer una cantidad equilibrada a los peque\u00f1os. <\/span><\/p>\n<p><span style=\"font-family:verdana;\">Como se puede apreciar en la fotograf\u00eda, cuenta con bot\u00f3n de encendido y apagado, y otro de tara, es decir, puesta a cero despu\u00e9s de introducir cada ingrediente en el recipiente.<\/span><\/p>\n<p><span style=\"font-family:verdana;\">La b\u00e1scula posee una gran pantalla LCD que nos ofrece una clara y n\u00edtida lectura del peso de los alimentos. Sus componentes son de pl\u00e1stico, son f\u00e1ciles de limpiar pasando simplemente un pa\u00f1o h\u00famedo.<\/span><\/p>\n<\/p>\n<p><strong><span style=\"font-family:verdana;\">Caracter\u00edsticas t\u00e9cnicas:<\/span><\/strong><\/p>\n<ul>\n<li>Para pesar los alimentos de bebe y respetar su equilibrio alimentario<\/li>\n<li>Capacidad m\u00e1xima 3 kg<\/li>\n<li>Funcion tara \/ puesta a cero<\/li>\n<li>Peque\u00f1as dimensiones<\/li>\n<li>Parada autom\u00e1tica<\/li>\n<li>Pila incluida<\/li>\n<\/ul>\n<\/p>\n<p><strong><span style=\"font-family:verdana;\">Dimensiones y Peso<\/span><\/strong><\/p>\n<p><span style=\"font-family:verdana;\"><span>Medidas: 22 x 19,8 x 6 cm (Largo x Ancho x Alto) \u00a0| \u00a0Peso:\u00a0<span>349 g<\/span><\/span><\/span><\/p>\n<\/p>\n<\/p>\n<p>ACTUALMENTE DISPONIBLE<\/p>\n","protected":false},"excerpt":{"rendered":"<p><span>La\u00a0<\/span>b\u00e1scula Babycook<span>\u00a0de Beaba pesa de forma precisa las cantidades de los alimentos para preparar la papilla y ofrecer una cantidad equilibrada a los peque\u00f1os. <\/span><\/p>\n<p><span>Como se puede apreciar en la fotograf\u00eda, cuenta con bot\u00f3n de encendido y apagado, y otro de tara, es decir, puesta a cero despu\u00e9s de introducir cada ingrediente en el recipiente.<\/span><\/p>\n","protected":false},"featured_media":235398,"comment_status":"open","ping_status":"closed","template":"","meta":{"_et_pb_use_builder":"","_et_pb_old_content":"","_et_gb_content_width":""},"pwb-brand":[5215],"product_brand":[],"product_cat":[10878],"product_tag":[],"class_list":{"0":"post-260856","1":"product","2":"type-product","3":"status-publish","4":"has-post-thumbnail","6":"pwb-brand-beaba","7":"product_cat-sin-categorizar","9":"first","10":"instock","11":"taxable","12":"shipping-taxable","13":"purchasable","14":"product-type-variable","15":"has-default-attributes"},"yoast_head":"<!-- This site is optimized with the Yoast SEO plugin v27.5 - https:\/\/yoast.com\/product\/yoast-seo-wordpress\/ -->\n<title>B\u00e1scula de Cocina Digital Babycook de BEABA - Gaspachitos<\/title>\n<meta name=\"description\" content=\"comprar bascula de cocina digital babycook de beaba online o en nuestras tiendas Gaspachitos en Palencia, Valladolid, Cantabria\" \/>\n<meta name=\"robots\" content=\"index, follow, max-snippet:-1, max-image-preview:large, max-video-preview:-1\" \/>\n<link rel=\"canonical\" href=\"https:\/\/gaspachitos.com\/producto\/bascula-de-cocina-digital-babycook-de-beaba\/\" \/>\n<meta property=\"og:locale\" content=\"eu_ES\" \/>\n<meta property=\"og:type\" content=\"article\" \/>\n<meta property=\"og:title\" content=\"B\u00e1scula de Cocina Digital Babycook de BEABA - Gaspachitos\" \/>\n<meta property=\"og:description\" content=\"comprar bascula de cocina digital babycook de beaba online o en nuestras tiendas Gaspachitos en Palencia, Valladolid, Cantabria\" \/>\n<meta property=\"og:url\" content=\"https:\/\/gaspachitos.com\/producto\/bascula-de-cocina-digital-babycook-de-beaba\/\" \/>\n<meta property=\"og:site_name\" content=\"Gaspachitos\" \/>\n<meta property=\"og:image\" content=\"https:\/\/gaspachitos.com\/wp-content\/uploads\/2017\/03\/9290-thickbox_default-Bascula-de-Cocina-Digital-Babycook-de-BEABA.jpg\" \/>\n\t<meta property=\"og:image:width\" content=\"800\" \/>\n\t<meta property=\"og:image:height\" content=\"800\" \/>\n\t<meta property=\"og:image:type\" content=\"image\/jpeg\" \/>\n<meta name=\"twitter:card\" content=\"summary_large_image\" \/>\n<meta name=\"twitter:label1\" content=\"Est. reading time\" \/>\n\t<meta name=\"twitter:data1\" content=\"1 minute\" \/>\n<script type=\"application\/ld+json\" class=\"yoast-schema-graph\">{\"@context\":\"https:\\\/\\\/schema.org\",\"@graph\":[{\"@type\":\"WebPage\",\"@id\":\"https:\\\/\\\/gaspachitos.com\\\/producto\\\/bascula-de-cocina-digital-babycook-de-beaba\\\/\",\"url\":\"https:\\\/\\\/gaspachitos.com\\\/producto\\\/bascula-de-cocina-digital-babycook-de-beaba\\\/\",\"name\":\"B\u00e1scula de Cocina Digital Babycook de BEABA - Gaspachitos\",\"isPartOf\":{\"@id\":\"https:\\\/\\\/gaspachitos.com\\\/#website\"},\"primaryImageOfPage\":{\"@id\":\"https:\\\/\\\/gaspachitos.com\\\/producto\\\/bascula-de-cocina-digital-babycook-de-beaba\\\/#primaryimage\"},\"image\":{\"@id\":\"https:\\\/\\\/gaspachitos.com\\\/producto\\\/bascula-de-cocina-digital-babycook-de-beaba\\\/#primaryimage\"},\"thumbnailUrl\":\"https:\\\/\\\/gaspachitos.com\\\/wp-content\\\/uploads\\\/2017\\\/03\\\/9290-thickbox_default-Bascula-de-Cocina-Digital-Babycook-de-BEABA.jpg\",\"datePublished\":\"2017-03-11T08:49:47+00:00\",\"description\":\"comprar bascula de cocina digital babycook de beaba online o en nuestras tiendas Gaspachitos en Palencia, Valladolid, Cantabria\",\"breadcrumb\":{\"@id\":\"https:\\\/\\\/gaspachitos.com\\\/producto\\\/bascula-de-cocina-digital-babycook-de-beaba\\\/#breadcrumb\"},\"inLanguage\":\"eu-ES\",\"potentialAction\":[{\"@type\":\"ReadAction\",\"target\":[\"https:\\\/\\\/gaspachitos.com\\\/producto\\\/bascula-de-cocina-digital-babycook-de-beaba\\\/\"]}]},{\"@type\":\"ImageObject\",\"inLanguage\":\"eu-ES\",\"@id\":\"https:\\\/\\\/gaspachitos.com\\\/producto\\\/bascula-de-cocina-digital-babycook-de-beaba\\\/#primaryimage\",\"url\":\"https:\\\/\\\/gaspachitos.com\\\/wp-content\\\/uploads\\\/2017\\\/03\\\/9290-thickbox_default-Bascula-de-Cocina-Digital-Babycook-de-BEABA.jpg\",\"contentUrl\":\"https:\\\/\\\/gaspachitos.com\\\/wp-content\\\/uploads\\\/2017\\\/03\\\/9290-thickbox_default-Bascula-de-Cocina-Digital-Babycook-de-BEABA.jpg\",\"width\":800,\"height\":800},{\"@type\":\"BreadcrumbList\",\"@id\":\"https:\\\/\\\/gaspachitos.com\\\/producto\\\/bascula-de-cocina-digital-babycook-de-beaba\\\/#breadcrumb\",\"itemListElement\":[{\"@type\":\"ListItem\",\"position\":1,\"name\":\"Portada\",\"item\":\"https:\\\/\\\/gaspachitos.com\\\/\"},{\"@type\":\"ListItem\",\"position\":2,\"name\":\"Produtos\",\"item\":\"https:\\\/\\\/gaspachitos.com\\\/gl\\\/shop\\\/\"},{\"@type\":\"ListItem\",\"position\":3,\"name\":\"B\u00e1scula de Cocina Digital Babycook de BEABA\"}]},{\"@type\":\"WebSite\",\"@id\":\"https:\\\/\\\/gaspachitos.com\\\/#website\",\"url\":\"https:\\\/\\\/gaspachitos.com\\\/\",\"name\":\"Gaspachitos\",\"description\":\"La tienda para tu beb\u00e9: cochecitos, sillas de paseo, cunas...\",\"potentialAction\":[{\"@type\":\"SearchAction\",\"target\":{\"@type\":\"EntryPoint\",\"urlTemplate\":\"https:\\\/\\\/gaspachitos.com\\\/?s={search_term_string}\"},\"query-input\":{\"@type\":\"PropertyValueSpecification\",\"valueRequired\":true,\"valueName\":\"search_term_string\"}}],\"inLanguage\":\"eu-ES\"}]}<\/script>\n<!-- \/ Yoast SEO plugin. -->","yoast_head_json":{"title":"B\u00e1scula de Cocina Digital Babycook de BEABA - Gaspachitos","description":"comprar bascula de cocina digital babycook de beaba online o en nuestras tiendas Gaspachitos en Palencia, Valladolid, Cantabria","robots":{"index":"index","follow":"follow","max-snippet":"max-snippet:-1","max-image-preview":"max-image-preview:large","max-video-preview":"max-video-preview:-1"},"canonical":"https:\/\/gaspachitos.com\/producto\/bascula-de-cocina-digital-babycook-de-beaba\/","og_locale":"eu_ES","og_type":"article","og_title":"B\u00e1scula de Cocina Digital Babycook de BEABA - Gaspachitos","og_description":"comprar bascula de cocina digital babycook de beaba online o en nuestras tiendas Gaspachitos en Palencia, Valladolid, Cantabria","og_url":"https:\/\/gaspachitos.com\/producto\/bascula-de-cocina-digital-babycook-de-beaba\/","og_site_name":"Gaspachitos","og_image":[{"width":800,"height":800,"url":"https:\/\/gaspachitos.com\/wp-content\/uploads\/2017\/03\/9290-thickbox_default-Bascula-de-Cocina-Digital-Babycook-de-BEABA.jpg","type":"image\/jpeg"}],"twitter_card":"summary_large_image","twitter_misc":{"Est. reading time":"1 minute"},"schema":{"@context":"https:\/\/schema.org","@graph":[{"@type":"WebPage","@id":"https:\/\/gaspachitos.com\/producto\/bascula-de-cocina-digital-babycook-de-beaba\/","url":"https:\/\/gaspachitos.com\/producto\/bascula-de-cocina-digital-babycook-de-beaba\/","name":"B\u00e1scula de Cocina Digital Babycook de BEABA - Gaspachitos","isPartOf":{"@id":"https:\/\/gaspachitos.com\/#website"},"primaryImageOfPage":{"@id":"https:\/\/gaspachitos.com\/producto\/bascula-de-cocina-digital-babycook-de-beaba\/#primaryimage"},"image":{"@id":"https:\/\/gaspachitos.com\/producto\/bascula-de-cocina-digital-babycook-de-beaba\/#primaryimage"},"thumbnailUrl":"https:\/\/gaspachitos.com\/wp-content\/uploads\/2017\/03\/9290-thickbox_default-Bascula-de-Cocina-Digital-Babycook-de-BEABA.jpg","datePublished":"2017-03-11T08:49:47+00:00","description":"comprar bascula de cocina digital babycook de beaba online o en nuestras tiendas Gaspachitos en Palencia, Valladolid, Cantabria","breadcrumb":{"@id":"https:\/\/gaspachitos.com\/producto\/bascula-de-cocina-digital-babycook-de-beaba\/#breadcrumb"},"inLanguage":"eu-ES","potentialAction":[{"@type":"ReadAction","target":["https:\/\/gaspachitos.com\/producto\/bascula-de-cocina-digital-babycook-de-beaba\/"]}]},{"@type":"ImageObject","inLanguage":"eu-ES","@id":"https:\/\/gaspachitos.com\/producto\/bascula-de-cocina-digital-babycook-de-beaba\/#primaryimage","url":"https:\/\/gaspachitos.com\/wp-content\/uploads\/2017\/03\/9290-thickbox_default-Bascula-de-Cocina-Digital-Babycook-de-BEABA.jpg","contentUrl":"https:\/\/gaspachitos.com\/wp-content\/uploads\/2017\/03\/9290-thickbox_default-Bascula-de-Cocina-Digital-Babycook-de-BEABA.jpg","width":800,"height":800},{"@type":"BreadcrumbList","@id":"https:\/\/gaspachitos.com\/producto\/bascula-de-cocina-digital-babycook-de-beaba\/#breadcrumb","itemListElement":[{"@type":"ListItem","position":1,"name":"Portada","item":"https:\/\/gaspachitos.com\/"},{"@type":"ListItem","position":2,"name":"Produtos","item":"https:\/\/gaspachitos.com\/gl\/shop\/"},{"@type":"ListItem","position":3,"name":"B\u00e1scula de Cocina Digital Babycook de BEABA"}]},{"@type":"WebSite","@id":"https:\/\/gaspachitos.com\/#website","url":"https:\/\/gaspachitos.com\/","name":"Gaspachitos","description":"La tienda para tu beb\u00e9: cochecitos, sillas de paseo, cunas...","potentialAction":[{"@type":"SearchAction","target":{"@type":"EntryPoint","urlTemplate":"https:\/\/gaspachitos.com\/?s={search_term_string}"},"query-input":{"@type":"PropertyValueSpecification","valueRequired":true,"valueName":"search_term_string"}}],"inLanguage":"eu-ES"}]}},"brands":[{"id":5215,"name":"Beaba","slug":"beaba"}],"_links":{"self":[{"href":"https:\/\/gaspachitos.com\/eu\/wp-json\/wp\/v2\/product\/260856","targetHints":{"allow":["GET"]}}],"collection":[{"href":"https:\/\/gaspachitos.com\/eu\/wp-json\/wp\/v2\/product"}],"about":[{"href":"https:\/\/gaspachitos.com\/eu\/wp-json\/wp\/v2\/types\/product"}],"replies":[{"embeddable":true,"href":"https:\/\/gaspachitos.com\/eu\/wp-json\/wp\/v2\/comments?post=260856"}],"wp:featuredmedia":[{"embeddable":true,"href":"https:\/\/gaspachitos.com\/eu\/wp-json\/wp\/v2\/media\/235398"}],"wp:attachment":[{"href":"https:\/\/gaspachitos.com\/eu\/wp-json\/wp\/v2\/media?parent=260856"}],"wp:term":[{"taxonomy":"pwb-brand","embeddable":true,"href":"https:\/\/gaspachitos.com\/eu\/wp-json\/wp\/v2\/pwb-brand?post=260856"},{"taxonomy":"product_brand","embeddable":true,"href":"https:\/\/gaspachitos.com\/eu\/wp-json\/wp\/v2\/product_brand?post=260856"},{"taxonomy":"product_cat","embeddable":true,"href":"https:\/\/gaspachitos.com\/eu\/wp-json\/wp\/v2\/product_cat?post=260856"},{"taxonomy":"product_tag","embeddable":true,"href":"https:\/\/gaspachitos.com\/eu\/wp-json\/wp\/v2\/product_tag?post=260856"}],"curies":[{"name":"wp","href":"https:\/\/api.w.org\/{rel}","templated":true}]}}